{"id":14024,"date":"2022-10-21T05:17:38","date_gmt":"2023-05-23T00:45:01","guid":{"rendered":"http:\/\/tyditiao.com\/product\/aluminijev-oksidpe-nij-level-iii-20mm-2kg-neprebojni-naprsni-oklep-balisticni-vlozek-250x300mm\/"},"modified":"2023-05-23T02:45:01","modified_gmt":"2023-05-23T00:45:01","slug":"aluminijev-oksid-nij-nivo-iii-20mm-2kg-napore-neprebojno-250x300mm","status":"publish","type":"product","link":"https:\/\/tyditiao.com\/sl\/izdelek\/aluminijev-oksid-nij-nivo-iii-20mm-2kg-napore-neprebojno-250x300mm\/","title":{"rendered":"Aluminijev oksid+PE, NIJ Level III, 20MM, 2KG, neprebojni naprsni oklep, balisti\u010dni vlo\u017eek 250X300MM"},"content":{"rendered":"<p>Te\u017ea: 2 kg<br \/>\nMaterial: Aluminijev oksid + PE<br \/>\nDebelina: 20MM<br \/>\nRazred za\u0161\u010dite: razred NIJ III (GA5)<\/p>\n<p>Zunanja plast: \u010drna nepremo\u010dljiva poliestrska tkanina;<br \/>\nDimenzije: 250&#215;300 mm \/ 9,8&#8217;x11,8&#8242;<br \/>\nOblika: trapezoidna (trapezoidna plo\u0161\u010da s posnetimi vogali)<\/p>\n<p>Seznam pakiranja:<br \/>\n1 x trapezna neprebojna plo\u0161\u010da.<\/p>\n<p>Opaziti:<br \/>\nOdsevni telovnik ni prilo\u017een<\/p>\n<p>Ciljni uporabniki: oboro\u017eene sile, SWAT, domovinska varnost, carina in mejna za\u0161\u010dita, nadzor priseljevanja in drugi, ki se soo\u010dajo z gro\u017enjami z oro\u017ejem, so lahko opremljeni z na\u0161imi izdelki. Ljudje dobijo bolj\u0161e rezultate in manj \u017ertev. Izdelek je tudi bolj primeren za situacije, kot so misije na dolge razdalje ali misije na dolge razdalje. Je tudi dobra izbira za za\u0161\u010dito lastne dru\u017eine<\/p>\n<p>Balisti\u010dni vlo\u017eki se pogosto uporabljajo v neprebojnih jopi\u010dih ali takti\u010dnih jopi\u010dih. Obstajata dve vrsti neprebojnih nabojev: \u010delni in bo\u010dni. Sprednja plo\u0161\u010da \u0161\u010diti prsni ko\u0161 in hrbet, stranske plo\u0161\u010de pa \u0161\u010ditijo stranice telesa. Posnetki obi\u010dajno \u0161\u010ditijo sprednjo stran prsi, kvadrati pa hrbet.<\/p>\n<p>Obstajajo \u0161tiri vrste materialov za neprebojne plo\u0161\u010de: neprebojno jeklo, PE polietilen, PE + aluminijev oksid, PE + silicijev karbid.<\/p>\n<p>Kerami\u010dni neprebojni vlo\u017eki so obi\u010dajno izdelani iz materialov, kot sta keramika in polietilen PE. Pravilo je: ko krogla zadene neprebojni naboj, najprej zadene vrh kerami\u010dne plasti. Ogromna udarna sila izstrelka se prenese v okolje in absorbira ogromno kineti\u010dno energijo izstrelka. Ko gre projektil skozi kerami\u010dno plast, izgubi ve\u010dino svoje kineti\u010dne energije. Ko izstrelek dose\u017ee polietilensko plast, polietilen razpr\u0161i kineti\u010dno energijo izstrelka z raztezanjem in ovijanjem izstrelka in drobcev, z majhnim vplivom na telo, kar zagotavlja odli\u010dno za\u0161\u010dito.<\/p>\n","protected":false},"excerpt":{"rendered":"<p>Pri enaki balisti\u010dni oceni je la\u017eji od jekla in cenej\u0161i od silicijevega karbida, zato je aluminijeva kerami\u010dna balistika dobro ravnote\u017eje.<\/p>\n<p>Zgornja plast je izdelana iz vodoodporne poliestrske tkanine, plo\u0161\u010da pa je vodoodporna in odporna na made\u017ee.<\/p>\n<p>Odporna plast: Vsaka neprebojna plo\u0161\u010da je pritrjena na notranjo plast EVA odporne blazinice, ki lahko u\u010dinkovito zmanj\u0161a vpliv na \u010dlove\u0161ko telo po eksploziji<\/p>\n<p>Material plo\u0161\u010de: zgornja plast je aluminijasta kerami\u010dna plo\u0161\u010da, spodnja plast pa je PE neprebojna plo\u0161\u010da;<\/p>\n","protected":false},"featured_media":11951,"comment_status":"open","ping_status":"closed","template":"","meta":[],"product_brand":[],"product_cat":[877],"product_tag":[],"woo-feed-brand":[50],"class_list":{"0":"post-14024","1":"product","2":"type-product","3":"status-publish","4":"has-post-thumbnail","6":"product_cat-neprebojna-prsna-plosca","7":"woo-feed-brand-tyditiao","9":"first","10":"instock","11":"sale","12":"shipping-taxable","13":"purchasable","14":"product-type-simple"},"_links":{"self":[{"href":"https:\/\/tyditiao.com\/sl\/wp-json\/wp\/v2\/product\/14024","targetHints":{"allow":["GET"]}}],"collection":[{"href":"https:\/\/tyditiao.com\/sl\/wp-json\/wp\/v2\/product"}],"about":[{"href":"https:\/\/tyditiao.com\/sl\/wp-json\/wp\/v2\/types\/product"}],"replies":[{"embeddable":true,"href":"https:\/\/tyditiao.com\/sl\/wp-json\/wp\/v2\/comments?post=14024"}],"wp:featuredmedia":[{"embeddable":true,"href":"https:\/\/tyditiao.com\/sl\/wp-json\/wp\/v2\/media\/11951"}],"wp:attachment":[{"href":"https:\/\/tyditiao.com\/sl\/wp-json\/wp\/v2\/media?parent=14024"}],"wp:term":[{"taxonomy":"product_brand","embeddable":true,"href":"https:\/\/tyditiao.com\/sl\/wp-json\/wp\/v2\/product_brand?post=14024"},{"taxonomy":"product_cat","embeddable":true,"href":"https:\/\/tyditiao.com\/sl\/wp-json\/wp\/v2\/product_cat?post=14024"},{"taxonomy":"product_tag","embeddable":true,"href":"https:\/\/tyditiao.com\/sl\/wp-json\/wp\/v2\/product_tag?post=14024"},{"taxonomy":"woo-feed-brand","embeddable":true,"href":"https:\/\/tyditiao.com\/sl\/wp-json\/wp\/v2\/woo-feed-brand?post=14024"}],"curies":[{"name":"wp","href":"https:\/\/api.w.org\/{rel}","templated":true}]}}