{"id":14119,"date":"2022-10-18T05:26:18","date_gmt":"2022-10-18T03:26:18","guid":{"rendered":"http:\/\/tyditiao.com\/product\/zunanji-takticni-jopic-s-hitrim-odpiranjem-takticni-jopic-cs-z-neprebojno-plosco-2xpe-iiia-10x12\/"},"modified":"2023-05-23T03:20:06","modified_gmt":"2023-05-23T01:20:06","slug":"zewnetrzna-takticni-telovnik-s-hitrim-spenjanjem-takticni-telovnik-cs-z-neprebojno-plosco-2xpe-iiia-10x12","status":"publish","type":"product","link":"https:\/\/tyditiao.com\/sl\/izdelek\/zewnetrzna-takticni-telovnik-s-hitrim-spenjanjem-takticni-telovnik-cs-z-neprebojno-plosco-2xpe-iiia-10x12\/","title":{"rendered":"Zunanji takti\u010dni jopi\u010d s hitrim odpiranjem, takti\u010dni jopi\u010d CS z neprebojno plo\u0161\u010do 2XPE IIIA 10&#215;12"},"content":{"rendered":"<p>Strani in ramena tega izdelka so nastavljiva z je\u017ekom, tako da ga lahko nosijo uporabniki vseh velikosti.<br \/>\nNotranja plast: material visoke trdnosti, vodoodporen, dolga \u017eivljenjska doba in stabilen.<br \/>\nZunanja plast: Oxford, bomba\u017e ali najlon, odporen proti obrabi, made\u017eem in trpe\u017een.<br \/>\nJakna je lahko opremljena z balisti\u010dnimi vlo\u017eki za dodatno za\u0161\u010dito.<\/p>\n<p>Stopnja obrambe: privzeta PE neprebojna plo\u0161\u010da, NIJIIIA,<br \/>\nZa\u0161\u010ditni vlo\u017eek: UHMW-PE<br \/>\nDebelina:\uff5e8mm\/\uff5e0,3&#8242;<br \/>\nVeljavnost: 5 let<br \/>\nVrste izstrelkov, pred katerimi se je mogo\u010de braniti:<br \/>\n9 mm polno kovinski pla\u0161\u010d (FMJ) \/ okrogla glava (RN)<br \/>\n.44 Universal Jacket Hollow Point (JHP)<\/p>\n<p>Ciljni uporabniki:<br \/>\nSkriti neprebojni jopi\u010di NIJ razreda IIIA \u0161\u010ditijo pred nevarnostmi, povezanimi z oro\u017ejem. Poleg tega ima ve\u010d dodatkov in zavzema ve\u010djo povr\u0161ino. Velikost je mogo\u010de prilagoditi z je\u017eki na straneh in ramenih. Na\u0161i izdelki so lahko opremljeni z oboro\u017eenimi silami, agencijami SWAT, agencijami za notranjo varnost, carino in agencijami za za\u0161\u010dito meja, agencijami za nadzor priseljevanja in drugimi agencijami, ki jim grozi strelno oro\u017eje. Ljudje imajo bolj\u0161e rezultate in manj \u017ertev.<\/p>\n","protected":false},"excerpt":{"rendered":"<p>Zagotovite hitro sprostitev: sponko za hitro sprostitev v pasu je enostavno uporabljati.<\/p>\n<p>Dovolj prostora za shranjevanje: vgrajen \u017eep za shranjevanje, \u017eep za pripomo\u010dke pa lahko namestite ali odstranite glede na va\u0161e potrebe.<\/p>\n<p>Opremljen s sprednjimi in zadnjimi neprebojnimi plo\u0161\u010dami NIJ IIIA: lahko se spopade z gro\u017enjo pi\u0161tolskih nabojev.<\/p>\n<p>NASTAVLJIVA VELIKOST: Nastavljiva velikost z je\u017eki ob straneh in ramenih.<\/p>\n","protected":false},"featured_media":11799,"comment_status":"open","ping_status":"closed","template":"","meta":[],"product_brand":[],"product_cat":[863],"product_tag":[],"woo-feed-brand":[50],"class_list":{"0":"post-14119","1":"product","2":"type-product","3":"status-publish","4":"has-post-thumbnail","6":"product_cat-takticni-jopic","7":"woo-feed-brand-tyditiao","9":"first","10":"instock","11":"sale","12":"shipping-taxable","13":"purchasable","14":"product-type-simple"},"_links":{"self":[{"href":"https:\/\/tyditiao.com\/sl\/wp-json\/wp\/v2\/product\/14119","targetHints":{"allow":["GET"]}}],"collection":[{"href":"https:\/\/tyditiao.com\/sl\/wp-json\/wp\/v2\/product"}],"about":[{"href":"https:\/\/tyditiao.com\/sl\/wp-json\/wp\/v2\/types\/product"}],"replies":[{"embeddable":true,"href":"https:\/\/tyditiao.com\/sl\/wp-json\/wp\/v2\/comments?post=14119"}],"wp:featuredmedia":[{"embeddable":true,"href":"https:\/\/tyditiao.com\/sl\/wp-json\/wp\/v2\/media\/11799"}],"wp:attachment":[{"href":"https:\/\/tyditiao.com\/sl\/wp-json\/wp\/v2\/media?parent=14119"}],"wp:term":[{"taxonomy":"product_brand","embeddable":true,"href":"https:\/\/tyditiao.com\/sl\/wp-json\/wp\/v2\/product_brand?post=14119"},{"taxonomy":"product_cat","embeddable":true,"href":"https:\/\/tyditiao.com\/sl\/wp-json\/wp\/v2\/product_cat?post=14119"},{"taxonomy":"product_tag","embeddable":true,"href":"https:\/\/tyditiao.com\/sl\/wp-json\/wp\/v2\/product_tag?post=14119"},{"taxonomy":"woo-feed-brand","embeddable":true,"href":"https:\/\/tyditiao.com\/sl\/wp-json\/wp\/v2\/woo-feed-brand?post=14119"}],"curies":[{"name":"wp","href":"https:\/\/api.w.org\/{rel}","templated":true}]}}