{"id":14159,"date":"2022-06-13T04:38:14","date_gmt":"2023-05-23T01:36:24","guid":{"rendered":"http:\/\/tyditiao.com\/product\/vojaska-zascitna-celada-kevlar-celada-razreda-iiia-vojaska-balisticna-takticna-celada-wendy-crna\/"},"modified":"2023-05-23T03:36:24","modified_gmt":"2023-05-23T01:36:24","slug":"wendy-neprebojna-celada-kevlar-celada-takticna-crna","status":"publish","type":"product","link":"https:\/\/tyditiao.com\/sl\/izdelek\/wendy-neprebojna-celada-kevlar-celada-takticna-crna\/","title":{"rendered":"Voja\u0161ka za\u0161\u010ditna \u010delada, kevlar \u010delada razreda IIIA, voja\u0161ka balisti\u010dna takti\u010dna \u010delada wendy, \u010drna"},"content":{"rendered":"<p>Wendy takti\u010dna voja\u0161ka za\u0161\u010ditna \u010delada NIJ IIIA je zasnovana tako, da je super lahka in zelo udobna za no\u0161enje. Hitra in enostavna nastavitev z eno roko zagotavlja natan\u010dno prileganje. Opremljena je tudi z visokokakovostnimi blazinicami, ki absorbirajo energijo, ki lahko u\u010dinkovito absorbirajo silo udarca, zmanj\u0161ajo deformacijo telesa \u010delade po udarcu krogle in zmanj\u0161ajo stopnjo po\u0161kodb in resnost uporabnika. Voja\u0161ka takti\u010dna \u010delada wendy je opremljena z univerzalnimi nosilci za pritrditev in naslonom za glavo, kar Wendy daje ve\u010dje mo\u017enosti. V primerjavi z neprebojno \u010delado MICH manj\u0161a te\u017ea pomeni, da ji ni treba dodatno obremenjevati glave, ampak se lahko uporablja za no\u0161enje sodobnej\u0161e opreme, ki je primernej\u0161a za izmenjavo informacij med ekipami.<\/p>\n<hr>\n<p><strong>Razred obrambe:<\/strong><\/p>\n<p>Ta neprebojna \u010delada je neprebojna \u010delada stopnje IIIA NIJ v skladu s standardom NIJ 0101.06 in lahko zagotovite ustrezno poro\u010dilo o preskusu.<\/p>\n<hr>\n<p><strong>Parametri obrambnega projektila:<\/strong><\/p>\n<p>.44 Mag SJHP<br \/>\n.357 SIG FMJ FN<br \/>\n9mm FMJ RN<br \/>\n.357 Mag JSP<br \/>\n.40 S&amp;W FMJ<\/p>\n<p>Zagotavlja tudi za\u0161\u010dito pred ve\u010dino gro\u017eenj s pi\u0161tolo ter gro\u017enjami razreda IIA in II<\/p>\n<hr>\n<p><strong>Parametri neprebojne \u010delade:<\/strong><br \/>\nIme: Wendy&#8217;s takti\u010dna voja\u0161ka za\u0161\u010ditna \u010delada NIJ IIIA<\/p>\n<p>Material: Kevlar-DuPont aramidna vlakna visoke natezne trdnosti<\/p>\n<p>Obseg glave: 52-60 cm<\/p>\n<p>Podloga: Udarne blazinice iz pene Zorbium poskrbijo, da ste hladni in suhi z nepremo\u010dljivo, udobno podlogo in antibakterijskim premazom, ki odvaja znoj. Zagotavlja manj kot polovico sile, potrebne za ponavljajo\u010de se udarce v vseh okoljskih pogojih. \u010celada je standardno opremljena s tremi dodatnimi udarnimi blazinicami in osmimi nastavljivimi blazinicami, ki jih je mogo\u010de fleksibilno namestiti glede na zahteve uporabnika za optimalno prileganje in udobje.<\/p>\n<p>Izbirni dodatki: napihljive kisikove maske, \u0161\u010ditniki za obraz, stranski \u0161\u010ditniki, oklepni stranski \u0161\u010ditniki, za\u0161\u010ditni \u0161\u010ditniki, \u0161\u010ditniki za \u010delade, neprebojne maske itd.<\/p>\n<p>Barva \u010delade: \u010drna<br \/>\nMICH je \u010delada, ki zaustavi pi\u0161tolske naboje in zagotavlja zanesljivo za\u0161\u010dito pred drobci in padajo\u010dimi drobci.<br \/>\nzmanj\u0161a za\u0161\u010dito.<\/p>\n<hr>\n<p><strong>\u00bbZa ljudi:<\/strong><br \/>\nBalisti\u010dna \u010delada NIJ lllA iz kevlarja WENDY je kos gro\u017enjam s pi\u0161tolo in \u0161rapneli, ima ve\u010d mo\u017enosti povezljivosti, je la\u017eja in udobnej\u0161a za no\u0161enje. Ta \u010delada je primerna za vse tipe uporabnikov. Osebje agencij, kot so vojska, policija, SWAT, notranja varnost, carina in mejna stra\u017ea, je lahko opremljeno z izbolj\u0161animi bojnimi zmogljivostmi. Je tudi dobra izbira za za\u0161\u010dito doma in cosplay.<\/p>\n<hr>\n<p>Tukaj je na\u0161a trgovina s takti\u010dnimi za\u0161\u010ditnimi \u010deladami za 15 % popusta na platformo Allegro.<\/p>\n<p>\u010ce \u017eelite kupiti na\u0161e izdelke ali imate kakr\u0161na koli vpra\u0161anja o na\u0161ih izdelkih, (<a href=\"http:\/\/tyditiao.com\/en\/contact\/\">nam pi\u0161ite<\/a>) nemudoma, odgovorili vam bomo v roku 1 delovni dan. \u010ce \u017eelite naro\u010diti ve\u010d kot 5 neprebojnih \u010delad hkrati, prejmete dodatni popust;<\/p>\n<p>&nbsp;<\/p>\n","protected":false},"excerpt":{"rendered":"<p>Dobra neprebojna zmogljivost: NIJ Level IIIA, popolna za\u0161\u010dita glave.<\/p>\n<p>Udoben za no\u0161enje: sede\u017e Zorbium Foam Impact ima vodoodporno podlogo in antibakterijsko prevleko, ki odvaja vlago, da vas ohranja hladen in suh, medtem ko ga nosite.<\/p>\n<p>ENOSTAVNA PRILAGODITEV: lahek voja\u0161ki sistem za zapenjanje \u010delade CAM FIT s sistemom zapiranja BOA omogo\u010da hitro in enostavno nastavitev z eno roko in natan\u010dno prileganje.<\/p>\n<p>DOBRA KAKOVOST: Wendy&#8217;s Tactical Military Protective Helmet NIJ IIIA je izdelana iz zelo trpe\u017enih vlaken DuPont Kevlar Aramid, odpornih na vro\u010dino in se ne deformirajo<\/p>\n<p>Dobra raztegljivost: pritrdilni sistem Rail 2.0 je zdru\u017eljiv z vsemi pritrdilnimi elementi EXFIL Rail 2.0. Dvostranske pritrdilne letve in \u010delni kardan so preprosti za namestitev in konfiguracijo, slu\u0161alke, strelne lu\u010di, kamere, stroboskopske lu\u010di, naprave za no\u010dno opazovanje, kamere GoPro in o\u010dala NVG.<\/p>\n","protected":false},"featured_media":10545,"comment_status":"closed","ping_status":"closed","template":"","meta":[],"product_brand":[],"product_cat":[764,763],"product_tag":[],"woo-feed-brand":[50],"class_list":{"0":"post-14159","1":"product","2":"type-product","3":"status-publish","4":"has-post-thumbnail","6":"product_cat-neprebojna-celada","7":"product_cat-wendy-sl","8":"woo-feed-brand-tyditiao","10":"first","11":"instock","12":"sale","13":"shipping-taxable","14":"purchasable","15":"product-type-simple"},"_links":{"self":[{"href":"https:\/\/tyditiao.com\/sl\/wp-json\/wp\/v2\/product\/14159","targetHints":{"allow":["GET"]}}],"collection":[{"href":"https:\/\/tyditiao.com\/sl\/wp-json\/wp\/v2\/product"}],"about":[{"href":"https:\/\/tyditiao.com\/sl\/wp-json\/wp\/v2\/types\/product"}],"replies":[{"embeddable":true,"href":"https:\/\/tyditiao.com\/sl\/wp-json\/wp\/v2\/comments?post=14159"}],"wp:featuredmedia":[{"embeddable":true,"href":"https:\/\/tyditiao.com\/sl\/wp-json\/wp\/v2\/media\/10545"}],"wp:attachment":[{"href":"https:\/\/tyditiao.com\/sl\/wp-json\/wp\/v2\/media?parent=14159"}],"wp:term":[{"taxonomy":"product_brand","embeddable":true,"href":"https:\/\/tyditiao.com\/sl\/wp-json\/wp\/v2\/product_brand?post=14159"},{"taxonomy":"product_cat","embeddable":true,"href":"https:\/\/tyditiao.com\/sl\/wp-json\/wp\/v2\/product_cat?post=14159"},{"taxonomy":"product_tag","embeddable":true,"href":"https:\/\/tyditiao.com\/sl\/wp-json\/wp\/v2\/product_tag?post=14159"},{"taxonomy":"woo-feed-brand","embeddable":true,"href":"https:\/\/tyditiao.com\/sl\/wp-json\/wp\/v2\/woo-feed-brand?post=14159"}],"curies":[{"name":"wp","href":"https:\/\/api.w.org\/{rel}","templated":true}]}}