{"id":14197,"date":"2022-06-13T04:32:01","date_gmt":"2022-06-13T02:32:01","guid":{"rendered":"http:\/\/tyditiao.com\/product\/nova-kevlar-celada-vojaska-celada-razreda-iiia-vojaska-bojna-celada-team-wendy-zelena\/"},"modified":"2023-05-23T03:50:27","modified_gmt":"2023-05-23T01:50:27","slug":"wendys-neprebojna-celada-kevlar-celada-takticno-zelena","status":"publish","type":"product","link":"https:\/\/tyditiao.com\/sl\/izdelek\/wendys-neprebojna-celada-kevlar-celada-takticno-zelena\/","title":{"rendered":"Nova kevlar \u010delada, voja\u0161ka \u010delada razreda IIIA, voja\u0161ka bojna \u010delada Team Wendy, zelena"},"content":{"rendered":"<p>Lahka voja\u0161ka \u010delada Wendyina \u010delada je zasnovana tako, da je izjemno lahka in zelo udobna za no\u0161enje. Opremljena je tudi z visokokakovostnimi vlo\u017eki za absorpcijo energije, ki lahko u\u010dinkovito absorbirajo udarno silo, zmanj\u0161ajo deformacijo telesa \u010delade, ko krogla zadene \u010delado, in zmanj\u0161ajo stopnjo in stopnjo po\u0161kodb uporabnika. Dvostranski z univerzalnimi monta\u017enimi tirnicami za naprave in kardanskim nosilcem na \u010delu, kar Wendy omogo\u010da ustvarjanje ve\u010d mo\u017enosti.<\/p>\n<hr \/>\n<p><strong>Razred obrambe:<\/strong><\/p>\n<p>Ta neprebojna \u010delada je neprebojna \u010delada NIJ stopnje IIIA v skladu s standardom NIJ 0101.06, priskrbeti pa je mogo\u010de tudi ustrezno poro\u010dilo o preskusu.<\/p>\n<hr \/>\n<p><strong>Parametri obrambnega projektila:<\/strong><\/p>\n<p>.44 Mag SJHP<br \/>\n.357 SIG FMJ FN<br \/>\n9mm FMJ RN<br \/>\n.357 Mag JSP<br \/>\n.40 S&amp;W FMJ<\/p>\n<p>Zagotavlja tudi za\u0161\u010dito pred ve\u010dino gro\u017eenj s pi\u0161tolo ter gro\u017enjami razreda IIA in II<\/p>\n<hr \/>\n<p><strong>Parametri neprebojne \u010delade:<\/strong><br \/>\nIme: neprebojna \u010delada NIJ lllA WENDY<\/p>\n<p>Material: Kevlar-DuPont aramidna vlakna visoke natezne trdnosti<br \/>\nObseg glave: 52-60 cm<\/p>\n<p>Podloga: udarne blazinice iz pene Zorbium vas ohranjajo hladne in suhe z nepremo\u010dljivo, udobno podlogo in antibakterijsko prevleko, ki odvaja znoj. Zagotavlja manj kot polovico sile, potrebne za ponavljajo\u010de se udarce v vseh okoljskih pogojih. Podloga za mi\u0161ko je standardno opremljena s tremi podlogami, odpornimi na udarce, in osmimi nastavljivimi podlogami za optimalno prileganje in udobje.<\/p>\n<p>Izbirni dodatki: napihljive kisikove maske, \u0161\u010ditniki za obraz, stranski \u0161\u010ditniki, oklepni stranski \u0161\u010ditniki, \u0161\u010ditniki, \u0161\u010ditniki za \u010delade, neprebojne maske itd.<br \/>\nBarva \u010delade: zelena<br \/>\nMICH je \u010delada, ki zaustavi pi\u0161tolske naboje in zagotavlja zanesljivo za\u0161\u010dito pred drobci in padajo\u010dimi drobci.<br \/>\nzmanj\u0161a za\u0161\u010dito.<\/p>\n<hr \/>\n<p><strong>\u00bbZa ljudi:<\/strong><br \/>\nBalisti\u010dna \u010delada NIJ lllA Kevlar WENDY se spopade z gro\u017enjami s pi\u0161tolo in \u0161rapneli z mo\u010dnej\u0161imi pritrdilnimi nastavki, ki so la\u017eji in udobnej\u0161i za no\u0161enje. Ta \u010delada je primerna za vse tipe uporabnikov. Osebje agencij, kot so vojska, policija, SWAT, notranja varnost, carina in mejna stra\u017ea, je lahko opremljeno z izbolj\u0161animi bojnimi zmogljivostmi. Je tudi dobra izbira za za\u0161\u010dito doma in cosplay.<\/p>\n<hr \/>\n<p>\u010ce \u017eelite kupiti na\u0161e izdelke ali imate kakr\u0161na koli vpra\u0161anja o na\u0161ih izdelkih;<br \/>\n\u010ce imate kakr\u0161ne koli potrebe po prilagajanju;<br \/>\nProsimo (<a href=\"http:\/\/tyditiao.com\/en\/contact\/\">nas kontaktirajte<\/a>) takoj, odgovorili vam bomo v 1 delovnem dnevu<\/p>\n","protected":false},"excerpt":{"rendered":"<p>Dobra kakovost: voja\u0161ka \u010delada tehni\u010dnega razreda je izdelana iz visoko trdnih vlaken DuPont Kevlar Aramid, ki so odporna na vro\u010dino in jih ni enostavno deformirati<\/p>\n<p>Dobra balisti\u010dna zmogljivost: NIJ stopnja IIIA<\/p>\n<p>Udobna za no\u0161enje: Vzglavnik Zorbium Foam Impact Pillow ima nepremo\u010dljivo podlogo in protimikrobno prevleko, ki odvaja vlago in vas ohranja hladne in suhe.<\/p>\n<p>ENOSTAVNA PRILAGODITEV: Sistem za pritrditev lahke voja\u0161ke \u010delade CAM FIT s sistemom zapiranja BOA za varno nastavitev z eno roko za natan\u010dno prileganje.<\/p>\n<p>RAZ\u0160IRLJIV: Pritrdilni sistem Rail 2.0 je zdru\u017eljiv z vsemi pritrdilnimi elementi EXFIL Rail 2.0. Dvostranska monta\u017ena tirnica za kardan in nosilec za kardan na \u010delu omogo\u010data Wendy ustvarjanje ve\u010d mo\u017enosti.<\/p>\n","protected":false},"featured_media":10640,"comment_status":"open","ping_status":"closed","template":"","meta":[],"product_brand":[],"product_cat":[764,763],"product_tag":[],"woo-feed-brand":[50],"class_list":{"0":"post-14197","1":"product","2":"type-product","3":"status-publish","4":"has-post-thumbnail","6":"product_cat-neprebojna-celada","7":"product_cat-wendy-sl","8":"woo-feed-brand-tyditiao","10":"first","11":"instock","12":"sale","13":"shipping-taxable","14":"purchasable","15":"product-type-simple"},"_links":{"self":[{"href":"https:\/\/tyditiao.com\/sl\/wp-json\/wp\/v2\/product\/14197","targetHints":{"allow":["GET"]}}],"collection":[{"href":"https:\/\/tyditiao.com\/sl\/wp-json\/wp\/v2\/product"}],"about":[{"href":"https:\/\/tyditiao.com\/sl\/wp-json\/wp\/v2\/types\/product"}],"replies":[{"embeddable":true,"href":"https:\/\/tyditiao.com\/sl\/wp-json\/wp\/v2\/comments?post=14197"}],"wp:featuredmedia":[{"embeddable":true,"href":"https:\/\/tyditiao.com\/sl\/wp-json\/wp\/v2\/media\/10640"}],"wp:attachment":[{"href":"https:\/\/tyditiao.com\/sl\/wp-json\/wp\/v2\/media?parent=14197"}],"wp:term":[{"taxonomy":"product_brand","embeddable":true,"href":"https:\/\/tyditiao.com\/sl\/wp-json\/wp\/v2\/product_brand?post=14197"},{"taxonomy":"product_cat","embeddable":true,"href":"https:\/\/tyditiao.com\/sl\/wp-json\/wp\/v2\/product_cat?post=14197"},{"taxonomy":"product_tag","embeddable":true,"href":"https:\/\/tyditiao.com\/sl\/wp-json\/wp\/v2\/product_tag?post=14197"},{"taxonomy":"woo-feed-brand","embeddable":true,"href":"https:\/\/tyditiao.com\/sl\/wp-json\/wp\/v2\/woo-feed-brand?post=14197"}],"curies":[{"name":"wp","href":"https:\/\/api.w.org\/{rel}","templated":true}]}}