{"id":14216,"date":"2022-06-13T04:11:33","date_gmt":"2023-05-23T01:57:30","guid":{"rendered":"http:\/\/tyditiao.com\/product\/poljska-vojaska-celada-takticna-kevlar-celada-razreda-iiia-energetska-celada-s-hitro-masko-crna\/"},"modified":"2023-05-23T03:57:30","modified_gmt":"2023-05-23T01:57:30","slug":"hitra-neprebojna-celada-takticna-kevlar-nijiiia-crna","status":"publish","type":"product","link":"https:\/\/tyditiao.com\/sl\/izdelek\/hitra-neprebojna-celada-takticna-kevlar-nijiiia-crna\/","title":{"rendered":"Poljska voja\u0161ka \u010delada, takti\u010dna kevlar \u010delada razreda IIIA, energetska \u010delada s hitro masko, \u010drna"},"content":{"rendered":"<p><strong>Razred obrambe:<\/strong><\/p>\n<p>Ta neprebojna \u010delada je neprebojna \u010delada stopnje IIIA NIJ v skladu s standardom NIJ 0101.06 in lahko zagotovite ustrezno poro\u010dilo o preskusu.<\/p>\n<hr>\n<p><strong>Parametri obrambnega projektila:<\/strong><\/p>\n<p>.44 Mag SJHP<br \/>\n.357 SIG FMJ FN<br \/>\n9mm FMJ RN<br \/>\n.357 Mag JSP<br \/>\n.40 S&amp;W FMJ<\/p>\n<p>Zagotavlja tudi za\u0161\u010dito pred ve\u010dino gro\u017eenj s pi\u0161tolo ter gro\u017enjami razreda IIA in II<\/p>\n<hr>\n<p><strong>Parametri neprebojne \u010delade:<\/strong><br \/>\nIme: neprebojna \u010delada NIJ lllA FAST<\/p>\n<p>Material: Kevlar-DuPont aramidna vlakna visoke natezne trdnosti<br \/>\nObseg glave: 52-64 cm<br \/>\nIzbirni dodatki: neprebojna maska itd.<br \/>\nBarva \u010delade: \u010drna<br \/>\nMICH je \u010delada, ki zaustavi pi\u0161tolske naboje in zagotavlja zanesljivo za\u0161\u010dito pred drobci in padajo\u010dimi drobci.<br \/>\nzmanj\u0161a za\u0161\u010dito.<\/p>\n<hr>\n<p><strong>\u00bbZa ljudi:<\/strong><br \/>\nBalisti\u010dna \u010delada NIJ lllA Kevlar FAST je zasnovana tako, da se soo\u010di z gro\u017enjo strelnega oro\u017eja in \u0161rapnelov, z mo\u010dnej\u0161imi nastavki za la\u017eje in udobnej\u0161e prileganje. Ta \u010delada je primerna za vse tipe uporabnikov. Osebje agencij, kot so vojska, policija, SWAT, notranja varnost, carina in mejna stra\u017ea, je lahko opremljeno z izbolj\u0161animi bojnimi zmogljivostmi. Je tudi dobra izbira za za\u0161\u010dito doma in cosplay.<\/p>\n<hr>\n<p><strong>Kaj je balisti\u010dna \u010delada FAST?<\/strong><\/p>\n<p>FAST neprebojna \u010delada (angle\u0161ko: Future Assault Shell Technology Helmet, v nadaljevanju: FAST) Future Assault Shell Technology Helmet je bojna \u010delada, ki sta jo razvila Raziskovalni in\u0161titut ameri\u0161ke vojske in Center ameri\u0161ke vojske za raziskave, razvoj in in\u017eeniring Natick. \u010celada je zasnovana tako, da zagotavlja udobje operaterjem posebnih operacij, hkrati pa zagotavlja osnovno balisti\u010dno za\u0161\u010dito. \u010celada FAST je bila javnosti prvi\u010d predstavljena na prireditvi SHOT SHOW leta 2009, kmalu pa so jo sprejele ameri\u0161ke specialne enote, ki delujejo v Afganistanu. Takti\u010dne balisti\u010dne \u010delade FAST se zdaj pogosto uporabljajo v specialnih enotah in specialnih policijah v razli\u010dnih dr\u017eavah. Poleg tega je takti\u010dna \u010delada FAST zdaj standardna bojna \u010delada za norve\u0161ke oboro\u017eene sile.<\/p>\n<hr>\n<p><strong>Zna\u010dilnosti \u010delade FAST iz kevlarja:<\/strong><\/p>\n<p>V primerjavi z obi\u010dajnimi voja\u0161kimi \u010deladami je \u010delada FAST 25 % la\u017eja. S sistemom vzmetenja \u010delade lahko uporabniki enostavno prilagodijo prileganje ali tesnost \u010delade za optimalno udobje. \u010celade FAST so opremljene z ARC tirnicami na levi in desni strani za namestitev opreme, kot so svetilke, slu\u0161alke za du\u0161enje hrupa in komunikacijska oprema, kot tudi opremo za no\u010dno opazovanje ali video opremo lahko namestite na sredino \u010delade prek adapterja za pritrditev, ki je poseben boj, ki lahko doda ve\u010djo takti\u010dno prednost. Hudi\u010dev filc, pritrjen na \u010delado, omogo\u010da uporabnikom, da pritrdijo zastavo svoje dr\u017eave, vojsko ali institucijo, pa tudi ustrezne identifikacijske \u017eige, kot so klicni znaki in krvne skupine. Poleg tega zaradi modularne zasnove civilne razli\u010dice \u010delade FAST brez neprebojne funkcije ne uporabljajo samo vojska in policija, ampak jo z veseljem sprejemajo tudi \u0161portniki na prostem, novinarji, re\u0161evalci in drugi delavci na terenu.<\/p>\n<hr>\n<p><strong>Ali je takti\u010dna balisti\u010dna \u010delada FAST odli\u010dna za\u0161\u010dita in zakaj je tako priljubljena?<\/strong><\/p>\n<p>Razloga sta dva: prvi\u010d, napredek tehnologije je povzro\u010dil vse ve\u010d tehni\u010dne opremljenosti posameznih vojakov, kar zahteva platformo za polnjenje tehni\u010dnih pripomo\u010dkov, ki jo je treba \u017ertvovati na ra\u010dun za\u0161\u010dite;<br \/>\nDrugi\u010d, uporabniki FAST so predvsem specialne enote, na bojni razdalji pa se specialne enote preprosto odre\u010dejo za\u0161\u010diti, prenosljivost in tehni\u010dna oprema na platformi se spremenita v stopnjo pre\u017eivetja in celo v prakti\u010dnih aplikacijah, obi\u010dajno le v primeru hitrih \u010delad, na mnogih enotah ni nobenih elementov, samo zaradi prenosljivosti.<\/p>\n<p>FAST ne temelji na strogi za\u0161\u010diti Nobeni dvostranski glu\u0161niki niso dovolj Predvsem za udobje osebja, ki nosi slu\u0161alke in dodatne dodatke Lahke takti\u010dne \u010delade delno opustijo za\u0161\u010dito prina\u0161ajo ve\u010dje koristi v boju.<\/p>\n<p>\u010celade FAST se pogosto uporabljajo v mnogih dr\u017eavah in \u0161tevilne dr\u017eave imajo dizajn \u010delad, ki je zelo podoben ameri\u0161kim \u010deladam FAST, na primer \u010delade v Rusiji, Franciji in Zdru\u017eenem kraljestvu so zasnovane tako, da ustrezajo \u010deladam FAST, \u010deprav se bodo s\u010dasoma razvijale. \u0160tevilo teh \u010delad se prav tako spreminja, vendar je \u0161e vedno podobna \u010deladi FAST, iz o\u010ditnih razlogov lahko ta \u010delada u\u010dinkovito za\u0161\u010diti glavo in pove\u010da \u017eivljenjsko dobo vojaka.<\/p>\n<hr>\n<p><strong>HITRA cena \u010delade iz kevlarja?<\/strong><\/p>\n<p>Kupujte neposredno na na\u0161i spletni strani in prihranite 15 % na redni ceni<\/p>\n<hr>\n<p>\u010ce \u017eelite kupiti na\u0161e izdelke ali imate kakr\u0161na koli vpra\u0161anja o na\u0161ih izdelkih;<br \/>\n\u010ce imate kakr\u0161ne koli potrebe po prilagajanju;<br \/>\nProsimo (<a href=\"http:\/\/tyditiao.com\/en\/contact\/\">nas kontaktirajte<\/a>) takoj, odgovorili vam bomo v 1 delovnem dnevu<\/p>\n<p>&nbsp;<\/p>\n<p>&nbsp;<\/p>\n","protected":false},"excerpt":{"rendered":"<p>Izdelan iz visoko trdnih vlaken DuPont Kevlar Aramid, odporen na vro\u010dino in ga ni enostavno deformirati<\/p>\n<p>NIJ stopnje IIIA<\/p>\n<p>Sistem za prilagajanje obsega glave vam omogo\u010da nastavitev obsega glave s pritiskom na gumb, da dose\u017eete idealno prileganje \u010delade<\/p>\n<p>\u010celo je oja\u010dano z elasti\u010dnimi trakovi na straneh hobotnice (spodnji del stojala za no\u010dno opazovanje) za pritrditev ogledal, kamer, o\u010dal za no\u010dno opazovanje in drugih naprav.<\/p>\n<p>Opremljen s tirnicami, zmogljivej\u0161o monta\u017eo dodatne opreme, lahko je opremljen z mo\u010dnim svetlobnim sistemom in identifikacijskimi lu\u010dmi, lahko je opremljen tudi z za\u0161\u010dito za sluh<\/p>\n","protected":false},"featured_media":10336,"comment_status":"closed","ping_status":"closed","template":"","meta":[],"product_brand":[],"product_cat":[825,764],"product_tag":[],"woo-feed-brand":[50],"class_list":{"0":"post-14216","1":"product","2":"type-product","3":"status-publish","4":"has-post-thumbnail","6":"product_cat-hitro","7":"product_cat-neprebojna-celada","8":"woo-feed-brand-tyditiao","10":"first","11":"instock","12":"sale","13":"shipping-taxable","14":"purchasable","15":"product-type-simple"},"_links":{"self":[{"href":"https:\/\/tyditiao.com\/sl\/wp-json\/wp\/v2\/product\/14216","targetHints":{"allow":["GET"]}}],"collection":[{"href":"https:\/\/tyditiao.com\/sl\/wp-json\/wp\/v2\/product"}],"about":[{"href":"https:\/\/tyditiao.com\/sl\/wp-json\/wp\/v2\/types\/product"}],"replies":[{"embeddable":true,"href":"https:\/\/tyditiao.com\/sl\/wp-json\/wp\/v2\/comments?post=14216"}],"wp:featuredmedia":[{"embeddable":true,"href":"https:\/\/tyditiao.com\/sl\/wp-json\/wp\/v2\/media\/10336"}],"wp:attachment":[{"href":"https:\/\/tyditiao.com\/sl\/wp-json\/wp\/v2\/media?parent=14216"}],"wp:term":[{"taxonomy":"product_brand","embeddable":true,"href":"https:\/\/tyditiao.com\/sl\/wp-json\/wp\/v2\/product_brand?post=14216"},{"taxonomy":"product_cat","embeddable":true,"href":"https:\/\/tyditiao.com\/sl\/wp-json\/wp\/v2\/product_cat?post=14216"},{"taxonomy":"product_tag","embeddable":true,"href":"https:\/\/tyditiao.com\/sl\/wp-json\/wp\/v2\/product_tag?post=14216"},{"taxonomy":"woo-feed-brand","embeddable":true,"href":"https:\/\/tyditiao.com\/sl\/wp-json\/wp\/v2\/woo-feed-brand?post=14216"}],"curies":[{"name":"wp","href":"https:\/\/api.w.org\/{rel}","templated":true}]}}