{"id":14235,"date":"2022-06-13T04:08:57","date_gmt":"2022-06-13T02:08:57","guid":{"rendered":"http:\/\/tyditiao.com\/product\/vojaska-celada-takticna-celada-iz-aramidnih-vlaken-razreda-iiia-hitra-kevlar-celada-svetlo-rjava\/"},"modified":"2023-05-23T04:12:10","modified_gmt":"2023-05-23T02:12:10","slug":"hitra-neprebojna-celada-takticna-kevlar-nijiiia-svetlo-rjava","status":"publish","type":"product","link":"https:\/\/tyditiao.com\/sl\/izdelek\/hitra-neprebojna-celada-takticna-kevlar-nijiiia-svetlo-rjava\/","title":{"rendered":"Voja\u0161ka \u010delada, takti\u010dna \u010delada iz aramidnih vlaken razreda IIIA, hitra kevlar \u010delada, svetlo rjava"},"content":{"rendered":"<p><strong>Razred obrambe:<\/strong><\/p>\n<p>Ta neprebojna \u010delada je neprebojna \u010delada stopnje IIIA NIJ v skladu s standardom NIJ 0101.06 in lahko zagotovite ustrezno poro\u010dilo o preskusu.<\/p>\n<hr>\n<p><strong>Parametri obrambnega projektila:<\/strong><\/p>\n<p>.44 Mag SJHP<br \/>\n.357 SIG FMJ FN<br \/>\n9mm FMJ RN<br \/>\n.357 Mag JSP<br \/>\n.40 S&amp;W FMJ<\/p>\n<p>Zagotavlja tudi za\u0161\u010dito pred ve\u010dino gro\u017eenj s pi\u0161tolo ter gro\u017enjami razreda IIA in II<\/p>\n<hr>\n<p><strong>Parametri neprebojne \u010delade:<\/strong><\/p>\n<p>Ime: neprebojna \u010delada NIJ lllA FAST<\/p>\n<p>Material: Kevlar-DuPont aramidna vlakna visoke natezne trdnosti<br \/>\nObseg glave: 52-64 cm<br \/>\nIzbirni dodatki: neprebojna maska itd.<br \/>\nBarva \u010delade: svetlo rjava<\/p>\n<p>Neprebojna \u010delada je sestavljena iz ohi\u0161ja \u010delade (vklju\u010dno z za\u0161\u010dito za noge) in vzmetnega bla\u017eilnega sistema (vklju\u010dno z naglavnim trakom, bla\u017eilnim slojem, trakom za brado, \u010dleni verige itd.). Udoben in stabilen za no\u0161enje;<\/p>\n<p>Zunanja povr\u0161ina lupine \u010delade je enakomerna in gladka, brez kontaminacije s tujki, mehurjev, lu\u0161\u010denja in drugih napak.<\/p>\n<p>Ognjevarnost lupine \u010delade: neprekinjen \u010das gorenja na povr\u0161ini 5S;<\/p>\n<p>Sila naprave za trak za brado: hitrost pobega v sili 500 N, sprostitev, ko je zunanja sila 1000 N;<\/p>\n<p>Vodoodporna: Neprebojna \u010delada ne bo po\u010dila, mehurjala ali se razslojila na povr\u0161ini lupine \u010delade, ko bo 24 ur potopljena v vodo pri sobni temperaturi. Po dveh uspe\u0161nih strelih se noben del blazine vzmetenja ni odlepil<\/p>\n<p>MICH je \u010delada, ki zaustavi pi\u0161tolske naboje in zagotavlja zanesljivo za\u0161\u010dito pred drobci in padajo\u010dimi drobci.<br \/>\nzmanj\u0161a za\u0161\u010dito.<\/p>\n<hr>\n<p><strong>\u00bbZa ljudi:<\/strong><\/p>\n<p>Balisti\u010dna \u010delada NIJ lllA Kevlar FAST je zasnovana tako, da se soo\u010di z gro\u017enjo strelnega oro\u017eja in \u0161rapnelov, z mo\u010dnej\u0161imi nastavki za la\u017eje in udobnej\u0161e prileganje. Ta \u010delada je primerna za vse tipe uporabnikov. Osebje agencij, kot so vojska, policija, SWAT, notranja varnost, carina in mejna stra\u017ea, je lahko opremljeno z izbolj\u0161animi bojnimi zmogljivostmi. Je tudi dobra izbira za za\u0161\u010dito doma in cosplay.<\/p>\n<hr>\n<p><strong>Kaj je balisti\u010dna \u010delada FAST?<\/strong><\/p>\n<p>FAST neprebojna \u010delada (angle\u0161ko: Future Assault Shell Technology Helmet, v nadaljevanju: FAST) Future Assault Shell Technology Helmet je bojna \u010delada, ki sta jo razvila Raziskovalni in\u0161titut ameri\u0161ke vojske in Center ameri\u0161ke vojske za raziskave, razvoj in in\u017eeniring Natick. \u010celada je zasnovana tako, da zagotavlja udobje operaterjem posebnih operacij, hkrati pa zagotavlja osnovno balisti\u010dno za\u0161\u010dito. \u010celada FAST je bila javnosti prvi\u010d predstavljena na prireditvi SHOT SHOW leta 2009, kmalu pa so jo sprejele ameri\u0161ke specialne enote, ki delujejo v Afganistanu. Takti\u010dne balisti\u010dne \u010delade FAST se zdaj pogosto uporabljajo v specialnih enotah in specialnih policijah v razli\u010dnih dr\u017eavah. Poleg tega je takti\u010dna \u010delada FAST zdaj standardna bojna \u010delada za norve\u0161ke oboro\u017eene sile.<\/p>\n<hr>\n<p><strong>Zna\u010dilnosti takti\u010dne voja\u0161ke \u010delade iz aramidnih vlaken FAST:<\/strong><\/p>\n<p>V primerjavi z obi\u010dajnimi voja\u0161kimi \u010deladami je \u010delada FAST 25 % la\u017eja. Zahvaljujo\u010d sistemu vzmetenja \u010delade lahko uporabniki enostavno prilagodijo prileganje ali tesnost \u010delade za optimalno udobje. \u010celada FAST je opremljena z vodiloma ARC na levi in desni strani za namestitev dodatkov, kot so svetilke, slu\u0161alke za du\u0161enje hrupa in komunikacijska oprema ter oprema za no\u010dno opazovanje ali video snemanje. Adapter je mogo\u010de namestiti na sredino \u010delade prek adapterja. To je poseben boj, ki lahko doda ve\u010djo takti\u010dno prednost. Poleg tega zaradi modularne zasnove civilne razli\u010dice neprebojne \u010delade FAST ne uporabljajo samo vojska in policija, ampak jo z veseljem sprejemajo tudi \u0161portniki na prostem in delavci na terenu, kot so novinarji in re\u0161evalci. Poleg tega zaradi modularne zasnove civilne razli\u010dice neprebojne \u010delade FAST ne uporabljajo samo vojska in policija, ampak jo z veseljem sprejemajo tudi \u0161portniki na prostem in delavci na terenu, kot so novinarji in re\u0161evalci.<\/p>\n<hr>\n<p><strong>Ali je takti\u010dna voja\u0161ka \u010delada iz aramidnih vlaken FAST dobra za\u0161\u010dita, zakaj je priljubljena?<\/strong><\/p>\n<p>Obstajata dva razloga: Prvi\u010d, napredek tehnologije je povzro\u010dil, da imajo posamezni vojaki vedno ve\u010d tehni\u010dne opreme, ki zahteva platformo za nalaganje tehni\u010dnih pripomo\u010dkov, in so morali \u017ertvovati za\u0161\u010dito, da bi lahko izbrali;<br \/>\nDrugi\u010d, uporabniki FAST so ve\u010dinoma specialne enote, specialne enote pa se preprosto odre\u010dejo za\u0161\u010diti na bojni razdalji, prenosljivost in tehni\u010dna oprema na platformi postaneta stopnja pre\u017eivetja, tudi v prakti\u010dnih aplikacijah, obi\u010dajno samo za hitre \u010delade, niso ve\u010d enot na njem, samo za prenosljivost.<\/p>\n<p>FAST se ne zana\u0161a na strogo za\u0161\u010dito Brez u\u0161esnih \u010da\u0161k na obeh straneh ni dovolj Predvsem za udobje osebja, ki nosi slu\u0161alke in dodatne dodatke Lahke takti\u010dne \u010delade delno opustijo za\u0161\u010dito prina\u0161ajo ve\u010dje koristi v boju.<\/p>\n<p>\u010celade FAST se pogosto uporabljajo v mnogih dr\u017eavah in \u0161tevilne dr\u017eave imajo dizajn \u010delad, ki je zelo podoben ameri\u0161kim \u010deladam FAST, na primer ruske, francoske in britanske \u010delade so zasnovane v skladu s \u010deladami FAST, \u010deprav se bodo s\u010dasoma razvijale. Tudi te \u010delade se nenehno spreminjajo, vendar so \u0161e vedno zelo podobne \u010deladam FAST, iz o\u010ditnih razlogov, ki u\u010dinkovito \u0161\u010ditijo glavo in pove\u010dajo \u017eivljenjsko dobo vojaka.<\/p>\n<hr>\n<p><strong>Cena takti\u010dne voja\u0161ke \u010delade FAST iz aramidnih vlaken?<\/strong><\/p>\n<p>Kupujte neposredno na na\u0161i spletni strani in prihranite 15 % na redni ceni<\/p>\n<p>\u010ce \u017eelite kupiti na\u0161e izdelke ali imate kakr\u0161na koli vpra\u0161anja o na\u0161ih izdelkih, (<a href=\"http:\/\/tyditiao.com\/en\/contact\/\">nam pi\u0161ite<\/a>) nemudoma, odgovorili vam bomo v roku 1 delovni dan. <span style=\"color: #ff0000;\">\u010ce \u017eelite naro\u010diti ve\u010d kot 5 neprebojnih \u010delad hkrati, prejmete dodatni popust;<\/span><\/p>\n","protected":false},"excerpt":{"rendered":"<p>Izdelan iz visoko trdnih vlaken DuPont Kevlar Aramid, odporen na vro\u010dino in ga ni enostavno deformirati<\/p>\n<p>NIJ stopnje IIIA<\/p>\n<p>Sistem za prilagajanje obsega glave vam omogo\u010da nastavitev obsega glave s pritiskom na gumb, da dose\u017eete idealno prileganje \u010delade<\/p>\n<p>\u010celo je oja\u010dano z elasti\u010dnimi trakovi na straneh hobotnice (spodnji del stojala za no\u010dno opazovanje) za pritrditev ogledal, kamer, o\u010dal za no\u010dno opazovanje in drugih naprav.<\/p>\n<p>Opremljen s tirnicami, zmogljivej\u0161o monta\u017eo dodatne opreme, lahko je opremljen z mo\u010dnim svetlobnim sistemom in identifikacijskimi lu\u010dmi, lahko je opremljen tudi z za\u0161\u010dito za sluh<\/p>\n","protected":false},"featured_media":10260,"comment_status":"open","ping_status":"closed","template":"","meta":[],"product_brand":[],"product_cat":[825,764],"product_tag":[],"woo-feed-brand":[50],"class_list":{"0":"post-14235","1":"product","2":"type-product","3":"status-publish","4":"has-post-thumbnail","6":"product_cat-hitro","7":"product_cat-neprebojna-celada","8":"woo-feed-brand-tyditiao","10":"first","11":"instock","12":"sale","13":"shipping-taxable","14":"purchasable","15":"product-type-simple"},"_links":{"self":[{"href":"https:\/\/tyditiao.com\/sl\/wp-json\/wp\/v2\/product\/14235","targetHints":{"allow":["GET"]}}],"collection":[{"href":"https:\/\/tyditiao.com\/sl\/wp-json\/wp\/v2\/product"}],"about":[{"href":"https:\/\/tyditiao.com\/sl\/wp-json\/wp\/v2\/types\/product"}],"replies":[{"embeddable":true,"href":"https:\/\/tyditiao.com\/sl\/wp-json\/wp\/v2\/comments?post=14235"}],"wp:featuredmedia":[{"embeddable":true,"href":"https:\/\/tyditiao.com\/sl\/wp-json\/wp\/v2\/media\/10260"}],"wp:attachment":[{"href":"https:\/\/tyditiao.com\/sl\/wp-json\/wp\/v2\/media?parent=14235"}],"wp:term":[{"taxonomy":"product_brand","embeddable":true,"href":"https:\/\/tyditiao.com\/sl\/wp-json\/wp\/v2\/product_brand?post=14235"},{"taxonomy":"product_cat","embeddable":true,"href":"https:\/\/tyditiao.com\/sl\/wp-json\/wp\/v2\/product_cat?post=14235"},{"taxonomy":"product_tag","embeddable":true,"href":"https:\/\/tyditiao.com\/sl\/wp-json\/wp\/v2\/product_tag?post=14235"},{"taxonomy":"woo-feed-brand","embeddable":true,"href":"https:\/\/tyditiao.com\/sl\/wp-json\/wp\/v2\/woo-feed-brand?post=14235"}],"curies":[{"name":"wp","href":"https:\/\/api.w.org\/{rel}","templated":true}]}}