{"id":14253,"date":"2022-06-13T04:05:41","date_gmt":"2022-06-13T02:05:41","guid":{"rendered":"http:\/\/tyditiao.com\/product\/nemska-vojaska-celada-vojaska-celada-razreda-iiia-balisticna-takticna-hitra-celada-zelena\/"},"modified":"2026-03-14T23:16:54","modified_gmt":"2026-03-14T21:16:54","slug":"hitra-neprebojna-celada-takticna-kevlar-nijiiia-zelena","status":"publish","type":"product","link":"https:\/\/tyditiao.com\/sl\/izdelek\/hitra-neprebojna-celada-takticna-kevlar-nijiiia-zelena\/","title":{"rendered":"Nem\u0161ka voja\u0161ka \u010delada, voja\u0161ka \u010delada razreda IIIA, balisti\u010dna takti\u010dna hitra \u010delada, zelena"},"content":{"rendered":"<p><strong>Razred obrambe:<\/strong><\/p>\n<p>Ta neprebojna \u010delada je neprebojna \u010delada stopnje IIIA NIJ v skladu s standardom NIJ 0101.06 in lahko zagotovite ustrezno poro\u010dilo o preskusu.<\/p>\n<hr \/>\n<p><strong>Parametri obrambnega projektila:<\/strong><\/p>\n<p>.44 Mag SJHP<br \/>\n.357 SIG FMJ FN<br \/>\n9mm FMJ RN<br \/>\n.357 Mag JSP<br \/>\n.40 S&amp;W FMJ<\/p>\n<p>Zagotavlja tudi za\u0161\u010dito pred ve\u010dino gro\u017eenj s pi\u0161tolo ter gro\u017enjami razreda IIA in II<\/p>\n<hr \/>\n<p><strong>Parametri neprebojne \u010delade:<\/strong><\/p>\n<p>Ime: neprebojna \u010delada NIJ lllA FAST<\/p>\n<p>Material: Kevlar-DuPont aramidna vlakna visoke natezne trdnosti<br \/>\nObseg glave: 52-64 cm<br \/>\nIzbirni dodatki: neprebojna maska itd.<br \/>\nBarva \u010delade: zelena<br \/>\nMICH je \u010delada, ki zaustavi pi\u0161tolske naboje in zagotavlja zanesljivo za\u0161\u010dito pred drobci in padajo\u010dimi drobci.<br \/>\nzmanj\u0161a za\u0161\u010dito.<\/p>\n<hr \/>\n<p><strong>\u00bbZa ljudi:<\/strong><\/p>\n<p>Balisti\u010dna \u010delada NIJ lllA Kevlar FAST je zasnovana tako, da se soo\u010di z gro\u017enjo strelnega oro\u017eja in \u0161rapnelov, z mo\u010dnej\u0161imi nastavki za la\u017eje in udobnej\u0161e prileganje. Ta \u010delada je primerna za vse tipe uporabnikov. Osebje agencij, kot so vojska, policija, SWAT, notranja varnost, carina in mejna stra\u017ea, je lahko opremljeno z izbolj\u0161animi bojnimi zmogljivostmi. Je tudi dobra izbira za za\u0161\u010dito doma in cosplay.<\/p>\n<hr \/>\n<p><strong>Zna\u010dilnosti voja\u0161ke takti\u010dne balisti\u010dne \u010delade FAST:<\/strong><\/p>\n<p>V primerjavi z obi\u010dajnimi voja\u0161kimi \u010deladami je \u010delada FAST 25 % la\u017eja. Zahvaljujo\u010d sistemu vzmetenja \u010delade lahko uporabniki enostavno prilagodijo prileganje ali tesnost \u010delade za optimalno udobje. \u010celada FAST je opremljena z vodiloma ARC na levi in desni strani za namestitev dodatkov, kot so svetilke, slu\u0161alke za du\u0161enje hrupa in komunikacijska oprema ter oprema za no\u010dno opazovanje ali video snemanje. Adapter je mogo\u010de namestiti na sredino \u010delade prek adapterja. To je poseben boj, ki lahko doda ve\u010djo takti\u010dno prednost. Poleg tega zaradi modularne zasnove civilne razli\u010dice neprebojne \u010delade FAST ne uporabljajo samo vojska in policija, ampak jo z veseljem sprejemajo tudi \u0161portniki na prostem in delavci na terenu, kot so novinarji in re\u0161evalci. Poleg tega zaradi modularne zasnove civilne razli\u010dice neprebojne \u010delade FAST ne uporabljajo samo vojska in policija, ampak jo z veseljem sprejemajo tudi \u0161portniki na prostem in delavci na terenu, kot so novinarji in re\u0161evalci.<\/p>\n<hr \/>\n<p><strong>Ali voja\u0161ke takti\u010dne balisti\u010dne \u010delade FAST zagotavljajo dobro za\u0161\u010dito in zakaj so priljubljene?<\/strong><\/p>\n<p>Obstajata dva razloga: Prvi\u010d, napredek tehnologije je povzro\u010dil, da imajo posamezni vojaki vedno ve\u010d tehni\u010dne opreme, ki zahteva platformo za nalaganje tehni\u010dnih pripomo\u010dkov, in so morali \u017ertvovati za\u0161\u010dito, da bi lahko izbrali;<br \/>\nDrugi\u010d, uporabniki FAST so ve\u010dinoma specialne enote, specialne enote pa se preprosto odre\u010dejo za\u0161\u010diti na bojni razdalji, prenosljivost in tehni\u010dna oprema na platformi postaneta stopnja pre\u017eivetja, tudi v prakti\u010dnih aplikacijah, obi\u010dajno samo za hitre \u010delade, niso elementov ve\u010d enot na njem, samo za prenosljivost.<\/p>\n<p>FAST se ne zana\u0161a na strogo za\u0161\u010dito Brez u\u0161esnih \u010da\u0161k na obeh straneh ni dovolj Predvsem za udobje osebja, ki nosi slu\u0161alke in dodatne dodatke Lahke takti\u010dne \u010delade delno opustijo za\u0161\u010dito prina\u0161ajo ve\u010dje koristi v boju.<\/p>\n<p>\u010celade FAST se pogosto uporabljajo v mnogih dr\u017eavah in \u0161tevilne dr\u017eave imajo dizajn \u010delad, ki je zelo podoben ameri\u0161kim \u010deladam FAST, na primer ruske, francoske in britanske \u010delade so zasnovane v skladu s \u010deladami FAST, \u010deprav se bodo s\u010dasoma razvijale. Tudi te \u010delade se nenehno spreminjajo, vendar so \u0161e vedno zelo podobne \u010deladam FAST, iz o\u010ditnih razlogov, ki u\u010dinkovito \u0161\u010ditijo glavo in pove\u010dajo \u017eivljenjsko dobo vojaka.<\/p>\n<hr \/>\n<p><strong>HITRA cena voja\u0161ke takti\u010dne balisti\u010dne \u010delade?<\/strong><\/p>\n<p>To je na\u0161a trgovina s takti\u010dnimi varnostnimi \u010deladami, kupujte neposredno na na\u0161i spletni strani, dobite lahko 15 % popust na prvotno ceno<\/p>\n<p>\u010ce \u017eelite kupiti na\u0161e izdelke ali imate kakr\u0161na koli vpra\u0161anja o na\u0161ih izdelkih, (<a href=\"https:\/\/tyditiao.com\/sl\/kontakt\/\">nam pi\u0161ite<\/a>) nemudoma, odgovorili vam bomo v roku 1 delovni dan. \u010ce \u017eelite naro\u010diti ve\u010d kot 5 neprebojnih \u010delad hkrati, prejmete dodatni popust;<\/p>\n","protected":false},"excerpt":{"rendered":"<p>Izdelan iz visoko trdnih vlaken DuPont Kevlar Aramid, odporen na vro\u010dino in ga ni enostavno deformirati<\/p>\n<p>NIJ stopnje IIIA<\/p>\n<p>Sistem za prilagajanje obsega glave omogo\u010da, da \u010delada dose\u017ee idealen u\u010dinek no\u0161enja<\/p>\n<p>Sistem za prilagajanje obsega glave vam omogo\u010da nastavitev obsega glave s pritiskom na gumb, da dose\u017eete idealno prileganje \u010delade<\/p>\n<p>\u010celo je oja\u010dano z elasti\u010dnimi trakovi na straneh hobotnice (spodnji del stojala za no\u010dno opazovanje) za pritrditev ogledal, kamer, o\u010dal za no\u010dno opazovanje in drugih naprav.<\/p>\n<p>Opremljen s tirnicami, zmogljivej\u0161o monta\u017eo dodatne opreme, lahko je opremljen z mo\u010dnim svetlobnim sistemom in identifikacijskimi lu\u010dmi, lahko je opremljen tudi z za\u0161\u010dito za sluh<\/p>\n","protected":false},"featured_media":10317,"comment_status":"open","ping_status":"closed","template":"","meta":[],"product_brand":[],"product_cat":[825,764],"product_tag":[],"woo-feed-brand":[50],"class_list":{"0":"post-14253","1":"product","2":"type-product","3":"status-publish","4":"has-post-thumbnail","6":"product_cat-hitro","7":"product_cat-neprebojna-celada","8":"woo-feed-brand-tyditiao","10":"first","11":"instock","12":"sale","13":"shipping-taxable","14":"purchasable","15":"product-type-simple"},"_links":{"self":[{"href":"https:\/\/tyditiao.com\/sl\/wp-json\/wp\/v2\/product\/14253","targetHints":{"allow":["GET"]}}],"collection":[{"href":"https:\/\/tyditiao.com\/sl\/wp-json\/wp\/v2\/product"}],"about":[{"href":"https:\/\/tyditiao.com\/sl\/wp-json\/wp\/v2\/types\/product"}],"replies":[{"embeddable":true,"href":"https:\/\/tyditiao.com\/sl\/wp-json\/wp\/v2\/comments?post=14253"}],"wp:featuredmedia":[{"embeddable":true,"href":"https:\/\/tyditiao.com\/sl\/wp-json\/wp\/v2\/media\/10317"}],"wp:attachment":[{"href":"https:\/\/tyditiao.com\/sl\/wp-json\/wp\/v2\/media?parent=14253"}],"wp:term":[{"taxonomy":"product_brand","embeddable":true,"href":"https:\/\/tyditiao.com\/sl\/wp-json\/wp\/v2\/product_brand?post=14253"},{"taxonomy":"product_cat","embeddable":true,"href":"https:\/\/tyditiao.com\/sl\/wp-json\/wp\/v2\/product_cat?post=14253"},{"taxonomy":"product_tag","embeddable":true,"href":"https:\/\/tyditiao.com\/sl\/wp-json\/wp\/v2\/product_tag?post=14253"},{"taxonomy":"woo-feed-brand","embeddable":true,"href":"https:\/\/tyditiao.com\/sl\/wp-json\/wp\/v2\/woo-feed-brand?post=14253"}],"curies":[{"name":"wp","href":"https:\/\/api.w.org\/{rel}","templated":true}]}}