{"id":14278,"date":"2022-06-13T03:55:46","date_gmt":"2023-05-23T04:09:11","guid":{"rendered":"http:\/\/tyditiao.com\/product\/vojaska-celada-takticna-balisticna-celada-iiia-poljska-celada-iz-kevlarja-zelena\/"},"modified":"2026-03-14T23:16:58","modified_gmt":"2026-03-14T21:16:58","slug":"mich2000-neprebojna-celada-kevlar-stopnja-3-zelena","status":"publish","type":"product","link":"https:\/\/tyditiao.com\/sl\/izdelek\/mich2000-neprebojna-celada-kevlar-stopnja-3-zelena\/","title":{"rendered":"Voja\u0161ka \u010delada, takti\u010dna balisti\u010dna \u010delada IIIA, poljska \u010delada iz kevlarja, zelena"},"content":{"rendered":"<p><strong>Razred obrambe:<\/strong><\/p>\n<p>Ta neprebojna \u010delada je neprebojna \u010delada NIJ stopnje IIIA v skladu s standardom NIJ 0101.06, priskrbeti pa je mogo\u010de tudi ustrezno poro\u010dilo o preskusu.<\/p>\n<p>Ta izdelek je prav tako kvalificiran kot izbolj\u0161ana bojna \u010delada (ECH), \u010de se uporablja z zgornjo oklepno plo\u0161\u010do za resni\u010dno za\u0161\u010dito pu\u0161ke.<\/p>\n<hr>\n<p><strong>Parametri obrambnega projektila:<\/strong><\/p>\n<p>.44 Mag SJHP<br \/>\n.357 SIG FMJ FN<br \/>\n9mm FMJ RN<br \/>\n.357 Mag JSP<br \/>\n.40 S&amp;W FMJ<\/p>\n<p>Zagotavlja tudi za\u0161\u010dito pred ve\u010dino gro\u017eenj s pi\u0161tolo ter gro\u017enjami razreda IIA in II<\/p>\n<hr>\n<p><strong>Parametri neprebojne \u010delade:<\/strong><br \/>\nIme: neprebojna \u010delada NIJ lllA MICH2000<\/p>\n<p>Material: Kevlar-DuPont aramidna vlakna visoke natezne trdnosti<br \/>\nUpad po izstrelitvi projektila: &lt;20 mm<br \/>\nObseg glave: 52-60 cm<br \/>\nPodloga: prestavljiva penasta podloga s po\u010dasnim odbojom zagotavlja udobje \u010delade ter prepre\u010duje utrujenost in pregrevanje.<br \/>\nIzbirni dodatki: neprebojna maska itd.<br \/>\nBarva \u010delade: zelena<br \/>\nMICH je \u010delada, ki zaustavi pi\u0161tolske naboje in zagotavlja zanesljivo za\u0161\u010dito pred drobci in padajo\u010dimi drobci.<br \/>\nzmanj\u0161a za\u0161\u010dito.<\/p>\n<hr>\n<p><strong>\u00bbZa ljudi:<\/strong><br \/>\nBalisti\u010dna \u010delada NIJ lllA Kevlar MICH2000 se spopade z gro\u017enjami s pi\u0161tolo in \u0161rapneli z ve\u010djo zmogljivostjo pritrditve za la\u017eje in udobnej\u0161e prileganje. Ta \u010delada je primerna za vse tipe uporabnikov. Osebje agencij, kot so vojska, policija, SWAT, notranja varnost, carina in mejna stra\u017ea, je lahko opremljeno z izbolj\u0161animi bojnimi zmogljivostmi. Je tudi dobra izbira za za\u0161\u010dito doma in cosplay.<\/p>\n<p>MICH je \u010delada, ki zaustavi pi\u0161tolske naboje in zagotavlja zanesljivo za\u0161\u010dito pred drobci in padajo\u010dimi drobci. Balisti\u010dna \u010delada mich ne zagotavlja le potrebne celovite za\u0161\u010dite pred topim oro\u017ejem, balisti\u010dnimi in drugimi gro\u017enjami, ampak je tudi zelo modularna in udobna. Ta izdelek se kvalificira tudi kot izbolj\u0161ana bojna \u010delada (ECH), \u010de se uporablja skupaj z zgornjo oklepno plo\u0161\u010do, da zagotovi pravo za\u0161\u010dito pu\u0161ke. Nizek izrez zagotavlja bolj\u0161o pokritost na obeh straneh glave kot nau\u0161esne \u010delade. Te \u010delade imajo tudi u\u0161esne nastavke za namestitev slu\u0161alk in druge komunikacijske opreme.<\/p>\n<hr>\n<p><strong>Katera je bolj priljubljena, takti\u010dna balisti\u010dna \u010delada MICH2000 ali FAST?<\/strong><br \/>\nMICH2000 ima ve\u010djo za\u0161\u010ditno povr\u0161ino, kar je bolj koristno, \u010de ne nameravate namestiti ve\u010d dodatkov. \u010ce nameravate izbrati veliko opreme, na primer (nosite svetilko, slu\u0161alke za du\u0161enje hrupa in komunikacijsko opremo, o\u010dala za no\u010dno opazovanje ali opremo za video snemanje itd.), je priporo\u010dljivo uporabiti FAST, saj ne bo preve\u010d mo\u010dno, da povzro\u010di pritisk na va\u0161 vrat, kar posredno vpliva na sposobnost dejavnosti.<\/p>\n<hr>\n<p><strong>Cena voja\u0161ke \u010delade MICH2000<\/strong><br \/>\nKupite na na\u0161i spletni strani in prihranite 15 % cene<\/p>\n<hr>\n<p>\u010ce \u017eelite kupiti na\u0161e izdelke ali imate kakr\u0161na koli vpra\u0161anja o na\u0161ih izdelkih;<br \/>\n\u010ce imate kakr\u0161ne koli potrebe po prilagajanju;<br \/>\nProsimo (<a href=\"http:\/\/tyditiao.com\/en\/contact\/\">nas kontaktirajte<\/a>) takoj, odgovorili vam bomo v 1 delovnem dnevu<\/p>\n","protected":false},"excerpt":{"rendered":"<p>Dobra kakovost: Izdelano iz visokokakovostnih DuPont Kevlar Aramidnih vlaken, odpornih na vro\u010dino in jih ni enostavno deformirati<\/p>\n<p>Dobra balisti\u010dna zmogljivost: NIJ stopnja IIIA<\/p>\n<p>Slow Shape Memory Foam: tkanina, ki odvaja vlago za enostavno \u010di\u0161\u010denje, modularne blazinice, ki jih lahko prilagodi kon\u010dni uporabnik<\/p>\n<p>Sistem posu\u0161ene sipe: znan tudi kot baza za no\u010dno opazovanje, lahko se kombinira z reflektorji, kamerami, napravami za no\u010dno opazovanje in drugo opremo<\/p>\n<p>Na levi in desni strani so \u017eelezni\u0161ke skupine: mo\u017ena namestitev z mo\u010dnim sistemom osvetlitve, signalno identifikacijsko lu\u010djo, za\u0161\u010ditno plo\u0161\u010do za slu\u0161alke<\/p>\n","protected":false},"featured_media":11419,"comment_status":"open","ping_status":"closed","template":"","meta":[],"product_brand":[],"product_cat":[806,764],"product_tag":[],"woo-feed-brand":[50],"class_list":{"0":"post-14278","1":"product","2":"type-product","3":"status-publish","4":"has-post-thumbnail","6":"product_cat-mich2000-sl","7":"product_cat-neprebojna-celada","8":"woo-feed-brand-tyditiao","10":"first","11":"instock","12":"sale","13":"shipping-taxable","14":"purchasable","15":"product-type-simple"},"_links":{"self":[{"href":"https:\/\/tyditiao.com\/sl\/wp-json\/wp\/v2\/product\/14278","targetHints":{"allow":["GET"]}}],"collection":[{"href":"https:\/\/tyditiao.com\/sl\/wp-json\/wp\/v2\/product"}],"about":[{"href":"https:\/\/tyditiao.com\/sl\/wp-json\/wp\/v2\/types\/product"}],"replies":[{"embeddable":true,"href":"https:\/\/tyditiao.com\/sl\/wp-json\/wp\/v2\/comments?post=14278"}],"wp:featuredmedia":[{"embeddable":true,"href":"https:\/\/tyditiao.com\/sl\/wp-json\/wp\/v2\/media\/11419"}],"wp:attachment":[{"href":"https:\/\/tyditiao.com\/sl\/wp-json\/wp\/v2\/media?parent=14278"}],"wp:term":[{"taxonomy":"product_brand","embeddable":true,"href":"https:\/\/tyditiao.com\/sl\/wp-json\/wp\/v2\/product_brand?post=14278"},{"taxonomy":"product_cat","embeddable":true,"href":"https:\/\/tyditiao.com\/sl\/wp-json\/wp\/v2\/product_cat?post=14278"},{"taxonomy":"product_tag","embeddable":true,"href":"https:\/\/tyditiao.com\/sl\/wp-json\/wp\/v2\/product_tag?post=14278"},{"taxonomy":"woo-feed-brand","embeddable":true,"href":"https:\/\/tyditiao.com\/sl\/wp-json\/wp\/v2\/woo-feed-brand?post=14278"}],"curies":[{"name":"wp","href":"https:\/\/api.w.org\/{rel}","templated":true}]}}