{"id":14345,"date":"2022-06-13T03:53:55","date_gmt":"2022-06-13T01:53:55","guid":{"rendered":"http:\/\/tyditiao.com\/product\/neprebojni-oklep-takticna-celada-razreda-iiia-celada-posebnih-sil-mich2000-svetlo-rjava\/"},"modified":"2025-07-20T13:11:55","modified_gmt":"2025-07-20T11:11:55","slug":"mich2000-neprebojna-celada-kevlar-stopnja-3-svetlo-rjava","status":"publish","type":"product","link":"https:\/\/tyditiao.com\/sl\/izdelek\/mich2000-neprebojna-celada-kevlar-stopnja-3-svetlo-rjava\/","title":{"rendered":"Neprebojni oklep, takti\u010dna \u010delada razreda IIIA, \u010delada posebnih sil mich2000, svetlo rjava"},"content":{"rendered":"<p>MICH je \u010delada, ki zaustavi pi\u0161tolske naboje in zagotavlja zanesljivo za\u0161\u010dito pred drobci in padajo\u010dimi drobci. Nizek izrez zagotavlja bolj\u0161o pokritost na obeh straneh glave kot nau\u0161esne \u010delade. Te \u010delade imajo tudi u\u0161esne nastavke za namestitev slu\u0161alk in druge komunikacijske opreme.<\/p>\n<hr \/>\n<p><strong>Razred obrambe:<\/strong><\/p>\n<p>Ta neprebojna \u010delada je neprebojna \u010delada NIJ stopnje IIIA v skladu s standardom NIJ 0101.06, priskrbeti pa je mogo\u010de tudi ustrezno poro\u010dilo o preskusu.<\/p>\n<p>Ta izdelek je prav tako kvalificiran kot izbolj\u0161ana bojna \u010delada (ECH), \u010de se uporablja z zgornjo oklepno plo\u0161\u010do za resni\u010dno za\u0161\u010dito pu\u0161ke.<\/p>\n<hr \/>\n<p><strong>Parametri obrambnega projektila:<\/strong><\/p>\n<p>.44 Mag SJHP<br \/>\n.357 SIG FMJ FN<br \/>\n9mm FMJ RN<br \/>\n.357 Mag JSP<br \/>\n.40 S&amp;W FMJ<\/p>\n<p>Zagotavlja tudi za\u0161\u010dito pred ve\u010dino gro\u017eenj s pi\u0161tolo ter gro\u017enjami razreda IIA in II<\/p>\n<hr \/>\n<p><strong>Parametri neprebojne \u010delade:<\/strong><br \/>\nIme: neprebojna \u010delada NIJ lllA MICH2000<\/p>\n<p>Material: Kevlar-DuPont aramidna vlakna visoke natezne trdnosti<br \/>\nObseg glave: 52-60 cm (dvostopenjska nastavitev naslonjala in nastavljiv podbradni trak)<br \/>\nPodloga: prestavljiva penasta podloga s po\u010dasnim odbojom zagotavlja udobje \u010delade ter prepre\u010duje utrujenost in pregrevanje.<br \/>\nIzbirni dodatki: neprebojna maska itd.<br \/>\nBarva \u010delade: svetlo rjava<br \/>\nMICH je \u010delada, ki zaustavi pi\u0161tolske naboje in zagotavlja zanesljivo za\u0161\u010dito pred drobci in padajo\u010dimi drobci.<br \/>\nzmanj\u0161a za\u0161\u010dito.<\/p>\n<hr \/>\n<p><strong>\u00bbZa ljudi:<\/strong><br \/>\nBalisti\u010dna \u010delada NIJ lllA Kevlar MICH2000 se spopade z gro\u017enjami s pi\u0161tolo in \u0161rapneli z ve\u010djo zmogljivostjo pritrditve za la\u017eje in udobnej\u0161e prileganje. Ta \u010delada je primerna za vse tipe uporabnikov. Osebje agencij, kot so vojska, policija, SWAT, notranja varnost, carina in mejna stra\u017ea, je lahko opremljeno z izbolj\u0161animi bojnimi zmogljivostmi. Je tudi dobra izbira za za\u0161\u010dito doma in cosplay.<\/p>\n<hr \/>\n<p>\u010ce \u017eelite kupiti na\u0161e izdelke ali imate kakr\u0161na koli vpra\u0161anja o na\u0161ih izdelkih;<br \/>\n\u010ce imate kakr\u0161ne koli potrebe po prilagajanju;<br \/>\nProsimo (<a href=\"http:\/\/tyditiao.com\/en\/contact\/\">nas kontaktirajte<\/a>) takoj, odgovorili vam bomo v 1 delovnem dnevu<\/p>\n","protected":false},"excerpt":{"rendered":"<p>Veliko za\u0161\u010ditno obmo\u010dje: Za\u0161\u010ditno obmo\u010dje je ve\u010dje kot pri tradicionalnih neprebojnih \u010deladah, kar zagotavlja dobro za\u0161\u010dito za u\u0161esni del<\/p>\n<p>Dobra kakovost: Izdelano iz visokokakovostnih DuPont Kevlar Aramidnih vlaken, odpornih na vro\u010dino in jih ni enostavno deformirati<\/p>\n<p>Dobra balisti\u010dna zmogljivost: NIJ stopnja IIIA<\/p>\n<p>Su\u0161ilni sistem za sipe ter leva in desna ograja vam omogo\u010da namestitev slu\u0161alk, lu\u010di za pi\u0161tolo, kamere, seznama bliskavic, no\u010dnega vida, GoPro kamere, NVG o\u010dal<\/p>\n<p>Dobra zmogljivost nadgradnje: nadgradljiva kisikova maska, \u010delada, stranski \u0161\u010dit, oklepni stranski \u0161\u010dit, za\u0161\u010ditni \u0161\u010dit, pokrov \u010delade<\/p>\n","protected":false},"featured_media":10203,"comment_status":"open","ping_status":"closed","template":"","meta":[],"product_brand":[],"product_cat":[806,764],"product_tag":[],"woo-feed-brand":[50],"class_list":{"0":"post-14345","1":"product","2":"type-product","3":"status-publish","4":"has-post-thumbnail","6":"product_cat-mich2000-sl","7":"product_cat-neprebojna-celada","8":"woo-feed-brand-tyditiao","10":"first","11":"instock","12":"sale","13":"shipping-taxable","14":"purchasable","15":"product-type-simple"},"_links":{"self":[{"href":"https:\/\/tyditiao.com\/sl\/wp-json\/wp\/v2\/product\/14345","targetHints":{"allow":["GET"]}}],"collection":[{"href":"https:\/\/tyditiao.com\/sl\/wp-json\/wp\/v2\/product"}],"about":[{"href":"https:\/\/tyditiao.com\/sl\/wp-json\/wp\/v2\/types\/product"}],"replies":[{"embeddable":true,"href":"https:\/\/tyditiao.com\/sl\/wp-json\/wp\/v2\/comments?post=14345"}],"wp:featuredmedia":[{"embeddable":true,"href":"https:\/\/tyditiao.com\/sl\/wp-json\/wp\/v2\/media\/10203"}],"wp:attachment":[{"href":"https:\/\/tyditiao.com\/sl\/wp-json\/wp\/v2\/media?parent=14345"}],"wp:term":[{"taxonomy":"product_brand","embeddable":true,"href":"https:\/\/tyditiao.com\/sl\/wp-json\/wp\/v2\/product_brand?post=14345"},{"taxonomy":"product_cat","embeddable":true,"href":"https:\/\/tyditiao.com\/sl\/wp-json\/wp\/v2\/product_cat?post=14345"},{"taxonomy":"product_tag","embeddable":true,"href":"https:\/\/tyditiao.com\/sl\/wp-json\/wp\/v2\/product_tag?post=14345"},{"taxonomy":"woo-feed-brand","embeddable":true,"href":"https:\/\/tyditiao.com\/sl\/wp-json\/wp\/v2\/woo-feed-brand?post=14345"}],"curies":[{"name":"wp","href":"https:\/\/api.w.org\/{rel}","templated":true}]}}