{"id":14351,"date":"2022-06-13T03:50:24","date_gmt":"2022-06-13T01:50:24","guid":{"rendered":"http:\/\/tyditiao.com\/product\/takticna-oprema-razreda-iiia-vojaska-neprebojna-celada-crna\/"},"modified":"2026-03-17T13:18:07","modified_gmt":"2026-03-17T11:18:07","slug":"mich2000-neprebojna-celada-kevlar-stopnja-3-crna","status":"publish","type":"product","link":"https:\/\/tyditiao.com\/sl\/izdelek\/mich2000-neprebojna-celada-kevlar-stopnja-3-crna\/","title":{"rendered":"Takti\u010dna oprema razreda IIIA, voja\u0161ka neprebojna \u010delada, \u010drna"},"content":{"rendered":"<p><strong>Razred obrambe:<\/strong><br \/>\nTa neprebojna \u010delada je neprebojna \u010delada stopnje IIIA NIJ v skladu s standardom NIJ 0101.06 in lahko zagotovite ustrezno poro\u010dilo o preskusu.<\/p>\n<hr \/>\n<p><strong>Parametri obrambnega projektila:<\/strong><br \/>\n.44 Mag SJHP<br \/>\n.357 SIG FMJ FN<br \/>\n9mm FMJ RN<br \/>\n.357 Mag JSP<br \/>\n.40 S&amp;W FMJ<\/p>\n<p>Zagotavlja tudi za\u0161\u010dito pred ve\u010dino gro\u017eenj s pi\u0161tolo ter gro\u017enjami razreda IIA in II<\/p>\n<hr \/>\n<p><strong>Parametri neprebojne \u010delade:<\/strong><br \/>\nIme: neprebojna \u010delada NIJ lllA MICH2000<\/p>\n<p>Material: Kevlar-DuPont aramidna vlakna visoke natezne trdnosti<br \/>\nObseg glave: 52-60 cm<br \/>\nPodloga: prestavljiva penasta podloga s po\u010dasnim odbojom zagotavlja udobje \u010delade ter prepre\u010duje utrujenost in pregrevanje.<br \/>\nIzbirni dodatki: kisikova maska, obrazni \u0161\u010dit, stranski \u0161\u010dit, oklepni stranski \u0161\u010dit, \u0161\u010dit, pokrov za \u010delado, neprebojna maska itd.<br \/>\nBarva \u010delade: \u010drna<br \/>\nMICH je \u010delada, ki zaustavi pi\u0161tolske naboje in zagotavlja zanesljivo za\u0161\u010dito pred drobci in padajo\u010dimi drobci.<br \/>\nzmanj\u0161a za\u0161\u010dito.<\/p>\n<hr \/>\n<p><strong>\u00bbZa ljudi:<\/strong><br \/>\nBalisti\u010dna \u010delada NIJ lllA Kevlar MICH2000 se spopade z gro\u017enjami s pi\u0161tolo in \u0161rapneli z ve\u010djo zmogljivostjo pritrditve za la\u017eje in udobnej\u0161e prileganje. Ta \u010delada je primerna za vse tipe uporabnikov. Osebje agencij, kot so vojska, policija, SWAT, notranja varnost, carina in mejna stra\u017ea, je lahko opremljeno z izbolj\u0161animi bojnimi zmogljivostmi. Je tudi dobra izbira za za\u0161\u010dito doma in cosplay.<\/p>\n<hr \/>\n<p><strong>Kaj je voja\u0161ka \u010delada iz kevlarja MICH2000?<\/strong><br \/>\nModularna integrirana komunikacijska \u010delada (MICH) je ameri\u0161ka bojna \u010delada in ena od ve\u010d \u010delad, ki jih uporablja ameri\u0161ka vojska. Razvil jo je Center za sisteme voja\u0161kih sistemov ameri\u0161ke vojske kot za\u0161\u010ditno bojno \u010delado naslednje generacije, ki jo uporablja ameri\u0161ka vojska. Glavni razlog za razvoj MICH je bila zamenjava za\u0161\u010ditnih, a te\u017ekih PASGT, saj so bili la\u017eji, udobnej\u0161i, bolje so se prilegali in je bilo la\u017eje namestiti dodatke, zlasti opremo za no\u010dno opazovanje in komunikacijske slu\u0161alke. Ne povzro\u010da nepotrebnega stresa na vratu. Sprva so ga skoraj izklju\u010dno uporabljali SOCOM in nekateri tesno povezani subjekti. Do danes sta MICH in njeni izpeljanki, Advanced Combat Helmet in Modified Combat Helmet, popolnoma nadomestili PASGT v aktivni slu\u017ebi ameri\u0161ke vojske in se vsaj do neke mere uporabljajo v vseh divizijah ameri\u0161ke vojske.<\/p>\n<hr \/>\n<p><strong>Zna\u010dilnosti \u010delade MICH2000 iz kevlarja:<\/strong><br \/>\nTe\u017ea MICH je pribli\u017eno 1,6 kg. MICH je tudi nekoliko manj\u0161i od PASGT, ima 8% manj\u0161i doseg, uporablja nova, naprednej\u0161a kevlar vlakna in nudi bolj\u0161o za\u0161\u010dito pi\u0161tole in izstrelkov. Sistem bla\u017eenja in \u0161tirito\u010dkovni sistem pritrditve, podoben \u0161\u010ditnikom in trakom na rolkah, kolesarskih \u010deladah in vodnih \u010deladah, nadome\u0161\u010da sistem obe\u0161anja z najlonsko vrvico, trak za znoj in trak za brado, ki ga najdemo na \u010deladah PASGT. Ta sprememba zagotavlja uporabniku ve\u010djo za\u0161\u010dito pred udarci in udobje. Ima sprednji monta\u017eni nosilec za o\u010dala za no\u010dno opazovanje (kot je AN\/PVS-14 ali AN\/PVS-15), podoben tistemu na \u010deladi PASGT. Ima tudi par trakov na zadnji strani za pritrditev za\u0161\u010ditnih o\u010dal, kot tudi platneno prevleko za \u010delado v razli\u010dnih kamufla\u017enih vzorcih. V nasprotju z &#8220;ukrivljeno&#8221; konturo gre pri PASGT predvsem za odstranjevanje obrvi in dviganje strani do &#8220;ravne&#8221; to\u010dke na spodnjem robu za sencema. To nekoliko zmanj\u0161a te\u017eo in omogo\u010da bolj\u0161o zavest o situaciji ter manj ovir v vidnem polju uporabnika, \u0161e posebej v kombinaciji s prestreznimi neprebojnimi jopi\u010di. Vojaki so se pred tem prito\u017eevali, da visok ovratnik za prestrezanje in dvoto\u010dkovni podbradni trak potiskata zadnji del \u010delade PASGT naprej, in ko posku\u0161ajo streljati iz le\u017ee\u010dega polo\u017eaja, jim rob \u010delade zdrsne mimo o\u010di, kar je v MICH zo\u017een konturiran in \u0161tirito\u010dkovni trak za brado.<\/p>\n<hr \/>\n<p><strong>Katera je bolj priljubljena, takti\u010dna balisti\u010dna \u010delada MICH2000 ali FAST?<\/strong><br \/>\nMICH2000 ima ve\u010djo za\u0161\u010ditno povr\u0161ino, kar je bolj koristno, \u010de ne nameravate namestiti veliko dodatkov. \u010ce nameravate izbrati veliko opreme, kot je (no\u0161enje svetilke, slu\u0161alk za du\u0161enje hrupa in komunikacijske opreme, o\u010dal za no\u010dno opazovanje ali video opreme itd.), je priporo\u010dljivo izbrati FAST, ker ne bo prete\u017eka , bo pritiskal na vrat, kar bo posredno vplivalo na aktivnost.<\/p>\n<hr \/>\n<p><strong>Cena voja\u0161ke \u010delade MICH2000<\/strong><br \/>\nTo je na\u0161a trgovina s takti\u010dnimi varnostnimi \u010deladami, kupujte neposredno na na\u0161i spletni strani, dobite lahko 15 % popust na prvotno ceno<\/p>\n<hr \/>\n<p>\u010ce \u017eelite kupiti na\u0161e izdelke ali imate kakr\u0161na koli vpra\u0161anja o na\u0161ih izdelkih;<br \/>\n\u010ce imate kakr\u0161ne koli potrebe po prilagajanju;<br \/>\nProsimo (<a href=\"http:\/\/tyditiao.com\/en\/contact\/\">nas kontaktirajte<\/a>) takoj, odgovorili vam bomo v 1 delovnem dnevu<\/p>\n","protected":false},"excerpt":{"rendered":"<p>Izdelan iz visoko trdnih vlaken DuPont Kevlar Aramid, odporen na vro\u010dino in ga ni enostavno deformirati<\/p>\n<p>NIJ stopnje IIIA<\/p>\n<p>Sistem za prilagajanje obsega glave omogo\u010da, da \u010delada dose\u017ee idealen u\u010dinek no\u0161enja<\/p>\n<p>\u010celo je oja\u010dano z elasti\u010dnimi trakovi na straneh hobotnice (spodnji del stojala za no\u010dno opazovanje) za pritrditev ogledal, kamer, o\u010dal za no\u010dno opazovanje in drugih naprav.<\/p>\n<p>Opremljen s tirnicami, zmogljivej\u0161o monta\u017eo dodatne opreme, lahko je opremljen z mo\u010dnim svetlobnim sistemom in identifikacijskimi lu\u010dmi, lahko je opremljen tudi z za\u0161\u010dito za sluh<\/p>\n","protected":false},"featured_media":11400,"comment_status":"open","ping_status":"closed","template":"","meta":[],"product_brand":[],"product_cat":[806,764],"product_tag":[],"woo-feed-brand":[50],"class_list":{"0":"post-14351","1":"product","2":"type-product","3":"status-publish","4":"has-post-thumbnail","6":"product_cat-mich2000-sl","7":"product_cat-neprebojna-celada","8":"woo-feed-brand-tyditiao","10":"first","11":"instock","12":"sale","13":"shipping-taxable","14":"purchasable","15":"product-type-simple"},"_links":{"self":[{"href":"https:\/\/tyditiao.com\/sl\/wp-json\/wp\/v2\/product\/14351","targetHints":{"allow":["GET"]}}],"collection":[{"href":"https:\/\/tyditiao.com\/sl\/wp-json\/wp\/v2\/product"}],"about":[{"href":"https:\/\/tyditiao.com\/sl\/wp-json\/wp\/v2\/types\/product"}],"replies":[{"embeddable":true,"href":"https:\/\/tyditiao.com\/sl\/wp-json\/wp\/v2\/comments?post=14351"}],"wp:featuredmedia":[{"embeddable":true,"href":"https:\/\/tyditiao.com\/sl\/wp-json\/wp\/v2\/media\/11400"}],"wp:attachment":[{"href":"https:\/\/tyditiao.com\/sl\/wp-json\/wp\/v2\/media?parent=14351"}],"wp:term":[{"taxonomy":"product_brand","embeddable":true,"href":"https:\/\/tyditiao.com\/sl\/wp-json\/wp\/v2\/product_brand?post=14351"},{"taxonomy":"product_cat","embeddable":true,"href":"https:\/\/tyditiao.com\/sl\/wp-json\/wp\/v2\/product_cat?post=14351"},{"taxonomy":"product_tag","embeddable":true,"href":"https:\/\/tyditiao.com\/sl\/wp-json\/wp\/v2\/product_tag?post=14351"},{"taxonomy":"woo-feed-brand","embeddable":true,"href":"https:\/\/tyditiao.com\/sl\/wp-json\/wp\/v2\/woo-feed-brand?post=14351"}],"curies":[{"name":"wp","href":"https:\/\/api.w.org\/{rel}","templated":true}]}}