{"id":16853,"date":"2025-04-17T11:28:35","date_gmt":"2025-04-17T09:28:35","guid":{"rendered":"https:\/\/tyditiao.com\/product\/balisticna-celada-s-scitnikom-za-obraz-in-brado-tdtm-3-popolna-zascita-nij-iiia-idealna-za-ekstremne-takticne-razmere\/"},"modified":"2025-04-22T15:02:31","modified_gmt":"2025-04-22T13:02:31","slug":"balisticna-celada-s-scitnikom-za-obraz-in-brado-tdtm-3-popolna-zascita-nij-iiia-idealna-za-ekstremne-takticne-razmere","status":"publish","type":"product","link":"https:\/\/tyditiao.com\/sl\/izdelek\/balisticna-celada-s-scitnikom-za-obraz-in-brado-tdtm-3-popolna-zascita-nij-iiia-idealna-za-ekstremne-takticne-razmere\/","title":{"rendered":"balisti\u010dna \u010delada s \u0161\u010ditnikom za obraz in brado, TDTM-3, popolna za\u0161\u010dita NIJ IIIA, idealna za ekstremne takti\u010dne razmere"},"content":{"rendered":"<p>Neprebojno steklo visoke trdnosti: Visokokakovostno neprebojno steklo zagotavlja u\u010dinkovito za\u0161\u010dito va\u0161ega obraza v primeru eksplozije ali udarca, hkrati pa zagotavlja odli\u010dno vidljivost.<\/p>\n<p>Jaw Guard Module: Modul, zasnovan posebej za za\u0161\u010dito predela \u010deljusti, zagotavlja dodatno za\u0161\u010dito brade in \u0161\u010diti pred po\u0161kodbami med takti\u010dnimi operacijami.<\/p>\n<p>Udoben sistem prilagajanja: Opremljen je s prilagodljivim sistemom vzmetenja in oblazinjenjem iz spominske pene visoke gostote, ki zagotavlja bla\u017eenje, absorbira vlago in znoj ter zmanj\u0161uje utrujenost med dolgotrajno uporabo. Razpolo\u017eljivost razli\u010dnih velikosti (S, M, L, XL) zagotavlja udobno prileganje obliki glave. <\/p>\n<p>Namestitev takti\u010dnih dodatkov: \u010delada ima ve\u010d pritrdilnih to\u010dk, ki omogo\u010dajo hitro namestitev opreme za no\u010dno opazovanje, komunikacijske opreme in drugih takti\u010dnih dodatkov, ki izpolnjujejo zahteve specializiranih bojnih operacij.<\/p>\n<p><strong>Posebne opombe:<\/strong><\/p>\n<p>Ta balisti\u010dna \u010delada razreda NIJ IIIA zagotavlja celovito za\u0161\u010dito glave med takti\u010dnimi operacijami. Zasnovan je bil posebej za zagotavljanje varnosti vojakov v ekstremnih razmerah. Ne glede na to, ali gre za steklo, odporno na naboje, na obrazu ali module, odporne na naboje, na \u010deljusti, zagotavljajo neprimerljivo za\u0161\u010dito pred drobci, drobci in po\u0161kodbami zaradi udarcev. Dobro premi\u0161ljen dizajn in sistem prilagajanja udobja zagotavlja maksimalno udobje med dolgotrajnim bojem. Ne glede na to, ali gre za bojno polje, operacijo kazenskega pregona ali okolje za usposabljanje, lahko vam zagotovimo trdno podporo.    <\/p>\n<p>\u010ce ni posebnih opomb, je privzeta konfiguracija: velikost L, zelena barva. Poleg tega ponujamo \u0161iroko paleto barv (pe\u0161\u010dena\/\u010drna\/zelena\/MC kamufla\u017ena\/vol\u010dja rjava) in velikosti (S, M, L, XL), med katerimi lahko izbirate. <\/p>\n<p>Ne glede na to, kje ste, lahko oddate naro\u010dilo neposredno prek te povezave in brez te\u017eav opravite nakup. Samo v opombah naro\u010dila navedite \u017eeleno velikost in barvo (na primer: XL-\u010drna) in prejeli boste svojo sanjsko opremo. Za izbiro drugih barv in velikosti ne bomo zara\u010dunali dodatnih stro\u0161kov.  <\/p>\n<hr>\n<p><strong>Glede scenarijev:<\/strong><\/p>\n<p>Sile za posebne operacije<br \/>\nIzvr\u0161evanje v okoljih z visokim tveganjem<br \/>\nUsposabljanje takti\u010dnih \u0161portov in streljanja na prostem<br \/>\nMisije re\u0161evanja in obvladovanja nemirov<\/p>\n<hr>\n<p><strong>Parametri obrambnega projektila:<\/strong><\/p>\n<p>.44 Mag SJHP<br \/>\n.357 SIG FMJ FN<br \/>\n9mm FMJ RN<br \/>\n.357 Mag JSP<br \/>\n.40 S&amp;W FMJ<\/p>\n<p>Zagotavlja tudi za\u0161\u010dito pred ve\u010dino gro\u017eenj s strelnim oro\u017ejem ter gro\u017enjami razreda IIA in II.<\/p>\n<hr>\n<p><strong>parameter:<\/strong><\/p>\n<p>Model \u010delade: TDTM-3<br \/>\nMaterial: \u010celada in \u0161\u010ditnik za usta sta izdelana iz UHMWPE<br \/>\nTe\u017ea: pribli\u017eno 2,8 kg (neprebojna \u010delada + neprebojna maska \u200b\u200b+ \u0161\u010ditnik za usta)<br \/>\nVelikost: S (53-59 cm), M (53-59 cm), L (56-59 cm), L (58-62 cm)<br \/>\nBarva: \u010drna\/zelena\/MC Camo\/Wolf Brown<br \/>\nZgradba: ohi\u0161je \u010delade in deli za za\u0161\u010dito obraza (snemljivi)<br \/>\nZa\u0161\u010ditno obmo\u010dje: telo \u010delade \u2265 0,125 mm, o\u010dala \u2265 0,025 m, \u010delo \u2265 0,04 m<\/p>\n<p>&nbsp;<\/p>\n","protected":false},"excerpt":{"rendered":"<p>Celovita za\u0161\u010dita: Zdru\u017euje \u0161\u010ditnik za obraz, odporen na naboje, in modul za za\u0161\u010dito \u010deljusti, ki zagotavlja 360-stopinjsko za\u0161\u010dito celotne glave, kar zagotavlja popolno varnost v okoljih z visokim tveganjem.<\/p>\n<p>Optimizirano te\u017ei\u0161\u010de, stabilno prileganje: Natan\u010dno zasnovana struktura \u010delade zagotavlja racionalno porazdelitev te\u017ei\u0161\u010da in odpravlja udarce pri teku ali skakanju. To vam omogo\u010da, da ohranite pro\u017enost in svobodo pri ciljanju v stoje\u010dem polo\u017eaju, streljanju, izvajanju takti\u010dnih manevrov in drugih dejavnostih. Skupna te\u017ea je bila zmanj\u0161ana na najve\u010djo mo\u017eno raven, hkrati pa je ohranjena popolna za\u0161\u010dita.  <\/p>\n<p>Za\u0161\u010ditni standard NIJ IIIA: izpolnjuje standarde NIJ IIIA, u\u010dinkovito \u0161\u010diti pred napadi z nizko do srednjo nevarnostjo, kot so naboji iz pi\u0161tole in \u0161rapneli, ter pove\u010duje takti\u010dno varnost.<\/p>\n","protected":false},"featured_media":16774,"comment_status":"open","ping_status":"closed","template":"","meta":[],"product_brand":[],"product_cat":[601,764],"product_tag":[],"woo-feed-brand":[50],"class_list":{"0":"post-16853","1":"product","2":"type-product","3":"status-publish","4":"has-post-thumbnail","6":"product_cat-balisticna-maska","7":"product_cat-neprebojna-celada","8":"woo-feed-brand-tyditiao","10":"first","11":"instock","12":"sale","13":"shipping-taxable","14":"purchasable","15":"product-type-simple"},"_links":{"self":[{"href":"https:\/\/tyditiao.com\/sl\/wp-json\/wp\/v2\/product\/16853","targetHints":{"allow":["GET"]}}],"collection":[{"href":"https:\/\/tyditiao.com\/sl\/wp-json\/wp\/v2\/product"}],"about":[{"href":"https:\/\/tyditiao.com\/sl\/wp-json\/wp\/v2\/types\/product"}],"replies":[{"embeddable":true,"href":"https:\/\/tyditiao.com\/sl\/wp-json\/wp\/v2\/comments?post=16853"}],"wp:featuredmedia":[{"embeddable":true,"href":"https:\/\/tyditiao.com\/sl\/wp-json\/wp\/v2\/media\/16774"}],"wp:attachment":[{"href":"https:\/\/tyditiao.com\/sl\/wp-json\/wp\/v2\/media?parent=16853"}],"wp:term":[{"taxonomy":"product_brand","embeddable":true,"href":"https:\/\/tyditiao.com\/sl\/wp-json\/wp\/v2\/product_brand?post=16853"},{"taxonomy":"product_cat","embeddable":true,"href":"https:\/\/tyditiao.com\/sl\/wp-json\/wp\/v2\/product_cat?post=16853"},{"taxonomy":"product_tag","embeddable":true,"href":"https:\/\/tyditiao.com\/sl\/wp-json\/wp\/v2\/product_tag?post=16853"},{"taxonomy":"woo-feed-brand","embeddable":true,"href":"https:\/\/tyditiao.com\/sl\/wp-json\/wp\/v2\/woo-feed-brand?post=16853"}],"curies":[{"name":"wp","href":"https:\/\/api.w.org\/{rel}","templated":true}]}}