{"id":16844,"date":"2025-04-17T09:25:14","date_gmt":"2025-04-17T07:25:14","guid":{"rendered":"https:\/\/tyditiao.com\/product\/fast-ballistisk-hjalm-med-wendys-zorbium-liner-och-cam-fit-upphangningssystem-nij-iiia-skyddsniva\/"},"modified":"2026-01-25T18:57:46","modified_gmt":"2026-01-25T16:57:46","slug":"fast-ballistisk-hjalm-med-wendys-zorbium-liner-och-cam-fit-upphangningssystem-nij-iiia-skyddsniva","status":"publish","type":"product","link":"https:\/\/tyditiao.com\/sv\/produkt\/fast-ballistisk-hjalm-med-wendys-zorbium-liner-och-cam-fit-upphangningssystem-nij-iiia-skyddsniva\/","title":{"rendered":"FAST ballistisk hj\u00e4lm, med Wendys Zorbium liner och CAM FIT upph\u00e4ngningssystem, NIJ IIIA skyddsniv\u00e5"},"content":{"rendered":"<p><strong>S\u00e4rskilda anm\u00e4rkningar:<\/strong><\/p>\n<p>Detta \u00e4r v\u00e5r nya flaggskeppsmodell, som kombinerar h\u00f6gkvalitativt utf\u00f6rande med h\u00f6gsta komfort. Om inget annat anges \u00e4r standardkonfigurationen f\u00f6ljande: storlek L, gr\u00f6n, FAST skotts\u00e4ker hj\u00e4lm med Zorbium-skumfoder och CAM FIT-upph\u00e4ngningssystem, NIJ IIIA skyddsniv\u00e5. Dessutom erbjuder vi ett brett utbud av f\u00e4rger (gr\u00f6n, sand, svart) och storlekar (S, M, L, XL) att v\u00e4lja mellan.<\/p>\n<p>Oavsett var du \u00e4r kan du l\u00e4gga din best\u00e4llning direkt via denna l\u00e4nk och g\u00f6ra ditt k\u00f6p utan problem. Ange bara storleken och f\u00e4rgen du beh\u00f6ver i orderanteckningarna (exempelvis: XL-svart) s\u00e5 f\u00e5r du din dr\u00f6mutrustning. Vi kommer inte att ta ut n\u00e5gra extra avgifter f\u00f6r att v\u00e4lja andra f\u00e4rger och storlekar.<\/p>\n<hr \/>\n<p><strong>F\u00f6rsvarsniv\u00e5:<\/strong><\/p>\n<p>Denna skotts\u00e4kra hj\u00e4lm \u00e4r en NIJ Level IIIA skotts\u00e4ker hj\u00e4lm enligt NIJ 0101.06 standard, Relevanta testrapporter kan tillhandah\u00e5llas.<\/p>\n<hr \/>\n<p><strong>Defensiva projektilparametrar:<\/strong><\/p>\n<p>.44 Mag SJHP<br \/>\n.357 SIG FMJ FN<br \/>\n9mm FMJ RN<br \/>\n.357 Mag JSP<br \/>\n.40 S&amp;W FMJ<\/p>\n<p>Det ger ocks\u00e5 skydd mot de flesta skjutvapenhot, s\u00e5v\u00e4l som klass IIA och II hot.<\/p>\n<hr \/>\n<p><strong>Parametrar f\u00f6r skotts\u00e4ker hj\u00e4lm:<\/strong><\/p>\n<p>Namn: NIJ lllA FAST milit\u00e4r skotts\u00e4ker taktisk hj\u00e4lm gjord av Kevlar med Wendy Zorbium skumfoder + CAM FIT fj\u00e4dringssystem<\/p>\n<p>Material: h\u00f6gh\u00e5llfast DuPont Kevlar-aramidfiber<br \/>\nStorlek: S, M, L, XL<br \/>\nF\u00e4rg: gr\u00f6n, sand, svart<br \/>\nValfria tillbeh\u00f6r: skotts\u00e4ker mask, etc.<br \/>\nGarantiperiod: 5 \u00e5rs garantiperiod kan ha tillr\u00e4cklig skyddsf\u00f6rm\u00e5ga, men om den \u00f6verskrider garantiperioden<br \/>\nLivskvalitet kommer att minska f\u00f6rm\u00e5gan att skydda.<\/p>\n<p>&nbsp;<\/p>\n<hr \/>\n<p><strong>Detaljer och storleksj\u00e4mf\u00f6relse f\u00f6r skotts\u00e4kra hj\u00e4lmar:<\/strong><\/p>\n<p>&nbsp;<\/p>\n<table style=\"border-collapse: collapse;\" border=\"1\" cellspacing=\"0\" cellpadding=\"5\">\n<thead>\n<tr>\n<th>Ballistic hj\u00e4lm hj\u00e4lm storlek<\/th>\n<th>S<\/th>\n<th>M<\/th>\n<th>L<\/th>\n<th>XL<\/th>\n<\/tr>\n<\/thead>\n<tbody>\n<tr>\n<td>Bel\u00e4ggningstjocklek<\/td>\n<td>9.5<\/td>\n<td>9.5<\/td>\n<td>10 (9.5)<\/td>\n<td>10 (9.5)<\/td>\n<\/tr>\n<tr>\n<td>Skyddsniv\u00e5<\/td>\n<td>3A.44<\/td>\n<td>3A.44<\/td>\n<td>3A.44<\/td>\n<td>3A.44<\/td>\n<\/tr>\n<tr>\n<td>L\u00e5ngaxel (l\u00e5ngaxel\/mm)<\/td>\n<td>235<\/td>\n<td>240<\/td>\n<td>247<\/td>\n<td>263<\/td>\n<\/tr>\n<tr>\n<td>Kort axel (Minor Axis\/mm)<\/td>\n<td>182<\/td>\n<td>185<\/td>\n<td>193<\/td>\n<td>205<\/td>\n<\/tr>\n<tr>\n<td>Inre h\u00f6jd\/mm<\/td>\n<td>146<\/td>\n<td>153<\/td>\n<td>158<\/td>\n<td>161<\/td>\n<\/tr>\n<tr>\n<td>Huvudomkrets (med naglar)<\/td>\n<td>53-59<\/td>\n<td>53-59<\/td>\n<td>56-59<\/td>\n<td>58-62<\/td>\n<\/tr>\n<tr>\n<td>Standardvikt (Vikt\/Kg)<\/td>\n<td>1.24<\/td>\n<td>1.29<\/td>\n<td>1.32<\/td>\n<td>1.42<\/td>\n<\/tr>\n<tr>\n<td>Viktavvikelse\/Kg<\/td>\n<td>0.05<\/td>\n<td>0.05<\/td>\n<td>0.05<\/td>\n<td>0.05<\/td>\n<\/tr>\n<tr>\n<td>Box Vikt\/KG<\/td>\n<td>2<\/td>\n<td>2<\/td>\n<td>2<\/td>\n<td>2.1<\/td>\n<\/tr>\n<\/tbody>\n<\/table>\n","protected":false},"excerpt":{"rendered":"<p>Kombinationen av f\u00f6rdelarna med FAST ballistisk hj\u00e4lm och Wendy-hj\u00e4lmen ger utm\u00e4rkt komfort och skydd, vilket g\u00f6r att du kan beh\u00e5lla full r\u00f6rlighet och s\u00e4kerhet under alla uppgifter.<\/p>\n<p>L\u00e4tt och bekv\u00e4m design: FAST-hj\u00e4lmen med sin moderna l\u00e4tta design minskar vikten till ett minimum, vilket g\u00f6r den idealisk f\u00f6r l\u00e5ngvarigt b\u00e4rande under kr\u00e4vande f\u00f6rh\u00e5llanden. Ger exceptionell komfort, \u00e4ven under intensiva aktiviteter.<\/p>\n<p>Precisionsupph\u00e4ngningssystem: Zorbium-inl\u00e4gg och CAM FIT-upph\u00e4ngningssystem m\u00f6jligg\u00f6r exakt anpassning till huvudets form, vilket ger en stabil, mjuk och bekv\u00e4m passform, vilket garanterar komfort n\u00e4r du b\u00e4r det under l\u00e5nga perioder.<\/p>\n<p>Det finns inget behov av sj\u00e4lvmontering, vilket g\u00f6r att du kan spara tid och anstr\u00e4ngning och omedelbart njuta av komplett taktisk utrustning.<\/p>\n","protected":false},"featured_media":16583,"comment_status":"open","ping_status":"closed","template":"","meta":[],"product_brand":[],"product_cat":[523,155,501],"product_tag":[],"woo-feed-brand":[50],"class_list":{"0":"post-16844","1":"product","2":"type-product","3":"status-publish","4":"has-post-thumbnail","6":"product_cat-ballistisk-mask","7":"product_cat-fast-sv","8":"product_cat-skottsaker-hjalm","9":"woo-feed-brand-tyditiao","11":"first","12":"instock","13":"sale","14":"shipping-taxable","15":"purchasable","16":"product-type-simple"},"_links":{"self":[{"href":"https:\/\/tyditiao.com\/sv\/wp-json\/wp\/v2\/product\/16844","targetHints":{"allow":["GET"]}}],"collection":[{"href":"https:\/\/tyditiao.com\/sv\/wp-json\/wp\/v2\/product"}],"about":[{"href":"https:\/\/tyditiao.com\/sv\/wp-json\/wp\/v2\/types\/product"}],"replies":[{"embeddable":true,"href":"https:\/\/tyditiao.com\/sv\/wp-json\/wp\/v2\/comments?post=16844"}],"wp:featuredmedia":[{"embeddable":true,"href":"https:\/\/tyditiao.com\/sv\/wp-json\/wp\/v2\/media\/16583"}],"wp:attachment":[{"href":"https:\/\/tyditiao.com\/sv\/wp-json\/wp\/v2\/media?parent=16844"}],"wp:term":[{"taxonomy":"product_brand","embeddable":true,"href":"https:\/\/tyditiao.com\/sv\/wp-json\/wp\/v2\/product_brand?post=16844"},{"taxonomy":"product_cat","embeddable":true,"href":"https:\/\/tyditiao.com\/sv\/wp-json\/wp\/v2\/product_cat?post=16844"},{"taxonomy":"product_tag","embeddable":true,"href":"https:\/\/tyditiao.com\/sv\/wp-json\/wp\/v2\/product_tag?post=16844"},{"taxonomy":"woo-feed-brand","embeddable":true,"href":"https:\/\/tyditiao.com\/sv\/wp-json\/wp\/v2\/woo-feed-brand?post=16844"}],"curies":[{"name":"wp","href":"https:\/\/api.w.org\/{rel}","templated":true}]}}