{"id":16845,"date":"2025-04-17T11:28:35","date_gmt":"2025-04-17T09:28:35","guid":{"rendered":"https:\/\/tyditiao.com\/product\/ballistisk-hjalm-med-ansiktsskydd-och-hakskydd-tdtm-3-fullt-nij-iiia-skydd-idealisk-for-extrema-taktiska-forhallanden\/"},"modified":"2025-04-22T08:03:03","modified_gmt":"2025-04-22T06:03:03","slug":"ballistisk-hjalm-med-ansiktsskydd-och-hakskydd-tdtm-3-fullt-nij-iiia-skydd-idealisk-for-extrema-taktiska-forhallanden","status":"publish","type":"product","link":"https:\/\/tyditiao.com\/sv\/produkt\/ballistisk-hjalm-med-ansiktsskydd-och-hakskydd-tdtm-3-fullt-nij-iiia-skydd-idealisk-for-extrema-taktiska-forhallanden\/","title":{"rendered":"ballistisk hj\u00e4lm med ansiktsskydd och hakskydd, TDTM-3, fullt NIJ IIIA-skydd, idealisk f\u00f6r extrema taktiska f\u00f6rh\u00e5llanden"},"content":{"rendered":"<p>H\u00f6gh\u00e5llfast skotts\u00e4kert glas: H\u00f6gkvalitativt skotts\u00e4kert glas ger effektivt skydd f\u00f6r ditt ansikte i h\u00e4ndelse av en explosion eller kollision samtidigt som det s\u00e4kerst\u00e4ller utm\u00e4rkt synlighet.<\/p>\n<p>Jaw Guard Module: En modul utformad speciellt f\u00f6r att skydda k\u00e4komr\u00e5det, ge extra skydd till hakan, skydda mot skador under taktiska operationer.<\/p>\n<p>Bekv\u00e4mt justeringssystem: Utrustad med ett justerbart fj\u00e4dringssystem och stoppning av memoryskum med h\u00f6g densitet som ger d\u00e4mpning, absorberar fukt och svett och minskar tr\u00f6tthet vid l\u00e5ngvarig anv\u00e4ndning. Tillg\u00e5ngen p\u00e5 olika storlekar (S, M, L, XL) garanterar en bekv\u00e4m passform till huvudets form. <\/p>\n<p>Montering av taktiska tillbeh\u00f6r: Hj\u00e4lmen har flera monteringspunkter som m\u00f6jligg\u00f6r snabb installation av m\u00f6rkerseende, kommunikationsutrustning och andra taktiska tillbeh\u00f6r, som uppfyller kraven f\u00f6r specialiserade stridsoperationer.<\/p>\n<p><strong>S\u00e4rskilda anm\u00e4rkningar:<\/strong><\/p>\n<p>Denna ballistiska hj\u00e4lm i NIJ IIIA-klass ger ett omfattande huvudskydd under taktiska operationer. Den var speciellt utformad f\u00f6r att garantera s\u00e4kerheten f\u00f6r soldater under extrema f\u00f6rh\u00e5llanden. Oavsett om det \u00e4r skotts\u00e4kra glas i ansiktet eller skotts\u00e4kra moduler p\u00e5 k\u00e4ken ger de ett o\u00f6vertr\u00e4ffat skydd mot splitter, fragment och st\u00f6tskador. Den genomt\u00e4nkta designen och komfortjusteringssystemet garanterar maximal komfort under l\u00e5ngvarig strid. Oavsett om det \u00e4r p\u00e5 slagf\u00e4ltet, en brottsbek\u00e4mpande operation eller en tr\u00e4ningsmilj\u00f6, kan vi ge dig ett gediget st\u00f6d.    <\/p>\n<p>Om det inte finns n\u00e5gon speciell anm\u00e4rkning \u00e4r standardkonfigurationen: storlek L, f\u00e4rg gr\u00f6n. Dessutom erbjuder vi ett brett utbud av f\u00e4rger (sand\/svart\/gr\u00f6n\/MC-kamouflage\/vargbrun) och storlekar (S, M, L, XL) att v\u00e4lja mellan. <\/p>\n<p>Oavsett var du \u00e4r kan du l\u00e4gga din best\u00e4llning direkt via denna l\u00e4nk och g\u00f6ra ditt k\u00f6p utan problem. Ange bara storleken och f\u00e4rgen du beh\u00f6ver i orderanteckningarna (exempelvis: XL-svart) s\u00e5 f\u00e5r du din dr\u00f6mutrustning. Vi kommer inte att ta ut n\u00e5gra extra avgifter f\u00f6r att v\u00e4lja andra f\u00e4rger och storlekar.  <\/p>\n<hr>\n<p><strong>Ang\u00e5ende scenarier:<\/strong><\/p>\n<p>Specialoperationsstyrkor<br \/>\nTill\u00e4mpning i h\u00f6griskmilj\u00f6er<br \/>\nUtomhus taktisk sport och skyttetr\u00e4ning<br \/>\nR\u00e4ddnings- och kravallkontrolluppdrag<\/p>\n<hr>\n<p><strong>Defensiva projektilparametrar:<\/strong><\/p>\n<p>.44 Mag SJHP<br \/>\n.357 SIG FMJ FN<br \/>\n9mm FMJ RN<br \/>\n.357 Mag JSP<br \/>\n.40 S&amp;W FMJ<\/p>\n<p>Det ger ocks\u00e5 skydd mot de flesta skjutvapenhot, s\u00e5v\u00e4l som klass IIA och II hot.<\/p>\n<hr>\n<p><strong>parameter:<\/strong><\/p>\n<p>Hj\u00e4lmmodell: TDTM-3<br \/>\nMaterial: Hj\u00e4lm och munskydd \u00e4r tillverkade av UHMWPE<br \/>\nVikt: ca 2,8 kg (skotts\u00e4ker hj\u00e4lm + skotts\u00e4ker mask + munskydd)<br \/>\nStorlek: S (53-59 cm), M (53-59 cm), L (56-59 cm), L (58-62 cm)<br \/>\nF\u00e4rg: Svart\/Gr\u00f6n\/MC Camo\/Wolf Brown<br \/>\nStruktur: Hj\u00e4lmkropps- och ansiktsskyddskomponenter (avtagbar)<br \/>\nSkyddsomr\u00e5de: hj\u00e4lmkropp \u2265 0,125 mm, skyddsglas\u00f6gon \u2265 0,025 m, panna \u2265 0,04 m<\/p>\n<p>&nbsp;<\/p>\n","protected":false},"excerpt":{"rendered":"<p>Omfattande skydd: Kombinerar ett skotts\u00e4kert ansiktsskydd och en k\u00e4kskyddsmodul f\u00f6r att ge 360-graders skydd f\u00f6r hela huvudet, vilket s\u00e4kerst\u00e4ller fullst\u00e4ndig s\u00e4kerhet i h\u00f6griskmilj\u00f6er.<\/p>\n<p>Optimerad tyngdpunkt, stabil passform: Den exakt designade hj\u00e4lmstrukturen s\u00e4kerst\u00e4ller en rationell f\u00f6rdelning av tyngdpunkten, vilket eliminerar st\u00f6tar n\u00e4r du springer eller hoppar. Detta g\u00f6r att du kan beh\u00e5lla flexibilitet och frihet n\u00e4r du siktar i st\u00e5ende position, skjuter, utf\u00f6r taktiska man\u00f6vrar och andra aktiviteter. Den totala vikten har reducerats till h\u00f6gsta m\u00f6jliga niv\u00e5 med bibeh\u00e5llen fullt skydd.  <\/p>\n<p>NIJ IIIA-skyddsstandard: Uppfyller NIJ IIIA-standarder och skyddar effektivt mot attacker med l\u00e5g till medelh\u00f6g hotbild som pistolkulor och splitter, vilket f\u00f6rb\u00e4ttrar den taktiska s\u00e4kerheten.<\/p>\n","protected":false},"featured_media":16776,"comment_status":"open","ping_status":"closed","template":"","meta":[],"product_brand":[],"product_cat":[523,501],"product_tag":[],"woo-feed-brand":[50],"class_list":{"0":"post-16845","1":"product","2":"type-product","3":"status-publish","4":"has-post-thumbnail","6":"product_cat-ballistisk-mask","7":"product_cat-skottsaker-hjalm","8":"woo-feed-brand-tyditiao","10":"first","11":"instock","12":"sale","13":"shipping-taxable","14":"purchasable","15":"product-type-simple"},"_links":{"self":[{"href":"https:\/\/tyditiao.com\/sv\/wp-json\/wp\/v2\/product\/16845","targetHints":{"allow":["GET"]}}],"collection":[{"href":"https:\/\/tyditiao.com\/sv\/wp-json\/wp\/v2\/product"}],"about":[{"href":"https:\/\/tyditiao.com\/sv\/wp-json\/wp\/v2\/types\/product"}],"replies":[{"embeddable":true,"href":"https:\/\/tyditiao.com\/sv\/wp-json\/wp\/v2\/comments?post=16845"}],"wp:featuredmedia":[{"embeddable":true,"href":"https:\/\/tyditiao.com\/sv\/wp-json\/wp\/v2\/media\/16776"}],"wp:attachment":[{"href":"https:\/\/tyditiao.com\/sv\/wp-json\/wp\/v2\/media?parent=16845"}],"wp:term":[{"taxonomy":"product_brand","embeddable":true,"href":"https:\/\/tyditiao.com\/sv\/wp-json\/wp\/v2\/product_brand?post=16845"},{"taxonomy":"product_cat","embeddable":true,"href":"https:\/\/tyditiao.com\/sv\/wp-json\/wp\/v2\/product_cat?post=16845"},{"taxonomy":"product_tag","embeddable":true,"href":"https:\/\/tyditiao.com\/sv\/wp-json\/wp\/v2\/product_tag?post=16845"},{"taxonomy":"woo-feed-brand","embeddable":true,"href":"https:\/\/tyditiao.com\/sv\/wp-json\/wp\/v2\/woo-feed-brand?post=16845"}],"curies":[{"name":"wp","href":"https:\/\/api.w.org\/{rel}","templated":true}]}}