{"id":8420,"date":"2023-03-05T03:25:17","date_gmt":"2023-05-21T09:40:51","guid":{"rendered":"http:\/\/tyditiao.com\/product\/wendy-taktisk-hjalm-3a-latt-specialstyrka-explosionssaker-hjalm-specialstorlek-anpassad-farg-dedikerad-koplank\/"},"modified":"2023-05-21T11:40:51","modified_gmt":"2023-05-21T09:40:51","slug":"wendy-taktisk-hjalm-ljuskrafter-special-3a-explosionssaker-hjalm-special-storlek-anpassad-farg-dedikerad-lank-till-kop","status":"publish","type":"product","link":"https:\/\/tyditiao.com\/sv\/produkt\/wendy-taktisk-hjalm-ljuskrafter-special-3a-explosionssaker-hjalm-special-storlek-anpassad-farg-dedikerad-lank-till-kop\/","title":{"rendered":"WENDY taktisk hj\u00e4lm 3A l\u00e4tt specialstyrka explosionss\u00e4ker hj\u00e4lm specialstorlek anpassad f\u00e4rg dedikerad k\u00f6pl\u00e4nk"},"content":{"rendered":"<p><strong>Om WENDY Bulletproof Helmet Storlek:<\/strong> F\u00f6r denna WENDY special forces skotts\u00e4kra hj\u00e4lm har vi lagt till stora och sm\u00e5 produktionsformar f\u00f6r att m\u00f6ta anv\u00e4ndare med olika behov. Storlek M \u00e4r en normalstorlek som passar de flesta. Om du tror att en liten storlek b\u00e4ttre kan uppfylla dina egna krav eller b\u00e4rvanor, v\u00e4lj en liten storlek, annars v\u00e4lj en stor storlek.<\/p>\n<p><strong>Om f\u00e4rgen p\u00e5 WENDY skotts\u00e4ker hj\u00e4lm:<\/strong> F\u00e4rgerna vi massproducerar \u00e4r huvudsakligen svart, ljusbrun och gr\u00f6n. Men samtidigt har vi f\u00f6rm\u00e5gan att producera vilken f\u00e4rg eller olika kamouflagem\u00f6nster som kunderna kr\u00e4ver, s\u00e5som skogskamouflage, djungelkamouflage, \u00f6kenkamouflage, marint kamouflage, stadskamouflage etc. Om du planerar att best\u00e4lla fler \u00e4n 10 hj\u00e4lmar , v\u00e4nligen kontakta oss, du kommer att f\u00e5 denna anpassade f\u00e4rgtj\u00e4nst gratis, skicka oss bara det f\u00e4rgm\u00f6nster du vill ha<\/p>\n<p><strong>WENDY Tactical Helmet Bulletproof Level:<\/strong> 0101.06 Standard IIIA Level<\/p>\n<p>BEKV\u00c4M ATT B\u00c4RA: D\u00e4mpning av zorbiumskum har ett vattenavvisande foder med en antimikrobiell bel\u00e4ggning som transporterar bort fukt f\u00f6r att h\u00e5lla dig sval och torr.<\/p>\n<p>L\u00c4TT JUSTERING: L\u00e4tt CAM FIT-f\u00e4stsystem av milit\u00e4r kvalitet med BOA-st\u00e4ngningssystem f\u00f6r s\u00e4ker, enhandsjustering f\u00f6r en exakt passform.<\/p>\n<p>EXPANDERBAR: Rail 2.0-monteringssystemet \u00e4r kompatibelt med alla EXFIL Rail 2.0-tillbeh\u00f6r. Den v\u00e4ndbara kardanf\u00e4stet och kardanf\u00e4stet p\u00e5 pannan g\u00f6r att Wendy kan skapa fler m\u00f6jligheter.<\/p>\n<p>Ut\u00f6ver den normala fj\u00e4dringen har hj\u00e4lmen tre slagkuddar och \u00e5tta justerbara dynor f\u00f6r optimal passform och komfort<\/p>\n","protected":false},"excerpt":{"rendered":"<p>Om WENDY Bulletproof Helmet Storlek: F\u00f6r denna WENDY special forces skotts\u00e4kra hj\u00e4lm har vi lagt till stora och sm\u00e5 produktionsformar&#8230;<\/p>\n","protected":false},"featured_media":3327,"comment_status":"open","ping_status":"closed","template":"","meta":[],"product_brand":[],"product_cat":[501,188,177],"product_tag":[],"woo-feed-brand":[],"class_list":{"0":"post-8420","1":"product","2":"type-product","3":"status-publish","4":"has-post-thumbnail","6":"product_cat-skottsaker-hjalm","7":"product_cat-uncategorized-sv","8":"product_cat-wendy-sv","10":"first","11":"instock","12":"sale","13":"shipping-taxable","14":"purchasable","15":"product-type-variable","16":"has-default-attributes"},"_links":{"self":[{"href":"https:\/\/tyditiao.com\/sv\/wp-json\/wp\/v2\/product\/8420","targetHints":{"allow":["GET"]}}],"collection":[{"href":"https:\/\/tyditiao.com\/sv\/wp-json\/wp\/v2\/product"}],"about":[{"href":"https:\/\/tyditiao.com\/sv\/wp-json\/wp\/v2\/types\/product"}],"replies":[{"embeddable":true,"href":"https:\/\/tyditiao.com\/sv\/wp-json\/wp\/v2\/comments?post=8420"}],"wp:featuredmedia":[{"embeddable":true,"href":"https:\/\/tyditiao.com\/sv\/wp-json\/wp\/v2\/media\/3327"}],"wp:attachment":[{"href":"https:\/\/tyditiao.com\/sv\/wp-json\/wp\/v2\/media?parent=8420"}],"wp:term":[{"taxonomy":"product_brand","embeddable":true,"href":"https:\/\/tyditiao.com\/sv\/wp-json\/wp\/v2\/product_brand?post=8420"},{"taxonomy":"product_cat","embeddable":true,"href":"https:\/\/tyditiao.com\/sv\/wp-json\/wp\/v2\/product_cat?post=8420"},{"taxonomy":"product_tag","embeddable":true,"href":"https:\/\/tyditiao.com\/sv\/wp-json\/wp\/v2\/product_tag?post=8420"},{"taxonomy":"woo-feed-brand","embeddable":true,"href":"https:\/\/tyditiao.com\/sv\/wp-json\/wp\/v2\/woo-feed-brand?post=8420"}],"curies":[{"name":"wp","href":"https:\/\/api.w.org\/{rel}","templated":true}]}}