{"id":8460,"date":"2023-03-05T03:22:19","date_gmt":"2023-05-21T09:43:32","guid":{"rendered":"http:\/\/tyditiao.com\/product\/mich2000-ballistisk-hjalm-3a-taktisk-ballistisk-hjalm-specialstorlek-anpassad-farg-dedikerad-koplank\/"},"modified":"2023-05-21T11:43:32","modified_gmt":"2023-05-21T09:43:32","slug":"mich2000-skottsaker-hjalm-3a-taktisk-ballistisk-hjalm-special-storlek-anpassad-farg-dedikerad-koplank","status":"publish","type":"product","link":"https:\/\/tyditiao.com\/sv\/produkt\/mich2000-skottsaker-hjalm-3a-taktisk-ballistisk-hjalm-special-storlek-anpassad-farg-dedikerad-koplank\/","title":{"rendered":"Mich2000 ballistisk hj\u00e4lm, 3A taktisk ballistisk hj\u00e4lm, specialstorlek, anpassad f\u00e4rg, dedikerad k\u00f6pl\u00e4nk"},"content":{"rendered":"<p><strong>Om Mich2000 hj\u00e4lmstorlek:<\/strong> Vi har lagt till sm\u00e5 och stora produktionsformar f\u00f6r denna Mich 3A taktiska ballistiska hj\u00e4lm f\u00f6r att m\u00f6ta anv\u00e4ndare med olika behov. Storlek M \u00e4r en vanlig storlek och passar de flesta. Om du tror att den lilla storleken b\u00e4ttre kan uppfylla dina egna krav eller b\u00e4rvanor, v\u00e4lj den lilla storleken, annars v\u00e4lj den stora storleken.<\/p>\n<p><strong>Om f\u00e4rgen p\u00e5 Mich2000 skotts\u00e4ker hj\u00e4lm:<\/strong> Mich 3A taktisk skotts\u00e4ker hj\u00e4lm, vi producerar huvudsakligen tre f\u00e4rger: svart, ljusbrun och gr\u00f6n. Men samtidigt har vi m\u00f6jlighet att producera valfri f\u00e4rg eller olika kamouflagem\u00f6nster som specificeras av kunder, s\u00e5som skogskamouflage, djungelkamouflage, \u00f6kenkamouflage, marint kamouflage och stadskamouflage etc. Om du planerar att best\u00e4lla fler \u00e4n 10 hj\u00e4lmar , v\u00e4nligen kontakta oss, du kommer att f\u00e5 denna anpassade f\u00e4rgtj\u00e4nst gratis, skicka oss bara det f\u00e4rgm\u00f6nster du vill ha.<\/p>\n<p>MICH2000 hj\u00e4lm skotts\u00e4ker hj\u00e4lm: 0101.06 standard IIIA niv\u00e5<\/p>\n<p>Material: High Tenacity Kevlar-Dupont Aramid Fiber<\/p>\n<p>MICH2000 Ballistic Helmet har en st\u00f6rre skyddande yta och en l\u00e5gskuren design som b\u00e4ttre t\u00e4cker sidorna av huvudet, vilket \u00e4r \u00e4nnu mer f\u00f6rdelaktigt om du inte planerar att montera en massa tillbeh\u00f6r.<\/p>\n<p>Fyrpunktsf\u00e4stesystemet p\u00e5 Mich2000 ballistisk hj\u00e4lm liknar skyddet och banden som finns p\u00e5 skateboard- och cykelhj\u00e4lmar.<\/p>\n","protected":false},"excerpt":{"rendered":"<p>Om Mich2000 hj\u00e4lmstorlek: Vi har lagt till sm\u00e5 och stora produktionsformar f\u00f6r denna Mich 3A taktiska ballistiska hj\u00e4lm f\u00f6r att&#8230;<\/p>\n","protected":false},"featured_media":2661,"comment_status":"open","ping_status":"closed","template":"","meta":[],"product_brand":[],"product_cat":[162,501],"product_tag":[],"woo-feed-brand":[],"class_list":{"0":"post-8460","1":"product","2":"type-product","3":"status-publish","4":"has-post-thumbnail","6":"product_cat-mich2000-sv","7":"product_cat-skottsaker-hjalm","9":"first","10":"instock","11":"sale","12":"shipping-taxable","13":"purchasable","14":"product-type-variable","15":"has-default-attributes"},"_links":{"self":[{"href":"https:\/\/tyditiao.com\/sv\/wp-json\/wp\/v2\/product\/8460","targetHints":{"allow":["GET"]}}],"collection":[{"href":"https:\/\/tyditiao.com\/sv\/wp-json\/wp\/v2\/product"}],"about":[{"href":"https:\/\/tyditiao.com\/sv\/wp-json\/wp\/v2\/types\/product"}],"replies":[{"embeddable":true,"href":"https:\/\/tyditiao.com\/sv\/wp-json\/wp\/v2\/comments?post=8460"}],"wp:featuredmedia":[{"embeddable":true,"href":"https:\/\/tyditiao.com\/sv\/wp-json\/wp\/v2\/media\/2661"}],"wp:attachment":[{"href":"https:\/\/tyditiao.com\/sv\/wp-json\/wp\/v2\/media?parent=8460"}],"wp:term":[{"taxonomy":"product_brand","embeddable":true,"href":"https:\/\/tyditiao.com\/sv\/wp-json\/wp\/v2\/product_brand?post=8460"},{"taxonomy":"product_cat","embeddable":true,"href":"https:\/\/tyditiao.com\/sv\/wp-json\/wp\/v2\/product_cat?post=8460"},{"taxonomy":"product_tag","embeddable":true,"href":"https:\/\/tyditiao.com\/sv\/wp-json\/wp\/v2\/product_tag?post=8460"},{"taxonomy":"woo-feed-brand","embeddable":true,"href":"https:\/\/tyditiao.com\/sv\/wp-json\/wp\/v2\/woo-feed-brand?post=8460"}],"curies":[{"name":"wp","href":"https:\/\/api.w.org\/{rel}","templated":true}]}}