{"id":8519,"date":"2023-03-05T03:08:59","date_gmt":"2023-05-21T09:48:53","guid":{"rendered":"http:\/\/tyditiao.com\/product\/helt-statiskt-kevlarrep-fallskarmsklatterrep-brandsakerhetsrep-8-105-mm-10m\/"},"modified":"2023-05-21T11:48:53","modified_gmt":"2023-05-21T09:48:53","slug":"full-elektrostatisk-kevlar-klattring-brandsakerhet-paraply-rep-8-105-mm-10m","status":"publish","type":"product","link":"https:\/\/tyditiao.com\/sv\/produkt\/full-elektrostatisk-kevlar-klattring-brandsakerhet-paraply-rep-8-105-mm-10m\/","title":{"rendered":"Helt statiskt Kevlarrep, fallsk\u00e4rmskl\u00e4tterrep, brands\u00e4kerhetsrep, 8, 10,5 mm (10m)"},"content":{"rendered":"<p>Om du vill k\u00f6pa ett l\u00e4ngre rep, typ 50 meter, k\u00f6p g\u00e4rna 5*10 meter rep, och l\u00e4mna sedan ett meddelande till s\u00e4ljaren att du beh\u00f6ver ett helt rep p\u00e5 50 meter.<\/p>\n<p><strong>Om karbinhakarna:<\/strong> Om du k\u00f6per repet som \u00e4r mer \u00e4n 10 meter l\u00e5ngt, ger vi dig tv\u00e5 karbinhakar enligt bilden. Du kan installera den p\u00e5 b\u00e5da \u00e4ndarna av repet, eller s\u00e5 kan du l\u00e4mna den ifred och den ing\u00e5r i paketet. Skriv bara till oss och l\u00e5t oss veta ditt beslut<\/p>\n<p>Produktnamn: Full Kevlar Static Rope<br \/>\nMaterial: Kevlar<br \/>\nF\u00e4rg: F\u00e4rg som bilden visas<br \/>\nDiameter: 10,5 mm, 8 mm<br \/>\nNettovikt (\u00b15%): 10,5 mm (75 g\/m) 8 mm (43 g\/m)<br \/>\nDragkraft: 10,5 mm (40kN\/4000kg) 8mm (28kN\/2800kg)<br \/>\nCertifiering: CE EN1891:1998<br \/>\nFunktioner: h\u00f6g h\u00e5llfasthet, h\u00f6g temperaturbest\u00e4ndighet, god seghet, stark rivh\u00e5llfasthet<br \/>\nMultifunktion: kl\u00e4ttring, expansion, brandbek\u00e4mpning, luftarbete, grottning, h\u00e4ngning, etc.<\/p>\n<p>V\u00e4nlig p\u00e5minnelse: N\u00e4r du arbetar eller spelar p\u00e5 h\u00f6jder, kontrollera och underh\u00e5ll din utrustning f\u00f6r att undvika fara orsakad av felaktig anv\u00e4ndning<\/p>\n","protected":false},"excerpt":{"rendered":"<p>Om du vill k\u00f6pa ett l\u00e4ngre rep, typ 50 meter, k\u00f6p g\u00e4rna 5*10 meter rep, och l\u00e4mna sedan ett meddelande&#8230;<\/p>\n","protected":false},"featured_media":6504,"comment_status":"open","ping_status":"closed","template":"","meta":[],"product_brand":[],"product_cat":[507],"product_tag":[],"woo-feed-brand":[],"class_list":{"0":"post-8519","1":"product","2":"type-product","3":"status-publish","4":"has-post-thumbnail","6":"product_cat-sakerhetsrep","8":"first","9":"instock","10":"shipping-taxable","11":"purchasable","12":"product-type-variable","13":"has-default-attributes"},"_links":{"self":[{"href":"https:\/\/tyditiao.com\/sv\/wp-json\/wp\/v2\/product\/8519","targetHints":{"allow":["GET"]}}],"collection":[{"href":"https:\/\/tyditiao.com\/sv\/wp-json\/wp\/v2\/product"}],"about":[{"href":"https:\/\/tyditiao.com\/sv\/wp-json\/wp\/v2\/types\/product"}],"replies":[{"embeddable":true,"href":"https:\/\/tyditiao.com\/sv\/wp-json\/wp\/v2\/comments?post=8519"}],"wp:featuredmedia":[{"embeddable":true,"href":"https:\/\/tyditiao.com\/sv\/wp-json\/wp\/v2\/media\/6504"}],"wp:attachment":[{"href":"https:\/\/tyditiao.com\/sv\/wp-json\/wp\/v2\/media?parent=8519"}],"wp:term":[{"taxonomy":"product_brand","embeddable":true,"href":"https:\/\/tyditiao.com\/sv\/wp-json\/wp\/v2\/product_brand?post=8519"},{"taxonomy":"product_cat","embeddable":true,"href":"https:\/\/tyditiao.com\/sv\/wp-json\/wp\/v2\/product_cat?post=8519"},{"taxonomy":"product_tag","embeddable":true,"href":"https:\/\/tyditiao.com\/sv\/wp-json\/wp\/v2\/product_tag?post=8519"},{"taxonomy":"woo-feed-brand","embeddable":true,"href":"https:\/\/tyditiao.com\/sv\/wp-json\/wp\/v2\/woo-feed-brand?post=8519"}],"curies":[{"name":"wp","href":"https:\/\/api.w.org\/{rel}","templated":true}]}}