{"id":8534,"date":"2023-03-05T02:51:52","date_gmt":"2023-05-21T09:51:35","guid":{"rendered":"http:\/\/tyditiao.com\/product\/aramid-yttre-skinn-nylon-innerkarna-statiskt-rep-utomhus-bergsbestigning-sakerhetsrep-68105-10m\/"},"modified":"2023-05-21T11:51:35","modified_gmt":"2023-05-21T09:51:35","slug":"kevlar-yttre-scoranylon-karna-statisk-sakerhetsrep-utomhus-6810-5-10m","status":"publish","type":"product","link":"https:\/\/tyditiao.com\/sv\/produkt\/kevlar-yttre-scoranylon-karna-statisk-sakerhetsrep-utomhus-6810-5-10m\/","title":{"rendered":"Aramid yttre skinn + nylon innerk\u00e4rna statiskt rep utomhus bergsbestigning s\u00e4kerhetsrep 6,8,10,5 (10m)"},"content":{"rendered":"<p>Om du beh\u00f6ver k\u00f6pa ett l\u00e4ngre rep, till exempel 80 meter, k\u00f6p g\u00e4rna 8*10 meter rep, och l\u00e4mna sedan ett meddelande till s\u00e4ljaren att du beh\u00f6ver ett helt rep p\u00e5 80 meter.<\/p>\n<p><strong>Om karbinhakarna i b\u00e5da \u00e4ndarna av det statiska repet:<\/strong> Om l\u00e4ngden p\u00e5 repet du k\u00f6pte \u00f6verstiger 10 meter, ger vi dig tv\u00e5 karbinhakar markerade p\u00e5 bilden. Du kan v\u00e4lja att montera den p\u00e5 b\u00e5da \u00e4ndarna av repet, eller s\u00e5 beh\u00f6ver du inte montera den och skicka den med repet i paketet, skriv bara en lapp till oss och l\u00e5t oss veta ditt beslut<\/p>\n<p>Produktnamn: Aramidfiber + statiskt rep av nylon<br \/>\nF\u00e4rg: F\u00e4rg som bilden visas<br \/>\nDiameter: 6mm 8mm 10mm<br \/>\nNettovikt (\u00b15%): 6mm (27g\/m) 8mm (42g\/m) 10mm (65g\/m)<br \/>\nDragkraft: 6mm(7KN\/700KG) 8mm(16KN\/1600KG) 10mm(36KN\/3600KG)<br \/>\nUtseende material: aramid<br \/>\nK\u00e4rnmaterial: Nylon<br \/>\nCertifiering: CE EN1891:1998<br \/>\nMultifunktion: kl\u00e4ttring, teleskopering, brandbek\u00e4mpning, arbete p\u00e5 h\u00f6jder, kranar, etc.<\/p>\n","protected":false},"excerpt":{"rendered":"<p>Om du beh\u00f6ver k\u00f6pa ett l\u00e4ngre rep, till exempel 80 meter, k\u00f6p g\u00e4rna 8*10 meter rep, och l\u00e4mna sedan ett&#8230;<\/p>\n","protected":false},"featured_media":6486,"comment_status":"open","ping_status":"closed","template":"","meta":[],"product_brand":[],"product_cat":[507],"product_tag":[],"woo-feed-brand":[50],"class_list":{"0":"post-8534","1":"product","2":"type-product","3":"status-publish","4":"has-post-thumbnail","6":"product_cat-sakerhetsrep","7":"woo-feed-brand-tyditiao","9":"first","10":"instock","11":"shipping-taxable","12":"purchasable","13":"product-type-variable","14":"has-default-attributes"},"_links":{"self":[{"href":"https:\/\/tyditiao.com\/sv\/wp-json\/wp\/v2\/product\/8534","targetHints":{"allow":["GET"]}}],"collection":[{"href":"https:\/\/tyditiao.com\/sv\/wp-json\/wp\/v2\/product"}],"about":[{"href":"https:\/\/tyditiao.com\/sv\/wp-json\/wp\/v2\/types\/product"}],"replies":[{"embeddable":true,"href":"https:\/\/tyditiao.com\/sv\/wp-json\/wp\/v2\/comments?post=8534"}],"wp:featuredmedia":[{"embeddable":true,"href":"https:\/\/tyditiao.com\/sv\/wp-json\/wp\/v2\/media\/6486"}],"wp:attachment":[{"href":"https:\/\/tyditiao.com\/sv\/wp-json\/wp\/v2\/media?parent=8534"}],"wp:term":[{"taxonomy":"product_brand","embeddable":true,"href":"https:\/\/tyditiao.com\/sv\/wp-json\/wp\/v2\/product_brand?post=8534"},{"taxonomy":"product_cat","embeddable":true,"href":"https:\/\/tyditiao.com\/sv\/wp-json\/wp\/v2\/product_cat?post=8534"},{"taxonomy":"product_tag","embeddable":true,"href":"https:\/\/tyditiao.com\/sv\/wp-json\/wp\/v2\/product_tag?post=8534"},{"taxonomy":"woo-feed-brand","embeddable":true,"href":"https:\/\/tyditiao.com\/sv\/wp-json\/wp\/v2\/woo-feed-brand?post=8534"}],"curies":[{"name":"wp","href":"https:\/\/api.w.org\/{rel}","templated":true}]}}