{"id":8541,"date":"2023-01-16T12:36:49","date_gmt":"2023-01-16T10:36:49","guid":{"rendered":"http:\/\/tyditiao.com\/product\/doljbart-kroppsskydd-skottsaker-vast-med-skyddsniva-nij-iiia-personlig-sakerhetsutrustning-utomhus\/"},"modified":"2026-01-25T18:57:57","modified_gmt":"2026-01-25T16:57:57","slug":"doljbar-skottsaker-vast-skottsaker-vast-med-ni-iiia-skyddsniva-personlig-sakerhetsutrustning-utomhus","status":"publish","type":"product","link":"https:\/\/tyditiao.com\/sv\/produkt\/doljbar-skottsaker-vast-skottsaker-vast-med-ni-iiia-skyddsniva-personlig-sakerhetsutrustning-utomhus\/","title":{"rendered":"D\u00f6ljbart kroppsskydd, skotts\u00e4ker v\u00e4st med skyddsniv\u00e5 NIJ IIIA, personlig s\u00e4kerhetsutrustning utomhus"},"content":{"rendered":"<p>Material: Ultrah\u00f6gmolekyl\u00e4rt PE-material, som t\u00e5l flera skott samtidigt som det f\u00f6rblir flexibelt. Den har egenskaperna l\u00e4tthet, mjukhet, komfort, utm\u00e4rkt UV-best\u00e4ndighet, l\u00e5g luftfuktighetsk\u00e4nslighet och vattenbest\u00e4ndighet.<\/p>\n<p>Skyddsklass: NIJ IIIA fr\u00e4mre och bakre skydd<\/p>\n<p>Blockerbara kulor:<br \/>\n.44 Magnum<br \/>\n.40 S&amp;W, .357 Magnum, .45<br \/>\nkulsprutepistol 9mm<br \/>\nHalvmantlade ih\u00e5liga kulor (SJHP).<br \/>\nFull Metal Projectile Calibration 9 mm, nominell vikt 8,0 g (124 g), slaghastighet 426 m\/s (1 400 ft\/s) eller mindre<br \/>\nGer \u00e4ven skydd mot de flesta pistolhot samt klass IIA och II hot<\/p>\n<p>F\u00e4rg: Svart<br \/>\nK\u00f6n: Unisex<br \/>\nKl\u00e4dtyp: V\u00e4st, Topp<br \/>\n\u00c4rmtyp: \u00c4rml\u00f6s<br \/>\nFunktion: Skotts\u00e4ker<br \/>\nstorlek: en storlek<br \/>\nVikt: 2,5 kg<br \/>\nTv\u00e4tt: Innerfodret och ytterkl\u00e4derna kan separeras, det inre skotts\u00e4kra lagret kan inte tv\u00e4ttas, bara reng\u00f6r det yttre lagret<\/p>\n<p>F\u00f6rpackning: 1 x skotts\u00e4ker v\u00e4st (NIJ IIIA)<\/p>\n","protected":false},"excerpt":{"rendered":"<p>Mjuk och l\u00e4tt: flexibel, bekv\u00e4m att b\u00e4ra, p\u00e5verkar i princip inte m\u00e4nniskokroppen att springa eller sitta p\u00e5 huk<\/p>\n<p>Bra d\u00f6ljande: Justerbar p\u00e5 4 olika punkter med kardborrband f\u00f6r enkel d\u00f6ljning under dina kl\u00e4der<\/p>\n<p>NIJ IIIA-skydd: den h\u00f6gsta skyddsniv\u00e5n som finns tillg\u00e4nglig f\u00f6r skotts\u00e4kra v\u00e4star<\/p>\n<p>Bra expansionsprestanda: de fr\u00e4mre och bakre pansarfickorna kan f\u00e4stas med skotts\u00e4kra st\u00e5lpl\u00e5tar f\u00f6r att ge extra skydd enligt deras egna behov<\/p>\n<p>Till\u00e4mpliga personer: Journalister och milit\u00e4r personal reser genom krigsh\u00e4rjade omr\u00e5den och kan ocks\u00e5 anv\u00e4ndas f\u00f6r hemf\u00f6rsvar f\u00f6r att skydda sin egen s\u00e4kerhet och kropp fr\u00e5n kulor och skr\u00e4p<\/p>\n","protected":false},"featured_media":6032,"comment_status":"open","ping_status":"closed","template":"","meta":[],"product_brand":[],"product_cat":[511],"product_tag":[],"woo-feed-brand":[50],"class_list":{"0":"post-8541","1":"product","2":"type-product","3":"status-publish","4":"has-post-thumbnail","6":"product_cat-taktisk-vast","7":"woo-feed-brand-tyditiao","9":"first","10":"instock","11":"sale","12":"shipping-taxable","13":"purchasable","14":"product-type-simple"},"_links":{"self":[{"href":"https:\/\/tyditiao.com\/sv\/wp-json\/wp\/v2\/product\/8541","targetHints":{"allow":["GET"]}}],"collection":[{"href":"https:\/\/tyditiao.com\/sv\/wp-json\/wp\/v2\/product"}],"about":[{"href":"https:\/\/tyditiao.com\/sv\/wp-json\/wp\/v2\/types\/product"}],"replies":[{"embeddable":true,"href":"https:\/\/tyditiao.com\/sv\/wp-json\/wp\/v2\/comments?post=8541"}],"wp:featuredmedia":[{"embeddable":true,"href":"https:\/\/tyditiao.com\/sv\/wp-json\/wp\/v2\/media\/6032"}],"wp:attachment":[{"href":"https:\/\/tyditiao.com\/sv\/wp-json\/wp\/v2\/media?parent=8541"}],"wp:term":[{"taxonomy":"product_brand","embeddable":true,"href":"https:\/\/tyditiao.com\/sv\/wp-json\/wp\/v2\/product_brand?post=8541"},{"taxonomy":"product_cat","embeddable":true,"href":"https:\/\/tyditiao.com\/sv\/wp-json\/wp\/v2\/product_cat?post=8541"},{"taxonomy":"product_tag","embeddable":true,"href":"https:\/\/tyditiao.com\/sv\/wp-json\/wp\/v2\/product_tag?post=8541"},{"taxonomy":"woo-feed-brand","embeddable":true,"href":"https:\/\/tyditiao.com\/sv\/wp-json\/wp\/v2\/woo-feed-brand?post=8541"}],"curies":[{"name":"wp","href":"https:\/\/api.w.org\/{rel}","templated":true}]}}