{"id":8546,"date":"2022-10-21T05:25:40","date_gmt":"2022-10-21T03:25:40","guid":{"rendered":"http:\/\/tyditiao.com\/product\/uhmwpe-nij-level-iiia-7mm-05kg-skottsaker-brostplatta-250x300mm\/"},"modified":"2026-01-25T18:58:06","modified_gmt":"2026-01-25T16:58:06","slug":"uhmwpe-nij-level-iiia-7mm-0-5kgn-brostskydd-skottsaker-250x300mm","status":"publish","type":"product","link":"https:\/\/tyditiao.com\/sv\/produkt\/uhmwpe-nij-level-iiia-7mm-0-5kgn-brostskydd-skottsaker-250x300mm\/","title":{"rendered":"UHMWPE, NIJ Level IIIA, 7MM, 0,5KG, skotts\u00e4ker br\u00f6stplatta, 250X300MM"},"content":{"rendered":"<p>Vikt: 0,5 kg<br \/>\nMaterial: PE<br \/>\nTjocklek: 7MM<br \/>\nSkyddsklass: NIJ IIIA niv\u00e5 (GA4)<\/p>\n<p>Ytterskikt: svart vattent\u00e4tt polyestertyg;<br \/>\nM\u00e5tt: 250x300mm \/ 9,8&#8217;x11,8&#8242;<br \/>\nForm: Trapets (trapetsbr\u00e4da med avfasade h\u00f6rn)<\/p>\n<p>Packlista:<br \/>\n1 x Trapetsformad skotts\u00e4ker platta.<\/p>\n<p>L\u00e4gga m\u00e4rke till:<br \/>\nReflexv\u00e4st ing\u00e5r ej<\/p>\n<p>M\u00e5lanv\u00e4ndare: F\u00f6rsvarsmakten, SWAT, hemv\u00e4rnsskydd, tull- och gr\u00e4nsskydd, immigrationskontroll och andra som m\u00f6ter vapenhot kan vara utrustade med v\u00e5ra produkter. M\u00e4nniskor f\u00e5r b\u00e4ttre resultat och f\u00e4rre offer. Produkten l\u00e4mpar sig ocks\u00e5 b\u00e4ttre f\u00f6r situationer som l\u00e5ngdistansuppdrag eller l\u00e5ngdistansuppdrag. Det \u00e4r ocks\u00e5 ett bra val f\u00f6r ditt eget familjeskydd<\/p>\n","protected":false},"excerpt":{"rendered":"<p>Denna liner \u00e4r gjord av ren PE-fiber: f\u00f6rdelen \u00e4r l\u00e5g vikt och mindre risk f\u00f6r sekund\u00e4r skada efter stekning. N\u00e4r den v\u00e4l \u00e4r l\u00e5st \u00e4r projektilen inb\u00e4ddad i bladet med en mycket l\u00e5g sannolikhet f\u00f6r studs<\/p>\n<p>Ren PE skotts\u00e4ker platta, NIJ IIIA kvalitet: vikt 0,5 kg, blys\u00e4ker, 54-typ, 64-typ pistol, 79-typ maskinpistol<\/p>\n<p>Buffertlager: Det finns ett lager av st\u00f6ts\u00e4ker EVA-bomullsdyna inuti varje skotts\u00e4ker platta, som effektivt kan minska p\u00e5verkan p\u00e5 m\u00e4nniskokroppen efter att ha blivit bombad<\/p>\n<p>Dubbelb\u00e5gsdesign: Mekanisk strykning p\u00e5 v\u00e4nster och h\u00f6ger sida av br\u00e4dan enligt ergonomiska principer g\u00f6r att de v\u00e4lvda kanterna passar kroppen perfekt<\/p>\n","protected":false},"featured_media":5466,"comment_status":"open","ping_status":"closed","template":"","meta":[],"product_brand":[],"product_cat":[515],"product_tag":[],"woo-feed-brand":[50],"class_list":{"0":"post-8546","1":"product","2":"type-product","3":"status-publish","4":"has-post-thumbnail","6":"product_cat-skottsaker-brostplatta","7":"woo-feed-brand-tyditiao","9":"first","10":"instock","11":"sale","12":"shipping-taxable","13":"purchasable","14":"product-type-simple"},"_links":{"self":[{"href":"https:\/\/tyditiao.com\/sv\/wp-json\/wp\/v2\/product\/8546","targetHints":{"allow":["GET"]}}],"collection":[{"href":"https:\/\/tyditiao.com\/sv\/wp-json\/wp\/v2\/product"}],"about":[{"href":"https:\/\/tyditiao.com\/sv\/wp-json\/wp\/v2\/types\/product"}],"replies":[{"embeddable":true,"href":"https:\/\/tyditiao.com\/sv\/wp-json\/wp\/v2\/comments?post=8546"}],"wp:featuredmedia":[{"embeddable":true,"href":"https:\/\/tyditiao.com\/sv\/wp-json\/wp\/v2\/media\/5466"}],"wp:attachment":[{"href":"https:\/\/tyditiao.com\/sv\/wp-json\/wp\/v2\/media?parent=8546"}],"wp:term":[{"taxonomy":"product_brand","embeddable":true,"href":"https:\/\/tyditiao.com\/sv\/wp-json\/wp\/v2\/product_brand?post=8546"},{"taxonomy":"product_cat","embeddable":true,"href":"https:\/\/tyditiao.com\/sv\/wp-json\/wp\/v2\/product_cat?post=8546"},{"taxonomy":"product_tag","embeddable":true,"href":"https:\/\/tyditiao.com\/sv\/wp-json\/wp\/v2\/product_tag?post=8546"},{"taxonomy":"woo-feed-brand","embeddable":true,"href":"https:\/\/tyditiao.com\/sv\/wp-json\/wp\/v2\/woo-feed-brand?post=8546"}],"curies":[{"name":"wp","href":"https:\/\/api.w.org\/{rel}","templated":true}]}}