{"id":8558,"date":"2022-10-21T05:20:55","date_gmt":"2023-05-21T10:35:02","guid":{"rendered":"http:\/\/tyditiao.com\/product\/skottsakert-stal-nij-iv-7mm-3kg-skottsakert-ballistiskt-brostskydd-250x300mm\/"},"modified":"2025-09-29T15:50:23","modified_gmt":"2025-09-29T13:50:23","slug":"skottsakert-stal-nij-niva-iv-7mm-3kg-brostskydd-skottsaker-250x300mm","status":"publish","type":"product","link":"https:\/\/tyditiao.com\/sv\/produkt\/skottsakert-stal-nij-niva-iv-7mm-3kg-brostskydd-skottsaker-250x300mm\/","title":{"rendered":"Skotts\u00e4kert st\u00e5l, NIJ IV, 7MM, 3KG, Skotts\u00e4kert ballistiskt br\u00f6stskydd, 250X300MM"},"content":{"rendered":"<p>Vikt: 3 kg<br \/>\nMaterial: skotts\u00e4kert st\u00e5l;<br \/>\nTjocklek: 7MM<br \/>\nSkyddsklass: NIJ IV (GA6)<\/p>\n<p>M\u00e5tt: 25cm * 30cm<br \/>\nForm: Trapets (trapetsbr\u00e4da med avfasade h\u00f6rn)<\/p>\n<p>Packlista:<br \/>\n1 x Trapetsformad skotts\u00e4ker platta.<\/p>\n<p>L\u00e4gga m\u00e4rke till:<br \/>\nReflexv\u00e4st ing\u00e5r ej<\/p>\n<p>Anv\u00e4ndare: familjef\u00f6rsvar, riskrelaterad personal, bankvalutaf\u00f6rsvar, utl\u00e4ndsk milit\u00e4r personal, utl\u00e4ndsk v\u00e4pnad konfliktpersonal, s\u00e4kerhetspersonal, sj\u00f6m\u00e4n, gr\u00e4nsvakter, etc.<\/p>\n","protected":false},"excerpt":{"rendered":"<p>Tillverkad av speciell skotts\u00e4ker st\u00e5lpl\u00e5t: samma skyddsniv\u00e5, med f\u00f6rdelen att vara tunn och l\u00e4tt.<\/p>\n<p>Buffertlager: Det finns ett lager av st\u00f6ts\u00e4ker EVA-bomullsdyna inuti varje skotts\u00e4ker platta, som effektivt kan minska p\u00e5verkan p\u00e5 m\u00e4nniskokroppen efter att ha blivit bombad<\/p>\n<p>Dubbelb\u00e5gsdesign: Mekanisk strykning p\u00e5 v\u00e4nster och h\u00f6ger sida av br\u00e4dan enligt ergonomiska principer g\u00f6r att de v\u00e4lvda kanterna passar kroppen perfekt<\/p>\n<p>Anv\u00e4ndning: F\u00f6r s\u00e4kerhets skull, anv\u00e4nd den med taktiska v\u00e4star, jackor, ballistiska ryggs\u00e4ckar, olika kroppsrustningar, etc.<\/p>\n","protected":false},"featured_media":5376,"comment_status":"open","ping_status":"closed","template":"","meta":[],"product_brand":[],"product_cat":[515],"product_tag":[],"woo-feed-brand":[50],"class_list":{"0":"post-8558","1":"product","2":"type-product","3":"status-publish","4":"has-post-thumbnail","6":"product_cat-skottsaker-brostplatta","7":"woo-feed-brand-tyditiao","9":"first","10":"instock","11":"sale","12":"shipping-taxable","13":"purchasable","14":"product-type-simple"},"_links":{"self":[{"href":"https:\/\/tyditiao.com\/sv\/wp-json\/wp\/v2\/product\/8558","targetHints":{"allow":["GET"]}}],"collection":[{"href":"https:\/\/tyditiao.com\/sv\/wp-json\/wp\/v2\/product"}],"about":[{"href":"https:\/\/tyditiao.com\/sv\/wp-json\/wp\/v2\/types\/product"}],"replies":[{"embeddable":true,"href":"https:\/\/tyditiao.com\/sv\/wp-json\/wp\/v2\/comments?post=8558"}],"wp:featuredmedia":[{"embeddable":true,"href":"https:\/\/tyditiao.com\/sv\/wp-json\/wp\/v2\/media\/5376"}],"wp:attachment":[{"href":"https:\/\/tyditiao.com\/sv\/wp-json\/wp\/v2\/media?parent=8558"}],"wp:term":[{"taxonomy":"product_brand","embeddable":true,"href":"https:\/\/tyditiao.com\/sv\/wp-json\/wp\/v2\/product_brand?post=8558"},{"taxonomy":"product_cat","embeddable":true,"href":"https:\/\/tyditiao.com\/sv\/wp-json\/wp\/v2\/product_cat?post=8558"},{"taxonomy":"product_tag","embeddable":true,"href":"https:\/\/tyditiao.com\/sv\/wp-json\/wp\/v2\/product_tag?post=8558"},{"taxonomy":"woo-feed-brand","embeddable":true,"href":"https:\/\/tyditiao.com\/sv\/wp-json\/wp\/v2\/woo-feed-brand?post=8558"}],"curies":[{"name":"wp","href":"https:\/\/api.w.org\/{rel}","templated":true}]}}