{"id":8564,"date":"2022-10-21T05:17:38","date_gmt":"2023-05-21T10:40:14","guid":{"rendered":"http:\/\/tyditiao.com\/product\/aluminape-nij-level-iii-20mm-2kg-skottsaker-brostplatta-ballistisk-insats-250x300mm\/"},"modified":"2023-05-21T12:40:14","modified_gmt":"2023-05-21T10:40:14","slug":"aluminiumoxid-nij-niva-iii-20mm-2kg-napore-skottsaker-250x300mm","status":"publish","type":"product","link":"https:\/\/tyditiao.com\/sv\/produkt\/aluminiumoxid-nij-niva-iii-20mm-2kg-napore-skottsaker-250x300mm\/","title":{"rendered":"Alumina+PE, NIJ Level III, 20MM, 2KG, skotts\u00e4ker br\u00f6stplatta, ballistisk insats 250X300MM"},"content":{"rendered":"<p>Vikt: 2kg<br \/>\nMaterial: Aluminiumoxid+PE<br \/>\nTjocklek: 20MM<br \/>\nSkyddsklass: NIJ III klass (GA5)<\/p>\n<p>Ytterskikt: svart vattent\u00e4tt polyestertyg;<br \/>\nM\u00e5tt: 250x300mm \/ 9,8&#8217;x11,8&#8242;<br \/>\nForm: Trapets (trapetsbr\u00e4da med avfasade h\u00f6rn)<\/p>\n<p>Packlista:<br \/>\n1 x Trapetsformad skotts\u00e4ker platta.<\/p>\n<p>L\u00e4gga m\u00e4rke till:<br \/>\nReflexv\u00e4st ing\u00e5r ej<\/p>\n<p>M\u00e5lanv\u00e4ndare: F\u00f6rsvarsmakten, SWAT, hemv\u00e4rnsskydd, tull- och gr\u00e4nsskydd, immigrationskontroll och andra som m\u00f6ter vapenhot kan vara utrustade med v\u00e5ra produkter. M\u00e4nniskor f\u00e5r b\u00e4ttre resultat och f\u00e4rre offer. Produkten l\u00e4mpar sig ocks\u00e5 b\u00e4ttre f\u00f6r situationer som l\u00e5ngdistansuppdrag eller l\u00e5ngdistansuppdrag. Det \u00e4r ocks\u00e5 ett bra val f\u00f6r ditt eget familjeskydd<\/p>\n<p>Ballistiska insatser anv\u00e4nds ofta i kroppsskydd eller taktiska v\u00e4star. Det finns tv\u00e5 typer av skotts\u00e4kra patroner: frontal och sido. Frontpanelen skyddar br\u00f6stet och ryggen, och sidopanelerna skyddar kroppens sidor. Avfasningarna skyddar vanligtvis framsidan av br\u00f6stet, och rutorna skyddar ryggen.<\/p>\n<p>Det finns fyra typer av skotts\u00e4kra pl\u00e5tmaterial: skotts\u00e4kert st\u00e5l, PE polyeten, PE+aluminiumoxid, PE+kiselkarbid.<\/p>\n<p>Keramiska skotts\u00e4kra insatser \u00e4r vanligtvis gjorda av material som keramik och polyeten PE. Regeln \u00e4r: n\u00e4r en kula tr\u00e4ffar en skotts\u00e4ker patron tr\u00e4ffar kulan toppen av det keramiska lagret f\u00f6rst. Projektilens enorma slagkraft \u00f6verf\u00f6rs till omgivningen och absorberar projektilens enorma kinetiska energi. N\u00e4r projektilen passerar genom det keramiska lagret f\u00f6rlorar den det mesta av sin kinetiska energi. N\u00e4r projektilen n\u00e5r polyetenskiktet avleder polyetenen projektilens kinetiska energi genom att str\u00e4cka och linda projektilen och fragmenten, med liten effekt p\u00e5 kroppen, vilket ger utm\u00e4rkt skydd.<\/p>\n","protected":false},"excerpt":{"rendered":"<p>Med samma ballistiska betyg \u00e4r den l\u00e4ttare \u00e4n st\u00e5l och billigare \u00e4n kiselkarbid, s\u00e5 aluminiumoxidkeramisk ballistisk \u00e4r en bra balans.<\/p>\n<p>Det \u00f6versta lagret \u00e4r gjort av vattenavvisande polyestertyg, och panelen \u00e4r vattent\u00e4t och fl\u00e4ckbest\u00e4ndig.<\/p>\n<p>Buffertlager: Varje skotts\u00e4ker platta \u00e4r f\u00e4st vid det inre lagret av den EVA-st\u00f6ts\u00e4kra dynan, vilket effektivt kan minska p\u00e5verkan p\u00e5 m\u00e4nniskokroppen efter explosionen<\/p>\n<p>Plattmaterial: det \u00f6versta lagret \u00e4r en keramisk platta av aluminium, och det nedre lagret \u00e4r PE skotts\u00e4ker platta;<\/p>\n","protected":false},"featured_media":5322,"comment_status":"open","ping_status":"closed","template":"","meta":[],"product_brand":[],"product_cat":[515],"product_tag":[],"woo-feed-brand":[50],"class_list":{"0":"post-8564","1":"product","2":"type-product","3":"status-publish","4":"has-post-thumbnail","6":"product_cat-skottsaker-brostplatta","7":"woo-feed-brand-tyditiao","9":"first","10":"instock","11":"sale","12":"shipping-taxable","13":"purchasable","14":"product-type-simple"},"_links":{"self":[{"href":"https:\/\/tyditiao.com\/sv\/wp-json\/wp\/v2\/product\/8564","targetHints":{"allow":["GET"]}}],"collection":[{"href":"https:\/\/tyditiao.com\/sv\/wp-json\/wp\/v2\/product"}],"about":[{"href":"https:\/\/tyditiao.com\/sv\/wp-json\/wp\/v2\/types\/product"}],"replies":[{"embeddable":true,"href":"https:\/\/tyditiao.com\/sv\/wp-json\/wp\/v2\/comments?post=8564"}],"wp:featuredmedia":[{"embeddable":true,"href":"https:\/\/tyditiao.com\/sv\/wp-json\/wp\/v2\/media\/5322"}],"wp:attachment":[{"href":"https:\/\/tyditiao.com\/sv\/wp-json\/wp\/v2\/media?parent=8564"}],"wp:term":[{"taxonomy":"product_brand","embeddable":true,"href":"https:\/\/tyditiao.com\/sv\/wp-json\/wp\/v2\/product_brand?post=8564"},{"taxonomy":"product_cat","embeddable":true,"href":"https:\/\/tyditiao.com\/sv\/wp-json\/wp\/v2\/product_cat?post=8564"},{"taxonomy":"product_tag","embeddable":true,"href":"https:\/\/tyditiao.com\/sv\/wp-json\/wp\/v2\/product_tag?post=8564"},{"taxonomy":"woo-feed-brand","embeddable":true,"href":"https:\/\/tyditiao.com\/sv\/wp-json\/wp\/v2\/woo-feed-brand?post=8564"}],"curies":[{"name":"wp","href":"https:\/\/api.w.org\/{rel}","templated":true}]}}