{"id":8580,"date":"2022-10-18T08:54:02","date_gmt":"2022-10-18T06:54:02","guid":{"rendered":"http:\/\/tyditiao.com\/product\/cs-traningsutrustning-skottsaker-vast-snabbkoppling-yttre-taktisk-vast-inklusive-2xpe-iiia-10x12-skottsakra-plattor\/"},"modified":"2026-01-25T18:58:50","modified_gmt":"2026-01-25T16:58:50","slug":"cs-traningsutrustning-utomhus-ballistisk-vast-snabb-release-taktisk-vast-i-satsen-skottsaker-platta-2xpe-iiia-10x12","status":"publish","type":"product","link":"https:\/\/tyditiao.com\/sv\/produkt\/cs-traningsutrustning-utomhus-ballistisk-vast-snabb-release-taktisk-vast-i-satsen-skottsaker-platta-2xpe-iiia-10x12\/","title":{"rendered":"CS-tr\u00e4ningsutrustning Skotts\u00e4ker v\u00e4st, snabbkoppling yttre taktisk v\u00e4st inklusive 2XPE IIIA 10&#215;12 skotts\u00e4kra plattor"},"content":{"rendered":"<p>Sidorna och axlarna p\u00e5 denna produkt \u00e4r justerbara med kardborre, s\u00e5 att anv\u00e4ndare av alla storlekar kan b\u00e4ra den.<br \/>\nInnerskikt: h\u00f6gh\u00e5llfast material<br \/>\nYtterskikt: n\u00f6tningsbest\u00e4ndig oxfordduk, bomull eller nylon, fl\u00e4ckbest\u00e4ndig och h\u00e5llbar.<\/p>\n<p>&nbsp;<\/p>\n<p>F\u00f6rsvarsniv\u00e5: Standard PE skotts\u00e4ker platta, NIJIIIA,<br \/>\nSkyddsinsats: UHMW-PE<br \/>\nTjocklek:\uff5e8mm\/\uff5e0,3&#8242;<br \/>\nGiltighet: 5 \u00e5r<br \/>\nTyper av projektiler som kan f\u00f6rsvaras mot:<br \/>\n9 mm helmetalljacka (FMJ) \/ runt huvud (RN)<br \/>\n.44 Universal Jacket Hollow Point (JHP)<\/p>\n<p>M\u00e5lanv\u00e4ndare:<br \/>\nDolda NIJ Klass IIIA skotts\u00e4kra v\u00e4star skyddar mot vapenrelaterade faror. Och den har fler tillbeh\u00f6r och upptar ett st\u00f6rre omr\u00e5de. Storleken kan justeras med kardborreband p\u00e5 sidorna och axlarna. V\u00e5ra produkter kan utrustas med v\u00e4pnade styrkor, SWAT-byr\u00e5er, inre s\u00e4kerhetsbyr\u00e5er, tull- och gr\u00e4nsskyddsmyndigheter, immigrationskontrollbyr\u00e5er och andra byr\u00e5er som riskerar skjutvapen. M\u00e4nniskor f\u00e5r b\u00e4ttre resultat och f\u00e4rre offer.<\/p>\n","protected":false},"excerpt":{"rendered":"<p>JUSTERBAR STORLEK: Justerbar storlek med kardborreband p\u00e5 sidorna och axlarna, en storlek passar alla.<\/p>\n<p>F\u00f6rverkliga snabbkoppling: Midjesnabbsp\u00e4nnet \u00e4r l\u00e4tt att anv\u00e4nda.<\/p>\n<p>Gott om f\u00f6rvaring: Inbyggd f\u00f6rvaringsficka och verktygsfickan kan installeras eller tas bort enligt dina behov.<\/p>\n<p>Utrustad med fr\u00e4mre och bakre NIJ IIIA skotts\u00e4kra plattor: kan hantera hotet fr\u00e5n pistolkulor.<\/p>\n<p>\u00d6ka ditt f\u00f6rsvar fritt: jackan kan f\u00f6rses med skotts\u00e4kra inl\u00e4gg i olika niv\u00e5er.<\/p>\n","protected":false},"featured_media":5262,"comment_status":"open","ping_status":"closed","template":"","meta":[],"product_brand":[],"product_cat":[511],"product_tag":[],"woo-feed-brand":[50],"class_list":{"0":"post-8580","1":"product","2":"type-product","3":"status-publish","4":"has-post-thumbnail","6":"product_cat-taktisk-vast","7":"product_shipping_class-0-3-kg-sv","8":"woo-feed-brand-tyditiao","10":"first","11":"instock","12":"sale","13":"shipping-taxable","14":"purchasable","15":"product-type-simple"},"_links":{"self":[{"href":"https:\/\/tyditiao.com\/sv\/wp-json\/wp\/v2\/product\/8580","targetHints":{"allow":["GET"]}}],"collection":[{"href":"https:\/\/tyditiao.com\/sv\/wp-json\/wp\/v2\/product"}],"about":[{"href":"https:\/\/tyditiao.com\/sv\/wp-json\/wp\/v2\/types\/product"}],"replies":[{"embeddable":true,"href":"https:\/\/tyditiao.com\/sv\/wp-json\/wp\/v2\/comments?post=8580"}],"wp:featuredmedia":[{"embeddable":true,"href":"https:\/\/tyditiao.com\/sv\/wp-json\/wp\/v2\/media\/5262"}],"wp:attachment":[{"href":"https:\/\/tyditiao.com\/sv\/wp-json\/wp\/v2\/media?parent=8580"}],"wp:term":[{"taxonomy":"product_brand","embeddable":true,"href":"https:\/\/tyditiao.com\/sv\/wp-json\/wp\/v2\/product_brand?post=8580"},{"taxonomy":"product_cat","embeddable":true,"href":"https:\/\/tyditiao.com\/sv\/wp-json\/wp\/v2\/product_cat?post=8580"},{"taxonomy":"product_tag","embeddable":true,"href":"https:\/\/tyditiao.com\/sv\/wp-json\/wp\/v2\/product_tag?post=8580"},{"taxonomy":"woo-feed-brand","embeddable":true,"href":"https:\/\/tyditiao.com\/sv\/wp-json\/wp\/v2\/woo-feed-brand?post=8580"}],"curies":[{"name":"wp","href":"https:\/\/api.w.org\/{rel}","templated":true}]}}