{"id":8588,"date":"2022-10-12T08:35:45","date_gmt":"2022-10-12T06:35:45","guid":{"rendered":"http:\/\/tyditiao.com\/product\/transparent-ballistisk-mask-nij-iiia-avtagbar-for-hjalmar-med-skenor-pa-bada-sidor\/"},"modified":"2026-01-25T18:59:28","modified_gmt":"2026-01-25T16:59:28","slug":"transparent-skottsaker-mask-nij-iiia-borttagbar-for-helmow-med-skenor-pa-bada-sidor-wendy-fast-etc","status":"publish","type":"product","link":"https:\/\/tyditiao.com\/sv\/produkt\/transparent-skottsaker-mask-nij-iiia-borttagbar-for-helmow-med-skenor-pa-bada-sidor-wendy-fast-etc\/","title":{"rendered":"Transparent ballistisk mask NIJ IIIA avtagbar f\u00f6r hj\u00e4lmar med skenor p\u00e5 b\u00e5da sidor"},"content":{"rendered":"<p>The Removable Ballistic Mask \u00e4r en ny klass IIIA ballistisk mask som f\u00e4sts p\u00e5 en ballistisk hj\u00e4lm.<\/p>\n<p>Denna produkt \u00e4r l\u00e4mplig f\u00f6r hj\u00e4lmar med skenor p\u00e5 b\u00e5da sidor. Till exempel: WENDY, FAST, etc.<\/p>\n<p>Skyddsklass: NIJ IIIA niv\u00e5<\/p>\n<p>Vikt: 1,50 kg (3,31 lb)<\/p>\n<p>Material: PC, PMMA, etc.<\/p>\n<p>Storlek: 350mm(L)*145mm(H)<\/p>\n<p>Masktjocklek: 22mm<\/p>\n<p>Ljusstyrka: 83,9 %<\/p>\n<p>Giltighet: 5 \u00e5r<\/p>\n<p>Om du beh\u00f6ver skotts\u00e4ker hj\u00e4lm, v\u00e4nligen g\u00e5 till v\u00e5r butik f\u00f6r att k\u00f6pa den. Tack!<\/p>\n<p>F\u00f6rpackningsdetaljer: 1 * Skotts\u00e4kert ansiktsskydd (hj\u00e4lm ing\u00e5r ej)<\/p>\n","protected":false},"excerpt":{"rendered":"<p>Huvudmaterialet \u00e4r tillverkat av h\u00f6gkvalitativt genomskinligt polykarbonatharts PC och akrylskiva sandwichtyp, med h\u00f6g uppl\u00f6sning, inget st\u00e4nk, bra skotts\u00e4ker effekt<\/p>\n<p>Det skotts\u00e4kra maskf\u00e4stet \u00e4r tillverkat av st\u00e5l och h\u00f6gh\u00e5llfasta material, som stabilt kan justeras i olika vinklar<\/p>\n<p>Vi har samarbetat djupt med logistikleverant\u00f6rer och kan garantera leverans av varor till n\u00e4stan alla l\u00e4nder och regioner, och alla varor som best\u00e4lls p\u00e5 v\u00e5r fabrikswebbplats \u00e4r portofria<\/p>\n","protected":false},"featured_media":5047,"comment_status":"open","ping_status":"closed","template":"","meta":[],"product_brand":[],"product_cat":[523],"product_tag":[],"woo-feed-brand":[50],"class_list":{"0":"post-8588","1":"product","2":"type-product","3":"status-publish","4":"has-post-thumbnail","6":"product_cat-ballistisk-mask","7":"product_shipping_class-0-3-kg-sv","8":"woo-feed-brand-tyditiao","10":"first","11":"instock","12":"sale","13":"shipping-taxable","14":"purchasable","15":"product-type-simple"},"_links":{"self":[{"href":"https:\/\/tyditiao.com\/sv\/wp-json\/wp\/v2\/product\/8588","targetHints":{"allow":["GET"]}}],"collection":[{"href":"https:\/\/tyditiao.com\/sv\/wp-json\/wp\/v2\/product"}],"about":[{"href":"https:\/\/tyditiao.com\/sv\/wp-json\/wp\/v2\/types\/product"}],"replies":[{"embeddable":true,"href":"https:\/\/tyditiao.com\/sv\/wp-json\/wp\/v2\/comments?post=8588"}],"wp:featuredmedia":[{"embeddable":true,"href":"https:\/\/tyditiao.com\/sv\/wp-json\/wp\/v2\/media\/5047"}],"wp:attachment":[{"href":"https:\/\/tyditiao.com\/sv\/wp-json\/wp\/v2\/media?parent=8588"}],"wp:term":[{"taxonomy":"product_brand","embeddable":true,"href":"https:\/\/tyditiao.com\/sv\/wp-json\/wp\/v2\/product_brand?post=8588"},{"taxonomy":"product_cat","embeddable":true,"href":"https:\/\/tyditiao.com\/sv\/wp-json\/wp\/v2\/product_cat?post=8588"},{"taxonomy":"product_tag","embeddable":true,"href":"https:\/\/tyditiao.com\/sv\/wp-json\/wp\/v2\/product_tag?post=8588"},{"taxonomy":"woo-feed-brand","embeddable":true,"href":"https:\/\/tyditiao.com\/sv\/wp-json\/wp\/v2\/woo-feed-brand?post=8588"}],"curies":[{"name":"wp","href":"https:\/\/api.w.org\/{rel}","templated":true}]}}