{"id":8604,"date":"2022-06-13T04:36:04","date_gmt":"2022-06-13T02:36:04","guid":{"rendered":"http:\/\/tyditiao.com\/product\/militarhjalm-kroppsrustning-klass-iiia-wendys-militara-taktiska-hjalm-ljusbrun\/"},"modified":"2026-01-25T19:00:00","modified_gmt":"2026-01-25T17:00:00","slug":"wendys-skottsaker-hjalm-kevlar-hjalm-taktisk-ljusbrun","status":"publish","type":"product","link":"https:\/\/tyditiao.com\/sv\/produkt\/wendys-skottsaker-hjalm-kevlar-hjalm-taktisk-ljusbrun\/","title":{"rendered":"Milit\u00e4rhj\u00e4lm, kroppsrustning klass IIIA, Wendys milit\u00e4ra taktiska hj\u00e4lm, ljusbrun"},"content":{"rendered":"<p>Den wendy milit\u00e4ra taktiska IIIA ballistiska hj\u00e4lmen \u00e4r designad f\u00f6r att vara superl\u00e4tt och mycket bekv\u00e4m att b\u00e4ra. Snabb och enkel enhandsjustering s\u00e4kerst\u00e4ller en exakt passform. Den \u00e4r ocks\u00e5 utrustad med h\u00f6gkvalitativa energiabsorberande kuddar, som effektivt kan absorbera slagkraften, minska deformationen av hj\u00e4lmkroppen efter att kulan tr\u00e4ffar och minska anv\u00e4ndarens skadefrekvens och sv\u00e5righetsgrad. Wendy milit\u00e4ra taktiska hj\u00e4lm \u00e4r utrustad med universella monteringsskenor och ett nackst\u00f6d, vilket ger Wendy st\u00f6rre m\u00f6jligheter. J\u00e4mf\u00f6rt med MICH skotts\u00e4kra hj\u00e4lmen g\u00f6r den l\u00e4gre vikten att den inte beh\u00f6ver belasta huvudet mer, utan kan anv\u00e4ndas f\u00f6r att b\u00e4ra modernare utrustning, som \u00e4r mer l\u00e4mpad f\u00f6r informationsutbyte mellan team.<\/p>\n<hr \/>\n<p><strong>F\u00f6rsvarsklass:<\/strong><\/p>\n<p>Denna skotts\u00e4kra hj\u00e4lm \u00e4r en NIJ Level IIIA skotts\u00e4ker hj\u00e4lm enligt NIJ 0101.06 standard, och motsvarande testrapport kan tillhandah\u00e5llas.<\/p>\n<hr \/>\n<p><strong>F\u00f6rsvarsprojektilparametrar:<\/strong><\/p>\n<p>.44 Mag SJHP<br \/>\n.357 SIG FMJ FN<br \/>\n9 mm FMJ RN<br \/>\n.357 Mag JSP<br \/>\n.40 S&amp;W FMJ<\/p>\n<p>Ger \u00e4ven skydd mot de flesta pistolhot samt klass IIA och II hot<\/p>\n<hr \/>\n<p><strong>Skults\u00e4ker hj\u00e4lmparametrar:<\/strong><br \/>\nNamn: NIJ llla WENDY skotts\u00e4ker hj\u00e4lm<\/p>\n<p>Material: High Tensile Kevlar-DuPont Aramid Fiber<\/p>\n<p>Huvudomkrets: 52-60 cm<\/p>\n<p>Foder: Slagkuddar av zorbiumskum h\u00e5ller dig sval och torr med ett vattent\u00e4tt, bekv\u00e4mt foder och en antibakteriell bel\u00e4ggning som leder bort svett. Levererar mindre \u00e4n h\u00e4lften av den kraft som kr\u00e4vs f\u00f6r upprepade st\u00f6tar under alla milj\u00f6f\u00f6rh\u00e5llanden. Hj\u00e4lmen levereras som standard med tre extra slagkuddar och \u00e5tta justerbara dynor som kan installeras flexibelt enligt anv\u00e4ndarens krav f\u00f6r optimal passform och komfort.<\/p>\n<p>Valfria tillbeh\u00f6r: uppbl\u00e5sbara syrgasmasker, ansiktsskydd, sidoskydd, bepansrade sidoskydd, skyddssk\u00f6ldar, hj\u00e4lmsk\u00f6ldar, skotts\u00e4kra masker, etc.<\/p>\n<p>Hj\u00e4lmf\u00e4rg: Ljusbrun<br \/>\nMICH \u00e4r en hj\u00e4lm som stoppar pistolskott och ger ett p\u00e5litligt skydd mot skr\u00e4p och nedfallande skr\u00e4p.<br \/>\nkommer att minska skyddet.<\/p>\n<hr \/>\n<p><strong>&#8221;F\u00f6r personer:<\/strong><br \/>\nNIJ llla Kevlar WENDY Ballistic Helmet hanterar pistol- och splitterhot med starkare f\u00e4sten som \u00e4r l\u00e4ttare och bekv\u00e4mare att b\u00e4ra. Denna hj\u00e4lm \u00e4r l\u00e4mplig f\u00f6r alla typer av anv\u00e4ndare. Personal fr\u00e5n myndigheter som milit\u00e4r, polis, SWAT, inre s\u00e4kerhet, tull och gr\u00e4nsbevakning kan utrustas med f\u00f6rb\u00e4ttrad stridskapacitet. Det \u00e4r ocks\u00e5 ett bra val f\u00f6r hemskydd och cosplay.<\/p>\n<hr \/>\n<p>Om du har n\u00e5gra fr\u00e5gor om v\u00e5ra produkter innan du \u00e4r redo att k\u00f6pa v\u00e5ra produkter,<\/p>\n<p>V\u00e4nligen (<a href=\"https:\/\/tyditiao.com\/sv\/kontakt\/\">kontakta oss<\/a>) omedelbart s\u00e5 svarar vi inom 1 arbetsdag. Om du vill best\u00e4lla fler \u00e4n 5 skotts\u00e4kra hj\u00e4lmar samtidigt f\u00e5r du en extra rabatt;<\/p>\n","protected":false},"excerpt":{"rendered":"<p>Bra skotts\u00e4ker prestanda: NIJ Level llla, perfekt huvudskydd.<\/p>\n<p>Bra kvalitet: Wendy Military Tactical Helmet \u00e4r gjord av h\u00e5llbar Dupont Kevlar aramidfiber, som \u00e4r v\u00e4rmebest\u00e4ndig och inte l\u00e4tt att deformera.<\/p>\n<p>L\u00c4TT JUSTERING: L\u00e4tt Military CAM FIT F\u00e4stsystem f\u00f6r hj\u00e4lm med BOA-st\u00e4ngningssystem ger snabb och enkel enhandsjustering och exakt passform.<\/p>\n<p>Bekv\u00e4m att b\u00e4ra: Zorbium Foam Impact-sadeln har ett vattent\u00e4tt foder och en antibakteriell bel\u00e4ggning som transporterar bort fukt f\u00f6r att h\u00e5lla dig sval och torr medan du b\u00e4r den.<\/p>\n<p>Expansion: Rail 2.0 Fastening System \u00e4r kompatibelt med alla EXFIL Rail 2.0 f\u00e4stelement. Dubbelsidiga kardan-monteringsskenor och pannkardan \u00e4r enkla att installera och konfigurera, headset, pistolljus, kameror, blixtljus, m\u00f6rkerseende, GoPro-kameror och NVG-glas\u00f6gon.<\/p>\n","protected":false},"featured_media":3399,"comment_status":"closed","ping_status":"closed","template":"","meta":[],"product_brand":[],"product_cat":[501,177],"product_tag":[],"woo-feed-brand":[50],"class_list":{"0":"post-8604","1":"product","2":"type-product","3":"status-publish","4":"has-post-thumbnail","6":"product_cat-skottsaker-hjalm","7":"product_cat-wendy-sv","8":"woo-feed-brand-tyditiao","10":"first","11":"instock","12":"sale","13":"shipping-taxable","14":"purchasable","15":"product-type-simple"},"_links":{"self":[{"href":"https:\/\/tyditiao.com\/sv\/wp-json\/wp\/v2\/product\/8604","targetHints":{"allow":["GET"]}}],"collection":[{"href":"https:\/\/tyditiao.com\/sv\/wp-json\/wp\/v2\/product"}],"about":[{"href":"https:\/\/tyditiao.com\/sv\/wp-json\/wp\/v2\/types\/product"}],"replies":[{"embeddable":true,"href":"https:\/\/tyditiao.com\/sv\/wp-json\/wp\/v2\/comments?post=8604"}],"wp:featuredmedia":[{"embeddable":true,"href":"https:\/\/tyditiao.com\/sv\/wp-json\/wp\/v2\/media\/3399"}],"wp:attachment":[{"href":"https:\/\/tyditiao.com\/sv\/wp-json\/wp\/v2\/media?parent=8604"}],"wp:term":[{"taxonomy":"product_brand","embeddable":true,"href":"https:\/\/tyditiao.com\/sv\/wp-json\/wp\/v2\/product_brand?post=8604"},{"taxonomy":"product_cat","embeddable":true,"href":"https:\/\/tyditiao.com\/sv\/wp-json\/wp\/v2\/product_cat?post=8604"},{"taxonomy":"product_tag","embeddable":true,"href":"https:\/\/tyditiao.com\/sv\/wp-json\/wp\/v2\/product_tag?post=8604"},{"taxonomy":"woo-feed-brand","embeddable":true,"href":"https:\/\/tyditiao.com\/sv\/wp-json\/wp\/v2\/woo-feed-brand?post=8604"}],"curies":[{"name":"wp","href":"https:\/\/api.w.org\/{rel}","templated":true}]}}