{"id":8608,"date":"2022-06-13T04:32:01","date_gmt":"2022-06-13T02:32:01","guid":{"rendered":"http:\/\/tyditiao.com\/product\/ny-kevlar-hjalm-klass-iiia-militarhjalm-militar-stridshjalm-team-wendy-gron\/"},"modified":"2026-01-25T19:00:14","modified_gmt":"2026-01-25T17:00:14","slug":"wendys-skottsaker-hjalm-kevlar-hjalm-taktisk-gron","status":"publish","type":"product","link":"https:\/\/tyditiao.com\/sv\/produkt\/wendys-skottsaker-hjalm-kevlar-hjalm-taktisk-gron\/","title":{"rendered":"Ny Kevlar-hj\u00e4lm, klass IIIA milit\u00e4rhj\u00e4lm, milit\u00e4r stridshj\u00e4lm Team Wendy, gr\u00f6n"},"content":{"rendered":"<p>Light Soldier Helmet Wendys hj\u00e4lm \u00e4r designad f\u00f6r att vara superl\u00e4tt och mycket bekv\u00e4m att b\u00e4ra. Den \u00e4r ocks\u00e5 utrustad med h\u00f6gkvalitativa energiabsorberande insatser, som effektivt kan absorbera slagkraften, minska deformationen av hj\u00e4lmkroppen n\u00e4r kulan tr\u00e4ffar hj\u00e4lmen och minska skadefrekvensen och graden av anv\u00e4ndaren. Dubbelsidig med universella monteringsskenor och ett kardanf\u00e4ste p\u00e5 pannan, vilket g\u00f6r att Wendy kan skapa fler m\u00f6jligheter.<\/p>\n<hr \/>\n<p><strong>F\u00f6rsvarsklass:<\/strong><\/p>\n<p>Denna skotts\u00e4kra hj\u00e4lm \u00e4r en NIJ Level IIIA skotts\u00e4ker hj\u00e4lm enligt NIJ 0101.06 standard, och motsvarande testrapport kan tillhandah\u00e5llas.<\/p>\n<hr \/>\n<p><strong>F\u00f6rsvarsprojektilparametrar:<\/strong><\/p>\n<p>.44 Mag SJHP<br \/>\n.357 SIG FMJ FN<br \/>\n9 mm FMJ RN<br \/>\n.357 Mag JSP<br \/>\n.40 S&amp;W FMJ<\/p>\n<p>Ger \u00e4ven skydd mot de flesta pistolhot samt klass IIA och II hot<\/p>\n<hr \/>\n<p><strong>Skults\u00e4ker hj\u00e4lmparametrar:<\/strong><br \/>\nNamn: NIJ llla WENDY skotts\u00e4ker hj\u00e4lm<\/p>\n<p>Material: High Tensile Kevlar-DuPont Aramid Fiber<br \/>\nHuvudomkrets: 52-60 cm<\/p>\n<p>Foder: Zorbium Foam Impact Pads h\u00e5ller dig sval och torr med vattent\u00e4t, bekv\u00e4m stoppning och ett antibakteriellt skydd som leder bort svett. Levererar mindre \u00e4n h\u00e4lften av den kraft som kr\u00e4vs f\u00f6r upprepade st\u00f6tar under alla milj\u00f6f\u00f6rh\u00e5llanden. Musmattan levereras som standard med tre slagt\u00e5liga kuddar och \u00e5tta justerbara kuddar f\u00f6r optimal passform och komfort.<\/p>\n<p>Valfria tillbeh\u00f6r: uppbl\u00e5sbara syrgasmasker, ansiktsskydd, sidoskydd, bepansrade sidoskydd, sk\u00f6ldar, hj\u00e4lmsk\u00f6ldar, skotts\u00e4kra masker, etc.<br \/>\nHj\u00e4lm F\u00e4rg: Gr\u00f6n<br \/>\nMICH \u00e4r en hj\u00e4lm som stoppar pistolskott och ger ett p\u00e5litligt skydd mot skr\u00e4p och nedfallande skr\u00e4p.<br \/>\nkommer att minska skyddet.<\/p>\n<hr \/>\n<p><strong>&#8221;F\u00f6r personer:<\/strong><br \/>\nNIJ llla Kevlar WENDY Ballistic Helmet hanterar pistol- och splitterhot med starkare f\u00e4sten som \u00e4r l\u00e4ttare och bekv\u00e4mare att b\u00e4ra. Denna hj\u00e4lm \u00e4r l\u00e4mplig f\u00f6r alla typer av anv\u00e4ndare. Personal fr\u00e5n myndigheter som milit\u00e4r, polis, SWAT, inre s\u00e4kerhet, tull och gr\u00e4nsbevakning kan utrustas med f\u00f6rb\u00e4ttrad stridskapacitet. Det \u00e4r ocks\u00e5 ett bra val f\u00f6r hemskydd och cosplay.<\/p>\n<hr \/>\n<p>Om du vill k\u00f6pa v\u00e5ra produkter eller har n\u00e5gra fr\u00e5gor om v\u00e5ra produkter;<br \/>\nOm du har n\u00e5gra anpassningsbehov;<br \/>\nV\u00e4nligen (<a href=\"https:\/\/tyditiao.com\/sv\/kontakt\/\">kontakta oss<\/a>) omedelbart, vi kommer att svara dig inom 1 arbetsdag<\/p>\n","protected":false},"excerpt":{"rendered":"<p>Bra kvalitet: Milit\u00e4rhj\u00e4lmen av teknisk kvalitet \u00e4r gjord av h\u00f6gh\u00e5llfast DuPont Kevlar Aramid-fiber, som \u00e4r v\u00e4rmebest\u00e4ndig och inte l\u00e4tt att deformera<\/p>\n<p>Bra ballistisk prestanda: NIJ niv\u00e5 IIIA<\/p>\n<p>Bekv\u00e4m att b\u00e4ra: Zorbium Foam Impact Pillow har ett vattent\u00e4tt foder och antimikrobiell bel\u00e4ggning som transporterar bort fukt f\u00f6r att h\u00e5lla dig sval och torr.<\/p>\n<p>L\u00c4TT JUSTERING: L\u00e4tt milit\u00e4rhj\u00e4lm CAM FIT monteringssystem med BOA-st\u00e4ngningssystem f\u00f6r s\u00e4ker enhandsjustering f\u00f6r en exakt passform.<\/p>\n<p>EXPANDERBAR: Rail 2.0-f\u00e4stsystemet \u00e4r kompatibelt med alla EXFIL Rail 2.0-f\u00e4sten. Den dubbelsidiga kardanf\u00e4stet och kardanf\u00e4stet p\u00e5 pannan g\u00f6r att Wendy kan skapa fler m\u00f6jligheter.<\/p>\n","protected":false},"featured_media":3336,"comment_status":"open","ping_status":"closed","template":"","meta":[],"product_brand":[],"product_cat":[501,177],"product_tag":[],"woo-feed-brand":[50],"class_list":{"0":"post-8608","1":"product","2":"type-product","3":"status-publish","4":"has-post-thumbnail","6":"product_cat-skottsaker-hjalm","7":"product_cat-wendy-sv","8":"woo-feed-brand-tyditiao","10":"first","11":"instock","12":"sale","13":"shipping-taxable","14":"purchasable","15":"product-type-simple"},"_links":{"self":[{"href":"https:\/\/tyditiao.com\/sv\/wp-json\/wp\/v2\/product\/8608","targetHints":{"allow":["GET"]}}],"collection":[{"href":"https:\/\/tyditiao.com\/sv\/wp-json\/wp\/v2\/product"}],"about":[{"href":"https:\/\/tyditiao.com\/sv\/wp-json\/wp\/v2\/types\/product"}],"replies":[{"embeddable":true,"href":"https:\/\/tyditiao.com\/sv\/wp-json\/wp\/v2\/comments?post=8608"}],"wp:featuredmedia":[{"embeddable":true,"href":"https:\/\/tyditiao.com\/sv\/wp-json\/wp\/v2\/media\/3336"}],"wp:attachment":[{"href":"https:\/\/tyditiao.com\/sv\/wp-json\/wp\/v2\/media?parent=8608"}],"wp:term":[{"taxonomy":"product_brand","embeddable":true,"href":"https:\/\/tyditiao.com\/sv\/wp-json\/wp\/v2\/product_brand?post=8608"},{"taxonomy":"product_cat","embeddable":true,"href":"https:\/\/tyditiao.com\/sv\/wp-json\/wp\/v2\/product_cat?post=8608"},{"taxonomy":"product_tag","embeddable":true,"href":"https:\/\/tyditiao.com\/sv\/wp-json\/wp\/v2\/product_tag?post=8608"},{"taxonomy":"woo-feed-brand","embeddable":true,"href":"https:\/\/tyditiao.com\/sv\/wp-json\/wp\/v2\/woo-feed-brand?post=8608"}],"curies":[{"name":"wp","href":"https:\/\/api.w.org\/{rel}","templated":true}]}}