{"id":8612,"date":"2022-06-13T04:11:33","date_gmt":"2023-05-21T10:55:35","guid":{"rendered":"http:\/\/tyditiao.com\/product\/polsk-militarhjalm-klass-iiia-taktisk-kevlarhjalm-energihjalm-med-snabbmask-svart\/"},"modified":"2023-05-21T12:55:35","modified_gmt":"2023-05-21T10:55:35","slug":"snabb-skottsaker-hjalm-taktisk-kevlar-nijiiia-svart","status":"publish","type":"product","link":"https:\/\/tyditiao.com\/sv\/produkt\/snabb-skottsaker-hjalm-taktisk-kevlar-nijiiia-svart\/","title":{"rendered":"Polsk milit\u00e4rhj\u00e4lm, klass IIIA taktisk kevlarhj\u00e4lm, energihj\u00e4lm med snabbmask, svart"},"content":{"rendered":"<p><strong>F\u00f6rsvarsklass:<\/strong><\/p>\n<p>Denna skotts\u00e4kra hj\u00e4lm \u00e4r en NIJ Level IIIA skotts\u00e4ker hj\u00e4lm enligt NIJ 0101.06 standard, och motsvarande testrapport kan tillhandah\u00e5llas.<\/p>\n<hr>\n<p><strong>F\u00f6rsvarsprojektilparametrar:<\/strong><\/p>\n<p>.44 Mag SJHP<br \/>\n.357 SIG FMJ FN<br \/>\n9 mm FMJ RN<br \/>\n.357 Mag JSP<br \/>\n.40 S&#038;W FMJ<\/p>\n<p>Ger \u00e4ven skydd mot de flesta pistolhot samt klass IIA och II hot<\/p>\n<hr>\n<p><strong>Skults\u00e4ker hj\u00e4lmparametrar:<\/strong><br \/>\nNamn: NIJ lllA FAST skotts\u00e4ker hj\u00e4lm<\/p>\n<p>Material: High Tensile Kevlar-DuPont Aramid Fiber<br \/>\nHuvudomkrets: 52-64 cm<br \/>\nValfria tillbeh\u00f6r: skotts\u00e4ker mask, etc.<br \/>\nHj\u00e4lm F\u00e4rg: Svart<br \/>\nMICH \u00e4r en hj\u00e4lm som stoppar pistolskott och ger ett p\u00e5litligt skydd mot skr\u00e4p och nedfallande skr\u00e4p.<br \/>\nkommer att minska skyddet.<\/p>\n<hr>\n<p><strong>&#8221;F\u00f6r personer:<\/strong><br \/>\nNIJ llla Kevlar FAST ballistisk hj\u00e4lm \u00e4r designad f\u00f6r att hantera hotet fr\u00e5n vapen och splitter, med starkare f\u00e4sten f\u00f6r en l\u00e4ttare och mer bekv\u00e4m passform. Denna hj\u00e4lm \u00e4r l\u00e4mplig f\u00f6r alla typer av anv\u00e4ndare. Personal fr\u00e5n myndigheter som milit\u00e4r, polis, SWAT, inre s\u00e4kerhet, tull och gr\u00e4nsbevakning kan utrustas med f\u00f6rb\u00e4ttrad stridskapacitet. Det \u00e4r ocks\u00e5 ett bra val f\u00f6r hemskydd och cosplay.<\/p>\n<hr>\n<p><strong>Vad \u00e4r en FAST ballistisk hj\u00e4lm?<\/strong><\/p>\n<p>FAST skotts\u00e4ker hj\u00e4lm (engelska: Future Assault Shell Technology Helmet, nedan kallad: FAST) Future Assault Shell Technology Helmet \u00e4r en stridshj\u00e4lm utvecklad av US Army Research Institute och US Army Research, Development and Engineering Center Natick. Hj\u00e4lmen \u00e4r designad f\u00f6r att ge komfort f\u00f6r speciella operationsoperat\u00f6rer samtidigt som den ger grundl\u00e4ggande ballistiskt skydd. FAST-hj\u00e4lmen visades f\u00f6rst f\u00f6r allm\u00e4nheten p\u00e5 SHOT SHOW 2009 och antogs snart av amerikanska specialstyrkor som opererade i Afghanistan. FAST taktiska ballistiska hj\u00e4lmar anv\u00e4nds nu flitigt i specialstyrkor och specialpolisstyrkor i olika l\u00e4nder. Dessutom \u00e4r FAST taktiska hj\u00e4lmen nu standard stridshj\u00e4lm f\u00f6r det norska f\u00f6rsvaret.<\/p>\n<hr>\n<p><strong>Funktioner hos FAST Kevlar-hj\u00e4lmen:<\/strong><\/p>\n<p>J\u00e4mf\u00f6rt med vanliga milit\u00e4rhj\u00e4lmar \u00e4r FAST-hj\u00e4lmen 25% l\u00e4ttare. Med hj\u00e4lmupph\u00e4ngningssystemet kan anv\u00e4ndarna enkelt justera passformen eller t\u00e4theten p\u00e5 hj\u00e4lmen f\u00f6r optimal komfort. FAST-hj\u00e4lmar \u00e4r utrustade med ARC-skenor p\u00e5 v\u00e4nster och h\u00f6ger sida f\u00f6r montering av utrustning s\u00e5som ficklampor, brusreducerande h\u00f6rlurar och kommunikationsutrustning, samt m\u00f6rkerseende eller videoutrustning kan monteras p\u00e5 mitten av hj\u00e4lmen genom monteringsadaptern, som \u00e4r en speciell strid, som kan l\u00e4gga till en st\u00f6rre taktisk f\u00f6rdel. Dj\u00e4vulen k\u00e4ndes f\u00e4st vid hj\u00e4lmen g\u00f6r det m\u00f6jligt f\u00f6r anv\u00e4ndare att f\u00e4sta sitt lands flagga, arm\u00e9 eller institution, samt l\u00e4mpliga identifieringsst\u00e4mplar som anropssignaler och blodtyper. Dessutom, p\u00e5 grund av den modul\u00e4ra designen, anv\u00e4nds den civila versionen av FAST-hj\u00e4lmen utan skotts\u00e4ker funktion inte bara av milit\u00e4ren och polisen, utan ocks\u00e5 ivrigt adopterad av friluftsidrottare, journalister, r\u00e4ddare och andra f\u00e4ltarbetare.<\/p>\n<hr>\n<p><strong>\u00c4r den FAST taktiska ballistiska hj\u00e4lmen bra skydd och varf\u00f6r \u00e4r den s\u00e5 popul\u00e4r?<\/strong><\/p>\n<p>Det finns tv\u00e5 sk\u00e4l: F\u00f6r det f\u00f6rsta har teknikens framsteg lett till mer och mer teknisk utrustning f\u00f6r enskilda soldater, vilket kr\u00e4ver en plattform f\u00f6r laddning av tekniska tillbeh\u00f6r, som m\u00e5ste offras p\u00e5 bekostnad av skyddet;<br \/>\nF\u00f6r det andra \u00e4r FAST-anv\u00e4ndare huvudsakligen specialstyrkor, och p\u00e5 stridsavst\u00e5nd ger specialstyrkor helt enkelt upp ett visst skydd, portabiliteten och den tekniska utrustningen p\u00e5 plattformen f\u00f6rvandlas till \u00f6verlevnadsgrader, och \u00e4ven i praktiska till\u00e4mpningar, vanligtvis bara n\u00e4r det g\u00e4ller snabba hj\u00e4lmar, Det finns inga element p\u00e5 m\u00e5nga enheter, bara f\u00f6r portabilitet.<\/p>\n<p>FAST bygger inte p\u00e5 strikt skydd. Inga dubbelsidiga h\u00f6rselk\u00e5por r\u00e4cker inte till. Fr\u00e4mst f\u00f6r att underl\u00e4tta f\u00f6r personal som b\u00e4r h\u00f6rlurar och extra tillbeh\u00f6r. L\u00e4tta taktiska hj\u00e4lmar ger delvis upp skyddet och ger st\u00f6rre f\u00f6rdelar i strid.<\/p>\n<p>FAST-hj\u00e4lmar anv\u00e4nds flitigt i m\u00e5nga l\u00e4nder, och m\u00e5nga l\u00e4nder har hj\u00e4lmdesigner som mycket liknar amerikanska FAST-hj\u00e4lmar, s\u00e5som Ryssland, Frankrike och Storbritannien hj\u00e4lmar \u00e4r designade f\u00f6r att \u00f6verensst\u00e4mma med FAST-hj\u00e4lmar, \u00e4ven om de kommer att utvecklas med tiden. Antalet av dessa hj\u00e4lmar f\u00f6r\u00e4ndras ocks\u00e5, men ser fortfarande ut som FAST-hj\u00e4lmen, av uppenbara sk\u00e4l kan denna hj\u00e4lm effektivt skydda huvudet och maximera soldatens liv.<\/p>\n<hr>\n<p><strong>SNABB pris p\u00e5 kevlarhj\u00e4lm?<\/strong><\/p>\n<p>K\u00f6p direkt fr\u00e5n v\u00e5r hemsida och spara 15% p\u00e5 ordinarie pris<\/p>\n<hr>\n<p>Om du vill k\u00f6pa v\u00e5ra produkter eller har n\u00e5gra fr\u00e5gor om v\u00e5ra produkter;<br \/>\nOm du har n\u00e5gra anpassningsbehov;<br \/>\nV\u00e4nligen (<a href=\"http:\/\/tyditiao.com\/en\/contact\/\">kontakta oss<\/a>) omedelbart, vi kommer att svara dig inom 1 arbetsdag<\/p>\n<p>&nbsp;<\/p>\n<p>&nbsp;<\/p>\n","protected":false},"excerpt":{"rendered":"<p>Tillverkad av h\u00f6gh\u00e5llfast DuPont Kevlar Aramidfiber, v\u00e4rmebest\u00e4ndig och inte l\u00e4tt att deformera<\/p>\n<p>NIJ Niv\u00e5 IIIA<\/p>\n<p>Justeringssystemet f\u00f6r huvudomkrets l\u00e5ter dig justera huvudomkretsen med en knapptryckning f\u00f6r att uppn\u00e5 den perfekta passformen p\u00e5 hj\u00e4lmen<\/p>\n<p>Pannan \u00e4r f\u00f6rst\u00e4rkt med elastiska remmar p\u00e5 sidorna av bl\u00e4ckfisken (botten av m\u00f6rkerseendet) f\u00f6r att f\u00e4sta speglar, kameror, m\u00f6rkerseendeglas\u00f6gon och andra enheter<\/p>\n<p>Utrustad med skenor, kraftfullare tillbeh\u00f6rsmontering, kan utrustas med starkt ljussystem och beacon identifieringsljus, kan \u00e4ven utrustas med h\u00f6rselskydd<\/p>\n","protected":false},"featured_media":3192,"comment_status":"closed","ping_status":"closed","template":"","meta":[],"product_brand":[],"product_cat":[155,501],"product_tag":[],"woo-feed-brand":[50],"class_list":{"0":"post-8612","1":"product","2":"type-product","3":"status-publish","4":"has-post-thumbnail","6":"product_cat-fast-sv","7":"product_cat-skottsaker-hjalm","8":"woo-feed-brand-tyditiao","10":"first","11":"instock","12":"sale","13":"shipping-taxable","14":"purchasable","15":"product-type-simple"},"_links":{"self":[{"href":"https:\/\/tyditiao.com\/sv\/wp-json\/wp\/v2\/product\/8612","targetHints":{"allow":["GET"]}}],"collection":[{"href":"https:\/\/tyditiao.com\/sv\/wp-json\/wp\/v2\/product"}],"about":[{"href":"https:\/\/tyditiao.com\/sv\/wp-json\/wp\/v2\/types\/product"}],"replies":[{"embeddable":true,"href":"https:\/\/tyditiao.com\/sv\/wp-json\/wp\/v2\/comments?post=8612"}],"wp:featuredmedia":[{"embeddable":true,"href":"https:\/\/tyditiao.com\/sv\/wp-json\/wp\/v2\/media\/3192"}],"wp:attachment":[{"href":"https:\/\/tyditiao.com\/sv\/wp-json\/wp\/v2\/media?parent=8612"}],"wp:term":[{"taxonomy":"product_brand","embeddable":true,"href":"https:\/\/tyditiao.com\/sv\/wp-json\/wp\/v2\/product_brand?post=8612"},{"taxonomy":"product_cat","embeddable":true,"href":"https:\/\/tyditiao.com\/sv\/wp-json\/wp\/v2\/product_cat?post=8612"},{"taxonomy":"product_tag","embeddable":true,"href":"https:\/\/tyditiao.com\/sv\/wp-json\/wp\/v2\/product_tag?post=8612"},{"taxonomy":"woo-feed-brand","embeddable":true,"href":"https:\/\/tyditiao.com\/sv\/wp-json\/wp\/v2\/woo-feed-brand?post=8612"}],"curies":[{"name":"wp","href":"https:\/\/api.w.org\/{rel}","templated":true}]}}