{"id":8621,"date":"2022-06-13T04:05:41","date_gmt":"2022-06-13T02:05:41","guid":{"rendered":"http:\/\/tyditiao.com\/product\/tysk-militarhjalm-klass-iiia-soldathjalm-ballistisk-taktisk-snabbhjalm-gron\/"},"modified":"2026-03-14T23:16:54","modified_gmt":"2026-03-14T21:16:54","slug":"snabb-skottsaker-roder-taktisk-kevlar-nijiiia-gron","status":"publish","type":"product","link":"https:\/\/tyditiao.com\/sv\/produkt\/snabb-skottsaker-roder-taktisk-kevlar-nijiiia-gron\/","title":{"rendered":"Tysk milit\u00e4rhj\u00e4lm, klass IIIA soldathj\u00e4lm, ballistisk taktisk snabbhj\u00e4lm, gr\u00f6n"},"content":{"rendered":"<p><strong>F\u00f6rsvarsklass:<\/strong><\/p>\n<p>Denna skotts\u00e4kra hj\u00e4lm \u00e4r en NIJ Level IIIA skotts\u00e4ker hj\u00e4lm enligt NIJ 0101.06 standard, och motsvarande testrapport kan tillhandah\u00e5llas.<\/p>\n<hr \/>\n<p><strong>F\u00f6rsvarsprojektilparametrar:<\/strong><\/p>\n<p>.44 Mag SJHP<br \/>\n.357 SIG FMJ FN<br \/>\n9 mm FMJ RN<br \/>\n.357 Mag JSP<br \/>\n.40 S&amp;W FMJ<\/p>\n<p>Ger \u00e4ven skydd mot de flesta pistolhot samt klass IIA och II hot<\/p>\n<hr \/>\n<p><strong>Skults\u00e4ker hj\u00e4lmparametrar:<\/strong><\/p>\n<p>Namn: NIJ lllA FAST skotts\u00e4ker hj\u00e4lm<\/p>\n<p>Material: High Tensile Kevlar-DuPont Aramid Fiber<br \/>\nHuvudomkrets: 52-64 cm<br \/>\nValfria tillbeh\u00f6r: skotts\u00e4ker mask, etc.<br \/>\nHj\u00e4lm F\u00e4rg: Gr\u00f6n<br \/>\nMICH \u00e4r en hj\u00e4lm som stoppar pistolskott och ger ett p\u00e5litligt skydd mot skr\u00e4p och nedfallande skr\u00e4p.<br \/>\nkommer att minska skyddet.<\/p>\n<hr \/>\n<p><strong>&#8221;F\u00f6r personer:<\/strong><\/p>\n<p>NIJ llla Kevlar FAST ballistisk hj\u00e4lm \u00e4r designad f\u00f6r att hantera hotet fr\u00e5n vapen och splitter, med starkare f\u00e4sten f\u00f6r en l\u00e4ttare och mer bekv\u00e4m passform. Denna hj\u00e4lm \u00e4r l\u00e4mplig f\u00f6r alla typer av anv\u00e4ndare. Personal fr\u00e5n myndigheter som milit\u00e4r, polis, SWAT, inre s\u00e4kerhet, tull och gr\u00e4nsbevakning kan utrustas med f\u00f6rb\u00e4ttrad stridskapacitet. Det \u00e4r ocks\u00e5 ett bra val f\u00f6r hemskydd och cosplay.<\/p>\n<hr \/>\n<p><strong>Funktioner hos FAST Military Tactical Ballistic Helmet:<\/strong><\/p>\n<p>J\u00e4mf\u00f6rt med vanliga milit\u00e4rhj\u00e4lmar \u00e4r FAST-hj\u00e4lmen 25% l\u00e4ttare. Tack vare hj\u00e4lmens fj\u00e4dringssystem kan anv\u00e4ndarna enkelt justera hj\u00e4lmens passform eller t\u00e4thet f\u00f6r optimal komfort. FAST-hj\u00e4lmen \u00e4r utrustad med ARC-skenor p\u00e5 v\u00e4nster och h\u00f6ger sida f\u00f6r montering av tillbeh\u00f6r som ficklampor, brusreducerande h\u00f6rlurar och kommunikationsutrustning, samt m\u00f6rkerseende eller videoinspelningsutrustning. Adaptern kan monteras i mitten av hj\u00e4lmen via adaptern. Detta \u00e4r en speciell kamp som kan l\u00e4gga till en st\u00f6rre taktisk f\u00f6rdel. Dessutom, p\u00e5 grund av den modul\u00e4ra designen, anv\u00e4nds den civila versionen av den icke-skotts\u00e4kra FAST-hj\u00e4lmen inte bara av milit\u00e4ren och polisen, utan accepteras ocks\u00e5 ivrigt av utomhusidrottare och f\u00e4ltarbetare som journalister och r\u00e4ddare. Dessutom, p\u00e5 grund av den modul\u00e4ra designen, anv\u00e4nds den civila versionen av den icke-skotts\u00e4kra FAST-hj\u00e4lmen inte bara av milit\u00e4ren och polisen, utan accepteras ocks\u00e5 ivrigt av utomhusidrottare och f\u00e4ltarbetare som journalister och r\u00e4ddare.<\/p>\n<hr \/>\n<p><strong>Ger FAST milit\u00e4ra taktiska ballistiska hj\u00e4lmar bra skydd och varf\u00f6r \u00e4r de popul\u00e4ra?<\/strong><\/p>\n<p>Det finns tv\u00e5 anledningar: F\u00f6r det f\u00f6rsta har den tekniska utvecklingen gjort att enskilda soldater blivit mer och mer teknisk utrustning, som kr\u00e4ver en plattform f\u00f6r att ladda tekniska tillbeh\u00f6r, och att de m\u00e5ste offra skydd f\u00f6r att v\u00e4lja;<br \/>\nF\u00f6r det andra \u00e4r FAST-anv\u00e4ndare huvudsakligen specialstyrkor, och specialstyrkorna ger helt enkelt upp ett visst skydd p\u00e5 stridsavst\u00e5ndet, portabiliteten och teknisk utrustning p\u00e5 plattformen blir \u00f6verlevnadsgraden, \u00e4ven i praktiska till\u00e4mpningar, vanligtvis bara f\u00f6r snabba hj\u00e4lmar, \u00e4r de inte flera enheter element p\u00e5 den, bara f\u00f6r portabilitet.<\/p>\n<p>FAST f\u00f6rlitar sig inte p\u00e5 strikt skydd. Inga \u00f6ronk\u00e5por p\u00e5 b\u00e5da sidor r\u00e4cker. Fr\u00e4mst f\u00f6r komforten f\u00f6r personalen som b\u00e4r h\u00f6rlurar och extra tillbeh\u00f6r. L\u00e4tta taktiska hj\u00e4lmar som delvis avst\u00e5r fr\u00e5n skydd ger st\u00f6rre f\u00f6rdelar i strid.<\/p>\n<p>FAST-hj\u00e4lmar anv\u00e4nds flitigt i m\u00e5nga l\u00e4nder, och m\u00e5nga l\u00e4nder har hj\u00e4lmdesigner som mycket liknar amerikanska FAST-hj\u00e4lmar, till exempel ryska, franska och brittiska hj\u00e4lmar \u00e4r designade enligt FAST-hj\u00e4lmar, \u00e4ven om de kommer att utvecklas \u00f6ver tiden. Dessa hj\u00e4lmar f\u00f6r\u00e4ndras ocks\u00e5 hela tiden, men ser fortfarande v\u00e4ldigt lika ut som FAST-hj\u00e4lmarna, av f\u00f6rklarliga sk\u00e4l, som effektivt skyddar huvudet och maximerar soldatens liv.<\/p>\n<hr \/>\n<p><strong>SNABBT pris p\u00e5 milit\u00e4r taktisk ballistisk hj\u00e4lm?<\/strong><\/p>\n<p>Detta \u00e4r v\u00e5r taktiska skyddshj\u00e4lmsbutik, k\u00f6p direkt fr\u00e5n v\u00e5r hemsida, du kan f\u00e5 15% rabatt p\u00e5 originalpriset<\/p>\n<p>Om du vill k\u00f6pa v\u00e5ra produkter eller har n\u00e5gra fr\u00e5gor om v\u00e5ra produkter, v\u00e4nligen (<a href=\"https:\/\/tyditiao.com\/sv\/kontakt\/\">kontakta oss<\/a>) omg\u00e5ende, vi kommer att svara dig inom 1 arbetsdag. Om du vill best\u00e4lla fler \u00e4n 5 skotts\u00e4kra hj\u00e4lmar samtidigt f\u00e5r du ytterligare rabatt;<\/p>\n","protected":false},"excerpt":{"rendered":"<p>Tillverkad av h\u00f6gh\u00e5llfast DuPont Kevlar Aramidfiber, v\u00e4rmebest\u00e4ndig och inte l\u00e4tt att deformera<\/p>\n<p>NIJ Niv\u00e5 IIIA<\/p>\n<p>Justeringssystem f\u00f6r huvudomkrets, kan g\u00f6ra hj\u00e4lmen f\u00f6r att uppn\u00e5 den idealiska b\u00e4reffekten<\/p>\n<p>Justeringssystemet f\u00f6r huvudomkrets l\u00e5ter dig justera huvudomkretsen med en knapptryckning f\u00f6r att uppn\u00e5 den perfekta passformen p\u00e5 hj\u00e4lmen<\/p>\n<p>Pannan \u00e4r f\u00f6rst\u00e4rkt med elastiska remmar p\u00e5 sidorna av bl\u00e4ckfisken (botten av m\u00f6rkerseendet) f\u00f6r att f\u00e4sta speglar, kameror, m\u00f6rkerseendeglas\u00f6gon och andra enheter<\/p>\n<p>Utrustad med skenor, kraftfullare tillbeh\u00f6rsmontering, kan utrustas med starkt ljussystem och beacon identifieringsljus, kan \u00e4ven utrustas med h\u00f6rselskydd<\/p>\n","protected":false},"featured_media":3183,"comment_status":"open","ping_status":"closed","template":"","meta":[],"product_brand":[],"product_cat":[155,501],"product_tag":[],"woo-feed-brand":[50],"class_list":{"0":"post-8621","1":"product","2":"type-product","3":"status-publish","4":"has-post-thumbnail","6":"product_cat-fast-sv","7":"product_cat-skottsaker-hjalm","8":"woo-feed-brand-tyditiao","10":"first","11":"instock","12":"sale","13":"shipping-taxable","14":"purchasable","15":"product-type-simple"},"_links":{"self":[{"href":"https:\/\/tyditiao.com\/sv\/wp-json\/wp\/v2\/product\/8621","targetHints":{"allow":["GET"]}}],"collection":[{"href":"https:\/\/tyditiao.com\/sv\/wp-json\/wp\/v2\/product"}],"about":[{"href":"https:\/\/tyditiao.com\/sv\/wp-json\/wp\/v2\/types\/product"}],"replies":[{"embeddable":true,"href":"https:\/\/tyditiao.com\/sv\/wp-json\/wp\/v2\/comments?post=8621"}],"wp:featuredmedia":[{"embeddable":true,"href":"https:\/\/tyditiao.com\/sv\/wp-json\/wp\/v2\/media\/3183"}],"wp:attachment":[{"href":"https:\/\/tyditiao.com\/sv\/wp-json\/wp\/v2\/media?parent=8621"}],"wp:term":[{"taxonomy":"product_brand","embeddable":true,"href":"https:\/\/tyditiao.com\/sv\/wp-json\/wp\/v2\/product_brand?post=8621"},{"taxonomy":"product_cat","embeddable":true,"href":"https:\/\/tyditiao.com\/sv\/wp-json\/wp\/v2\/product_cat?post=8621"},{"taxonomy":"product_tag","embeddable":true,"href":"https:\/\/tyditiao.com\/sv\/wp-json\/wp\/v2\/product_tag?post=8621"},{"taxonomy":"woo-feed-brand","embeddable":true,"href":"https:\/\/tyditiao.com\/sv\/wp-json\/wp\/v2\/woo-feed-brand?post=8621"}],"curies":[{"name":"wp","href":"https:\/\/api.w.org\/{rel}","templated":true}]}}