{"id":8626,"date":"2022-06-13T03:55:46","date_gmt":"2023-05-21T11:14:34","guid":{"rendered":"http:\/\/tyditiao.com\/product\/militarhjalm-iiia-tactical-ballistic-helmet-polsk-kevlar-hjalm-gron\/"},"modified":"2026-03-14T23:16:58","modified_gmt":"2026-03-14T21:16:58","slug":"mich2000-skottsaker-helm-kevlar-niva-3-gron","status":"publish","type":"product","link":"https:\/\/tyditiao.com\/sv\/produkt\/mich2000-skottsaker-helm-kevlar-niva-3-gron\/","title":{"rendered":"Milit\u00e4rhj\u00e4lm, IIIA Tactical Ballistic Helmet, Polsk Kevlar-hj\u00e4lm, Gr\u00f6n"},"content":{"rendered":"<p><strong>F\u00f6rsvarsklass:<\/strong><\/p>\n<p>Denna skotts\u00e4kra hj\u00e4lm \u00e4r en NIJ Level IIIA skotts\u00e4ker hj\u00e4lm enligt NIJ 0101.06 standard, och motsvarande testrapport kan tillhandah\u00e5llas.<\/p>\n<p>Denna produkt kvalificerar ocks\u00e5 som en Enhanced Combat Helmet (ECH) n\u00e4r den anv\u00e4nds med en \u00f6verpansarplatta f\u00f6r \u00e4kta gev\u00e4rsskydd<\/p>\n<hr>\n<p><strong>F\u00f6rsvarsprojektilparametrar:<\/strong><\/p>\n<p>.44 Mag SJHP<br \/>\n.357 SIG FMJ FN<br \/>\n9 mm FMJ RN<br \/>\n.357 Mag JSP<br \/>\n.40 S&#038;W FMJ<\/p>\n<p>Ger \u00e4ven skydd mot de flesta pistolhot samt klass IIA och II hot<\/p>\n<hr>\n<p><strong>Skults\u00e4ker hj\u00e4lmparametrar:<\/strong><br \/>\nNamn: NIJ lllA MICH2000 skotts\u00e4ker hj\u00e4lm<\/p>\n<p>Material: High Tensile Kevlar-DuPont Aramid Fiber<br \/>\nS\u00e4nkning efter projektiluppskjutning: &lt;20 mm<br \/>\nHuvudomkrets: 52-60 cm<br \/>\nFoder: Ompositionerbart skumfoder med l\u00e5ngsam \u00e5terh\u00e4mtning h\u00e5ller hj\u00e4lmen bekv\u00e4m och f\u00f6rhindrar tr\u00f6tthet och \u00f6verhettning.<br \/>\nValfria tillbeh\u00f6r: skotts\u00e4ker mask, etc.<br \/>\nHj\u00e4lm F\u00e4rg: Gr\u00f6n<br \/>\nMICH \u00e4r en hj\u00e4lm som stoppar pistolskott och ger ett p\u00e5litligt skydd mot skr\u00e4p och nedfallande skr\u00e4p.<br \/>\nkommer att minska skyddet.<\/p>\n<hr>\n<p><strong>&#8221;F\u00f6r personer:<\/strong><br \/>\nNIJ lllA Kevlar MICH2000 Ballistic Helmet hanterar pistol- och splitterhot med st\u00f6rre f\u00e4stkapacitet f\u00f6r en l\u00e4ttare, bekv\u00e4mare passform. Denna hj\u00e4lm \u00e4r l\u00e4mplig f\u00f6r alla typer av anv\u00e4ndare. Personal fr\u00e5n myndigheter som milit\u00e4r, polis, SWAT, inre s\u00e4kerhet, tull och gr\u00e4nsbevakning kan utrustas med f\u00f6rb\u00e4ttrad stridskapacitet. Det \u00e4r ocks\u00e5 ett bra val f\u00f6r hemskydd och cosplay.<\/p>\n<p>MICH \u00e4r en hj\u00e4lm som stoppar pistolskott och ger ett p\u00e5litligt skydd mot skr\u00e4p och nedfallande skr\u00e4p. Den mich ballistiska hj\u00e4lmen ger inte bara det n\u00f6dv\u00e4ndiga omfattande skyddet mot trubbiga vapen, ballistiska och andra hot, utan \u00e4r ocks\u00e5 mycket modul\u00e4r och bekv\u00e4m. Den h\u00e4r produkten kvalificerar sig ocks\u00e5 som en Enhanced Combat Helmet (ECH) n\u00e4r den anv\u00e4nds i kombination med den \u00f6vre pansarplattan f\u00f6r att ge gev\u00e4ret ett riktigt skydd. Det l\u00e5ga snittet ger b\u00e4ttre t\u00e4ckning p\u00e5 b\u00e5da sidor av huvudet \u00e4n over-ear-hj\u00e4lmar. Dessa hj\u00e4lmar kommer ocks\u00e5 med \u00f6ronk\u00e5por f\u00f6r att rymma h\u00f6rlurar och annan kommunikationsutrustning.<\/p>\n<hr>\n<p><strong>Vilken \u00e4r mest popul\u00e4r, MICH2000 eller FAST taktisk ballistisk hj\u00e4lm?<\/strong><br \/>\nMICH2000 har en st\u00f6rre skyddsyta, vilket \u00e4r mer f\u00f6rdelaktigt om du inte planerar att installera flera tillbeh\u00f6r. Om du planerar att v\u00e4lja mycket utrustning, till exempel (att b\u00e4ra en ficklampa, brusreducerande h\u00f6rlurar och kommunikationsutrustning, m\u00f6rkerseende eller videoinspelningsutrustning etc.) rekommenderas att anv\u00e4nda FAST, eftersom det inte blir f\u00f6r mycket tung f\u00f6r att orsaka tryck p\u00e5 din nacke, vilket indirekt p\u00e5verkar aktivitetsf\u00f6rm\u00e5gan.<\/p>\n<hr>\n<p><strong>MICH2000 milit\u00e4rhj\u00e4lm pris<\/strong><br \/>\nK\u00f6p p\u00e5 v\u00e5r hemsida och spara 15% p\u00e5 priset<\/p>\n<hr>\n<p>Om du vill k\u00f6pa v\u00e5ra produkter eller har n\u00e5gra fr\u00e5gor om v\u00e5ra produkter;<br \/>\nOm du har n\u00e5gra anpassningsbehov;<br \/>\nV\u00e4nligen (<a href=\"http:\/\/tyditiao.com\/en\/contact\/\">kontakta oss<\/a>) omedelbart, vi kommer att svara dig inom 1 arbetsdag<\/p>\n","protected":false},"excerpt":{"rendered":"<p>Bra kvalitet: Tillverkad av h\u00f6gkvalitativ DuPont Kevlar Aramidfiber, v\u00e4rmebest\u00e4ndig och inte l\u00e4tt deformerad<\/p>\n<p>Bra ballistisk prestanda: NIJ niv\u00e5 IIIA<\/p>\n<p>Slow Shape Memory Foam: Fukttransporterande tyg f\u00f6r enkel reng\u00f6ring, modul\u00e4ra kuddar som kan justeras av slutanv\u00e4ndaren<\/p>\n<p>Torkat bl\u00e4ckfisksystem: \u00e4ven k\u00e4nt som nattsynsbas, kan kombineras med str\u00e5lkastare, kameror, m\u00f6rkerseendeenheter och annan utrustning<\/p>\n<p>Det finns j\u00e4rnv\u00e4gsgrupper p\u00e5 v\u00e4nster och h\u00f6ger sida: kan installeras med starkt belysningssystem, signal-ID-ljus, h\u00f6rlursskydd<\/p>\n","protected":false},"featured_media":3705,"comment_status":"open","ping_status":"closed","template":"","meta":[],"product_brand":[],"product_cat":[162,501],"product_tag":[],"woo-feed-brand":[50],"class_list":{"0":"post-8626","1":"product","2":"type-product","3":"status-publish","4":"has-post-thumbnail","6":"product_cat-mich2000-sv","7":"product_cat-skottsaker-hjalm","8":"woo-feed-brand-tyditiao","10":"first","11":"instock","12":"sale","13":"shipping-taxable","14":"purchasable","15":"product-type-simple"},"_links":{"self":[{"href":"https:\/\/tyditiao.com\/sv\/wp-json\/wp\/v2\/product\/8626","targetHints":{"allow":["GET"]}}],"collection":[{"href":"https:\/\/tyditiao.com\/sv\/wp-json\/wp\/v2\/product"}],"about":[{"href":"https:\/\/tyditiao.com\/sv\/wp-json\/wp\/v2\/types\/product"}],"replies":[{"embeddable":true,"href":"https:\/\/tyditiao.com\/sv\/wp-json\/wp\/v2\/comments?post=8626"}],"wp:featuredmedia":[{"embeddable":true,"href":"https:\/\/tyditiao.com\/sv\/wp-json\/wp\/v2\/media\/3705"}],"wp:attachment":[{"href":"https:\/\/tyditiao.com\/sv\/wp-json\/wp\/v2\/media?parent=8626"}],"wp:term":[{"taxonomy":"product_brand","embeddable":true,"href":"https:\/\/tyditiao.com\/sv\/wp-json\/wp\/v2\/product_brand?post=8626"},{"taxonomy":"product_cat","embeddable":true,"href":"https:\/\/tyditiao.com\/sv\/wp-json\/wp\/v2\/product_cat?post=8626"},{"taxonomy":"product_tag","embeddable":true,"href":"https:\/\/tyditiao.com\/sv\/wp-json\/wp\/v2\/product_tag?post=8626"},{"taxonomy":"woo-feed-brand","embeddable":true,"href":"https:\/\/tyditiao.com\/sv\/wp-json\/wp\/v2\/woo-feed-brand?post=8626"}],"curies":[{"name":"wp","href":"https:\/\/api.w.org\/{rel}","templated":true}]}}