{"id":8632,"date":"2022-06-13T03:53:55","date_gmt":"2022-06-13T01:53:55","guid":{"rendered":"http:\/\/tyditiao.com\/product\/skottsaker-rustning-klass-iiia-taktisk-hjalm-mich2000-specialstyrkor-hjalm-ljusbrun\/"},"modified":"2026-01-25T19:00:48","modified_gmt":"2026-01-25T17:00:48","slug":"mich2000-skottsaker-helm-kevlar-niva-3-ljusbrun","status":"publish","type":"product","link":"https:\/\/tyditiao.com\/sv\/produkt\/mich2000-skottsaker-helm-kevlar-niva-3-ljusbrun\/","title":{"rendered":"Skotts\u00e4ker rustning, klass IIIA taktisk hj\u00e4lm, mich2000 specialstyrkor hj\u00e4lm, ljusbrun"},"content":{"rendered":"<p>MICH \u00e4r en hj\u00e4lm som stoppar pistolskott och ger ett p\u00e5litligt skydd mot skr\u00e4p och nedfallande skr\u00e4p. Det l\u00e5ga snittet ger b\u00e4ttre t\u00e4ckning p\u00e5 b\u00e5da sidor av huvudet \u00e4n over-ear-hj\u00e4lmar. Dessa hj\u00e4lmar kommer ocks\u00e5 med \u00f6ronk\u00e5por f\u00f6r att rymma h\u00f6rlurar och annan kommunikationsutrustning.<\/p>\n<hr \/>\n<p><strong>F\u00f6rsvarsklass:<\/strong><\/p>\n<p>Denna skotts\u00e4kra hj\u00e4lm \u00e4r en NIJ Level IIIA skotts\u00e4ker hj\u00e4lm enligt NIJ 0101.06 standard, och motsvarande testrapport kan tillhandah\u00e5llas.<\/p>\n<p>Denna produkt kvalificerar ocks\u00e5 som en Enhanced Combat Helmet (ECH) n\u00e4r den anv\u00e4nds med en \u00f6verpansarplatta f\u00f6r \u00e4kta gev\u00e4rsskydd<\/p>\n<hr \/>\n<p><strong>F\u00f6rsvarsprojektilparametrar:<\/strong><\/p>\n<p>.44 Mag SJHP<br \/>\n.357 SIG FMJ FN<br \/>\n9 mm FMJ RN<br \/>\n.357 Mag JSP<br \/>\n.40 S&amp;W FMJ<\/p>\n<p>Ger \u00e4ven skydd mot de flesta pistolhot samt klass IIA och II hot<\/p>\n<hr \/>\n<p><strong>Skults\u00e4ker hj\u00e4lmparametrar:<\/strong><br \/>\nNamn: NIJ lllA MICH2000 skotts\u00e4ker hj\u00e4lm<\/p>\n<p>Material: High Tensile Kevlar-DuPont Aramid Fiber<br \/>\nHuvudomkrets: 52-60 cm (tv\u00e5stegs ryggst\u00f6dsjustering och justerbar hakrem)<br \/>\nFoder: Ompositionerbart skumfoder med l\u00e5ngsam \u00e5terh\u00e4mtning h\u00e5ller hj\u00e4lmen bekv\u00e4m och f\u00f6rhindrar tr\u00f6tthet och \u00f6verhettning.<br \/>\nValfria tillbeh\u00f6r: skotts\u00e4ker mask, etc.<br \/>\nHj\u00e4lmf\u00e4rg: Ljusbrun<br \/>\nMICH \u00e4r en hj\u00e4lm som stoppar pistolskott och ger ett p\u00e5litligt skydd mot skr\u00e4p och nedfallande skr\u00e4p.<br \/>\nkommer att minska skyddet.<\/p>\n<hr \/>\n<p><strong>&#8221;F\u00f6r personer:<\/strong><br \/>\nNIJ lllA Kevlar MICH2000 Ballistic Helmet hanterar pistol- och splitterhot med st\u00f6rre f\u00e4stkapacitet f\u00f6r en l\u00e4ttare, bekv\u00e4mare passform. Denna hj\u00e4lm \u00e4r l\u00e4mplig f\u00f6r alla typer av anv\u00e4ndare. Personal fr\u00e5n myndigheter som milit\u00e4r, polis, SWAT, inre s\u00e4kerhet, tull och gr\u00e4nsbevakning kan utrustas med f\u00f6rb\u00e4ttrad stridskapacitet. Det \u00e4r ocks\u00e5 ett bra val f\u00f6r hemskydd och cosplay.<\/p>\n<hr \/>\n<p>Om du vill k\u00f6pa v\u00e5ra produkter eller har n\u00e5gra fr\u00e5gor om v\u00e5ra produkter;<br \/>\nOm du har n\u00e5gra anpassningsbehov;<br \/>\nV\u00e4nligen (<a href=\"https:\/\/tyditiao.com\/sv\/kontakt\/\">kontakta oss<\/a>) omedelbart, vi kommer att svara dig inom 1 arbetsdag<\/p>\n","protected":false},"excerpt":{"rendered":"<p>Stort skyddsomr\u00e5de: Skyddsomr\u00e5det \u00e4r st\u00f6rre \u00e4n f\u00f6r traditionella skotts\u00e4kra hj\u00e4lmar, vilket ger bra skydd f\u00f6r \u00f6rondelen<\/p>\n<p>Bra kvalitet: Tillverkad av h\u00f6gkvalitativ DuPont Kevlar Aramidfiber, v\u00e4rmebest\u00e4ndig och inte l\u00e4tt deformerad<\/p>\n<p>Bra ballistisk prestanda: NIJ niv\u00e5 IIIA<\/p>\n<p>Torkningssystem f\u00f6r bl\u00e4ckfisk och v\u00e4nster och h\u00f6ger skena g\u00f6r att du kan installera set headset, pistolljus, kamera, blixtlista, m\u00f6rkerseende, GoPro-kamera, NVG-glas\u00f6gon<\/p>\n<p>Bra uppgraderingsprestanda: uppgraderbar syrgasmask, hj\u00e4lm, sidoskydd, bepansrat sidoskydd, skyddssk\u00f6ld, hj\u00e4lmskydd<\/p>\n","protected":false},"featured_media":3129,"comment_status":"open","ping_status":"closed","template":"","meta":[],"product_brand":[],"product_cat":[162,501],"product_tag":[],"woo-feed-brand":[50],"class_list":{"0":"post-8632","1":"product","2":"type-product","3":"status-publish","4":"has-post-thumbnail","6":"product_cat-mich2000-sv","7":"product_cat-skottsaker-hjalm","8":"woo-feed-brand-tyditiao","10":"first","11":"instock","12":"sale","13":"shipping-taxable","14":"purchasable","15":"product-type-simple"},"_links":{"self":[{"href":"https:\/\/tyditiao.com\/sv\/wp-json\/wp\/v2\/product\/8632","targetHints":{"allow":["GET"]}}],"collection":[{"href":"https:\/\/tyditiao.com\/sv\/wp-json\/wp\/v2\/product"}],"about":[{"href":"https:\/\/tyditiao.com\/sv\/wp-json\/wp\/v2\/types\/product"}],"replies":[{"embeddable":true,"href":"https:\/\/tyditiao.com\/sv\/wp-json\/wp\/v2\/comments?post=8632"}],"wp:featuredmedia":[{"embeddable":true,"href":"https:\/\/tyditiao.com\/sv\/wp-json\/wp\/v2\/media\/3129"}],"wp:attachment":[{"href":"https:\/\/tyditiao.com\/sv\/wp-json\/wp\/v2\/media?parent=8632"}],"wp:term":[{"taxonomy":"product_brand","embeddable":true,"href":"https:\/\/tyditiao.com\/sv\/wp-json\/wp\/v2\/product_brand?post=8632"},{"taxonomy":"product_cat","embeddable":true,"href":"https:\/\/tyditiao.com\/sv\/wp-json\/wp\/v2\/product_cat?post=8632"},{"taxonomy":"product_tag","embeddable":true,"href":"https:\/\/tyditiao.com\/sv\/wp-json\/wp\/v2\/product_tag?post=8632"},{"taxonomy":"woo-feed-brand","embeddable":true,"href":"https:\/\/tyditiao.com\/sv\/wp-json\/wp\/v2\/woo-feed-brand?post=8632"}],"curies":[{"name":"wp","href":"https:\/\/api.w.org\/{rel}","templated":true}]}}