{"id":8637,"date":"2022-06-13T03:50:24","date_gmt":"2022-06-13T01:50:24","guid":{"rendered":"http:\/\/tyditiao.com\/product\/klass-iiia-taktisk-utrustning-militar-skottsaker-hjalm-svart\/"},"modified":"2026-03-17T13:18:07","modified_gmt":"2026-03-17T11:18:07","slug":"mich2000-skottsaker-helm-kevlar-niva-3-svart","status":"publish","type":"product","link":"https:\/\/tyditiao.com\/sv\/produkt\/mich2000-skottsaker-helm-kevlar-niva-3-svart\/","title":{"rendered":"Klass IIIA taktisk utrustning, milit\u00e4r skotts\u00e4ker hj\u00e4lm, svart"},"content":{"rendered":"<p><strong>F\u00f6rsvarsklass:<\/strong><br \/>\nDenna skotts\u00e4kra hj\u00e4lm \u00e4r en NIJ Level IIIA skotts\u00e4ker hj\u00e4lm enligt NIJ 0101.06 standard, och motsvarande testrapport kan tillhandah\u00e5llas.<\/p>\n<hr \/>\n<p><strong>F\u00f6rsvarsprojektilparametrar:<\/strong><br \/>\n.44 Mag SJHP<br \/>\n.357 SIG FMJ FN<br \/>\n9 mm FMJ RN<br \/>\n.357 Mag JSP<br \/>\n.40 S&amp;W FMJ<\/p>\n<p>Ger \u00e4ven skydd mot de flesta pistolhot samt klass IIA och II hot<\/p>\n<hr \/>\n<p><strong>Skults\u00e4ker hj\u00e4lmparametrar:<\/strong><br \/>\nNamn: NIJ lllA MICH2000 skotts\u00e4ker hj\u00e4lm<\/p>\n<p>Material: High Tensile Kevlar-DuPont Aramid Fiber<br \/>\nHuvudomkrets: 52-60 cm<br \/>\nFoder: Ompositionerbart skumfoder med l\u00e5ngsam \u00e5terh\u00e4mtning h\u00e5ller hj\u00e4lmen bekv\u00e4m och f\u00f6rhindrar tr\u00f6tthet och \u00f6verhettning.<br \/>\nValfria tillbeh\u00f6r: syrgasmask, ansiktsskydd, sidoskydd, pansarsidoskydd, sk\u00f6ld, hj\u00e4lmskydd, skotts\u00e4ker mask, etc.<br \/>\nHj\u00e4lm F\u00e4rg: Svart<br \/>\nMICH \u00e4r en hj\u00e4lm som stoppar pistolskott och ger ett p\u00e5litligt skydd mot skr\u00e4p och nedfallande skr\u00e4p.<br \/>\nkommer att minska skyddet.<\/p>\n<hr \/>\n<p><strong>&#8221;F\u00f6r personer:<\/strong><br \/>\nNIJ lllA Kevlar MICH2000 ballistisk hj\u00e4lm hanterar pistol- och splitterhot med st\u00f6rre f\u00e4stkapacitet f\u00f6r en l\u00e4ttare, bekv\u00e4mare passform. Denna hj\u00e4lm \u00e4r l\u00e4mplig f\u00f6r alla typer av anv\u00e4ndare. Personal fr\u00e5n myndigheter som milit\u00e4r, polis, SWAT, inre s\u00e4kerhet, tull och gr\u00e4nsbevakning kan utrustas med f\u00f6rb\u00e4ttrad stridskapacitet. Det \u00e4r ocks\u00e5 ett bra val f\u00f6r hemskydd och cosplay.<\/p>\n<hr \/>\n<p><strong>Vad \u00e4r MICH2000 Kevlar milit\u00e4rhj\u00e4lm?<\/strong><br \/>\nModular Integrated Communications Helmet (MICH) \u00e4r en amerikansk stridshj\u00e4lm och en av flera hj\u00e4lmar som anv\u00e4nds av den amerikanska milit\u00e4ren. Den utvecklades av U.S. Army Soldier Systems Systems Center som n\u00e4sta generations skyddande stridshj\u00e4lm som anv\u00e4nds av den amerikanska milit\u00e4ren. Det fr\u00e4msta sk\u00e4let till att utveckla MICH var att ers\u00e4tta de skyddande men tunga PASGT:erna, eftersom de var l\u00e4ttare, bekv\u00e4mare, passade b\u00e4ttre och var l\u00e4ttare att installera tillbeh\u00f6r, speciellt nattseendeutrustning och kommunikationsheadset. Orsakar inte on\u00f6dig stress p\u00e5 nacken. Inledningsvis anv\u00e4ndes den n\u00e4stan uteslutande av SOCOM och n\u00e5gra n\u00e4rbesl\u00e4ktade enheter. Hittills har MICH och dess derivat, den avancerade stridshj\u00e4lmen och den modifierade stridshj\u00e4lmen, helt ersatt PASGT i aktiv US Army-tj\u00e4nst och anv\u00e4nds, \u00e5tminstone till viss del, i alla US Army-divisioner.<\/p>\n<hr \/>\n<p><strong>Funktioner hos MICH2000 Kevlar-hj\u00e4lmen:<\/strong><br \/>\nMICH:s vikt \u00e4r cirka 1,6 kg. MICH \u00e4r ocks\u00e5 n\u00e5got mindre \u00e4n PASGT, har 8 % mindre r\u00e4ckvidd, anv\u00e4nder nya, mer avancerade kevlarfibrer och erbjuder b\u00e4ttre pistol- och projektilskydd. Ett d\u00e4mpningssystem och fyrapunktsf\u00e4stsystem, liknande skydden och remmarna p\u00e5 skateboards, cykelhj\u00e4lmar och vattenhj\u00e4lmar, ers\u00e4tter nylonsn\u00f6rets fj\u00e4dringssystem, svettband och hakrem som finns p\u00e5 PASGT-hj\u00e4lmar. Denna f\u00f6r\u00e4ndring ger b\u00e4raren b\u00e4ttre skydd och komfort. Den har ett frontmonteringsf\u00e4ste f\u00f6r m\u00f6rkerseendeglas\u00f6gon (som AN\/PVS-14 eller AN\/PVS-15), liknande den p\u00e5 PASGT-hj\u00e4lmen. Den har \u00e4ven ett par remmar p\u00e5 baksidan f\u00f6r att f\u00e4sta skyddsglas\u00f6gon, samt ett hj\u00e4lmskydd i tyg i olika kamouflagem\u00f6nster. Till skillnad fr\u00e5n en &#8221;b\u00f6jd&#8221; kontur handlar PASGT i f\u00f6rsta hand om att ta bort brynen och h\u00f6ja sidorna till en &#8221;platt&#8221; punkt p\u00e5 den nedre kanten bakom tinningarna. Detta minskar vikten n\u00e5got och m\u00f6jligg\u00f6r b\u00e4ttre situationsmedvetenhet och f\u00e4rre hinder i anv\u00e4ndarens synf\u00e4lt, speciellt i kombination med interceptor skotts\u00e4kra v\u00e4star. Soldater har tidigare klagat p\u00e5 att den h\u00f6ga avlyssningskragen och tv\u00e5punkts hakremmen trycker fram baksidan av PASGT-hj\u00e4lmen, och n\u00e4r de f\u00f6rs\u00f6ker skjuta fr\u00e5n liggande st\u00e4llning glider kanten p\u00e5 hj\u00e4lmen f\u00f6rbi deras \u00f6gon, vilket i MICH, har en avsmalnande konturerad och fyrpunkts hakrem.<\/p>\n<hr \/>\n<p><strong>Vilken \u00e4r mest popul\u00e4r, MICH2000 eller FAST taktisk ballistisk hj\u00e4lm?<\/strong><br \/>\nMICH2000 har en st\u00f6rre skyddsyta, vilket \u00e4r mer f\u00f6rdelaktigt om du inte planerar att installera m\u00e5nga tillbeh\u00f6r. Om du planerar att v\u00e4lja mycket utrustning, som (att b\u00e4ra ficklampa, brusreducerande h\u00f6rlurar och kommunikationsutrustning, m\u00f6rkerseende eller videoutrustning etc.), rekommenderas att v\u00e4lja FAST, eftersom det inte blir f\u00f6r tungt. , kommer det att s\u00e4tta press p\u00e5 nacken, vilket indirekt kommer att p\u00e5verka aktivitetsf\u00f6rm\u00e5gan.<\/p>\n<hr \/>\n<p><strong>MICH2000 milit\u00e4rhj\u00e4lm pris<\/strong><br \/>\nDetta \u00e4r v\u00e5r taktiska skyddshj\u00e4lmsbutik, v\u00e4nligen k\u00f6p direkt fr\u00e5n v\u00e5r hemsida, du kan f\u00e5 15% rabatt p\u00e5 originalpriset<\/p>\n<hr \/>\n<p>Om du vill k\u00f6pa v\u00e5ra produkter eller har n\u00e5gra fr\u00e5gor om v\u00e5ra produkter;<br \/>\nOm du har n\u00e5gra anpassningsbehov;<br \/>\nV\u00e4nligen (<a href=\"https:\/\/tyditiao.com\/sv\/kontakt\/\">kontakta oss<\/a>) omedelbart, vi kommer att svara dig inom 1 arbetsdag<\/p>\n","protected":false},"excerpt":{"rendered":"<p>Tillverkad av h\u00f6gh\u00e5llfast DuPont Kevlar Aramidfiber, v\u00e4rmebest\u00e4ndig och inte l\u00e4tt att deformera<\/p>\n<p>NIJ Niv\u00e5 IIIA<\/p>\n<p>Justeringssystem f\u00f6r huvudomkrets, kan g\u00f6ra hj\u00e4lmen f\u00f6r att uppn\u00e5 den idealiska b\u00e4reffekten<\/p>\n<p>Pannan \u00e4r f\u00f6rst\u00e4rkt med elastiska remmar p\u00e5 sidorna av bl\u00e4ckfisken (botten av m\u00f6rkerseendet) f\u00f6r att f\u00e4sta speglar, kameror, m\u00f6rkerseendeglas\u00f6gon och andra enheter<\/p>\n<p>Utrustad med skenor, kraftfullare tillbeh\u00f6rsmontering, kan utrustas med starkt ljussystem och beacon identifieringsljus, kan \u00e4ven utrustas med h\u00f6rselskydd<\/p>\n","protected":false},"featured_media":3696,"comment_status":"open","ping_status":"closed","template":"","meta":[],"product_brand":[],"product_cat":[162,501],"product_tag":[],"woo-feed-brand":[50],"class_list":{"0":"post-8637","1":"product","2":"type-product","3":"status-publish","4":"has-post-thumbnail","6":"product_cat-mich2000-sv","7":"product_cat-skottsaker-hjalm","8":"woo-feed-brand-tyditiao","10":"first","11":"instock","12":"sale","13":"shipping-taxable","14":"purchasable","15":"product-type-simple"},"_links":{"self":[{"href":"https:\/\/tyditiao.com\/sv\/wp-json\/wp\/v2\/product\/8637","targetHints":{"allow":["GET"]}}],"collection":[{"href":"https:\/\/tyditiao.com\/sv\/wp-json\/wp\/v2\/product"}],"about":[{"href":"https:\/\/tyditiao.com\/sv\/wp-json\/wp\/v2\/types\/product"}],"replies":[{"embeddable":true,"href":"https:\/\/tyditiao.com\/sv\/wp-json\/wp\/v2\/comments?post=8637"}],"wp:featuredmedia":[{"embeddable":true,"href":"https:\/\/tyditiao.com\/sv\/wp-json\/wp\/v2\/media\/3696"}],"wp:attachment":[{"href":"https:\/\/tyditiao.com\/sv\/wp-json\/wp\/v2\/media?parent=8637"}],"wp:term":[{"taxonomy":"product_brand","embeddable":true,"href":"https:\/\/tyditiao.com\/sv\/wp-json\/wp\/v2\/product_brand?post=8637"},{"taxonomy":"product_cat","embeddable":true,"href":"https:\/\/tyditiao.com\/sv\/wp-json\/wp\/v2\/product_cat?post=8637"},{"taxonomy":"product_tag","embeddable":true,"href":"https:\/\/tyditiao.com\/sv\/wp-json\/wp\/v2\/product_tag?post=8637"},{"taxonomy":"woo-feed-brand","embeddable":true,"href":"https:\/\/tyditiao.com\/sv\/wp-json\/wp\/v2\/woo-feed-brand?post=8637"}],"curies":[{"name":"wp","href":"https:\/\/api.w.org\/{rel}","templated":true}]}}