{"id":13396,"date":"2023-03-05T03:25:17","date_gmt":"2023-05-22T13:57:07","guid":{"rendered":"http:\/\/tyditiao.com\/product\/wendy-taktik-kask-3a-hafif-ozel-kuvvet-patlamaya-dayanikli-kask-ozel-boyut-ozel-renk-adanmis-satin-alma-baglantisi\/"},"modified":"2023-05-22T15:57:07","modified_gmt":"2023-05-22T13:57:07","slug":"wendy-tactical-helm-light-forces-ozel-3a-patlamaya-dayanikli-migfer-ozel-boyut-ozel-renk-adanmis-satin-alma-baglantisi","status":"publish","type":"product","link":"https:\/\/tyditiao.com\/tr\/urun\/wendy-tactical-helm-light-forces-ozel-3a-patlamaya-dayanikli-migfer-ozel-boyut-ozel-renk-adanmis-satin-alma-baglantisi\/","title":{"rendered":"WENDY taktik kask 3A hafif \u00f6zel kuvvet patlamaya dayan\u0131kl\u0131 kask \u00f6zel boyut \u00f6zel renk adanm\u0131\u015f sat\u0131n alma ba\u011flant\u0131s\u0131"},"content":{"rendered":"<p><strong>WENDY Kur\u015fun Ge\u00e7irmez Kask Boyutu Hakk\u0131nda:<\/strong> Bu WENDY \u00f6zel kuvvetler kur\u015fun ge\u00e7irmez kask i\u00e7in, farkl\u0131 ihtiya\u00e7lar\u0131 olan kullan\u0131c\u0131lar\u0131 kar\u015f\u0131lamak i\u00e7in b\u00fcy\u00fck boy ve k\u00fc\u00e7\u00fck boy \u00fcretim kal\u0131plar\u0131 ekledik. M beden \u00e7o\u011fu ki\u015fiye uyan normal bir bedendir. K\u00fc\u00e7\u00fck bir bedenin kendi gereksinimlerinizi veya giyim al\u0131\u015fkanl\u0131klar\u0131n\u0131z\u0131 daha iyi kar\u015f\u0131layabilece\u011fini d\u00fc\u015f\u00fcn\u00fcyorsan\u0131z, l\u00fctfen k\u00fc\u00e7\u00fck bir beden se\u00e7in, aksi takdirde b\u00fcy\u00fck bir beden se\u00e7in.<\/p>\n<p><strong>WENDY kur\u015fun ge\u00e7irmez kask\u0131n rengi hakk\u0131nda:<\/strong> Toplu olarak \u00fcretti\u011fimiz renkler a\u011f\u0131rl\u0131kl\u0131 olarak siyah, a\u00e7\u0131k kahverengi ve ye\u015fildir. Ama ayn\u0131 zamanda orman kamuflaj\u0131, orman kamuflaj\u0131, \u00e7\u00f6l kamuflaj\u0131, deniz kamuflaj\u0131, \u015fehir kamuflaj\u0131 vb. Gibi m\u00fc\u015fterilerin ihtiya\u00e7 duydu\u011fu her t\u00fcrl\u00fc renk veya \u00e7e\u015fitli kamuflaj desenlerini \u00fcretme kabiliyetine sahibiz. 10&#8217;dan fazla kask sipari\u015f etmeyi planl\u0131yorsan\u0131z , l\u00fctfen bizimle ileti\u015fime ge\u00e7in, bu \u00f6zel renk hizmetini \u00fccretsiz alacaks\u0131n\u0131z, sadece bize istedi\u011finiz renk desenini g\u00f6nderin<\/p>\n<p><strong>WENDY Taktik Kask Kur\u015fun Ge\u00e7irmezlik Seviyesi:<\/strong> 0101.06 Standart IIIA Seviyesi<\/p>\n<p>G\u0130Y\u0130M RAHATLI\u011eI: Zorbium k\u00f6p\u00fck yast\u0131klama, sizi serin ve kuru tutmak i\u00e7in nemi uzakla\u015ft\u0131ran antimikrobiyal kaplamal\u0131 su itici bir astara sahiptir.<\/p>\n<p>KOLAY AYARLAMA: Hassas bir uyum i\u00e7in g\u00fcvenli, tek elle ayarlama i\u00e7in BOA kapatma sistemli hafif askeri s\u0131n\u0131f CAM FIT tutturma sistemi.<\/p>\n<p>GEN\u0130\u015eLET\u0130LEB\u0130L\u0130R: Rail 2.0 montaj sistemi, t\u00fcm EXFIL Rail 2.0 aksesuarlar\u0131yla uyumludur. Al\u0131ndaki ters \u00e7evrilebilir gimbal montaj ray\u0131 ve gimbal deste\u011fi, Wendy&#8217;nin daha fazla olas\u0131l\u0131k yaratmas\u0131na olanak tan\u0131r.<\/p>\n<p>Normal s\u00fcspansiyona ek olarak, kaskta optimum uyum ve rahatl\u0131k i\u00e7in \u00fc\u00e7 darbe yast\u0131\u011f\u0131 ve sekiz ayarlanabilir yast\u0131k bulunur<\/p>\n","protected":false},"excerpt":{"rendered":"<p>WENDY Kur\u015fun Ge\u00e7irmez Kask Boyutu Hakk\u0131nda: Bu WENDY \u00f6zel kuvvetler kur\u015fun ge\u00e7irmez kask i\u00e7in, farkl\u0131 ihtiya\u00e7lar\u0131 olan kullan\u0131c\u0131lar\u0131 kar\u015f\u0131lamak i\u00e7in&#8230;<\/p>\n","protected":false},"featured_media":10623,"comment_status":"open","ping_status":"closed","template":"","meta":[],"product_brand":[],"product_cat":[780,782,781],"product_tag":[],"woo-feed-brand":[],"class_list":{"0":"post-13396","1":"product","2":"type-product","3":"status-publish","4":"has-post-thumbnail","6":"product_cat-kategorize-edilmemis","7":"product_cat-kursun-gecirmez-kask","8":"product_cat-wendy-tr","10":"first","11":"instock","12":"sale","13":"shipping-taxable","14":"purchasable","15":"product-type-variable","16":"has-default-attributes"},"_links":{"self":[{"href":"https:\/\/tyditiao.com\/tr\/wp-json\/wp\/v2\/product\/13396","targetHints":{"allow":["GET"]}}],"collection":[{"href":"https:\/\/tyditiao.com\/tr\/wp-json\/wp\/v2\/product"}],"about":[{"href":"https:\/\/tyditiao.com\/tr\/wp-json\/wp\/v2\/types\/product"}],"replies":[{"embeddable":true,"href":"https:\/\/tyditiao.com\/tr\/wp-json\/wp\/v2\/comments?post=13396"}],"wp:featuredmedia":[{"embeddable":true,"href":"https:\/\/tyditiao.com\/tr\/wp-json\/wp\/v2\/media\/10623"}],"wp:attachment":[{"href":"https:\/\/tyditiao.com\/tr\/wp-json\/wp\/v2\/media?parent=13396"}],"wp:term":[{"taxonomy":"product_brand","embeddable":true,"href":"https:\/\/tyditiao.com\/tr\/wp-json\/wp\/v2\/product_brand?post=13396"},{"taxonomy":"product_cat","embeddable":true,"href":"https:\/\/tyditiao.com\/tr\/wp-json\/wp\/v2\/product_cat?post=13396"},{"taxonomy":"product_tag","embeddable":true,"href":"https:\/\/tyditiao.com\/tr\/wp-json\/wp\/v2\/product_tag?post=13396"},{"taxonomy":"woo-feed-brand","embeddable":true,"href":"https:\/\/tyditiao.com\/tr\/wp-json\/wp\/v2\/woo-feed-brand?post=13396"}],"curies":[{"name":"wp","href":"https:\/\/api.w.org\/{rel}","templated":true}]}}