{"id":13576,"date":"2023-03-05T03:22:19","date_gmt":"2023-05-22T14:03:11","guid":{"rendered":"http:\/\/tyditiao.com\/product\/mich2000-balistik-kask-3a-taktik-balistik-kask-ozel-boyut-ozel-renk-ozel-satin-alma-baglantisi\/"},"modified":"2023-05-22T16:03:11","modified_gmt":"2023-05-22T14:03:11","slug":"mich2000-kursun-gecirmez-kask-3a-taktik-balistik-kask-ozel-boyut-ozel-renk-adanmis-buy-link","status":"publish","type":"product","link":"https:\/\/tyditiao.com\/tr\/urun\/mich2000-kursun-gecirmez-kask-3a-taktik-balistik-kask-ozel-boyut-ozel-renk-adanmis-buy-link\/","title":{"rendered":"Mich2000 Balistik Kask, 3A Taktik Balistik Kask, \u00d6zel Boyut, \u00d6zel Renk, \u00d6zel Sat\u0131n Alma Ba\u011flant\u0131s\u0131"},"content":{"rendered":"<p><strong>Mich2000 kask boyutu hakk\u0131nda:<\/strong> Farkl\u0131 ihtiya\u00e7lar\u0131 olan kullan\u0131c\u0131lar\u0131 kar\u015f\u0131lamak i\u00e7in bu Mich 3A taktik balistik kask i\u00e7in k\u00fc\u00e7\u00fck ve b\u00fcy\u00fck \u00fcretim kal\u0131plar\u0131 ekledik. M beden normal bedendir ve \u00e7o\u011fu ki\u015fiye uyar. K\u00fc\u00e7\u00fck bedenin kendi gereksinimlerinizi veya giyim al\u0131\u015fkanl\u0131klar\u0131n\u0131z\u0131 daha iyi kar\u015f\u0131layabilece\u011fini d\u00fc\u015f\u00fcn\u00fcyorsan\u0131z, l\u00fctfen k\u00fc\u00e7\u00fck bedeni se\u00e7in, aksi halde b\u00fcy\u00fck bedeni se\u00e7in.<\/p>\n<p><strong>Mich2000 kur\u015fun ge\u00e7irmez kask\u0131n rengi hakk\u0131nda:<\/strong> Mich 3A taktik kur\u015fun ge\u00e7irmez kask, esas olarak \u00fc\u00e7 renk \u00fcretiyoruz: siyah, a\u00e7\u0131k kahverengi ve ye\u015fil. Ama ayn\u0131 zamanda orman kamuflaj\u0131, orman kamuflaj\u0131, \u00e7\u00f6l kamuflaj\u0131, deniz kamuflaj\u0131 ve \u015fehir kamuflaj\u0131 vb. Gibi m\u00fc\u015fterilerin belirtti\u011fi herhangi bir renk veya \u00e7e\u015fitli kamuflaj desenlerini \u00fcretme kabiliyetine sahibiz. 10&#8217;dan fazla kask sipari\u015f etmeyi planl\u0131yorsan\u0131z , l\u00fctfen bizimle ileti\u015fime ge\u00e7in, bu \u00f6zel renk hizmetini \u00fccretsiz alacaks\u0131n\u0131z, bize istedi\u011finiz renk desenini g\u00f6ndermeniz yeterli.<\/p>\n<p>MICH2000 kask kur\u015fun ge\u00e7irmez kask: 0101.06 standart IIIA seviyesi<\/p>\n<p>Malzeme: Y\u00fcksek Mukavemetli Kevlar-Dupont Aramid Elyaf<\/p>\n<p>MICH2000 Balistik Kask, daha geni\u015f bir koruyucu y\u00fczey alan\u0131na ve ba\u015f\u0131n yanlar\u0131n\u0131 daha iyi kapatan d\u00fc\u015f\u00fck kesimli bir tasar\u0131ma sahiptir; bu, \u00e7ok fazla aksesuar takmay\u0131 planlam\u0131yorsan\u0131z daha da faydal\u0131d\u0131r.<\/p>\n<p>Mich2000 balistik kask\u0131n\u0131n d\u00f6rt noktal\u0131 ba\u011flant\u0131 sistemi, kaykay ve bisiklet kasklar\u0131nda bulunan koruma ve kay\u0131\u015flara benzer.<\/p>\n","protected":false},"excerpt":{"rendered":"<p>Mich2000 kask boyutu hakk\u0131nda: Farkl\u0131 ihtiya\u00e7lar\u0131 olan kullan\u0131c\u0131lar\u0131 kar\u015f\u0131lamak i\u00e7in bu Mich 3A taktik balistik kask i\u00e7in k\u00fc\u00e7\u00fck ve b\u00fcy\u00fck&#8230;<\/p>\n","protected":false},"featured_media":9217,"comment_status":"open","ping_status":"closed","template":"","meta":[],"product_brand":[],"product_cat":[782,808],"product_tag":[],"woo-feed-brand":[],"class_list":{"0":"post-13576","1":"product","2":"type-product","3":"status-publish","4":"has-post-thumbnail","6":"product_cat-kursun-gecirmez-kask","7":"product_cat-mich2000-tr","9":"first","10":"instock","11":"sale","12":"shipping-taxable","13":"purchasable","14":"product-type-variable","15":"has-default-attributes"},"_links":{"self":[{"href":"https:\/\/tyditiao.com\/tr\/wp-json\/wp\/v2\/product\/13576","targetHints":{"allow":["GET"]}}],"collection":[{"href":"https:\/\/tyditiao.com\/tr\/wp-json\/wp\/v2\/product"}],"about":[{"href":"https:\/\/tyditiao.com\/tr\/wp-json\/wp\/v2\/types\/product"}],"replies":[{"embeddable":true,"href":"https:\/\/tyditiao.com\/tr\/wp-json\/wp\/v2\/comments?post=13576"}],"wp:featuredmedia":[{"embeddable":true,"href":"https:\/\/tyditiao.com\/tr\/wp-json\/wp\/v2\/media\/9217"}],"wp:attachment":[{"href":"https:\/\/tyditiao.com\/tr\/wp-json\/wp\/v2\/media?parent=13576"}],"wp:term":[{"taxonomy":"product_brand","embeddable":true,"href":"https:\/\/tyditiao.com\/tr\/wp-json\/wp\/v2\/product_brand?post=13576"},{"taxonomy":"product_cat","embeddable":true,"href":"https:\/\/tyditiao.com\/tr\/wp-json\/wp\/v2\/product_cat?post=13576"},{"taxonomy":"product_tag","embeddable":true,"href":"https:\/\/tyditiao.com\/tr\/wp-json\/wp\/v2\/product_tag?post=13576"},{"taxonomy":"woo-feed-brand","embeddable":true,"href":"https:\/\/tyditiao.com\/tr\/wp-json\/wp\/v2\/woo-feed-brand?post=13576"}],"curies":[{"name":"wp","href":"https:\/\/api.w.org\/{rel}","templated":true}]}}