{"id":13766,"date":"2023-03-05T03:17:44","date_gmt":"2023-05-22T14:09:16","guid":{"rendered":"http:\/\/tyditiao.com\/product\/fast-kursun-gecirmez-kask-nij-iiia-hafif-kursun-gecirmez-kask-ozel-boyut-ozel-renk-ozel-satin-alma-linki\/"},"modified":"2023-05-22T16:09:16","modified_gmt":"2023-05-22T14:09:16","slug":"hizli-dumen-kursun-gecirmez-nij-iiia-hafif-balistik-dumen-ozel-boyut-ozel-renk-adanmis-satin-alma-baglantisi","status":"publish","type":"product","link":"https:\/\/tyditiao.com\/tr\/urun\/hizli-dumen-kursun-gecirmez-nij-iiia-hafif-balistik-dumen-ozel-boyut-ozel-renk-adanmis-satin-alma-baglantisi\/","title":{"rendered":"FAST kur\u015fun ge\u00e7irmez kask, NIJ IIIA hafif kur\u015fun ge\u00e7irmez kask, \u00f6zel boyut, \u00f6zel renk, \u00f6zel sat\u0131n alma linki"},"content":{"rendered":"<p><strong>FAST kur\u015fun ge\u00e7irmez kask boyutu:<\/strong> Farkl\u0131 ihtiya\u00e7lar\u0131 olan kullan\u0131c\u0131lar\u0131 kar\u015f\u0131lamak i\u00e7in FAST hafif kur\u015fun ge\u00e7irmez kask i\u00e7in k\u00fc\u00e7\u00fck ve b\u00fcy\u00fck \u00fcretim kal\u0131plar\u0131 ekledik. M normal bir bedendir ve \u00e7o\u011fu ki\u015fiye uyar. K\u00fc\u00e7\u00fck bedenin ihtiya\u00e7lar\u0131n\u0131z\u0131 veya giyim al\u0131\u015fkanl\u0131klar\u0131n\u0131z\u0131 kar\u015f\u0131layabilece\u011fini d\u00fc\u015f\u00fcn\u00fcyorsan\u0131z, l\u00fctfen S bedenini se\u00e7in, aksi takdirde L bedenini se\u00e7in.<\/p>\n<p><strong>Fast Light kur\u015fun ge\u00e7irmez kask renkleri:<\/strong> \u00dcretti\u011fimiz Fast Light kur\u015fun ge\u00e7irmez kasklar\u0131n renkleri a\u011f\u0131rl\u0131kl\u0131 olarak siyah, a\u00e7\u0131k kahverengi ve ye\u015fildir. Ancak ayn\u0131 zamanda orman kamuflaj\u0131, orman kamuflaj\u0131, \u00e7\u00f6l kamuflaj\u0131, okyanus kamuflaj\u0131 ve \u015fehir kamuflaj\u0131 gibi m\u00fc\u015fteri taraf\u0131ndan belirlenen renkler veya \u00e7e\u015fitli kamuflaj desenleri de \u00fcretebiliyoruz. 10&#8217;dan fazla kask sipari\u015f etmeyi planl\u0131yorsan\u0131z, l\u00fctfen bizimle ileti\u015fime ge\u00e7in, bu \u00f6zel renk hizmetini \u00fccretsiz alacaks\u0131n\u0131z, bize istedi\u011finiz renk desenini g\u00f6ndermeniz yeterli.<\/p>\n<p>HIZLI kur\u015fun ge\u00e7irmez \u00e7ift kask seviyesi: 0101.06 standart IIIA seviyesi<\/p>\n<p>Malzeme: Y\u00fcksek Mukavemetli Kevlar-Dupont Aramid Elyaf<\/p>\n<p>S\u0131radan askeri mi\u011fferlerle kar\u015f\u0131la\u015ft\u0131r\u0131ld\u0131\u011f\u0131nda, FAST mi\u011fferler %25 daha hafiftir. Kask ask\u0131 sistemi ile kullan\u0131c\u0131lar, optimum konfor i\u00e7in bir d\u00fc\u011fmeyi \u00e7evirerek kask\u0131n s\u0131k\u0131l\u0131\u011f\u0131n\u0131 veya s\u0131k\u0131l\u0131\u011f\u0131n\u0131 kolayca ayarlayabilir.<\/p>\n","protected":false},"excerpt":{"rendered":"<p>FAST kur\u015fun ge\u00e7irmez kask boyutu: Farkl\u0131 ihtiya\u00e7lar\u0131 olan kullan\u0131c\u0131lar\u0131 kar\u015f\u0131lamak i\u00e7in FAST hafif kur\u015fun ge\u00e7irmez kask i\u00e7in k\u00fc\u00e7\u00fck ve b\u00fcy\u00fck&#8230;<\/p>\n","protected":false},"featured_media":10281,"comment_status":"open","ping_status":"closed","template":"","meta":[],"product_brand":[],"product_cat":[827,782],"product_tag":[],"woo-feed-brand":[],"class_list":{"0":"post-13766","1":"product","2":"type-product","3":"status-publish","4":"has-post-thumbnail","6":"product_cat-hizli","7":"product_cat-kursun-gecirmez-kask","9":"first","10":"instock","11":"sale","12":"shipping-taxable","13":"purchasable","14":"product-type-variable","15":"has-default-attributes"},"_links":{"self":[{"href":"https:\/\/tyditiao.com\/tr\/wp-json\/wp\/v2\/product\/13766","targetHints":{"allow":["GET"]}}],"collection":[{"href":"https:\/\/tyditiao.com\/tr\/wp-json\/wp\/v2\/product"}],"about":[{"href":"https:\/\/tyditiao.com\/tr\/wp-json\/wp\/v2\/types\/product"}],"replies":[{"embeddable":true,"href":"https:\/\/tyditiao.com\/tr\/wp-json\/wp\/v2\/comments?post=13766"}],"wp:featuredmedia":[{"embeddable":true,"href":"https:\/\/tyditiao.com\/tr\/wp-json\/wp\/v2\/media\/10281"}],"wp:attachment":[{"href":"https:\/\/tyditiao.com\/tr\/wp-json\/wp\/v2\/media?parent=13766"}],"wp:term":[{"taxonomy":"product_brand","embeddable":true,"href":"https:\/\/tyditiao.com\/tr\/wp-json\/wp\/v2\/product_brand?post=13766"},{"taxonomy":"product_cat","embeddable":true,"href":"https:\/\/tyditiao.com\/tr\/wp-json\/wp\/v2\/product_cat?post=13766"},{"taxonomy":"product_tag","embeddable":true,"href":"https:\/\/tyditiao.com\/tr\/wp-json\/wp\/v2\/product_tag?post=13766"},{"taxonomy":"woo-feed-brand","embeddable":true,"href":"https:\/\/tyditiao.com\/tr\/wp-json\/wp\/v2\/woo-feed-brand?post=13766"}],"curies":[{"name":"wp","href":"https:\/\/api.w.org\/{rel}","templated":true}]}}