{"id":13837,"date":"2023-03-05T03:08:59","date_gmt":"2023-05-22T14:15:20","guid":{"rendered":"http:\/\/tyditiao.com\/product\/tam-kevlar-statik-halat-parasut-tirmanma-halati-yangin-emniyet-halati-8-10-5mm-10m\/"},"modified":"2023-05-22T16:15:20","modified_gmt":"2023-05-22T14:15:20","slug":"tam-elektrostatik-kevlar-tirmanma-yangin-emniyet-semsiye-ipi-8-105-mm-10m","status":"publish","type":"product","link":"https:\/\/tyditiao.com\/tr\/urun\/tam-elektrostatik-kevlar-tirmanma-yangin-emniyet-semsiye-ipi-8-105-mm-10m\/","title":{"rendered":"Tam kevlar statik halat, para\u015f\u00fct t\u0131rmanma halat\u0131, yang\u0131n emniyet halat\u0131, 8, 10.5mm (10m)"},"content":{"rendered":"<p>50 metre gibi daha uzun bir ip almak istiyorsan\u0131z, l\u00fctfen 5*10 metre ip sat\u0131n al\u0131n ve ard\u0131ndan sat\u0131c\u0131ya 50 metrelik bir ipe ihtiyac\u0131n\u0131z oldu\u011funa dair bir mesaj b\u0131rak\u0131n.<\/p>\n<p><strong>Karabinalar hakk\u0131nda:<\/strong> 10 metreden uzun ip al\u0131rsan\u0131z size resimde i\u015faretli iki karabina hediye edece\u011fiz. \u0130pin iki ucuna takabilece\u011finiz gibi kendi haline b\u0131rakabilece\u011finiz gibi pakete dahildir. Bize bir sat\u0131r b\u0131rak\u0131n ve karar\u0131n\u0131z\u0131 bize bildirin<\/p>\n<p>\u00dcr\u00fcn Ad\u0131: Tam Kevlar Statik Halat<br \/>\nMalzeme: Kevlar<br \/>\nRenk: Resimde g\u00f6sterilen renk<br \/>\n\u00c7ap: 10,5 mm, 8 mm<br \/>\nNet a\u011f\u0131rl\u0131k (\u00b15%): 10,5 mm (75 g\/m) 8 mm (43 g\/m)<br \/>\n\u00c7ekme kuvveti: 10,5 mm (40kN\/4000kg) 8mm (28kN\/2800kg)<br \/>\nSertifikasyon: CE EN1891:1998<br \/>\n\u00d6zellikler: y\u00fcksek mukavemet, y\u00fcksek s\u0131cakl\u0131k direnci, iyi tokluk, g\u00fc\u00e7l\u00fc y\u0131rt\u0131lma direnci<br \/>\n\u00c7ok i\u015flevli: t\u0131rmanma, geni\u015fleme, yang\u0131nla m\u00fccadele, hava i\u015fleri, ma\u011farac\u0131l\u0131k, asma vb.<\/p>\n<p>Dost\u00e7a hat\u0131rlatma: Y\u00fcksekte \u00e7al\u0131\u015f\u0131rken veya oynarken, yanl\u0131\u015f kullan\u0131mdan kaynaklanan tehlikeleri \u00f6nlemek i\u00e7in l\u00fctfen ekipman\u0131n\u0131z\u0131 kontrol edin ve bak\u0131m\u0131n\u0131 yap\u0131n<\/p>\n","protected":false},"excerpt":{"rendered":"<p>50 metre gibi daha uzun bir ip almak istiyorsan\u0131z, l\u00fctfen 5*10 metre ip sat\u0131n al\u0131n ve ard\u0131ndan sat\u0131c\u0131ya 50 metrelik&#8230;<\/p>\n","protected":false},"featured_media":12580,"comment_status":"open","ping_status":"closed","template":"","meta":[],"product_brand":[],"product_cat":[846],"product_tag":[],"woo-feed-brand":[],"class_list":{"0":"post-13837","1":"product","2":"type-product","3":"status-publish","4":"has-post-thumbnail","6":"product_cat-guvenlik-halati","8":"first","9":"instock","10":"shipping-taxable","11":"purchasable","12":"product-type-variable","13":"has-default-attributes"},"_links":{"self":[{"href":"https:\/\/tyditiao.com\/tr\/wp-json\/wp\/v2\/product\/13837","targetHints":{"allow":["GET"]}}],"collection":[{"href":"https:\/\/tyditiao.com\/tr\/wp-json\/wp\/v2\/product"}],"about":[{"href":"https:\/\/tyditiao.com\/tr\/wp-json\/wp\/v2\/types\/product"}],"replies":[{"embeddable":true,"href":"https:\/\/tyditiao.com\/tr\/wp-json\/wp\/v2\/comments?post=13837"}],"wp:featuredmedia":[{"embeddable":true,"href":"https:\/\/tyditiao.com\/tr\/wp-json\/wp\/v2\/media\/12580"}],"wp:attachment":[{"href":"https:\/\/tyditiao.com\/tr\/wp-json\/wp\/v2\/media?parent=13837"}],"wp:term":[{"taxonomy":"product_brand","embeddable":true,"href":"https:\/\/tyditiao.com\/tr\/wp-json\/wp\/v2\/product_brand?post=13837"},{"taxonomy":"product_cat","embeddable":true,"href":"https:\/\/tyditiao.com\/tr\/wp-json\/wp\/v2\/product_cat?post=13837"},{"taxonomy":"product_tag","embeddable":true,"href":"https:\/\/tyditiao.com\/tr\/wp-json\/wp\/v2\/product_tag?post=13837"},{"taxonomy":"woo-feed-brand","embeddable":true,"href":"https:\/\/tyditiao.com\/tr\/wp-json\/wp\/v2\/woo-feed-brand?post=13837"}],"curies":[{"name":"wp","href":"https:\/\/api.w.org\/{rel}","templated":true}]}}