{"id":13911,"date":"2023-03-05T02:51:52","date_gmt":"2023-05-22T14:21:24","guid":{"rendered":"http:\/\/tyditiao.com\/product\/aramid-dis-kaplama-naylon-ic-cekirdek-statik-halat-dis-mekan-dagcilik-emniyet-halati-68105-10m\/"},"modified":"2023-05-22T16:21:24","modified_gmt":"2023-05-22T14:21:24","slug":"kevlar-dis-scoranylon-damarli-statik-emniyet-halati-dis-mekan-6810-5-10m","status":"publish","type":"product","link":"https:\/\/tyditiao.com\/tr\/urun\/kevlar-dis-scoranylon-damarli-statik-emniyet-halati-dis-mekan-6810-5-10m\/","title":{"rendered":"Aramid d\u0131\u015f kaplama + naylon i\u00e7 \u00e7ekirdek statik halat d\u0131\u015f mekan da\u011fc\u0131l\u0131k emniyet halat\u0131 6,8,10,5 (10m)"},"content":{"rendered":"<p>80 metre gibi daha uzun bir ip alman\u0131z gerekiyorsa, l\u00fctfen 8*10 metre ip sat\u0131n al\u0131n ve ard\u0131ndan sat\u0131c\u0131ya 80 metrelik bir ipe ihtiyac\u0131n\u0131z oldu\u011funa dair bir mesaj b\u0131rak\u0131n.<\/p>\n<p><strong>Statik halat\u0131n her iki ucundaki karabinalar hakk\u0131nda:<\/strong> Sat\u0131n ald\u0131\u011f\u0131n\u0131z ipin boyu 10 metreyi ge\u00e7erse size resimde i\u015faretli iki karabina hediye edece\u011fiz. \u0130pin iki ucuna da takmay\u0131 tercih edebilirsiniz ya da dilerseniz monte edip iple birlikte pakette g\u00f6ndermenize gerek yok, bize not b\u0131rakman\u0131z ve karar\u0131n\u0131z\u0131 bize bildirmeniz yeterli.<\/p>\n<p>\u00dcr\u00fcn ad\u0131: Aramid elyaf + naylon statik ip<br \/>\nRenk: Resimde g\u00f6sterilen renk<br \/>\n\u00c7ap: 6mm 8mm 10mm<br \/>\nNet a\u011f\u0131rl\u0131k (\u00b15%): 6 mm (27 g\/m) 8 mm (42 g\/m) 10 mm (65 g\/m)<br \/>\n\u00c7ekme kuvveti: 6mm(7KN\/700KG) 8mm(16KN\/1600KG) 10mm(36KN\/3600KG)<br \/>\nG\u00f6r\u00fcn\u00fcm malzemesi: aramid<br \/>\n\u00c7ekirdek Malzemesi: Naylon<br \/>\nSertifikasyon: CE EN1891:1998<br \/>\n\u00c7ok i\u015flevli: t\u0131rmanma, teleskopik, yang\u0131nla m\u00fccadele, y\u00fcksekte \u00e7al\u0131\u015fma, vin\u00e7ler vb.<\/p>\n","protected":false},"excerpt":{"rendered":"<p>80 metre gibi daha uzun bir ip alman\u0131z gerekiyorsa, l\u00fctfen 8*10 metre ip sat\u0131n al\u0131n ve ard\u0131ndan sat\u0131c\u0131ya 80 metrelik&#8230;<\/p>\n","protected":false},"featured_media":12561,"comment_status":"open","ping_status":"closed","template":"","meta":[],"product_brand":[],"product_cat":[846],"product_tag":[],"woo-feed-brand":[50],"class_list":{"0":"post-13911","1":"product","2":"type-product","3":"status-publish","4":"has-post-thumbnail","6":"product_cat-guvenlik-halati","7":"woo-feed-brand-tyditiao","9":"first","10":"instock","11":"shipping-taxable","12":"purchasable","13":"product-type-variable","14":"has-default-attributes"},"_links":{"self":[{"href":"https:\/\/tyditiao.com\/tr\/wp-json\/wp\/v2\/product\/13911","targetHints":{"allow":["GET"]}}],"collection":[{"href":"https:\/\/tyditiao.com\/tr\/wp-json\/wp\/v2\/product"}],"about":[{"href":"https:\/\/tyditiao.com\/tr\/wp-json\/wp\/v2\/types\/product"}],"replies":[{"embeddable":true,"href":"https:\/\/tyditiao.com\/tr\/wp-json\/wp\/v2\/comments?post=13911"}],"wp:featuredmedia":[{"embeddable":true,"href":"https:\/\/tyditiao.com\/tr\/wp-json\/wp\/v2\/media\/12561"}],"wp:attachment":[{"href":"https:\/\/tyditiao.com\/tr\/wp-json\/wp\/v2\/media?parent=13911"}],"wp:term":[{"taxonomy":"product_brand","embeddable":true,"href":"https:\/\/tyditiao.com\/tr\/wp-json\/wp\/v2\/product_brand?post=13911"},{"taxonomy":"product_cat","embeddable":true,"href":"https:\/\/tyditiao.com\/tr\/wp-json\/wp\/v2\/product_cat?post=13911"},{"taxonomy":"product_tag","embeddable":true,"href":"https:\/\/tyditiao.com\/tr\/wp-json\/wp\/v2\/product_tag?post=13911"},{"taxonomy":"woo-feed-brand","embeddable":true,"href":"https:\/\/tyditiao.com\/tr\/wp-json\/wp\/v2\/woo-feed-brand?post=13911"}],"curies":[{"name":"wp","href":"https:\/\/api.w.org\/{rel}","templated":true}]}}