{"id":13936,"date":"2023-01-16T12:36:49","date_gmt":"2023-01-16T10:36:49","guid":{"rendered":"http:\/\/tyditiao.com\/product\/gizlenebilir-vucut-zirhi-nij-iiia-koruma-duzeyine-sahip-kursun-gecirmez-yelek-kisisel-dis-mekan-guvenlik-ekipmani\/"},"modified":"2025-03-17T13:38:47","modified_gmt":"2025-03-17T11:38:47","slug":"gizlenebilir-kursun-gecirmez-yelek","status":"publish","type":"product","link":"https:\/\/tyditiao.com\/tr\/urun\/gizlenebilir-kursun-gecirmez-yelek\/","title":{"rendered":"Gizlenebilir V\u00fccut Z\u0131rh\u0131, NIJ IIIA Koruma D\u00fczeyine Sahip Kur\u015fun Ge\u00e7irmez Yelek, Ki\u015fisel D\u0131\u015f Mekan G\u00fcvenlik Ekipman\u0131"},"content":{"rendered":"<p>Malzeme: Esnek kal\u0131rken birden fazla \u00e7ekime dayanabilen ultra y\u00fcksek molek\u00fcler PE malzeme. Hafiflik, yumu\u015fakl\u0131k, konfor, m\u00fckemmel UV direnci, d\u00fc\u015f\u00fck nem hassasiyeti ve su ge\u00e7irmezlik \u00f6zelliklerine sahiptir.<\/p>\n<p>Koruma s\u0131n\u0131f\u0131: NIJ IIIA \u00f6n ve arka koruma<\/p>\n<p>Engellenebilir mermiler:<br \/>\n.44 Magnum<br \/>\n.40 S&amp;W, .357 Magnum, .45<br \/>\nhafif makineli t\u00fcfek 9mm<br \/>\nYar\u0131 ceketli i\u00e7i bo\u015f nokta (SJHP) mermiler<br \/>\nTam Metal Mermi Kalibrasyonu 9 mm, nominal a\u011f\u0131rl\u0131k 8,0 g (124 g), darbe h\u0131z\u0131 426 m\/s (1.400 ft\/s) veya daha az<br \/>\nAyr\u0131ca \u00e7o\u011fu tabanca tehdidinin yan\u0131 s\u0131ra S\u0131n\u0131f IIA ve II tehditlerine kar\u015f\u0131 koruma sa\u011flar<\/p>\n<p>Renk: Siyah<br \/>\nCinsiyet: \u00dcniseks<br \/>\nGiyim T\u00fcr\u00fc: Yelek, \u00dcst<br \/>\nKol Tipi: Kolsuz<br \/>\n\u0130\u015flev: Kur\u015fun ge\u00e7irmez<br \/>\nboyut: bir boyut<br \/>\nA\u011f\u0131rl\u0131k: 2.5kg<br \/>\nY\u0131kama: \u0130\u00e7 astar ve d\u0131\u015f giyim ayr\u0131labilir, i\u00e7 kur\u015fun ge\u00e7irmez tabaka y\u0131kanamaz, sadece d\u0131\u015f tabakay\u0131 temizleyin<\/p>\n<p>Paket: 1 x Kur\u015fun Ge\u00e7irmez Yelek (NIJ IIIA)<\/p>\n","protected":false},"excerpt":{"rendered":"<p>Yumu\u015fak ve hafif: esnek, rahat giyilebilir, temel olarak insan v\u00fccudunun ko\u015fmas\u0131n\u0131 veya \u00e7\u00f6melmesini etkilemez<\/p>\n<p>M\u00fckemmel Gizleme: Giysilerinizin alt\u0131nda kolayca gizlenebilmeniz i\u00e7in c\u0131rt c\u0131rtl\u0131 4 farkl\u0131 noktada ayarlanabilir<\/p>\n<p>NIJ IIIA korumas\u0131: kur\u015fun ge\u00e7irmez yelekler i\u00e7in \u015fu anda mevcut olan en y\u00fcksek koruma seviyesi<\/p>\n<p>\u0130yi geni\u015fleme performans\u0131: \u00f6n ve arka z\u0131rh cepleri, kendi ihtiya\u00e7lar\u0131na g\u00f6re ek koruma sa\u011flamak i\u00e7in kur\u015fun ge\u00e7irmez \u00e7elik plakalarla tak\u0131labilir<\/p>\n<p>\u0130lgili ki\u015filer: Gazeteciler ve askeri personel sava\u015ftan zarar g\u00f6rm\u00fc\u015f b\u00f6lgelerde seyahat eder ve kendi g\u00fcvenliklerini ve v\u00fccutlar\u0131n\u0131 kur\u015funlardan ve molozlardan korumak i\u00e7in ev savunmas\u0131 i\u00e7in de kullan\u0131labilirler.<\/p>\n","protected":false},"featured_media":12428,"comment_status":"open","ping_status":"closed","template":"","meta":[],"product_brand":[],"product_cat":[865],"product_tag":[],"woo-feed-brand":[50],"class_list":{"0":"post-13936","1":"product","2":"type-product","3":"status-publish","4":"has-post-thumbnail","6":"product_cat-taktik-yelek","7":"woo-feed-brand-tyditiao","9":"first","10":"instock","11":"sale","12":"shipping-taxable","13":"purchasable","14":"product-type-simple"},"_links":{"self":[{"href":"https:\/\/tyditiao.com\/tr\/wp-json\/wp\/v2\/product\/13936","targetHints":{"allow":["GET"]}}],"collection":[{"href":"https:\/\/tyditiao.com\/tr\/wp-json\/wp\/v2\/product"}],"about":[{"href":"https:\/\/tyditiao.com\/tr\/wp-json\/wp\/v2\/types\/product"}],"replies":[{"embeddable":true,"href":"https:\/\/tyditiao.com\/tr\/wp-json\/wp\/v2\/comments?post=13936"}],"wp:featuredmedia":[{"embeddable":true,"href":"https:\/\/tyditiao.com\/tr\/wp-json\/wp\/v2\/media\/12428"}],"wp:attachment":[{"href":"https:\/\/tyditiao.com\/tr\/wp-json\/wp\/v2\/media?parent=13936"}],"wp:term":[{"taxonomy":"product_brand","embeddable":true,"href":"https:\/\/tyditiao.com\/tr\/wp-json\/wp\/v2\/product_brand?post=13936"},{"taxonomy":"product_cat","embeddable":true,"href":"https:\/\/tyditiao.com\/tr\/wp-json\/wp\/v2\/product_cat?post=13936"},{"taxonomy":"product_tag","embeddable":true,"href":"https:\/\/tyditiao.com\/tr\/wp-json\/wp\/v2\/product_tag?post=13936"},{"taxonomy":"woo-feed-brand","embeddable":true,"href":"https:\/\/tyditiao.com\/tr\/wp-json\/wp\/v2\/woo-feed-brand?post=13936"}],"curies":[{"name":"wp","href":"https:\/\/api.w.org\/{rel}","templated":true}]}}