{"id":14045,"date":"2022-10-21T05:15:35","date_gmt":"2022-10-21T03:15:35","guid":{"rendered":"http:\/\/tyditiao.com\/product\/aluminape-nij-iv-23mm-2-9kg-kursun-gecirmez-zirh-250x300mm\/"},"modified":"2025-03-17T13:40:23","modified_gmt":"2025-03-17T11:40:23","slug":"alumina-nij-level-iv-23mm-2-9kgnustro-kursun-gecirmez-250x300mm","status":"publish","type":"product","link":"https:\/\/tyditiao.com\/tr\/urun\/alumina-nij-level-iv-23mm-2-9kgnustro-kursun-gecirmez-250x300mm\/","title":{"rendered":"Al\u00fcmina+PE, NIJ IV, 23MM, 2.9KG, kur\u015fun ge\u00e7irmez z\u0131rh, 250X300MM"},"content":{"rendered":"<p>A\u011f\u0131rl\u0131k: 2,9 kg<br \/>\nMalzeme: Al\u00fcmina + PE<br \/>\nKal\u0131nl\u0131k: 23MM<br \/>\nKoruma s\u0131n\u0131f\u0131: NIJ III s\u0131n\u0131f\u0131 (GA6)<\/p>\n<p>D\u0131\u015f katman: siyah su ge\u00e7irmez polyester kuma\u015f;<br \/>\nBoyutlar: 250x300mm \/ 9,8&#8217;x11,8&#8242;<br \/>\n\u015eekil: Yamuk (K\u00f6\u015feleri pahl\u0131 yamuk levha)<\/p>\n<p>Paket listesi:<br \/>\n1 x Trapez Kur\u015fun Ge\u00e7irmez Plaka.<\/p>\n<p>Fark etme:<br \/>\nYans\u0131t\u0131c\u0131 yelek dahil de\u011fildir<\/p>\n<p>Hedef Kullan\u0131c\u0131lar: Silahl\u0131 Kuvvetler, SWAT, Ulusal G\u00fcvenlik, G\u00fcmr\u00fck ve S\u0131n\u0131r Korumas\u0131, G\u00f6\u00e7menlik Kontrol\u00fc ve silah tehdidiyle kar\u015f\u0131 kar\u015f\u0131ya olan di\u011ferleri \u00fcr\u00fcnlerimizle donat\u0131labilir. \u0130nsanlar daha iyi sonu\u00e7lar al\u0131yor ve daha az zayiat veriyor. \u00dcr\u00fcn ayr\u0131ca uzun mesafeli g\u00f6revler veya uzun mesafeli g\u00f6revler gibi durumlar i\u00e7in daha uygundur. Ayr\u0131ca kendi aile koruman\u0131z i\u00e7in iyi bir se\u00e7imdir.<\/p>\n<p>Seramik kur\u015fun ge\u00e7irmez ekler genellikle seramik ve polietilen PE gibi malzemelerden yap\u0131l\u0131r. Kural \u015fudur: Bir mermi kur\u015fun ge\u00e7irmez bir kartu\u015fa \u00e7arpt\u0131\u011f\u0131nda, mermi \u00f6nce seramik tabakan\u0131n tepesine \u00e7arpar. Merminin muazzam darbe kuvveti, merminin devasa kinetik enerjisini emerek \u00e7evreye iletilir. Mermi seramik tabakay\u0131 ge\u00e7ti\u011finde kinetik enerjisinin \u00e7o\u011funu kaybeder. Mermi polietilen tabakas\u0131na ula\u015ft\u0131\u011f\u0131nda polietilen, mermiyi ve par\u00e7alar\u0131n\u0131 gererek ve sararak merminin kinetik enerjisini da\u011f\u0131t\u0131r ve v\u00fccuda \u00e7ok az etki ederek m\u00fckemmel koruma sa\u011flar.<\/p>\n","protected":false},"excerpt":{"rendered":"<p>Ayn\u0131 balistik derecelendirmede \u00e7elikten daha hafiftir ve silisyum karb\u00fcrden daha ucuzdur, bu nedenle al\u00fcmina seramik balistik iyi bir dengedir.<\/p>\n<p>\u00dcst katman suya dayan\u0131kl\u0131 polyester kuma\u015ftan yap\u0131lm\u0131\u015ft\u0131r ve panel su ge\u00e7irmez ve leke tutmaz.<\/p>\n<p>Tampon katman: Her kur\u015fun ge\u00e7irmez plaka, patlamadan sonra insan v\u00fccudu \u00fczerindeki etkiyi etkili bir \u015fekilde azaltabilen EVA darbeye dayan\u0131kl\u0131 pedin i\u00e7 katman\u0131na yap\u0131\u015ft\u0131r\u0131lm\u0131\u015ft\u0131r.<\/p>\n<p>Plaka malzemesi: \u00fcst katman al\u00fcminyum seramik plakad\u0131r ve alt katman PE kur\u015fun ge\u00e7irmez plakad\u0131r;<\/p>\n","protected":false},"featured_media":11972,"comment_status":"open","ping_status":"closed","template":"","meta":[],"product_brand":[],"product_cat":[879],"product_tag":[],"woo-feed-brand":[50],"class_list":{"0":"post-14045","1":"product","2":"type-product","3":"status-publish","4":"has-post-thumbnail","6":"product_cat-kursun-gecirmez-gogus-plakasi","7":"woo-feed-brand-tyditiao","9":"first","10":"instock","11":"sale","12":"shipping-taxable","13":"purchasable","14":"product-type-simple"},"_links":{"self":[{"href":"https:\/\/tyditiao.com\/tr\/wp-json\/wp\/v2\/product\/14045","targetHints":{"allow":["GET"]}}],"collection":[{"href":"https:\/\/tyditiao.com\/tr\/wp-json\/wp\/v2\/product"}],"about":[{"href":"https:\/\/tyditiao.com\/tr\/wp-json\/wp\/v2\/types\/product"}],"replies":[{"embeddable":true,"href":"https:\/\/tyditiao.com\/tr\/wp-json\/wp\/v2\/comments?post=14045"}],"wp:featuredmedia":[{"embeddable":true,"href":"https:\/\/tyditiao.com\/tr\/wp-json\/wp\/v2\/media\/11972"}],"wp:attachment":[{"href":"https:\/\/tyditiao.com\/tr\/wp-json\/wp\/v2\/media?parent=14045"}],"wp:term":[{"taxonomy":"product_brand","embeddable":true,"href":"https:\/\/tyditiao.com\/tr\/wp-json\/wp\/v2\/product_brand?post=14045"},{"taxonomy":"product_cat","embeddable":true,"href":"https:\/\/tyditiao.com\/tr\/wp-json\/wp\/v2\/product_cat?post=14045"},{"taxonomy":"product_tag","embeddable":true,"href":"https:\/\/tyditiao.com\/tr\/wp-json\/wp\/v2\/product_tag?post=14045"},{"taxonomy":"woo-feed-brand","embeddable":true,"href":"https:\/\/tyditiao.com\/tr\/wp-json\/wp\/v2\/woo-feed-brand?post=14045"}],"curies":[{"name":"wp","href":"https:\/\/api.w.org\/{rel}","templated":true}]}}