{"id":14083,"date":"2022-10-21T05:10:23","date_gmt":"2022-10-21T03:10:23","guid":{"rendered":"http:\/\/tyditiao.com\/product\/sicpe-nij-level-iv-23mm-2-5kg-kursun-gecirmez-gogus-plakasi-balistik-ek-parcasi-250x300mm\/"},"modified":"2025-03-17T13:40:36","modified_gmt":"2025-03-17T11:40:36","slug":"sicpe-nij-level-iv-23mm-2-5kgn-gogusluk-kursun-gecirmez-250x300mm","status":"publish","type":"product","link":"https:\/\/tyditiao.com\/tr\/urun\/sicpe-nij-level-iv-23mm-2-5kgn-gogusluk-kursun-gecirmez-250x300mm\/","title":{"rendered":"SIC+PE, NIJ Level IV, 23MM, 2.5KG, kur\u015fun ge\u00e7irmez g\u00f6\u011f\u00fcs plakas\u0131 balistik ek par\u00e7as\u0131, 250X300MM"},"content":{"rendered":"<p>Ad\u0131: NIJ Grade IV Ultra Hafif Silisyum Karb\u00fcr Kur\u015fun Ge\u00e7irmez Plaka<\/p>\n<p>Standart: NIJ 0101.06 S\u0131n\u0131f IV, ilgili test raporunu sa\u011flayabiliriz.<\/p>\n<p>Malzeme: SiC + UHMW-PE<\/p>\n<p>A\u011f\u0131rl\u0131k: 2,5 KG + 0,05 KG \/ 2,20 + 0,11 LB<\/p>\n<p>Kal\u0131nl\u0131k: 23mm<\/p>\n<p>D\u0131\u015f katman: siyah su ge\u00e7irmez polyester kuma\u015f;<br \/>\nBoyutlar: 250x300mm \/ 9,8&#8217;x11,8&#8242;<br \/>\n\u015eekil: Yamuk (K\u00f6\u015feleri pahl\u0131 yamuk levha)<\/p>\n<p>Paket listesi:<br \/>\n1 x Trapez Kur\u015fun Ge\u00e7irmez Plaka.<\/p>\n<p>Fark etme:<br \/>\nYans\u0131t\u0131c\u0131 yelek dahil de\u011fildir<\/p>\n<p>Hedef Kullan\u0131c\u0131lar: Silahla ilgili tehditlere kar\u015f\u0131 kullan\u0131m i\u00e7in NIJ S\u0131n\u0131f IV Superlight Sic Kur\u015fun Ge\u00e7irmez Plakalar. Silahl\u0131 kuvvetler, SWAT te\u015fkilatlar\u0131, i\u00e7 g\u00fcvenlik te\u015fkilatlar\u0131, g\u00fcmr\u00fck ve s\u0131n\u0131r koruma te\u015fkilatlar\u0131, g\u00f6\u00e7menlik kontrol te\u015fkilatlar\u0131 ve ate\u015fli silah riski ta\u015f\u0131yan di\u011fer te\u015fkilatlar \u00fcr\u00fcnlerimizle donat\u0131labilir. \u0130nsanlar daha iyi sonu\u00e7lar al\u0131yor ve daha az zayiat veriyor. \u00dcr\u00fcn ayr\u0131ca uzun mesafeli g\u00f6revler veya uzun mesafeli g\u00f6revler gibi durumlar i\u00e7in daha uygundur. Ayr\u0131ca kendi aile koruman\u0131z i\u00e7in iyi bir se\u00e7imdir.<\/p>\n<p><!--devam\u0131--><\/p>\n<p>NIJ IV&#8217;\u00fcn savunabilece\u011fi mermilerin parametreleri:<\/p>\n<p>Tam Metal Muhafaza 7,62 x 51 mm M80 (FMJ) \/ NATO Topu;<\/p>\n<p>7,62 x 39 mm AK47 Kur\u015fun \u00c7ekirdek (LC) \/ Hafif \u00c7elik \u00c7ekirdek (MSC);<\/p>\n<p>5,56 x 45 mm M193 Kur\u015fun (LC) \/ NATO SS109 Topu;<\/p>\n<p>Balistik ekler genellikle v\u00fccut z\u0131rhlar\u0131nda veya taktik yeleklerde kullan\u0131l\u0131r. \u0130ki t\u00fcr kur\u015fun ge\u00e7irmez kartu\u015f vard\u0131r: \u00f6n ve yan. \u00d6n panel g\u00f6\u011f\u00fcs ve s\u0131rt\u0131 korur ve yan paneller v\u00fccudun yanlar\u0131n\u0131 korur. Oluklar genellikle g\u00f6\u011fs\u00fcn \u00f6n taraf\u0131n\u0131, kareler ise arka taraf\u0131n\u0131 korur.<\/p>\n<p>D\u00f6rt \u00e7e\u015fit kur\u015fun ge\u00e7irmez levha malzemesi vard\u0131r: kur\u015fun ge\u00e7irmez \u00e7elik, PE polietilen, PE+al\u00fcmina, PE+silisyum karb\u00fcr. \u00c7e\u015fitli malzeme modellerinde mevcut olan bu pil, saf PE + silikondur.<\/p>\n<p>Seramik kur\u015fun ge\u00e7irmez ekler genellikle seramik ve polietilen PE gibi malzemelerden yap\u0131l\u0131r. Kural \u015fudur: Bir mermi kur\u015fun ge\u00e7irmez bir kartu\u015fa \u00e7arpt\u0131\u011f\u0131nda, mermi \u00f6nce seramik tabakan\u0131n tepesine \u00e7arpar. Merminin muazzam darbe kuvveti, merminin devasa kinetik enerjisini emerek \u00e7evreye iletilir. Mermi seramik tabakay\u0131 ge\u00e7ti\u011finde kinetik enerjisinin \u00e7o\u011funu kaybeder. Mermi polietilen tabakas\u0131na ula\u015ft\u0131\u011f\u0131nda polietilen, mermiyi ve par\u00e7alar\u0131n\u0131 gererek ve sararak merminin kinetik enerjisini da\u011f\u0131t\u0131r ve v\u00fccuda \u00e7ok az etki ederek m\u00fckemmel koruma sa\u011flar.<\/p>\n","protected":false},"excerpt":{"rendered":"<p>Geleneksel t\u00fcfek mermilerinin tehdidine dayanabilen, NIJ derece IV silisyum karb\u00fcrden yap\u0131lm\u0131\u015f ultra hafif balistik plaka.<\/p>\n<p>Olgun s\u00fcre\u00e7: istikrarl\u0131 ve m\u00fckemmel koruyucu performans g\u00f6sterecektir.<\/p>\n<p>Al\u00fcmina seramik panellere g\u00f6re daha hafif ve kullan\u0131\u015fl\u0131d\u0131r.<\/p>\n<p>\u00dcst katman suya dayan\u0131kl\u0131 polyester kuma\u015ftan yap\u0131lm\u0131\u015ft\u0131r ve panel su ge\u00e7irmez ve leke tutmaz.<\/p>\n","protected":false},"featured_media":12048,"comment_status":"open","ping_status":"closed","template":"","meta":[],"product_brand":[],"product_cat":[879],"product_tag":[],"woo-feed-brand":[50],"class_list":{"0":"post-14083","1":"product","2":"type-product","3":"status-publish","4":"has-post-thumbnail","6":"product_cat-kursun-gecirmez-gogus-plakasi","7":"woo-feed-brand-tyditiao","9":"first","10":"instock","11":"sale","12":"shipping-taxable","13":"purchasable","14":"product-type-simple"},"_links":{"self":[{"href":"https:\/\/tyditiao.com\/tr\/wp-json\/wp\/v2\/product\/14083","targetHints":{"allow":["GET"]}}],"collection":[{"href":"https:\/\/tyditiao.com\/tr\/wp-json\/wp\/v2\/product"}],"about":[{"href":"https:\/\/tyditiao.com\/tr\/wp-json\/wp\/v2\/types\/product"}],"replies":[{"embeddable":true,"href":"https:\/\/tyditiao.com\/tr\/wp-json\/wp\/v2\/comments?post=14083"}],"wp:featuredmedia":[{"embeddable":true,"href":"https:\/\/tyditiao.com\/tr\/wp-json\/wp\/v2\/media\/12048"}],"wp:attachment":[{"href":"https:\/\/tyditiao.com\/tr\/wp-json\/wp\/v2\/media?parent=14083"}],"wp:term":[{"taxonomy":"product_brand","embeddable":true,"href":"https:\/\/tyditiao.com\/tr\/wp-json\/wp\/v2\/product_brand?post=14083"},{"taxonomy":"product_cat","embeddable":true,"href":"https:\/\/tyditiao.com\/tr\/wp-json\/wp\/v2\/product_cat?post=14083"},{"taxonomy":"product_tag","embeddable":true,"href":"https:\/\/tyditiao.com\/tr\/wp-json\/wp\/v2\/product_tag?post=14083"},{"taxonomy":"woo-feed-brand","embeddable":true,"href":"https:\/\/tyditiao.com\/tr\/wp-json\/wp\/v2\/woo-feed-brand?post=14083"}],"curies":[{"name":"wp","href":"https:\/\/api.w.org\/{rel}","templated":true}]}}