{"id":14102,"date":"2022-10-18T08:54:02","date_gmt":"2022-10-18T06:54:02","guid":{"rendered":"http:\/\/tyditiao.com\/product\/cs-egitim-ekipmanlari-kursun-gecirmez-yelek-2xpe-iiia-10x12-kursun-gecirmez-plakalar-dahil-hizli-cikarma-dis-taktik-yelek\/"},"modified":"2025-03-17T13:38:34","modified_gmt":"2025-03-17T11:38:34","slug":"cs-egitim-ekipmani-dis-mekan-balistik-yelek-hizli-acilan-taktik-yelek-kit-kursun-gecirmez-plaka-2xpe-iiia-10x12","status":"publish","type":"product","link":"https:\/\/tyditiao.com\/tr\/urun\/cs-egitim-ekipmani-dis-mekan-balistik-yelek-hizli-acilan-taktik-yelek-kit-kursun-gecirmez-plaka-2xpe-iiia-10x12\/","title":{"rendered":"CS E\u011fitim Ekipmanlar\u0131 Kur\u015fun Ge\u00e7irmez Yelek, 2XPE IIIA 10&#215;12 Kur\u015fun Ge\u00e7irmez Plakalar Dahil H\u0131zl\u0131 \u00c7\u0131karma D\u0131\u015f Taktik Yelek"},"content":{"rendered":"<p>Bu \u00fcr\u00fcn\u00fcn yanlar\u0131 ve omuzlar\u0131 Velcro ile ayarlanabilir, b\u00f6ylece her beden kullan\u0131c\u0131 onu giyebilir.<br \/>\n\u0130\u00e7 katman: y\u00fcksek mukavemetli malzeme<br \/>\nD\u0131\u015f katman: a\u015f\u0131nmaya dayan\u0131kl\u0131 oxford kuma\u015f, pamuk veya naylon, leke tutmaz ve dayan\u0131kl\u0131d\u0131r.<\/p>\n<p>&nbsp;<\/p>\n<p>Savunma seviyesi: Varsay\u0131lan PE kur\u015fun ge\u00e7irmez levha, NIJIIIA,<br \/>\nKoruma par\u00e7as\u0131: UHMW-PE<br \/>\nKal\u0131nl\u0131k:\uff5e8mm\/\uff5e0.3&#8242;<br \/>\nGe\u00e7erlilik: 5 y\u0131l<br \/>\nKar\u015f\u0131 savunulabilecek mermi t\u00fcrleri:<br \/>\n9 mm Tam Metal K\u0131l\u0131f (FMJ) \/ Yuvarlak Ba\u015f (RN)<br \/>\n.44 \u00dcniversal K\u0131l\u0131f \u0130\u00e7i Bo\u015f Nokta (JHP)<\/p>\n<p>Hedef kullan\u0131c\u0131lar:<br \/>\nGizli NIJ S\u0131n\u0131f IIIA kur\u015fun ge\u00e7irmez yelekler, silahla ilgili tehlikelere kar\u015f\u0131 koruma sa\u011flar. Ve daha fazla aksesuara sahiptir ve daha geni\u015f bir alan\u0131 kaplar. Yanlarda ve omuzlarda c\u0131rt c\u0131rtla beden ayarlanabilir. \u00dcr\u00fcnlerimiz silahl\u0131 kuvvetler, SWAT te\u015fkilatlar\u0131, i\u00e7 g\u00fcvenlik te\u015fkilatlar\u0131, g\u00fcmr\u00fck ve s\u0131n\u0131r koruma te\u015fkilatlar\u0131, g\u00f6\u00e7menlik kontrol te\u015fkilatlar\u0131 ve ate\u015fli silah riski ta\u015f\u0131yan di\u011fer te\u015fkilatlar ile donat\u0131labilir. \u0130nsanlar daha iyi sonu\u00e7lar al\u0131yor ve daha az ma\u011fdur oluyor.<\/p>\n","protected":false},"excerpt":{"rendered":"<p>AYARLANAB\u0130L\u0130R BOYUT: Yanlarda ve omuzlarda Velcro ile ayarlanabilir boyut, tek beden herkese uyar.<\/p>\n<p>H\u0131zl\u0131 serbest b\u0131rakma i\u015flemini ger\u00e7ekle\u015ftirin: Bel h\u0131zl\u0131 serbest b\u0131rakma tokas\u0131n\u0131n kullan\u0131m\u0131 kolayd\u0131r.<\/p>\n<p>Geni\u015f Depolama Alan\u0131: Yerle\u015fik saklama cebi ve yard\u0131mc\u0131 cep, ihtiya\u00e7lar\u0131n\u0131za g\u00f6re tak\u0131labilir veya \u00e7\u0131kar\u0131labilir.<\/p>\n<p>\u00d6n ve arka NIJ IIIA kur\u015fun ge\u00e7irmez plakalarla donat\u0131lm\u0131\u015ft\u0131r: tabanca mermisi tehdidiyle ba\u015fa \u00e7\u0131kabilir.<\/p>\n<p>Savunman\u0131z\u0131 \u00f6zg\u00fcrce art\u0131r\u0131n: Ceket, farkl\u0131 seviyelerde kur\u015fun ge\u00e7irmez ekler ile donat\u0131labilir.<\/p>\n","protected":false},"featured_media":11896,"comment_status":"open","ping_status":"closed","template":"","meta":[],"product_brand":[],"product_cat":[865],"product_tag":[],"woo-feed-brand":[50],"class_list":{"0":"post-14102","1":"product","2":"type-product","3":"status-publish","4":"has-post-thumbnail","6":"product_cat-taktik-yelek","7":"product_shipping_class-0-3-kilo","8":"woo-feed-brand-tyditiao","10":"first","11":"instock","12":"sale","13":"shipping-taxable","14":"purchasable","15":"product-type-simple"},"_links":{"self":[{"href":"https:\/\/tyditiao.com\/tr\/wp-json\/wp\/v2\/product\/14102","targetHints":{"allow":["GET"]}}],"collection":[{"href":"https:\/\/tyditiao.com\/tr\/wp-json\/wp\/v2\/product"}],"about":[{"href":"https:\/\/tyditiao.com\/tr\/wp-json\/wp\/v2\/types\/product"}],"replies":[{"embeddable":true,"href":"https:\/\/tyditiao.com\/tr\/wp-json\/wp\/v2\/comments?post=14102"}],"wp:featuredmedia":[{"embeddable":true,"href":"https:\/\/tyditiao.com\/tr\/wp-json\/wp\/v2\/media\/11896"}],"wp:attachment":[{"href":"https:\/\/tyditiao.com\/tr\/wp-json\/wp\/v2\/media?parent=14102"}],"wp:term":[{"taxonomy":"product_brand","embeddable":true,"href":"https:\/\/tyditiao.com\/tr\/wp-json\/wp\/v2\/product_brand?post=14102"},{"taxonomy":"product_cat","embeddable":true,"href":"https:\/\/tyditiao.com\/tr\/wp-json\/wp\/v2\/product_cat?post=14102"},{"taxonomy":"product_tag","embeddable":true,"href":"https:\/\/tyditiao.com\/tr\/wp-json\/wp\/v2\/product_tag?post=14102"},{"taxonomy":"woo-feed-brand","embeddable":true,"href":"https:\/\/tyditiao.com\/tr\/wp-json\/wp\/v2\/woo-feed-brand?post=14102"}],"curies":[{"name":"wp","href":"https:\/\/api.w.org\/{rel}","templated":true}]}}