{"id":14161,"date":"2022-06-13T04:38:14","date_gmt":"2023-05-23T01:37:10","guid":{"rendered":"http:\/\/tyditiao.com\/product\/askeri-koruyucu-kask-sinif-iiia-kevlar-kask-askeri-balistik-wendy-taktik-kask-siyah\/"},"modified":"2023-05-23T03:37:10","modified_gmt":"2023-05-23T01:37:10","slug":"wendy-kursun-gecirmez-kask-kevlar-kask-taktik-siyah","status":"publish","type":"product","link":"https:\/\/tyditiao.com\/tr\/urun\/wendy-kursun-gecirmez-kask-kevlar-kask-taktik-siyah\/","title":{"rendered":"Askeri koruyucu kask, S\u0131n\u0131f IIIA Kevlar kask, askeri balistik wendy taktik kask, siyah"},"content":{"rendered":"<p>Wendy taktik askeri koruyucu kask NIJ IIIA, s\u00fcper hafif ve giymesi \u00e7ok rahat olacak \u015fekilde tasarlanm\u0131\u015ft\u0131r. H\u0131zl\u0131 ve kolay tek elle ayarlama, hassas bir uyum sa\u011flar. Ayr\u0131ca darbe kuvvetini etkili bir \u015fekilde emebilen, mermi isabet ettikten sonra kask g\u00f6vdesinin deformasyonunu azaltabilen ve kullan\u0131c\u0131n\u0131n yaralanma oran\u0131n\u0131 ve ciddiyetini azaltabilen y\u00fcksek kaliteli enerji emici pedlerle donat\u0131lm\u0131\u015ft\u0131r. Wendy askeri taktik kask, Wendy&#8217;ye daha fazla olanak sa\u011flayan evrensel montaj raylar\u0131 ve bir kafal\u0131k ile donat\u0131lm\u0131\u015ft\u0131r. MICH kur\u015fun ge\u00e7irmez kaskla kar\u015f\u0131la\u015ft\u0131r\u0131ld\u0131\u011f\u0131nda daha hafif olmas\u0131, kafaya daha fazla y\u00fck bindirmesine gerek olmad\u0131\u011f\u0131, ancak ekipler aras\u0131nda bilgi al\u0131\u015fveri\u015fi i\u00e7in daha uygun olan daha modern ekipmanlar\u0131 ta\u015f\u0131mak i\u00e7in kullan\u0131labilece\u011fi anlam\u0131na gelir.<\/p>\n<hr>\n<p><strong>Savunma s\u0131n\u0131f\u0131:<\/strong><\/p>\n<p>Bu kur\u015fun ge\u00e7irmez kask, NIJ 0101.06 standard\u0131na g\u00f6re bir NIJ Seviye IIIA kur\u015fun ge\u00e7irmez kaskt\u0131r ve ilgili test raporu sa\u011flanabilir.<\/p>\n<hr>\n<p><strong>Savunma mermisi parametreleri:<\/strong><\/p>\n<p>.44 Mag SJHP<br \/>\n.357 SIG FMJ FN<br \/>\n9 mm FMJ RN<br \/>\n.357 Mag JSP<br \/>\n.40 S&#038;W FMJ<\/p>\n<p>Ayr\u0131ca \u00e7o\u011fu tabanca tehdidinin yan\u0131 s\u0131ra S\u0131n\u0131f IIA ve II tehditlerine kar\u015f\u0131 koruma sa\u011flar<\/p>\n<hr>\n<p><strong>Kur\u015fun ge\u00e7irmez kask parametreleri:<\/strong><br \/>\nAd\u0131: Wendy&#8217;nin taktik askeri koruyucu kask\u0131 NIJ IIIA<\/p>\n<p>Malzeme: Y\u00fcksek Mukavemetli Kevlar-DuPont Aramid Elyaf<\/p>\n<p>Ba\u015f \u00e7evresi: 52-60 cm<\/p>\n<p>Astar: Zorbium k\u00f6p\u00fck darbe pedleri, su ge\u00e7irmez, rahat bir astar ve teri d\u0131\u015far\u0131 atan antibakteriyel bir kaplama ile sizi serin ve kuru tutar. T\u00fcm \u00e7evre ko\u015fullar\u0131nda tekrarlayan \u015foklar i\u00e7in gereken g\u00fcc\u00fcn yar\u0131s\u0131ndan daha az\u0131n\u0131 sa\u011flar. Kask, optimum oturma ve rahatl\u0131k i\u00e7in kullan\u0131c\u0131 gereksinimlerine g\u00f6re esnek bir \u015fekilde tak\u0131labilen \u00fc\u00e7 ek darbe pedi ve sekiz ayarlanabilir ped ile standart olarak gelir.<\/p>\n<p>\u0130ste\u011fe ba\u011fl\u0131 aksesuarlar: \u015fi\u015firilebilir oksijen maskeleri, y\u00fcz siperlikleri, yan siperler, z\u0131rhl\u0131 yan siperler, koruyucu kalkanlar, kask kalkanlar\u0131, kur\u015fun ge\u00e7irmez maskeler vb.<\/p>\n<p>Kask Rengi: Siyah<br \/>\nMICH, tabanca mermilerini durduran ve birikintilere ve d\u00fc\u015fen d\u00f6k\u00fcnt\u00fclere kar\u015f\u0131 g\u00fcvenilir koruma sa\u011flayan bir kaskt\u0131r.<br \/>\nkorumay\u0131 azaltacakt\u0131r.<\/p>\n<hr>\n<p><strong>&#8220;\u0130nsanlar i\u00e7in:<\/strong><br \/>\nNIJ lllA Kevlar WENDY Balistik Kask, tabanca ve \u015farapnel tehditlerinin \u00fcstesinden gelir, daha fazla ba\u011flant\u0131 ba\u011flant\u0131s\u0131na sahiptir, daha hafiftir ve takmas\u0131 daha rahatt\u0131r. Bu kask her t\u00fcr kullan\u0131c\u0131 i\u00e7in uygundur. Ordu, polis, SWAT, i\u00e7 g\u00fcvenlik, g\u00fcmr\u00fck ve s\u0131n\u0131r muhaf\u0131zlar\u0131 gibi kurumlar\u0131n personeli, geli\u015fmi\u015f muharebe yetenekleriyle donat\u0131labilir. Ayr\u0131ca ev korumas\u0131 ve cosplay i\u00e7in iyi bir se\u00e7imdir.<\/p>\n<hr>\n<p>\u0130\u015fte Allegro platformunda %15 indirimli taktiksel koruyucu kask ma\u011fazam\u0131z.<\/p>\n<p>\u00dcr\u00fcnlerimizi sat\u0131n almak istiyorsan\u0131z veya \u00fcr\u00fcnlerimiz hakk\u0131nda herhangi bir sorunuz varsa, l\u00fctfen (<a href=\"http:\/\/tyditiao.com\/en\/contact\/\">bizimle ileti\u015fime ge\u00e7in<\/a>) en ge\u00e7 i\u00e7inde size cevap verece\u011fiz 1 i\u015f g\u00fcn\u00fc. Ayn\u0131 anda 5&#8217;ten fazla kur\u015fun ge\u00e7irmez kask sipari\u015f etmek isterseniz ek indirim al\u0131rs\u0131n\u0131z;<\/p>\n<p>&nbsp;<\/p>\n","protected":false},"excerpt":{"rendered":"<p>\u0130yi kur\u015fun ge\u00e7irmez performans: NIJ Level lllA, m\u00fckemmel ba\u015f korumas\u0131.<\/p>\n<p>Giymesi rahat: Zorbium Foam Impact eyer, \u00fczerinizdeyken sizi serin ve kuru tutmak i\u00e7in nemi uzakla\u015ft\u0131ran su ge\u00e7irmez bir astara ve antibakteriyel bir kaplamaya sahiptir.<\/p>\n<p>KOLAY AYARLAMA: BOA Kapatma Sistemli Hafif Askeri CAM FIT Kask Ba\u011flama Sistemi, H\u0131zl\u0131 ve Kolay Tek Elle Ayarlama ve Hassas Uyum Sa\u011flar.<\/p>\n<p>\u0130Y\u0130 KAL\u0130TE: Wendy&#8217;nin Taktik Askeri Koruyucu Kask\u0131 NIJ IIIA, \u00e7ok dayan\u0131kl\u0131 DuPont Kevlar Aramid fiberden yap\u0131lm\u0131\u015ft\u0131r, \u0131s\u0131ya dayan\u0131kl\u0131d\u0131r ve deforme olmaz<\/p>\n<p>\u0130yi Geni\u015fleyebilirlik: Rail 2.0 Sabitleme Sistemi, t\u00fcm EXFIL Rail 2.0 Ba\u011flant\u0131 Elemanlar\u0131 ile uyumludur. \u00c7ift tarafl\u0131 dengeleme halkas\u0131 montaj raylar\u0131 ve al\u0131n dengeleme halkas\u0131n\u0131n kurulumu ve yap\u0131land\u0131r\u0131lmas\u0131 kolayd\u0131r, kulakl\u0131klar, silah lambalar\u0131, kameralar, fla\u015f lambalar\u0131, gece g\u00f6r\u00fc\u015f cihazlar\u0131, GoPro kameralar ve NVG g\u00f6zl\u00fckler.<\/p>\n","protected":false},"featured_media":10547,"comment_status":"closed","ping_status":"closed","template":"","meta":[],"product_brand":[],"product_cat":[782,781],"product_tag":[],"woo-feed-brand":[50],"class_list":{"0":"post-14161","1":"product","2":"type-product","3":"status-publish","4":"has-post-thumbnail","6":"product_cat-kursun-gecirmez-kask","7":"product_cat-wendy-tr","8":"woo-feed-brand-tyditiao","10":"first","11":"instock","12":"sale","13":"shipping-taxable","14":"purchasable","15":"product-type-simple"},"_links":{"self":[{"href":"https:\/\/tyditiao.com\/tr\/wp-json\/wp\/v2\/product\/14161","targetHints":{"allow":["GET"]}}],"collection":[{"href":"https:\/\/tyditiao.com\/tr\/wp-json\/wp\/v2\/product"}],"about":[{"href":"https:\/\/tyditiao.com\/tr\/wp-json\/wp\/v2\/types\/product"}],"replies":[{"embeddable":true,"href":"https:\/\/tyditiao.com\/tr\/wp-json\/wp\/v2\/comments?post=14161"}],"wp:featuredmedia":[{"embeddable":true,"href":"https:\/\/tyditiao.com\/tr\/wp-json\/wp\/v2\/media\/10547"}],"wp:attachment":[{"href":"https:\/\/tyditiao.com\/tr\/wp-json\/wp\/v2\/media?parent=14161"}],"wp:term":[{"taxonomy":"product_brand","embeddable":true,"href":"https:\/\/tyditiao.com\/tr\/wp-json\/wp\/v2\/product_brand?post=14161"},{"taxonomy":"product_cat","embeddable":true,"href":"https:\/\/tyditiao.com\/tr\/wp-json\/wp\/v2\/product_cat?post=14161"},{"taxonomy":"product_tag","embeddable":true,"href":"https:\/\/tyditiao.com\/tr\/wp-json\/wp\/v2\/product_tag?post=14161"},{"taxonomy":"woo-feed-brand","embeddable":true,"href":"https:\/\/tyditiao.com\/tr\/wp-json\/wp\/v2\/woo-feed-brand?post=14161"}],"curies":[{"name":"wp","href":"https:\/\/api.w.org\/{rel}","templated":true}]}}