{"id":14199,"date":"2022-06-13T04:32:01","date_gmt":"2022-06-13T02:32:01","guid":{"rendered":"http:\/\/tyditiao.com\/product\/yeni-kevlar-kask-sinif-iiia-askeri-kask-askeri-savas-kask-ekibi-wendy-yesil\/"},"modified":"2025-03-17T13:36:28","modified_gmt":"2025-03-17T11:36:28","slug":"wendys-kursun-gecirmez-kask-kevlar-kask-taktik-yesil","status":"publish","type":"product","link":"https:\/\/tyditiao.com\/tr\/urun\/wendys-kursun-gecirmez-kask-kevlar-kask-taktik-yesil\/","title":{"rendered":"Yeni Kevlar Kask, S\u0131n\u0131f IIIA Askeri Kask, Askeri Sava\u015f Kask Ekibi Wendy, Ye\u015fil"},"content":{"rendered":"<p>Hafif Asker Mi\u011fferi Wendy&#8217;nin mi\u011fferi s\u00fcper hafif olacak ve giymesi \u00e7ok rahat olacak \u015fekilde tasarlanm\u0131\u015ft\u0131r. Ayr\u0131ca, darbe kuvvetini etkili bir \u015fekilde emebilen, mermi kaska \u00e7arpt\u0131\u011f\u0131nda kask g\u00f6vdesinin deformasyonunu azaltabilen ve kullan\u0131c\u0131n\u0131n yaralanma oran\u0131n\u0131 ve derecesini azaltabilen y\u00fcksek kaliteli enerji emici ekler ile donat\u0131lm\u0131\u015ft\u0131r. Wendy&#8217;nin daha fazla olas\u0131l\u0131k yaratmas\u0131na izin veren evrensel cihaz montaj raylar\u0131 ve aln\u0131nda bir gimbal braketi ile \u00e7ift tarafl\u0131.<\/p>\n<p>&nbsp;<\/p>\n<p><strong>Savunma s\u0131n\u0131f\u0131:<\/strong><\/p>\n<p>Bu kur\u015fun ge\u00e7irmez kask, NIJ 0101.06 standard\u0131na g\u00f6re bir NIJ Seviye IIIA kur\u015fun ge\u00e7irmez kaskt\u0131r ve ilgili test raporu sa\u011flanabilir.<\/p>\n<p>&nbsp;<\/p>\n<p><strong>Savunma mermisi parametreleri:<\/strong><\/p>\n<p>.44 Mag SJHP<br \/>\n.357 SIG FMJ FN<br \/>\n9 mm FMJ RN<br \/>\n.357 Mag JSP<br \/>\n.40 S&amp;W FMJ<\/p>\n<p>Ayr\u0131ca \u00e7o\u011fu tabanca tehdidinin yan\u0131 s\u0131ra S\u0131n\u0131f IIA ve II tehditlerine kar\u015f\u0131 koruma sa\u011flar<\/p>\n<p>&nbsp;<\/p>\n<p><strong>Kur\u015fun ge\u00e7irmez kask parametreleri:<\/strong><br \/>\nAd\u0131: NIJ lllA WENDY kur\u015fun ge\u00e7irmez kask<\/p>\n<p>Malzeme: Y\u00fcksek Mukavemetli Kevlar-DuPont Aramid Elyaf<br \/>\nBa\u015f \u00e7evresi: 52-60 cm<\/p>\n<p>Astar: Zorbium K\u00f6p\u00fck Darbe Pedleri, su ge\u00e7irmez, rahat dolgu ve teri d\u0131\u015far\u0131 atan antibakteriyel bir \u00f6rt\u00fc ile sizi serin ve kuru tutar. T\u00fcm \u00e7evre ko\u015fullar\u0131nda tekrarlayan \u015foklar i\u00e7in gereken g\u00fcc\u00fcn yar\u0131s\u0131ndan daha az\u0131n\u0131 sa\u011flar. Fare altl\u0131\u011f\u0131, optimum uyum ve rahatl\u0131k i\u00e7in standart olarak \u00fc\u00e7 adet darbeye dayan\u0131kl\u0131 altl\u0131k ve sekiz adet ayarlanabilir altl\u0131k ile birlikte gelir.<\/p>\n<p>\u0130ste\u011fe ba\u011fl\u0131 aksesuarlar: \u015fi\u015firilebilir oksijen maskeleri, y\u00fcz siperleri, yan siperler, z\u0131rhl\u0131 yan siperler, kalkanlar, kask kalkanlar\u0131, kur\u015fun ge\u00e7irmez maskeler vb.<br \/>\nKask Rengi: Ye\u015fil<br \/>\nMICH, tabanca mermilerini durduran ve birikintilere ve d\u00fc\u015fen d\u00f6k\u00fcnt\u00fclere kar\u015f\u0131 g\u00fcvenilir koruma sa\u011flayan bir kaskt\u0131r.<br \/>\nkorumay\u0131 azaltacakt\u0131r.<\/p>\n<p>&nbsp;<\/p>\n<p><strong>&#8220;\u0130nsanlar i\u00e7in:<\/strong><br \/>\nNIJ lllA Kevlar WENDY Balistik Kask, tabanca ve \u015farapnel tehditlerini daha hafif ve daha rahat tak\u0131labilen daha g\u00fc\u00e7l\u00fc ata\u015fmanlarla kar\u015f\u0131lar. Bu kask her t\u00fcr kullan\u0131c\u0131 i\u00e7in uygundur. Ordu, polis, SWAT, i\u00e7 g\u00fcvenlik, g\u00fcmr\u00fck ve s\u0131n\u0131r muhaf\u0131zlar\u0131 gibi kurumlar\u0131n personeli, geli\u015fmi\u015f muharebe yetenekleriyle donat\u0131labilir. Ayr\u0131ca ev korumas\u0131 ve cosplay i\u00e7in iyi bir se\u00e7imdir.<\/p>\n<p>&nbsp;<\/p>\n<p>\u00dcr\u00fcnlerimizi sat\u0131n almak istiyorsan\u0131z veya \u00fcr\u00fcnlerimiz hakk\u0131nda herhangi bir sorunuz varsa;<br \/>\nHerhangi bir ki\u015fiselle\u015ftirme ihtiyac\u0131n\u0131z varsa;<br \/>\nL\u00fctfen (<a href=\"http:\/\/tyditiao.com\/en\/contact\/\">bize ula\u015f\u0131n<\/a>) hemen, size 1 i\u015f g\u00fcn\u00fc i\u00e7inde yan\u0131t verece\u011fiz<\/p>\n","protected":false},"excerpt":{"rendered":"<p>\u0130yi kalite: Teknik s\u0131n\u0131f askeri kask, \u0131s\u0131ya dayan\u0131kl\u0131 ve deforme olmas\u0131 kolay olmayan y\u00fcksek mukavemetli DuPont Kevlar Aramid fiberden yap\u0131lm\u0131\u015ft\u0131r.<\/p>\n<p>\u0130yi balistik performans: NIJ seviye IIIA<\/p>\n<p>Giymesi rahat: Zorbium K\u00f6p\u00fck Darbe Yast\u0131\u011f\u0131, sizi serin ve kuru tutmak i\u00e7in nemi uzakla\u015ft\u0131ran su ge\u00e7irmez bir astara ve antimikrobiyal kaplamaya sahiptir.<\/p>\n<p>KOLAY AYAR: Hassas Bir Uyum i\u00e7in G\u00fcvenli Tek Elle Ayar i\u00e7in BOA Kapatma Sistemli Hafif Askeri Kask CAM FIT Montaj Sistemi.<\/p>\n<p>GEN\u0130\u015eLET\u0130LEB\u0130L\u0130R: Rail 2.0 Sabitleme Sistemi, t\u00fcm EXFIL Rail 2.0 Ba\u011flant\u0131 Elemanlar\u0131 ile uyumludur. Al\u0131ndaki \u00e7ift tarafl\u0131 dengeleme halkas\u0131 montaj ray\u0131 ve dengeleme halkas\u0131 braketi, Wendy&#8217;nin daha fazla olas\u0131l\u0131k yaratmas\u0131na olanak tan\u0131r.<\/p>\n","protected":false},"featured_media":10642,"comment_status":"open","ping_status":"closed","template":"","meta":[],"product_brand":[],"product_cat":[782,781],"product_tag":[],"woo-feed-brand":[50],"class_list":{"0":"post-14199","1":"product","2":"type-product","3":"status-publish","4":"has-post-thumbnail","6":"product_cat-kursun-gecirmez-kask","7":"product_cat-wendy-tr","8":"woo-feed-brand-tyditiao","10":"first","11":"instock","12":"sale","13":"shipping-taxable","14":"purchasable","15":"product-type-simple"},"_links":{"self":[{"href":"https:\/\/tyditiao.com\/tr\/wp-json\/wp\/v2\/product\/14199","targetHints":{"allow":["GET"]}}],"collection":[{"href":"https:\/\/tyditiao.com\/tr\/wp-json\/wp\/v2\/product"}],"about":[{"href":"https:\/\/tyditiao.com\/tr\/wp-json\/wp\/v2\/types\/product"}],"replies":[{"embeddable":true,"href":"https:\/\/tyditiao.com\/tr\/wp-json\/wp\/v2\/comments?post=14199"}],"wp:featuredmedia":[{"embeddable":true,"href":"https:\/\/tyditiao.com\/tr\/wp-json\/wp\/v2\/media\/10642"}],"wp:attachment":[{"href":"https:\/\/tyditiao.com\/tr\/wp-json\/wp\/v2\/media?parent=14199"}],"wp:term":[{"taxonomy":"product_brand","embeddable":true,"href":"https:\/\/tyditiao.com\/tr\/wp-json\/wp\/v2\/product_brand?post=14199"},{"taxonomy":"product_cat","embeddable":true,"href":"https:\/\/tyditiao.com\/tr\/wp-json\/wp\/v2\/product_cat?post=14199"},{"taxonomy":"product_tag","embeddable":true,"href":"https:\/\/tyditiao.com\/tr\/wp-json\/wp\/v2\/product_tag?post=14199"},{"taxonomy":"woo-feed-brand","embeddable":true,"href":"https:\/\/tyditiao.com\/tr\/wp-json\/wp\/v2\/woo-feed-brand?post=14199"}],"curies":[{"name":"wp","href":"https:\/\/api.w.org\/{rel}","templated":true}]}}