{"id":14218,"date":"2022-06-13T04:11:33","date_gmt":"2023-05-23T01:58:17","guid":{"rendered":"http:\/\/tyditiao.com\/product\/polonya-askeri-kaski-sinif-iiia-taktik-kevlar-kask-hizli-maskeli-enerji-kaski-siyah\/"},"modified":"2023-05-23T03:58:17","modified_gmt":"2023-05-23T01:58:17","slug":"hizli-kursun-gecirmez-migfer-taktik-kevlar-nijiiiia-siyah","status":"publish","type":"product","link":"https:\/\/tyditiao.com\/tr\/urun\/hizli-kursun-gecirmez-migfer-taktik-kevlar-nijiiiia-siyah\/","title":{"rendered":"Polonya Askeri Kask\u0131, S\u0131n\u0131f IIIA Taktik Kevlar Kask, H\u0131zl\u0131 Maskeli Enerji Kask\u0131, Siyah"},"content":{"rendered":"<p><strong>Savunma s\u0131n\u0131f\u0131:<\/strong><\/p>\n<p>Bu kur\u015fun ge\u00e7irmez kask, NIJ 0101.06 standard\u0131na g\u00f6re bir NIJ Seviye IIIA kur\u015fun ge\u00e7irmez kaskt\u0131r ve ilgili test raporu sa\u011flanabilir.<\/p>\n<hr>\n<p><strong>Savunma mermisi parametreleri:<\/strong><\/p>\n<p>.44 Mag SJHP<br \/>\n.357 SIG FMJ FN<br \/>\n9 mm FMJ RN<br \/>\n.357 Mag JSP<br \/>\n.40 S&#038;W FMJ<\/p>\n<p>Ayr\u0131ca \u00e7o\u011fu tabanca tehdidinin yan\u0131 s\u0131ra S\u0131n\u0131f IIA ve II tehditlerine kar\u015f\u0131 koruma sa\u011flar<\/p>\n<hr>\n<p><strong>Kur\u015fun ge\u00e7irmez kask parametreleri:<\/strong><br \/>\nAd\u0131: NIJ lllA FAST kur\u015fun ge\u00e7irmez kask<\/p>\n<p>Malzeme: Y\u00fcksek Mukavemetli Kevlar-DuPont Aramid Elyaf<br \/>\nBa\u015f \u00e7evresi: 52-64 cm<br \/>\n\u0130ste\u011fe ba\u011fl\u0131 aksesuarlar: kur\u015fun ge\u00e7irmez maske vb.<br \/>\nKask Rengi: Siyah<br \/>\nMICH, tabanca mermilerini durduran ve birikintilere ve d\u00fc\u015fen d\u00f6k\u00fcnt\u00fclere kar\u015f\u0131 g\u00fcvenilir koruma sa\u011flayan bir kaskt\u0131r.<br \/>\nkorumay\u0131 azaltacakt\u0131r.<\/p>\n<hr>\n<p><strong>&#8220;\u0130nsanlar i\u00e7in:<\/strong><br \/>\nNIJ lllA Kevlar FAST balistik kask, daha hafif ve daha rahat oturmas\u0131 i\u00e7in daha g\u00fc\u00e7l\u00fc ata\u015fmanlarla, silah ve \u015farapnel tehdidiyle ba\u015fa \u00e7\u0131kmak i\u00e7in tasarlanm\u0131\u015ft\u0131r. Bu kask her t\u00fcr kullan\u0131c\u0131 i\u00e7in uygundur. Ordu, polis, SWAT, i\u00e7 g\u00fcvenlik, g\u00fcmr\u00fck ve s\u0131n\u0131r muhaf\u0131zlar\u0131 gibi kurumlar\u0131n personeli, geli\u015fmi\u015f muharebe yetenekleriyle donat\u0131labilir. Ayr\u0131ca ev korumas\u0131 ve cosplay i\u00e7in iyi bir se\u00e7imdir.<\/p>\n<hr>\n<p><strong>HIZLI balistik kask nedir?<\/strong><\/p>\n<p>FAST kur\u015fun ge\u00e7irmez kask (\u0130ngilizce: Future Assault Shell Technology Helmet, bundan sonra FAST olarak an\u0131lacakt\u0131r) Future Assault Shell Technology Helmet, ABD Ordusu Ara\u015ft\u0131rma Enstit\u00fcs\u00fc ve ABD Ordusu Ara\u015ft\u0131rma, Geli\u015ftirme ve M\u00fchendislik Merkezi Natick taraf\u0131ndan geli\u015ftirilen bir sava\u015f ba\u015fl\u0131\u011f\u0131d\u0131r. Kask, temel balistik koruma sa\u011flarken \u00f6zel operasyon operat\u00f6rlerine rahatl\u0131k sa\u011flamak i\u00e7in tasarlanm\u0131\u015ft\u0131r. FAST kask ilk olarak 2009&#8217;da SHOT SHOW&#8217;da halka g\u00f6sterildi ve k\u0131sa s\u00fcre sonra Afganistan&#8217;da faaliyet g\u00f6steren ABD \u00f6zel kuvvetleri taraf\u0131ndan benimsendi. FAST taktik balistik kasklar art\u0131k \u00e7e\u015fitli \u00fclkelerde \u00f6zel kuvvetlerde ve \u00f6zel polis kuvvetlerinde yayg\u0131n olarak kullan\u0131lmaktad\u0131r. Ek olarak, FAST taktik kask\u0131 art\u0131k Norve\u00e7 Silahl\u0131 Kuvvetleri i\u00e7in standart sava\u015f ba\u015fl\u0131\u011f\u0131d\u0131r.<\/p>\n<hr>\n<p><strong>FAST Kevlar kask\u0131n \u00f6zellikleri:<\/strong><\/p>\n<p>Normal askeri mi\u011fferlere k\u0131yasla FAST mi\u011ffer %25 daha hafiftir. Kask ask\u0131 sistemi ile kullan\u0131c\u0131lar, optimum konfor i\u00e7in kask\u0131n oturmas\u0131n\u0131 veya s\u0131k\u0131l\u0131\u011f\u0131n\u0131 kolayca ayarlayabilir. FAST kasklar, el feneri, g\u00fcr\u00fclt\u00fc \u00f6nleyici kulakl\u0131k ve ileti\u015fim ekipmanlar\u0131 gibi ekipmanlar\u0131n montaj\u0131 i\u00e7in sol ve sa\u011f taraflarda ARC raylar\u0131 ile donat\u0131lm\u0131\u015ft\u0131r, ayr\u0131ca montaj adapt\u00f6r\u00fc arac\u0131l\u0131\u011f\u0131yla kask\u0131n merkezine gece g\u00f6r\u00fc\u015f veya video ekipman\u0131 monte edilebilir, bu, daha b\u00fcy\u00fck bir taktiksel avantaj sa\u011flayabilen \u00f6zel bir sava\u015ft\u0131r. Mi\u011ffere yap\u0131\u015ft\u0131r\u0131lan \u015feytan ke\u00e7esi, kullan\u0131c\u0131lar\u0131n \u00fclkelerinin bayra\u011f\u0131n\u0131, ordusunu veya kurumunu ve ayr\u0131ca \u00e7a\u011fr\u0131 i\u015faretleri ve kan gruplar\u0131 gibi uygun tan\u0131mlay\u0131c\u0131 damgalar\u0131 yap\u0131\u015ft\u0131rmas\u0131na olanak tan\u0131r. Ek olarak, mod\u00fcler tasar\u0131m\u0131 sayesinde, kur\u015fun ge\u00e7irmez i\u015flevi olmayan FAST kask\u0131n sivil versiyonu yaln\u0131zca ordu ve polis taraf\u0131ndan kullan\u0131lmaz, ayn\u0131 zamanda a\u00e7\u0131k hava sporcular\u0131, gazeteciler, kurtar\u0131c\u0131lar ve di\u011fer saha \u00e7al\u0131\u015fanlar\u0131 taraf\u0131ndan da hevesle benimsenir.<\/p>\n<hr>\n<p><strong>FAST taktik balistik kask harika bir koruma m\u0131 ve neden bu kadar pop\u00fcler?<\/strong><\/p>\n<p>\u0130ki neden var: Birincisi, teknolojinin ilerlemesi, koruma pahas\u0131na feda edilmesi gereken teknik aksesuarlar\u0131 \u015farj etmek i\u00e7in bir platform gerektiren bireysel askerler i\u00e7in giderek daha fazla teknik ekipmana yol a\u00e7t\u0131;<br \/>\n\u0130kincisi, HIZLI kullan\u0131c\u0131lar\u0131 esas olarak \u00f6zel kuvvetlerdir ve sava\u015f mesafesinde \u00f6zel kuvvetler basit\u00e7e bir miktar korumadan vazge\u00e7erler, platformdaki ta\u015f\u0131nabilirlik ve teknik ekipman hayatta kalma oranlar\u0131na d\u00f6n\u00fc\u015ft\u00fcr\u00fcl\u00fcr ve pratik uygulamalarda bile, genellikle sadece h\u0131zl\u0131 kasklar s\u00f6z konusu oldu\u011funda, Sadece ta\u015f\u0131nabilirlik i\u00e7in bir\u00e7ok \u00fcnitede hi\u00e7bir \u00f6\u011fe yoktur.<\/p>\n<p>HIZLI kat\u0131 korumaya dayanmaz \u00c7ift tarafl\u0131 kulakl\u0131klar\u0131n olmamas\u0131 yeterli de\u011fildir Esas olarak kulakl\u0131k ve ek aksesuarlar takan personelin rahatl\u0131\u011f\u0131 i\u00e7in Hafif taktik kasklar k\u0131smen korumadan vazge\u00e7erek sava\u015fta daha fazla fayda sa\u011flar.<\/p>\n<p>FAST kasklar\u0131 bir\u00e7ok \u00fclkede yayg\u0131n olarak kullan\u0131lmaktad\u0131r ve Rusya, Fransa ve Birle\u015fik Krall\u0131k gibi pek \u00e7ok \u00fclke Amerikan FAST kasklar\u0131na \u00e7ok benzer kask tasar\u0131mlar\u0131na sahiptir. Bu mi\u011fferlerin say\u0131s\u0131 da de\u011fi\u015fiyor, ancak yine de FAST mi\u011fferine benziyor, bariz sebeplerden dolay\u0131 bu mi\u011ffer, ba\u015f\u0131n\u0131 etkili bir \u015fekilde koruyabilir ve askerin \u00f6mr\u00fcn\u00fc en \u00fcst d\u00fczeye \u00e7\u0131karabilir.<\/p>\n<hr>\n<p><strong>HIZLI Kevlar kask fiyat\u0131?<\/strong><\/p>\n<p>Do\u011frudan web sitemizden sat\u0131n al\u0131n ve normal fiyattan %15 tasarruf edin<\/p>\n<hr>\n<p>\u00dcr\u00fcnlerimizi sat\u0131n almak istiyorsan\u0131z veya \u00fcr\u00fcnlerimiz hakk\u0131nda herhangi bir sorunuz varsa;<br \/>\nHerhangi bir ki\u015fiselle\u015ftirme ihtiyac\u0131n\u0131z varsa;<br \/>\nL\u00fctfen hemen (<a href=\"http:\/\/tyditiao.com\/en\/contact\/\">bize ula\u015f\u0131n<\/a>), size 1 i\u015f g\u00fcn\u00fc i\u00e7inde yan\u0131t verece\u011fiz<\/p>\n<p>&nbsp;<\/p>\n<p>&nbsp;<\/p>\n","protected":false},"excerpt":{"rendered":"<p>Y\u00fcksek mukavemetli DuPont Kevlar Aramid fiberden yap\u0131lm\u0131\u015ft\u0131r, \u0131s\u0131ya dayan\u0131kl\u0131d\u0131r ve kolay deforme olmaz<\/p>\n<p>NIJ Seviye IIIA<\/p>\n<p>Ba\u015f \u00e7evresi ayar sistemi, kask\u0131n ideal \u015fekilde oturmas\u0131n\u0131 sa\u011flamak i\u00e7in bir d\u00fc\u011fmeye dokunarak ba\u015f \u00e7evresini ayarlaman\u0131za olanak tan\u0131r.<\/p>\n<p>Al\u0131n, aynalar\u0131, kameralar\u0131, gece g\u00f6r\u00fc\u015f g\u00f6zl\u00fcklerini ve di\u011fer cihazlar\u0131 takmak i\u00e7in ahtapotun yan taraflar\u0131ndaki (gece g\u00f6r\u00fc\u015f stand\u0131n\u0131n alt k\u0131sm\u0131) elastik kay\u0131\u015flarla g\u00fc\u00e7lendirilmi\u015ftir.<\/p>\n<p>Raylarla donat\u0131lm\u0131\u015f, daha g\u00fc\u00e7l\u00fc aksesuar montaj\u0131, g\u00fc\u00e7l\u00fc \u0131\u015f\u0131k sistemi ve i\u015faret tan\u0131mlama \u0131\u015f\u0131klar\u0131 ile donat\u0131labilir, ayr\u0131ca i\u015fitme korumas\u0131 ile donat\u0131labilir<\/p>\n","protected":false},"featured_media":10338,"comment_status":"closed","ping_status":"closed","template":"","meta":[],"product_brand":[],"product_cat":[827,782],"product_tag":[],"woo-feed-brand":[50],"class_list":{"0":"post-14218","1":"product","2":"type-product","3":"status-publish","4":"has-post-thumbnail","6":"product_cat-hizli","7":"product_cat-kursun-gecirmez-kask","8":"woo-feed-brand-tyditiao","10":"first","11":"instock","12":"sale","13":"shipping-taxable","14":"purchasable","15":"product-type-simple"},"_links":{"self":[{"href":"https:\/\/tyditiao.com\/tr\/wp-json\/wp\/v2\/product\/14218","targetHints":{"allow":["GET"]}}],"collection":[{"href":"https:\/\/tyditiao.com\/tr\/wp-json\/wp\/v2\/product"}],"about":[{"href":"https:\/\/tyditiao.com\/tr\/wp-json\/wp\/v2\/types\/product"}],"replies":[{"embeddable":true,"href":"https:\/\/tyditiao.com\/tr\/wp-json\/wp\/v2\/comments?post=14218"}],"wp:featuredmedia":[{"embeddable":true,"href":"https:\/\/tyditiao.com\/tr\/wp-json\/wp\/v2\/media\/10338"}],"wp:attachment":[{"href":"https:\/\/tyditiao.com\/tr\/wp-json\/wp\/v2\/media?parent=14218"}],"wp:term":[{"taxonomy":"product_brand","embeddable":true,"href":"https:\/\/tyditiao.com\/tr\/wp-json\/wp\/v2\/product_brand?post=14218"},{"taxonomy":"product_cat","embeddable":true,"href":"https:\/\/tyditiao.com\/tr\/wp-json\/wp\/v2\/product_cat?post=14218"},{"taxonomy":"product_tag","embeddable":true,"href":"https:\/\/tyditiao.com\/tr\/wp-json\/wp\/v2\/product_tag?post=14218"},{"taxonomy":"woo-feed-brand","embeddable":true,"href":"https:\/\/tyditiao.com\/tr\/wp-json\/wp\/v2\/woo-feed-brand?post=14218"}],"curies":[{"name":"wp","href":"https:\/\/api.w.org\/{rel}","templated":true}]}}