{"id":14237,"date":"2022-06-13T04:08:57","date_gmt":"2022-06-13T02:08:57","guid":{"rendered":"http:\/\/tyditiao.com\/product\/asker-kaski-aramid-fiber-taktik-sinif-iiia-kask-hizli-kevlar-kask-acik-kahverengi\/"},"modified":"2025-03-17T13:40:43","modified_gmt":"2025-03-17T11:40:43","slug":"hizli-kursun-gecirmez-migfer-taktik-kevlar-nijiiia-acik-kahverengi","status":"publish","type":"product","link":"https:\/\/tyditiao.com\/tr\/urun\/hizli-kursun-gecirmez-migfer-taktik-kevlar-nijiiia-acik-kahverengi\/","title":{"rendered":"Asker Kask\u0131, Aramid Fiber Taktik S\u0131n\u0131f IIIA Kask, H\u0131zl\u0131 Kevlar Kask, A\u00e7\u0131k Kahverengi"},"content":{"rendered":"<p><strong>Savunma s\u0131n\u0131f\u0131:<\/strong><\/p>\n<p>Bu kur\u015fun ge\u00e7irmez kask, NIJ 0101.06 standard\u0131na g\u00f6re bir NIJ Seviye IIIA kur\u015fun ge\u00e7irmez kaskt\u0131r ve ilgili test raporu sa\u011flanabilir.<\/p>\n<hr \/>\n<p><strong>Savunma mermisi parametreleri:<\/strong><\/p>\n<p>.44 Mag SJHP<br \/>\n.357 SIG FMJ FN<br \/>\n9 mm FMJ RN<br \/>\n.357 Mag JSP<br \/>\n.40 S&amp;W FMJ<\/p>\n<p>Ayr\u0131ca \u00e7o\u011fu tabanca tehdidinin yan\u0131 s\u0131ra S\u0131n\u0131f IIA ve II tehditlerine kar\u015f\u0131 koruma sa\u011flar<\/p>\n<hr \/>\n<p><strong>Kur\u015fun ge\u00e7irmez kask parametreleri:<\/strong><\/p>\n<p>Ad\u0131: NIJ lllA FAST kur\u015fun ge\u00e7irmez kask<\/p>\n<p>Malzeme: Y\u00fcksek Mukavemetli Kevlar-DuPont Aramid Elyaf<br \/>\nBa\u015f \u00e7evresi: 52-64 cm<br \/>\n\u0130ste\u011fe ba\u011fl\u0131 aksesuarlar: kur\u015fun ge\u00e7irmez maske vb.<br \/>\nKask Rengi: A\u00e7\u0131k Kahve<\/p>\n<p>Kur\u015fun ge\u00e7irmez bir kask, bir kask kabu\u011fundan (boncuk korumas\u0131 dahil) ve bir s\u00fcspansiyon tampon sisteminden (kafa band\u0131, tampon katman\u0131, \u00e7ene kay\u0131\u015f\u0131, zincir baklalar\u0131 vb. dahil) olu\u015fur. Giymek i\u00e7in rahat ve kararl\u0131;<\/p>\n<p>Kask kabu\u011funun d\u0131\u015f y\u00fczeyi, yabanc\u0131 madde bula\u015fmas\u0131, kabarma, soyulma ve di\u011fer kusurlar olmadan d\u00fczg\u00fcn ve p\u00fcr\u00fczs\u00fczd\u00fcr.<\/p>\n<p>Kask kabu\u011funun alev geciktirici performans\u0131: 5S y\u00fczeyinde s\u00fcrekli yanma s\u00fcresi;<\/p>\n<p>\u00c7ene kay\u0131\u015f\u0131 cihaz\u0131n\u0131n g\u00fcc\u00fc: 500N&#8217;lik acil durum ka\u00e7\u0131\u015f h\u0131z\u0131, d\u0131\u015f kuvvet 1000N oldu\u011funda serbest b\u0131rak\u0131n;<\/p>\n<p>Su ge\u00e7irmez: Kur\u015fun ge\u00e7irmez kask, oda s\u0131cakl\u0131\u011f\u0131nda 24 saat suya bat\u0131r\u0131ld\u0131\u011f\u0131nda kask kabu\u011funun y\u00fczeyinde \u00e7atlamaz, kabarmaz veya katmanlara ayr\u0131lmaz. \u0130ki ba\u015far\u0131l\u0131 at\u0131\u015ftan sonra s\u00fcspansiyon yast\u0131\u011f\u0131n\u0131n hi\u00e7bir par\u00e7as\u0131 \u00e7\u0131kmad\u0131<\/p>\n<p>MICH, tabanca mermilerini durduran ve birikintilere ve d\u00fc\u015fen d\u00f6k\u00fcnt\u00fclere kar\u015f\u0131 g\u00fcvenilir koruma sa\u011flayan bir kaskt\u0131r.<br \/>\nkorumay\u0131 azaltacakt\u0131r.<\/p>\n<hr \/>\n<p><strong>&#8220;\u0130nsanlar i\u00e7in:<\/strong><\/p>\n<p>NIJ lllA Kevlar FAST balistik kask, daha hafif ve daha rahat oturmas\u0131 i\u00e7in daha g\u00fc\u00e7l\u00fc ata\u015fmanlarla, silah ve \u015farapnel tehdidiyle ba\u015fa \u00e7\u0131kmak i\u00e7in tasarlanm\u0131\u015ft\u0131r. Bu kask her t\u00fcr kullan\u0131c\u0131 i\u00e7in uygundur. Ordu, polis, SWAT, i\u00e7 g\u00fcvenlik, g\u00fcmr\u00fck ve s\u0131n\u0131r muhaf\u0131zlar\u0131 gibi kurumlar\u0131n personeli, geli\u015fmi\u015f muharebe yetenekleriyle donat\u0131labilir. Ayr\u0131ca ev korumas\u0131 ve cosplay i\u00e7in iyi bir se\u00e7imdir.<\/p>\n<hr \/>\n<p><strong>HIZLI balistik kask nedir?<\/strong><\/p>\n<p>FAST kur\u015fun ge\u00e7irmez kask (\u0130ngilizce: Future Assault Shell Technology Helmet, bundan sonra FAST olarak an\u0131lacakt\u0131r) Future Assault Shell Technology Helmet, ABD Ordusu Ara\u015ft\u0131rma Enstit\u00fcs\u00fc ve ABD Ordusu Ara\u015ft\u0131rma, Geli\u015ftirme ve M\u00fchendislik Merkezi Natick taraf\u0131ndan geli\u015ftirilen bir sava\u015f ba\u015fl\u0131\u011f\u0131d\u0131r. Kask, temel balistik koruma sa\u011flarken \u00f6zel operasyon operat\u00f6rlerine rahatl\u0131k sa\u011flamak i\u00e7in tasarlanm\u0131\u015ft\u0131r. FAST kask ilk olarak 2009&#8217;da SHOT SHOW&#8217;da halka g\u00f6sterildi ve k\u0131sa s\u00fcre sonra Afganistan&#8217;da faaliyet g\u00f6steren ABD \u00f6zel kuvvetleri taraf\u0131ndan benimsendi. FAST taktik balistik kasklar art\u0131k \u00e7e\u015fitli \u00fclkelerde \u00f6zel kuvvetlerde ve \u00f6zel polis kuvvetlerinde yayg\u0131n olarak kullan\u0131lmaktad\u0131r. Ek olarak, FAST taktik kask\u0131 art\u0131k Norve\u00e7 Silahl\u0131 Kuvvetleri i\u00e7in standart sava\u015f ba\u015fl\u0131\u011f\u0131d\u0131r.<\/p>\n<hr \/>\n<p><strong>FAST Fiber Aramid Taktik Asker Mi\u011fferinin \u00d6zellikleri:<\/strong><\/p>\n<p>Normal askeri mi\u011fferlere k\u0131yasla FAST mi\u011ffer %25 daha hafiftir. Kask\u0131n ask\u0131 sistemi sayesinde, kullan\u0131c\u0131lar optimum konfor i\u00e7in kask\u0131n oturmas\u0131n\u0131 veya s\u0131k\u0131l\u0131\u011f\u0131n\u0131 kolayca ayarlayabilir. FAST kask, el feneri, g\u00fcr\u00fclt\u00fc \u00f6nleyici kulakl\u0131k ve ileti\u015fim ekipman\u0131n\u0131n yan\u0131 s\u0131ra gece g\u00f6r\u00fc\u015f\u00fc veya video kay\u0131t ekipman\u0131 gibi aksesuarlar\u0131 monte etmek i\u00e7in sol ve sa\u011f taraflarda ARC raylar\u0131 ile donat\u0131lm\u0131\u015ft\u0131r. Adapt\u00f6r, adapt\u00f6r arac\u0131l\u0131\u011f\u0131yla kask\u0131n ortas\u0131na monte edilebilir Bu, daha b\u00fcy\u00fck bir taktiksel avantaj sa\u011flayabilen \u00f6zel bir d\u00f6v\u00fc\u015ft\u00fcr. Ayr\u0131ca mod\u00fcler tasar\u0131m\u0131 sayesinde kur\u015fun ge\u00e7irmez olmayan FAST kask\u0131n sivil versiyonu sadece ordu ve polis taraf\u0131ndan kullan\u0131lmaz, ayn\u0131 zamanda outdoor sporcular\u0131 ve gazeteciler ve kurtar\u0131c\u0131lar gibi saha \u00e7al\u0131\u015fanlar\u0131 taraf\u0131ndan da hevesle kabul edilir. Ayr\u0131ca mod\u00fcler tasar\u0131m\u0131 sayesinde kur\u015fun ge\u00e7irmez olmayan FAST kask\u0131n sivil versiyonu sadece ordu ve polis taraf\u0131ndan kullan\u0131lmaz, ayn\u0131 zamanda outdoor sporcular\u0131 ve gazeteciler ve kurtar\u0131c\u0131lar gibi saha \u00e7al\u0131\u015fanlar\u0131 taraf\u0131ndan da hevesle kabul edilir.<\/p>\n<hr \/>\n<p><strong>FAST fiber aramid taktik asker kask\u0131 iyi bir koruma m\u0131, neden pop\u00fcler?<\/strong><\/p>\n<p>Bunun iki nedeni var: Birincisi, teknolojinin ilerlemesi, bireysel askerleri giderek daha fazla teknik ekipman haline getirdi, teknik aksesuarlar\u0131 y\u00fcklemek i\u00e7in bir platform gerektirdi ve se\u00e7im yapmak i\u00e7in korumay\u0131 feda etmek zorunda kald\u0131;<br \/>\n\u0130kincisi, HIZLI kullan\u0131c\u0131lar esas olarak \u00f6zel kuvvetlerdir ve \u00f6zel kuvvetler, sava\u015f mesafesindeki koruman\u0131n bir k\u0131sm\u0131n\u0131 b\u0131rak\u0131rlar, platformdaki ta\u015f\u0131nabilirlik ve teknik ekipman, pratik uygulamalarda bile hayatta kalma oran\u0131 haline gelir, genellikle sadece h\u0131zl\u0131 kasklar i\u00e7in de\u011filler. sadece ta\u015f\u0131nabilirlik i\u00e7in \u00fczerinde birden fazla birim \u00f6\u011fesi.<\/p>\n<p>HIZLI kat\u0131 korumaya g\u00fcvenmez Her iki tarafta kulakl\u0131k olmamas\u0131 yeterlidir Esas olarak kulakl\u0131k ve ek aksesuarlar takan personelin rahatl\u0131\u011f\u0131 i\u00e7in Hafif taktik kasklar korumay\u0131 k\u0131smen ortadan kald\u0131r\u0131r, sava\u015fta daha fazla fayda sa\u011flar.<\/p>\n<p>FAST kasklar\u0131 bir\u00e7ok \u00fclkede yayg\u0131n olarak kullan\u0131lmaktad\u0131r ve bir\u00e7ok \u00fclke ABD FAST kasklar\u0131na \u00e7ok benzer kask tasar\u0131mlar\u0131na sahiptir, \u00f6rne\u011fin Rus, Frans\u0131z ve \u0130ngiliz kasklar\u0131 FAST kasklar\u0131na g\u00f6re tasarlansa da zamanla geli\u015fecektir. Bu mi\u011fferler de s\u00fcrekli de\u011fi\u015fiyor, ancak bariz nedenlerden dolay\u0131 HIZLI mi\u011fferlere \u00e7ok benziyorlar, bu da ba\u015f\u0131 etkili bir \u015fekilde koruyor ve askerin \u00f6mr\u00fcn\u00fc en \u00fcst d\u00fczeye \u00e7\u0131kar\u0131yor.<\/p>\n<hr \/>\n<p><strong>FAST fiber aramid taktik asker kask\u0131 fiyat\u0131?<\/strong><\/p>\n<p>Do\u011frudan web sitemizden sat\u0131n al\u0131n ve normal fiyattan %15 tasarruf edin<\/p>\n<p>\u00dcr\u00fcnlerimizi sat\u0131n almak istiyorsan\u0131z veya \u00fcr\u00fcnlerimiz hakk\u0131nda herhangi bir sorunuz varsa, l\u00fctfen (<a href=\"http:\/\/tyditiao.com\/en\/contact\/\">bizimle ileti\u015fime ge\u00e7in<\/a>) en ge\u00e7 i\u00e7inde size cevap verece\u011fiz 1 i\u015f g\u00fcn\u00fc. <span style=\"color: #ff0000;\">Ayn\u0131 anda 5&#8217;ten fazla kur\u015fun ge\u00e7irmez kask sipari\u015f etmek isterseniz ek indirim al\u0131rs\u0131n\u0131z;<\/span><\/p>\n","protected":false},"excerpt":{"rendered":"<p>Y\u00fcksek mukavemetli DuPont Kevlar Aramid fiberden yap\u0131lm\u0131\u015ft\u0131r, \u0131s\u0131ya dayan\u0131kl\u0131d\u0131r ve kolay deforme olmaz<\/p>\n<p>NIJ Seviye IIIA<\/p>\n<p>Ba\u015f \u00e7evresi ayar sistemi, kask\u0131n ideal \u015fekilde oturmas\u0131n\u0131 sa\u011flamak i\u00e7in bir d\u00fc\u011fmeye dokunarak ba\u015f \u00e7evresini ayarlaman\u0131za olanak tan\u0131r.<\/p>\n<p>Al\u0131n, aynalar\u0131, kameralar\u0131, gece g\u00f6r\u00fc\u015f g\u00f6zl\u00fcklerini ve di\u011fer cihazlar\u0131 takmak i\u00e7in ahtapotun yan taraflar\u0131ndaki (gece g\u00f6r\u00fc\u015f stand\u0131n\u0131n alt k\u0131sm\u0131) elastik kay\u0131\u015flarla g\u00fc\u00e7lendirilmi\u015ftir.<\/p>\n<p>Raylarla donat\u0131lm\u0131\u015f, daha g\u00fc\u00e7l\u00fc aksesuar montaj\u0131, g\u00fc\u00e7l\u00fc \u0131\u015f\u0131k sistemi ve i\u015faret tan\u0131mlama \u0131\u015f\u0131klar\u0131 ile donat\u0131labilir, ayr\u0131ca i\u015fitme korumas\u0131 ile donat\u0131labilir<\/p>\n","protected":false},"featured_media":10262,"comment_status":"open","ping_status":"closed","template":"","meta":[],"product_brand":[],"product_cat":[827,782],"product_tag":[],"woo-feed-brand":[50],"class_list":{"0":"post-14237","1":"product","2":"type-product","3":"status-publish","4":"has-post-thumbnail","6":"product_cat-hizli","7":"product_cat-kursun-gecirmez-kask","8":"woo-feed-brand-tyditiao","10":"first","11":"instock","12":"sale","13":"shipping-taxable","14":"purchasable","15":"product-type-simple"},"_links":{"self":[{"href":"https:\/\/tyditiao.com\/tr\/wp-json\/wp\/v2\/product\/14237","targetHints":{"allow":["GET"]}}],"collection":[{"href":"https:\/\/tyditiao.com\/tr\/wp-json\/wp\/v2\/product"}],"about":[{"href":"https:\/\/tyditiao.com\/tr\/wp-json\/wp\/v2\/types\/product"}],"replies":[{"embeddable":true,"href":"https:\/\/tyditiao.com\/tr\/wp-json\/wp\/v2\/comments?post=14237"}],"wp:featuredmedia":[{"embeddable":true,"href":"https:\/\/tyditiao.com\/tr\/wp-json\/wp\/v2\/media\/10262"}],"wp:attachment":[{"href":"https:\/\/tyditiao.com\/tr\/wp-json\/wp\/v2\/media?parent=14237"}],"wp:term":[{"taxonomy":"product_brand","embeddable":true,"href":"https:\/\/tyditiao.com\/tr\/wp-json\/wp\/v2\/product_brand?post=14237"},{"taxonomy":"product_cat","embeddable":true,"href":"https:\/\/tyditiao.com\/tr\/wp-json\/wp\/v2\/product_cat?post=14237"},{"taxonomy":"product_tag","embeddable":true,"href":"https:\/\/tyditiao.com\/tr\/wp-json\/wp\/v2\/product_tag?post=14237"},{"taxonomy":"woo-feed-brand","embeddable":true,"href":"https:\/\/tyditiao.com\/tr\/wp-json\/wp\/v2\/woo-feed-brand?post=14237"}],"curies":[{"name":"wp","href":"https:\/\/api.w.org\/{rel}","templated":true}]}}