{"id":14280,"date":"2022-06-13T03:55:46","date_gmt":"2023-05-23T04:10:41","guid":{"rendered":"http:\/\/tyditiao.com\/product\/askeri-kask-iiia-taktik-balistik-kask-polonya-kevlar-kask-yesil\/"},"modified":"2026-03-14T23:16:58","modified_gmt":"2026-03-14T21:16:58","slug":"mich2000-kursun-gecirmez-migfer-kevlar-seviye-3-yesil","status":"publish","type":"product","link":"https:\/\/tyditiao.com\/tr\/urun\/mich2000-kursun-gecirmez-migfer-kevlar-seviye-3-yesil\/","title":{"rendered":"Askeri Kask, IIIA Taktik Balistik Kask, Polonya Kevlar Kask, Ye\u015fil"},"content":{"rendered":"<p><strong>Savunma s\u0131n\u0131f\u0131:<\/strong><\/p>\n<p>Bu kur\u015fun ge\u00e7irmez kask, NIJ 0101.06 standard\u0131na g\u00f6re bir NIJ Seviye IIIA kur\u015fun ge\u00e7irmez kaskt\u0131r ve ilgili test raporu sa\u011flanabilir.<\/p>\n<p>Bu \u00fcr\u00fcn, ger\u00e7ek t\u00fcfek korumas\u0131 i\u00e7in bir \u00fcst z\u0131rh plakas\u0131yla birlikte kullan\u0131ld\u0131\u011f\u0131nda Geli\u015fmi\u015f Sava\u015f Kask\u0131 (ECH) olarak da nitelendirilir.<\/p>\n<hr>\n<p><strong>Savunma mermisi parametreleri:<\/strong><\/p>\n<p>.44 Mag SJHP<br \/>\n.357 SIG FMJ FN<br \/>\n9 mm FMJ RN<br \/>\n.357 Mag JSP<br \/>\n.40 S&#038;W FMJ<\/p>\n<p>Ayr\u0131ca \u00e7o\u011fu tabanca tehdidinin yan\u0131 s\u0131ra S\u0131n\u0131f IIA ve II tehditlerine kar\u015f\u0131 koruma sa\u011flar<\/p>\n<hr>\n<p><strong>Kur\u015fun ge\u00e7irmez kask parametreleri:<\/strong><br \/>\n\u0130sim: NIJ lllA MICH2000 kur\u015fun ge\u00e7irmez kask<\/p>\n<p>Malzeme: Y\u00fcksek Mukavemetli Kevlar-DuPont Aramid Elyaf<br \/>\nMermi f\u0131rlat\u0131ld\u0131ktan sonra sarkma: <20 mm\nBa\u015f \u00e7evresi: 52-60 cm\nAstar: Yeniden konumland\u0131r\u0131labilir, yava\u015f geri d\u00f6nen k\u00f6p\u00fck astar, kask\u0131 rahat tutar ve yorgunlu\u011fu ve a\u015f\u0131r\u0131 \u0131s\u0131nmay\u0131 \u00f6nler.\n\u0130ste\u011fe ba\u011fl\u0131 aksesuarlar: kur\u015fun ge\u00e7irmez maske vb.\nKask Rengi: Ye\u015fil\nMICH, tabanca mermilerini durduran ve birikintilere ve d\u00fc\u015fen d\u00f6k\u00fcnt\u00fclere kar\u015f\u0131 g\u00fcvenilir koruma sa\u011flayan bir kaskt\u0131r.\nkorumay\u0131 azaltacakt\u0131r.\n\n\n\n<hr>\n<p><strong>&#8220;\u0130nsanlar i\u00e7in:<\/strong><br \/>\nNIJ lllA Kevlar MICH2000 Balistik Kask, tabanca ve \u015farapnel tehditlerini daha hafif ve daha rahat bir uyum i\u00e7in daha fazla ba\u011flant\u0131 kapasitesiyle ele al\u0131r. Bu kask her t\u00fcr kullan\u0131c\u0131 i\u00e7in uygundur. Ordu, polis, SWAT, i\u00e7 g\u00fcvenlik, g\u00fcmr\u00fck ve s\u0131n\u0131r muhaf\u0131zlar\u0131 gibi kurumlar\u0131n personeli, geli\u015fmi\u015f muharebe yetenekleriyle donat\u0131labilir. Ayr\u0131ca ev korumas\u0131 ve cosplay i\u00e7in iyi bir se\u00e7imdir.<\/p>\n<p>MICH, tabanca mermilerini durduran ve birikintilere ve d\u00fc\u015fen d\u00f6k\u00fcnt\u00fclere kar\u015f\u0131 g\u00fcvenilir koruma sa\u011flayan bir kaskt\u0131r. Mich balistik kask, k\u00f6r silahlara, balistik ve di\u011fer tehditlere kar\u015f\u0131 gerekli kapsaml\u0131 korumay\u0131 sa\u011flamakla kalmaz, ayn\u0131 zamanda son derece mod\u00fcler ve rahatt\u0131r. Bu \u00fcr\u00fcn, t\u00fcfe\u011fe ger\u00e7ek koruma sa\u011flamak i\u00e7in \u00fcst z\u0131rh plakas\u0131yla birlikte kullan\u0131ld\u0131\u011f\u0131nda Geli\u015fmi\u015f Sava\u015f Kask\u0131 (ECH) olarak da nitelendirilir. D\u00fc\u015f\u00fck kesim, ba\u015f\u0131n her iki taraf\u0131nda kulak \u00fcst\u00fc kasklardan daha iyi koruma sa\u011flar. Bu kasklar ayr\u0131ca kulakl\u0131klar\u0131 ve di\u011fer ileti\u015fim ekipmanlar\u0131n\u0131 yerle\u015ftirmek i\u00e7in kulakl\u0131klarla birlikte gelir.<\/p>\n<hr>\n<p><strong>Hangisi daha pop\u00fcler, MICH2000 mi yoksa FAST taktik balistik mi\u011ffer mi?<\/strong><br \/>\nMICH2000&#8217;in daha b\u00fcy\u00fck bir koruyucu y\u00fczeyi vard\u0131r ve bu, birden fazla aksesuar takmay\u0131 planlam\u0131yorsan\u0131z daha faydal\u0131d\u0131r. \u00c7ok say\u0131da ekipman se\u00e7meyi planl\u0131yorsan\u0131z, \u00f6rne\u011fin (el feneri takmak, g\u00fcr\u00fclt\u00fc \u00f6nleyici kulakl\u0131klar ve ileti\u015fim ekipman\u0131, gece g\u00f6r\u00fc\u015f g\u00f6zl\u00fc\u011f\u00fc veya video kay\u0131t ekipman\u0131 vb.), \u00e7ok fazla olmayaca\u011f\u0131 i\u00e7in FAST kullanman\u0131z \u00f6nerilir. boynunuza bask\u0131 yapacak kadar a\u011f\u0131r, aktivite kabiliyetinizi dolayl\u0131 olarak etkiler.<\/p>\n<hr>\n<p><strong>MICH2000 askeri kask fiyat\u0131<\/strong><br \/>\nWeb sitemizden sat\u0131n al\u0131n ve fiyattan %15 tasarruf edin<\/p>\n<hr>\n<p>\u00dcr\u00fcnlerimizi sat\u0131n almak istiyorsan\u0131z veya \u00fcr\u00fcnlerimiz hakk\u0131nda herhangi bir sorunuz varsa;<br \/>\nHerhangi bir ki\u015fiselle\u015ftirme ihtiyac\u0131n\u0131z varsa;<br \/>\nL\u00fctfen hemen (<a href=\"http:\/\/tyditiao.com\/en\/contact\/\">bize ula\u015f\u0131n<\/a>), size 1 i\u015f g\u00fcn\u00fc i\u00e7inde yan\u0131t verece\u011fiz<\/p>\n","protected":false},"excerpt":{"rendered":"<p>\u0130yi Kalite: Y\u00fcksek kaliteli DuPont Kevlar Aramid fiberden yap\u0131lm\u0131\u015ft\u0131r, \u0131s\u0131ya dayan\u0131kl\u0131d\u0131r ve kolayca deforme olmaz<\/p>\n<p>\u0130yi balistik performans: NIJ seviye IIIA<\/p>\n<p>Yava\u015f \u015eekilli Haf\u0131zal\u0131 K\u00f6p\u00fck: Kolay temizlik i\u00e7in nem emici kuma\u015f, son kullan\u0131c\u0131 taraf\u0131ndan ayarlanabilen mod\u00fcler pedler<\/p>\n<p>Kurutulmu\u015f m\u00fcrekkep bal\u0131\u011f\u0131 sistemi: gece g\u00f6r\u00fc\u015f taban\u0131 olarak da bilinir; projekt\u00f6rler, kameralar, gece g\u00f6r\u00fc\u015f cihazlar\u0131 ve di\u011fer ekipmanlarla birle\u015ftirilebilir<\/p>\n<p>Sa\u011fda ve solda demiryolu gruplar\u0131 vard\u0131r: g\u00fc\u00e7l\u00fc ayd\u0131nlatma sistemi, sinyal kimlik \u0131\u015f\u0131\u011f\u0131, kulakl\u0131k koruma f\u0131\u00e7\u0131 tahtas\u0131 ile kurulabilir<\/p>\n","protected":false},"featured_media":11421,"comment_status":"open","ping_status":"closed","template":"","meta":[],"product_brand":[],"product_cat":[782,808],"product_tag":[],"woo-feed-brand":[50],"class_list":{"0":"post-14280","1":"product","2":"type-product","3":"status-publish","4":"has-post-thumbnail","6":"product_cat-kursun-gecirmez-kask","7":"product_cat-mich2000-tr","8":"woo-feed-brand-tyditiao","10":"first","11":"instock","12":"sale","13":"shipping-taxable","14":"purchasable","15":"product-type-simple"},"_links":{"self":[{"href":"https:\/\/tyditiao.com\/tr\/wp-json\/wp\/v2\/product\/14280","targetHints":{"allow":["GET"]}}],"collection":[{"href":"https:\/\/tyditiao.com\/tr\/wp-json\/wp\/v2\/product"}],"about":[{"href":"https:\/\/tyditiao.com\/tr\/wp-json\/wp\/v2\/types\/product"}],"replies":[{"embeddable":true,"href":"https:\/\/tyditiao.com\/tr\/wp-json\/wp\/v2\/comments?post=14280"}],"wp:featuredmedia":[{"embeddable":true,"href":"https:\/\/tyditiao.com\/tr\/wp-json\/wp\/v2\/media\/11421"}],"wp:attachment":[{"href":"https:\/\/tyditiao.com\/tr\/wp-json\/wp\/v2\/media?parent=14280"}],"wp:term":[{"taxonomy":"product_brand","embeddable":true,"href":"https:\/\/tyditiao.com\/tr\/wp-json\/wp\/v2\/product_brand?post=14280"},{"taxonomy":"product_cat","embeddable":true,"href":"https:\/\/tyditiao.com\/tr\/wp-json\/wp\/v2\/product_cat?post=14280"},{"taxonomy":"product_tag","embeddable":true,"href":"https:\/\/tyditiao.com\/tr\/wp-json\/wp\/v2\/product_tag?post=14280"},{"taxonomy":"woo-feed-brand","embeddable":true,"href":"https:\/\/tyditiao.com\/tr\/wp-json\/wp\/v2\/woo-feed-brand?post=14280"}],"curies":[{"name":"wp","href":"https:\/\/api.w.org\/{rel}","templated":true}]}}