{"id":14315,"date":"2022-06-13T03:50:24","date_gmt":"2022-06-13T01:50:24","guid":{"rendered":"http:\/\/tyditiao.com\/product\/sinif-iiia-taktik-disli-askeri-kursun-gecirmez-kask-siyah\/"},"modified":"2026-03-17T13:18:08","modified_gmt":"2026-03-17T11:18:08","slug":"mich2000-kursun-gecirmez-migfer-kevlar-seviye-3-siyah","status":"publish","type":"product","link":"https:\/\/tyditiao.com\/tr\/urun\/mich2000-kursun-gecirmez-migfer-kevlar-seviye-3-siyah\/","title":{"rendered":"S\u0131n\u0131f IIIA taktik di\u015fli, askeri kur\u015fun ge\u00e7irmez kask, siyah"},"content":{"rendered":"<p><strong>Savunma s\u0131n\u0131f\u0131:<\/strong><br \/>\nBu kur\u015fun ge\u00e7irmez kask, NIJ 0101.06 standard\u0131na g\u00f6re bir NIJ Seviye IIIA kur\u015fun ge\u00e7irmez kaskt\u0131r ve ilgili test raporu sa\u011flanabilir.<\/p>\n<p>&nbsp;<\/p>\n<p><strong>Savunma mermisi parametreleri:<\/strong><br \/>\n.44 Mag SJHP<br \/>\n.357 SIG FMJ FN<br \/>\n9 mm FMJ RN<br \/>\n.357 Mag JSP<br \/>\n.40 S&amp;W FMJ<\/p>\n<p>Ayr\u0131ca \u00e7o\u011fu tabanca tehdidinin yan\u0131 s\u0131ra S\u0131n\u0131f IIA ve II tehditlerine kar\u015f\u0131 koruma sa\u011flar<\/p>\n<p>&nbsp;<\/p>\n<p><strong>Kur\u015fun ge\u00e7irmez kask parametreleri:<\/strong><br \/>\n\u0130sim: NIJ lllA MICH2000 kur\u015fun ge\u00e7irmez kask<\/p>\n<p>Malzeme: Y\u00fcksek Mukavemetli Kevlar-DuPont Aramid Elyaf<br \/>\nBa\u015f \u00e7evresi: 52-60 cm<br \/>\nAstar: Yeniden konumland\u0131r\u0131labilir, yava\u015f geri d\u00f6nen k\u00f6p\u00fck astar, kask\u0131 rahat tutar ve yorgunlu\u011fu ve a\u015f\u0131r\u0131 \u0131s\u0131nmay\u0131 \u00f6nler.<br \/>\n\u0130ste\u011fe ba\u011fl\u0131 aksesuarlar: oksijen maskesi, y\u00fcz siperi, yan siper, z\u0131rh yan siperi, siper, kask k\u0131l\u0131f\u0131, kur\u015fun ge\u00e7irmez maske vb.<br \/>\nKask Rengi: Siyah<br \/>\nMICH, tabanca mermilerini durduran ve birikintilere ve d\u00fc\u015fen d\u00f6k\u00fcnt\u00fclere kar\u015f\u0131 g\u00fcvenilir koruma sa\u011flayan bir kaskt\u0131r.<br \/>\nkorumay\u0131 azaltacakt\u0131r.<\/p>\n<p>&nbsp;<\/p>\n<p><strong>&#8220;\u0130nsanlar i\u00e7in:<\/strong><br \/>\nNIJ lllA Kevlar MICH2000 Balistik Kask, tabanca ve \u015farapnel tehditlerini daha hafif ve daha rahat bir uyum i\u00e7in daha fazla ba\u011flant\u0131 kapasitesiyle ele al\u0131r. Bu kask her t\u00fcr kullan\u0131c\u0131 i\u00e7in uygundur. Ordu, polis, SWAT, i\u00e7 g\u00fcvenlik, g\u00fcmr\u00fck ve s\u0131n\u0131r muhaf\u0131zlar\u0131 gibi kurumlar\u0131n personeli, geli\u015fmi\u015f muharebe yetenekleriyle donat\u0131labilir. Ayr\u0131ca ev korumas\u0131 ve cosplay i\u00e7in iyi bir se\u00e7imdir.<\/p>\n<p>&nbsp;<\/p>\n<p><strong>MICH2000 Kevlar askeri kask\u0131 nedir?<\/strong><br \/>\nMod\u00fcler Entegre \u0130leti\u015fim Mi\u011fferi (MICH), bir Amerikan muharebe mi\u011fferi ve ABD ordusu taraf\u0131ndan kullan\u0131lan birka\u00e7 mi\u011fferden biridir. ABD ordusu taraf\u0131ndan kullan\u0131lan yeni nesil koruyucu muharebe kask\u0131 olarak ABD Ordusu Asker Sistemleri Sistemleri Merkezi taraf\u0131ndan geli\u015ftirilmi\u015ftir. MICH&#8217;nin geli\u015ftirilmesinin ana nedeni, koruyucu ancak a\u011f\u0131r PASGT&#8217;leri de\u011fi\u015ftirmekti, \u00e7\u00fcnk\u00fc bunlar daha hafif, daha rahat, daha iyi oturuyor ve \u00f6zellikle gece g\u00f6r\u00fc\u015f ekipman\u0131 ve ileti\u015fim kulakl\u0131klar\u0131 olmak \u00fczere aksesuarlar\u0131n tak\u0131lmas\u0131 daha kolayd\u0131. Boyunda gereksiz strese neden olmaz. Ba\u015flang\u0131\u00e7ta, neredeyse yaln\u0131zca SOCOM ve baz\u0131 yak\u0131ndan ili\u015fkili kurulu\u015flar taraf\u0131ndan kullan\u0131ld\u0131. Bug\u00fcne kadar, MICH ve t\u00fcrevleri olan Geli\u015fmi\u015f Sava\u015f Mi\u011fferi ve Modifiye Sava\u015f Mi\u011fferi, aktif ABD Ordusu hizmetinde PASGT&#8217;nin yerini tamamen alm\u0131\u015ft\u0131r ve en az\u0131ndan bir dereceye kadar t\u00fcm ABD Ordusu t\u00fcmenlerinde kullan\u0131lmaktad\u0131r.<\/p>\n<p>&nbsp;<\/p>\n<p><strong>MICH2000 Kevlar kask\u0131n \u00f6zellikleri:<\/strong><br \/>\nMICH&#8217;in a\u011f\u0131rl\u0131\u011f\u0131 yakla\u015f\u0131k 1,6 kg&#8217;d\u0131r. MICH ayr\u0131ca PASGT&#8217;den biraz daha k\u00fc\u00e7\u00fckt\u00fcr, %8 daha az menzile sahiptir, yeni, daha geli\u015fmi\u015f Kevlar lifleri kullan\u0131r ve daha iyi tabanca ve mermi korumas\u0131 sunar. Kaykaylar, bisiklet kasklar\u0131 ve su kasklar\u0131ndaki koruyuculara ve kay\u0131\u015flara benzer bir yast\u0131klama sistemi ve d\u00f6rt noktadan ba\u011flama sistemi, PASGT kasklarda bulunan naylon kordon ask\u0131 sistemi, ter band\u0131 ve \u00e7ene kay\u0131\u015f\u0131n\u0131n yerini al\u0131yor. Bu de\u011fi\u015fiklik, kullan\u0131c\u0131ya daha fazla darbe korumas\u0131 ve rahatl\u0131k sa\u011flar. Gece g\u00f6r\u00fc\u015f g\u00f6zl\u00fc\u011f\u00fc (AN\/PVS-14 veya AN\/PVS-15 gibi) i\u00e7in PASGT kask\u0131ndakine benzer bir \u00f6n montaj braketine sahiptir. Ayr\u0131ca, g\u00fcvenlik g\u00f6zl\u00fcklerini takmak i\u00e7in arkada bir \u00e7ift kay\u0131\u015f ve \u00e7e\u015fitli kamuflaj desenlerinde bir kuma\u015f kask k\u0131l\u0131f\u0131 bulunur. &#8220;Kavisli&#8221; bir konturun aksine, PASGT, \u00f6ncelikle ka\u015flar\u0131 kald\u0131rmak ve yanlar\u0131, \u015fakaklar\u0131n arkas\u0131ndaki alt kenarda &#8220;d\u00fcz&#8221; bir noktaya y\u00fckseltmekle ilgilidir. Bu, a\u011f\u0131rl\u0131\u011f\u0131 bir \u00f6l\u00e7\u00fcde azalt\u0131r ve \u00f6zellikle \u00f6nleyici kur\u015fun ge\u00e7irmez yeleklerle birle\u015ftirildi\u011finde daha iyi durumsal fark\u0131ndal\u0131k ve kullan\u0131c\u0131n\u0131n g\u00f6r\u00fc\u015f alan\u0131nda daha az engel sa\u011flar. Askerler daha \u00f6nce y\u00fcksek \u00f6nleme bilezi\u011finin ve iki noktal\u0131 \u00e7ene kay\u0131\u015f\u0131n\u0131n PASGT kask\u0131n\u0131n arkas\u0131n\u0131 ileri do\u011fru itti\u011finden ve y\u00fcz\u00fcst\u00fc pozisyondan ate\u015f etmeye \u00e7al\u0131\u015ft\u0131klar\u0131nda mi\u011fferin kenar\u0131n\u0131n g\u00f6zlerinin \u00f6n\u00fcnden kayd\u0131\u011f\u0131ndan \u015fikayet ettiler, ki bu MICH&#8217;de daralt\u0131lm\u0131\u015f Konturlu ve d\u00f6rt noktal\u0131 \u00e7ene kay\u0131\u015f\u0131.<\/p>\n<p>&nbsp;<\/p>\n<p><strong>Hangisi daha pop\u00fcler, MICH2000 mi yoksa FAST taktik balistik mi\u011ffer mi?<\/strong><br \/>\nMICH2000&#8217;in daha geni\u015f bir koruyucu y\u00fczeyi vard\u0131r ve bu, \u00e7ok say\u0131da aksesuar takmay\u0131 planlam\u0131yorsan\u0131z daha faydal\u0131d\u0131r. (El feneri takmak, g\u00fcr\u00fclt\u00fc \u00f6nleyici kulakl\u0131klar ve ileti\u015fim ekipman\u0131, gece g\u00f6r\u00fc\u015f g\u00f6zl\u00fc\u011f\u00fc veya video ekipman\u0131 vb.) gibi \u00e7ok say\u0131da ekipman se\u00e7meyi planl\u0131yorsan\u0131z, \u00e7ok a\u011f\u0131r olmayaca\u011f\u0131 i\u00e7in FAST&#8217;\u0131 se\u00e7meniz \u00f6nerilir. , boyuna bask\u0131 yapacak ve bu da aktivite yetene\u011fini dolayl\u0131 olarak etkileyecektir.<\/p>\n<p>&nbsp;<\/p>\n<p><strong>MICH2000 askeri kask fiyat\u0131<\/strong><br \/>\nBu bizim taktik emniyet kask\u0131 ma\u011fazam\u0131z, l\u00fctfen do\u011frudan web sitemizden sat\u0131n al\u0131n, orijinal fiyattan %15 indirim alabilirsiniz.<\/p>\n<p>&nbsp;<\/p>\n<p>\u00dcr\u00fcnlerimizi sat\u0131n almak istiyorsan\u0131z veya \u00fcr\u00fcnlerimiz hakk\u0131nda herhangi bir sorunuz varsa;<br \/>\nHerhangi bir ki\u015fiselle\u015ftirme ihtiyac\u0131n\u0131z varsa;<br \/>\nL\u00fctfen hemen (<a href=\"http:\/\/tyditiao.com\/en\/contact\/\">bize ula\u015f\u0131n<\/a>), size 1 i\u015f g\u00fcn\u00fc i\u00e7inde yan\u0131t verece\u011fiz<\/p>\n","protected":false},"excerpt":{"rendered":"<p>Y\u00fcksek mukavemetli DuPont Kevlar Aramid fiberden yap\u0131lm\u0131\u015ft\u0131r, \u0131s\u0131ya dayan\u0131kl\u0131d\u0131r ve kolay deforme olmaz<\/p>\n<p>NIJ Seviye IIIA<\/p>\n<p>Ba\u015f \u00e7evresi ayar sistemi, kask\u0131n ideal a\u015f\u0131nma etkisini elde etmesini sa\u011flayabilir<\/p>\n<p>Al\u0131n, aynalar\u0131, kameralar\u0131, gece g\u00f6r\u00fc\u015f g\u00f6zl\u00fcklerini ve di\u011fer cihazlar\u0131 takmak i\u00e7in ahtapotun yan taraflar\u0131ndaki (gece g\u00f6r\u00fc\u015f stand\u0131n\u0131n alt k\u0131sm\u0131) elastik kay\u0131\u015flarla g\u00fc\u00e7lendirilmi\u015ftir.<\/p>\n<p>Raylarla donat\u0131lm\u0131\u015f, daha g\u00fc\u00e7l\u00fc aksesuar montaj\u0131, g\u00fc\u00e7l\u00fc \u0131\u015f\u0131k sistemi ve i\u015faret tan\u0131mlama \u0131\u015f\u0131klar\u0131 ile donat\u0131labilir, ayr\u0131ca i\u015fitme korumas\u0131 ile donat\u0131labilir<\/p>\n","protected":false},"featured_media":11402,"comment_status":"open","ping_status":"closed","template":"","meta":[],"product_brand":[],"product_cat":[782,808],"product_tag":[],"woo-feed-brand":[50],"class_list":{"0":"post-14315","1":"product","2":"type-product","3":"status-publish","4":"has-post-thumbnail","6":"product_cat-kursun-gecirmez-kask","7":"product_cat-mich2000-tr","8":"woo-feed-brand-tyditiao","10":"first","11":"instock","12":"sale","13":"shipping-taxable","14":"purchasable","15":"product-type-simple"},"_links":{"self":[{"href":"https:\/\/tyditiao.com\/tr\/wp-json\/wp\/v2\/product\/14315","targetHints":{"allow":["GET"]}}],"collection":[{"href":"https:\/\/tyditiao.com\/tr\/wp-json\/wp\/v2\/product"}],"about":[{"href":"https:\/\/tyditiao.com\/tr\/wp-json\/wp\/v2\/types\/product"}],"replies":[{"embeddable":true,"href":"https:\/\/tyditiao.com\/tr\/wp-json\/wp\/v2\/comments?post=14315"}],"wp:featuredmedia":[{"embeddable":true,"href":"https:\/\/tyditiao.com\/tr\/wp-json\/wp\/v2\/media\/11402"}],"wp:attachment":[{"href":"https:\/\/tyditiao.com\/tr\/wp-json\/wp\/v2\/media?parent=14315"}],"wp:term":[{"taxonomy":"product_brand","embeddable":true,"href":"https:\/\/tyditiao.com\/tr\/wp-json\/wp\/v2\/product_brand?post=14315"},{"taxonomy":"product_cat","embeddable":true,"href":"https:\/\/tyditiao.com\/tr\/wp-json\/wp\/v2\/product_cat?post=14315"},{"taxonomy":"product_tag","embeddable":true,"href":"https:\/\/tyditiao.com\/tr\/wp-json\/wp\/v2\/product_tag?post=14315"},{"taxonomy":"woo-feed-brand","embeddable":true,"href":"https:\/\/tyditiao.com\/tr\/wp-json\/wp\/v2\/woo-feed-brand?post=14315"}],"curies":[{"name":"wp","href":"https:\/\/api.w.org\/{rel}","templated":true}]}}