{"id":14346,"date":"2022-06-13T03:53:55","date_gmt":"2022-06-13T01:53:55","guid":{"rendered":"http:\/\/tyditiao.com\/product\/kursun-gecirmez-zirh-sinif-iiia-taktik-kask-mich2000-ozel-kuvvetler-kaski-acik-kahverengi\/"},"modified":"2025-07-20T13:11:55","modified_gmt":"2025-07-20T11:11:55","slug":"mich2000-kursun-gecirmez-migfer-kevlar-seviye-3-acik-kahverengi","status":"publish","type":"product","link":"https:\/\/tyditiao.com\/tr\/urun\/mich2000-kursun-gecirmez-migfer-kevlar-seviye-3-acik-kahverengi\/","title":{"rendered":"Kur\u015fun ge\u00e7irmez z\u0131rh, S\u0131n\u0131f IIIA taktik kask, mich2000 \u00f6zel kuvvetler kask\u0131, a\u00e7\u0131k kahverengi"},"content":{"rendered":"<p>MICH, tabanca mermilerini durduran ve birikintilere ve d\u00fc\u015fen d\u00f6k\u00fcnt\u00fclere kar\u015f\u0131 g\u00fcvenilir koruma sa\u011flayan bir kaskt\u0131r. D\u00fc\u015f\u00fck kesim, ba\u015f\u0131n her iki taraf\u0131nda kulak \u00fcst\u00fc kasklardan daha iyi koruma sa\u011flar. Bu kasklar ayr\u0131ca kulakl\u0131klar\u0131 ve di\u011fer ileti\u015fim ekipmanlar\u0131n\u0131 yerle\u015ftirmek i\u00e7in kulakl\u0131klarla birlikte gelir.<\/p>\n<p>&nbsp;<\/p>\n<p><strong>Savunma s\u0131n\u0131f\u0131:<\/strong><\/p>\n<p>Bu kur\u015fun ge\u00e7irmez kask, NIJ 0101.06 standard\u0131na g\u00f6re bir NIJ Seviye IIIA kur\u015fun ge\u00e7irmez kaskt\u0131r ve ilgili test raporu sa\u011flanabilir.<\/p>\n<p>Bu \u00fcr\u00fcn, ger\u00e7ek t\u00fcfek korumas\u0131 i\u00e7in bir \u00fcst z\u0131rh plakas\u0131yla birlikte kullan\u0131ld\u0131\u011f\u0131nda Geli\u015fmi\u015f Sava\u015f Kask\u0131 (ECH) olarak da nitelendirilir.<\/p>\n<p>&nbsp;<\/p>\n<p><strong>Savunma mermisi parametreleri:<\/strong><\/p>\n<p>.44 Mag SJHP<br \/>\n.357 SIG FMJ FN<br \/>\n9 mm FMJ RN<br \/>\n.357 Mag JSP<br \/>\n.40 S&amp;W FMJ<\/p>\n<p>Ayr\u0131ca \u00e7o\u011fu tabanca tehdidinin yan\u0131 s\u0131ra S\u0131n\u0131f IIA ve II tehditlerine kar\u015f\u0131 koruma sa\u011flar<\/p>\n<p>&nbsp;<\/p>\n<p><strong>Kur\u015fun ge\u00e7irmez kask parametreleri:<\/strong><br \/>\n\u0130sim: NIJ lllA MICH2000 kur\u015fun ge\u00e7irmez kask<\/p>\n<p>Malzeme: Y\u00fcksek Mukavemetli Kevlar-DuPont Aramid Elyaf<br \/>\nBa\u015f \u00e7evresi: 52-60 cm (iki kademeli s\u0131rt ayar\u0131 ve ayarlanabilir \u00e7ene kay\u0131\u015f\u0131)<br \/>\nAstar: Yeniden konumland\u0131r\u0131labilir, yava\u015f geri d\u00f6nen k\u00f6p\u00fck astar, kask\u0131 rahat tutar ve yorgunlu\u011fu ve a\u015f\u0131r\u0131 \u0131s\u0131nmay\u0131 \u00f6nler.<br \/>\n\u0130ste\u011fe ba\u011fl\u0131 aksesuarlar: kur\u015fun ge\u00e7irmez maske vb.<br \/>\nKask Rengi: A\u00e7\u0131k Kahve<br \/>\nMICH, tabanca mermilerini durduran ve birikintilere ve d\u00fc\u015fen d\u00f6k\u00fcnt\u00fclere kar\u015f\u0131 g\u00fcvenilir koruma sa\u011flayan bir kaskt\u0131r.<br \/>\nkorumay\u0131 azaltacakt\u0131r.<\/p>\n<p>&nbsp;<\/p>\n<p><strong>&#8220;\u0130nsanlar i\u00e7in:<\/strong><br \/>\nNIJ lllA Kevlar MICH2000 Balistik Kask, tabanca ve \u015farapnel tehditlerini daha hafif ve daha rahat bir uyum i\u00e7in daha fazla ba\u011flant\u0131 kapasitesiyle ele al\u0131r. Bu kask her t\u00fcr kullan\u0131c\u0131 i\u00e7in uygundur. Ordu, polis, SWAT, i\u00e7 g\u00fcvenlik, g\u00fcmr\u00fck ve s\u0131n\u0131r muhaf\u0131zlar\u0131 gibi kurumlar\u0131n personeli, geli\u015fmi\u015f muharebe yetenekleriyle donat\u0131labilir. Ayr\u0131ca ev korumas\u0131 ve cosplay i\u00e7in iyi bir se\u00e7imdir.<\/p>\n<p>&nbsp;<\/p>\n<p>\u00dcr\u00fcnlerimizi sat\u0131n almak istiyorsan\u0131z veya \u00fcr\u00fcnlerimiz hakk\u0131nda herhangi bir sorunuz varsa;<br \/>\nHerhangi bir ki\u015fiselle\u015ftirme ihtiyac\u0131n\u0131z varsa;<br \/>\nL\u00fctfen (<a href=\"http:\/\/tyditiao.com\/en\/contact\/\">bize ula\u015f\u0131n<\/a>) hemen, size 1 i\u015f g\u00fcn\u00fc i\u00e7inde yan\u0131t verece\u011fiz<\/p>\n","protected":false},"excerpt":{"rendered":"<p>Geni\u015f koruma alan\u0131: Koruma alan\u0131, geleneksel kur\u015fun ge\u00e7irmez kasklardan daha geni\u015ftir ve kulak k\u0131sm\u0131 i\u00e7in iyi koruma sa\u011flar<\/p>\n<p>\u0130yi Kalite: Y\u00fcksek kaliteli DuPont Kevlar Aramid fiberden yap\u0131lm\u0131\u015ft\u0131r, \u0131s\u0131ya dayan\u0131kl\u0131d\u0131r ve kolayca deforme olmaz<\/p>\n<p>\u0130yi balistik performans: NIJ seviye IIIA<\/p>\n<p>M\u00fcrekkep bal\u0131\u011f\u0131 kurutma sistemi ve sol ve sa\u011f ray seti, set kulakl\u0131k, silah \u0131\u015f\u0131\u011f\u0131, kamera, fla\u015f listesi, gece g\u00f6r\u00fc\u015f\u00fc, GoPro kamera, NVG g\u00f6zl\u00fck takman\u0131za olanak tan\u0131r<\/p>\n<p>\u0130yi y\u00fckseltme performans\u0131: y\u00fckseltilebilir oksijen maskesi, kask, yan kalkan, z\u0131rhl\u0131 yan kalkan, koruyucu kalkan, kask kapa\u011f\u0131<\/p>\n","protected":false},"featured_media":10205,"comment_status":"open","ping_status":"closed","template":"","meta":[],"product_brand":[],"product_cat":[782,808],"product_tag":[],"woo-feed-brand":[50],"class_list":{"0":"post-14346","1":"product","2":"type-product","3":"status-publish","4":"has-post-thumbnail","6":"product_cat-kursun-gecirmez-kask","7":"product_cat-mich2000-tr","8":"woo-feed-brand-tyditiao","10":"first","11":"instock","12":"sale","13":"shipping-taxable","14":"purchasable","15":"product-type-simple"},"_links":{"self":[{"href":"https:\/\/tyditiao.com\/tr\/wp-json\/wp\/v2\/product\/14346","targetHints":{"allow":["GET"]}}],"collection":[{"href":"https:\/\/tyditiao.com\/tr\/wp-json\/wp\/v2\/product"}],"about":[{"href":"https:\/\/tyditiao.com\/tr\/wp-json\/wp\/v2\/types\/product"}],"replies":[{"embeddable":true,"href":"https:\/\/tyditiao.com\/tr\/wp-json\/wp\/v2\/comments?post=14346"}],"wp:featuredmedia":[{"embeddable":true,"href":"https:\/\/tyditiao.com\/tr\/wp-json\/wp\/v2\/media\/10205"}],"wp:attachment":[{"href":"https:\/\/tyditiao.com\/tr\/wp-json\/wp\/v2\/media?parent=14346"}],"wp:term":[{"taxonomy":"product_brand","embeddable":true,"href":"https:\/\/tyditiao.com\/tr\/wp-json\/wp\/v2\/product_brand?post=14346"},{"taxonomy":"product_cat","embeddable":true,"href":"https:\/\/tyditiao.com\/tr\/wp-json\/wp\/v2\/product_cat?post=14346"},{"taxonomy":"product_tag","embeddable":true,"href":"https:\/\/tyditiao.com\/tr\/wp-json\/wp\/v2\/product_tag?post=14346"},{"taxonomy":"woo-feed-brand","embeddable":true,"href":"https:\/\/tyditiao.com\/tr\/wp-json\/wp\/v2\/woo-feed-brand?post=14346"}],"curies":[{"name":"wp","href":"https:\/\/api.w.org\/{rel}","templated":true}]}}