{"id":16826,"date":"2025-04-17T11:28:35","date_gmt":"2025-04-17T09:28:35","guid":{"rendered":"https:\/\/tyditiao.com\/product\/yuz-siperi-ve-cene-koruyuculu-balistik-kask-tdtm-3-tam-nij-iiia-korumasi-asiri-taktik-kosullar-icin-ideal\/"},"modified":"2025-04-21T13:01:19","modified_gmt":"2025-04-21T11:01:19","slug":"yuz-siperi-ve-cene-koruyuculu-balistik-kask-tdtm-3-tam-nij-iiia-korumasi-asiri-taktik-kosullar-icin-ideal","status":"publish","type":"product","link":"https:\/\/tyditiao.com\/tr\/urun\/yuz-siperi-ve-cene-koruyuculu-balistik-kask-tdtm-3-tam-nij-iiia-korumasi-asiri-taktik-kosullar-icin-ideal\/","title":{"rendered":"y\u00fcz siperi ve \u00e7ene koruyuculu balistik kask, TDTM-3, tam NIJ IIIA korumas\u0131, a\u015f\u0131r\u0131 taktik ko\u015fullar i\u00e7in ideal"},"content":{"rendered":"<p>Y\u00fcksek mukavemetli kur\u015fun ge\u00e7irmez cam: Y\u00fcksek kaliteli kur\u015fun ge\u00e7irmez cam, patlama veya darbe durumunda y\u00fcz\u00fcn\u00fcz\u00fc etkili bir \u015fekilde korurken m\u00fckemmel g\u00f6r\u00fc\u015f sa\u011flar.<\/p>\n<p>\u00c7ene Koruma Mod\u00fcl\u00fc: \u00c7ene b\u00f6lgesini korumak i\u00e7in \u00f6zel olarak tasarlanm\u0131\u015f, \u00e7eneye ilave koruma sa\u011flayan, taktik operasyonlar s\u0131ras\u0131nda olu\u015fabilecek yaralanmalara kar\u015f\u0131 koruma sa\u011flayan mod\u00fcl.<\/p>\n<p>Konforlu ayar sistemi: Uzun s\u00fcreli kullan\u0131mlarda yast\u0131klama sa\u011flayan, nemi ve teri emen ve yorgunlu\u011fu azaltan ayarlanabilir s\u00fcspansiyon sistemi ve y\u00fcksek yo\u011funluklu haf\u0131zal\u0131 k\u00f6p\u00fck dolgusu ile donat\u0131lm\u0131\u015ft\u0131r. Farkl\u0131 ebat se\u00e7enekleri (S, M, L, XL) ba\u015f \u015fekline konforlu bir uyum sa\u011flar. <\/p>\n<p>Taktik Aksesuarlar\u0131n Montaj\u0131: Kask, gece g\u00f6r\u00fc\u015f, haberle\u015fme ekipmanlar\u0131 ve di\u011fer taktik aksesuarlar\u0131n h\u0131zl\u0131 bir \u015fekilde monte edilmesine olanak tan\u0131yan \u00e7oklu montaj noktalar\u0131na sahiptir ve \u00f6zel muharebe operasyonlar\u0131n\u0131n gereksinimlerini kar\u015f\u0131lar.<\/p>\n<p><strong>\u00d6zel Notlar:<\/strong><\/p>\n<p>NIJ IIIA s\u0131n\u0131f\u0131 balistik kask, taktik operasyonlar s\u0131ras\u0131nda kapsaml\u0131 ba\u015f korumas\u0131 sa\u011flar. Askerlerin ola\u011fan\u00fcst\u00fc ko\u015fullarda g\u00fcvenli\u011fini sa\u011flamak amac\u0131yla \u00f6zel olarak tasarlanm\u0131\u015ft\u0131r. \u0130ster y\u00fcz\u00fcndeki kur\u015fun ge\u00e7irmez cam olsun, ister \u00e7enedeki kur\u015fun ge\u00e7irmez mod\u00fcller olsun, \u015farapnel, \u015farapnel ve darbe hasar\u0131na kar\u015f\u0131 e\u015fsiz bir koruma sa\u011flarlar. \u0130yi d\u00fc\u015f\u00fcn\u00fclm\u00fc\u015f tasar\u0131m ve konfor ayar sistemi, uzun s\u00fcreli muharebelerde maksimum konforu garanti eder. \u0130ster sava\u015f alan\u0131nda, ister kolluk kuvvetlerinin operasyonunda, ister e\u011fitim ortam\u0131nda olun, size sa\u011flam destek sa\u011flayabiliriz.    <\/p>\n<p>\u00d6zel bir a\u00e7\u0131klama yap\u0131lmad\u0131ysa varsay\u0131lan konfig\u00fcrasyon: beden L, renk ye\u015fildir. Ayr\u0131ca, aralar\u0131ndan se\u00e7im yapabilece\u011finiz geni\u015f bir renk yelpazesi (kum\/siyah\/ye\u015fil\/MC kamuflaj\/kurt kahvesi) ve beden (S, M, L, XL) sunuyoruz. <\/p>\n<p>Nerede olursan\u0131z olun, bu link \u00fczerinden sipari\u015finizi do\u011frudan verebilir ve sorunsuz bir \u015fekilde sat\u0131n alma i\u015fleminizi ger\u00e7ekle\u015ftirebilirsiniz. Sipari\u015f notlar\u0131n\u0131za istedi\u011finiz \u00f6l\u00e7\u00fc ve rengi belirtmeniz yeterli (\u00f6rne\u011fin: XL-siyah) ve hayalinizdeki ekipmana kavu\u015fun. Di\u011fer renk ve ebat se\u00e7imlerinizde herhangi bir ek \u00fccret talep etmiyoruz.  <\/p>\n<hr>\n<p><strong>Senaryolara gelince:<\/strong><\/p>\n<p>\u00d6zel Harekat Kuvvetleri<br \/>\nY\u00fcksek Riskli Ortamlarda Uygulama<br \/>\nA\u00e7\u0131k Hava Taktik Sporlar\u0131 ve At\u0131\u015f E\u011fitimi<br \/>\nKurtarma ve isyan kontrol misyonlar\u0131<\/p>\n<hr>\n<p><strong>Savunma mermi parametreleri:<\/strong><\/p>\n<p>.44 Mag SJHP<br \/>\n.357 SIG FMJ FN<br \/>\n9mm FMJ RN<br \/>\n.357 Mag JSP<br \/>\n.40 S&amp;W FMJ<\/p>\n<p>Ayr\u0131ca \u00e7o\u011fu ate\u015fli silah tehdidine, ayr\u0131ca S\u0131n\u0131f IIA ve II tehditlere kar\u015f\u0131 koruma sa\u011flar.<\/p>\n<hr>\n<p><strong>parametre:<\/strong><\/p>\n<p>Kask modeli: TDTM-3<br \/>\nMalzeme: Kask ve a\u011f\u0131zl\u0131k UHMWPE&#8217;den yap\u0131lm\u0131\u015ft\u0131r<br \/>\nA\u011f\u0131rl\u0131k: yakla\u015f\u0131k 2,8 kg (kur\u015fun ge\u00e7irmez kask + kur\u015fun ge\u00e7irmez maske + a\u011f\u0131zl\u0131k)<br \/>\nBoyut: S (53-59cm), M (53-59cm), L (56-59cm), L (58-62cm)<br \/>\nRenk: Siyah\/Ye\u015fil\/MC Camo\/Kurt Kahvesi<br \/>\nYap\u0131: Kask g\u00f6vdesi ve y\u00fcz koruma bile\u015fenleri (\u00e7\u0131kar\u0131labilir)<br \/>\nKoruma alan\u0131: kask g\u00f6vdesi \u2265 0,125 mm, g\u00f6zl\u00fck \u2265 0,025 m, al\u0131n \u2265 0,04 m<\/p>\n<p>&nbsp;<\/p>\n","protected":false},"excerpt":{"rendered":"<p>Kapsaml\u0131 koruma: Kur\u015fun ge\u00e7irmez y\u00fcz siperi ve \u00e7ene koruma mod\u00fcl\u00fcn\u00fc birle\u015ftirerek t\u00fcm ba\u015f i\u00e7in 360 derece koruma sa\u011flar ve y\u00fcksek riskli ortamlarda tam g\u00fcvenlik sa\u011flar.<\/p>\n<p>Optimize edilmi\u015f a\u011f\u0131rl\u0131k merkezi, dengeli uyum: Hassas bir \u015fekilde tasarlanm\u0131\u015f kask yap\u0131s\u0131, a\u011f\u0131rl\u0131k merkezinin rasyonel bir \u015fekilde da\u011f\u0131lmas\u0131n\u0131 sa\u011flayarak ko\u015farken veya z\u0131plarken olu\u015fan \u015foklar\u0131 ortadan kald\u0131r\u0131r. Bu, ayakta dururken ni\u015fan al\u0131rken, at\u0131\u015f yaparken, taktik manevralar yaparken ve di\u011fer faaliyetlerde esneklik ve \u00f6zg\u00fcrl\u00fc\u011f\u00fc koruman\u0131z\u0131 sa\u011flar. Tam koruma sa\u011flan\u0131rken, genel a\u011f\u0131rl\u0131k m\u00fcmk\u00fcn olan en y\u00fcksek seviyeye d\u00fc\u015f\u00fcr\u00fcld\u00fc.  <\/p>\n<p>NIJ IIIA Koruma Standard\u0131: NIJ IIIA standartlar\u0131n\u0131 kar\u015f\u0131lar, tabanca mermileri ve \u015farapnel gibi d\u00fc\u015f\u00fck ila orta tehdit d\u00fczeyindeki sald\u0131r\u0131lara kar\u015f\u0131 etkili koruma sa\u011flar ve taktik g\u00fcvenli\u011fi art\u0131r\u0131r.<\/p>\n","protected":false},"featured_media":16778,"comment_status":"open","ping_status":"closed","template":"","meta":[],"product_brand":[],"product_cat":[605,782],"product_tag":[],"woo-feed-brand":[50],"class_list":{"0":"post-16826","1":"product","2":"type-product","3":"status-publish","4":"has-post-thumbnail","6":"product_cat-balistik-maske","7":"product_cat-kursun-gecirmez-kask","8":"woo-feed-brand-tyditiao","10":"first","11":"instock","12":"sale","13":"shipping-taxable","14":"purchasable","15":"product-type-simple"},"_links":{"self":[{"href":"https:\/\/tyditiao.com\/tr\/wp-json\/wp\/v2\/product\/16826","targetHints":{"allow":["GET"]}}],"collection":[{"href":"https:\/\/tyditiao.com\/tr\/wp-json\/wp\/v2\/product"}],"about":[{"href":"https:\/\/tyditiao.com\/tr\/wp-json\/wp\/v2\/types\/product"}],"replies":[{"embeddable":true,"href":"https:\/\/tyditiao.com\/tr\/wp-json\/wp\/v2\/comments?post=16826"}],"wp:featuredmedia":[{"embeddable":true,"href":"https:\/\/tyditiao.com\/tr\/wp-json\/wp\/v2\/media\/16778"}],"wp:attachment":[{"href":"https:\/\/tyditiao.com\/tr\/wp-json\/wp\/v2\/media?parent=16826"}],"wp:term":[{"taxonomy":"product_brand","embeddable":true,"href":"https:\/\/tyditiao.com\/tr\/wp-json\/wp\/v2\/product_brand?post=16826"},{"taxonomy":"product_cat","embeddable":true,"href":"https:\/\/tyditiao.com\/tr\/wp-json\/wp\/v2\/product_cat?post=16826"},{"taxonomy":"product_tag","embeddable":true,"href":"https:\/\/tyditiao.com\/tr\/wp-json\/wp\/v2\/product_tag?post=16826"},{"taxonomy":"woo-feed-brand","embeddable":true,"href":"https:\/\/tyditiao.com\/tr\/wp-json\/wp\/v2\/woo-feed-brand?post=16826"}],"curies":[{"name":"wp","href":"https:\/\/api.w.org\/{rel}","templated":true}]}}