{"id":12884,"date":"2023-05-22T09:19:51","date_gmt":"2023-05-22T07:19:51","guid":{"rendered":"http:\/\/tyditiao.com\/trang-chu\/"},"modified":"2025-01-05T04:11:12","modified_gmt":"2025-01-05T02:11:12","slug":"trang-chu","status":"publish","type":"page","link":"https:\/\/tyditiao.com\/vi\/","title":{"rendered":"Trang ch\u1ee7"},"content":{"rendered":"\n<div class=\"wp-block-cover is-light\" style=\"min-height:240px;aspect-ratio:unset;\"><span aria-hidden=\"true\" class=\"wp-block-cover__background has-background-dim-20 has-background-dim\" style=\"background-color:#b7ad73\"><\/span><img loading=\"lazy\" decoding=\"async\" width=\"1401\" height=\"539\" class=\"wp-block-cover__image-background wp-image-1576\" alt=\"\" src=\"http:\/\/tyditiao.com\/wp-content\/uploads\/2022\/06\/2022-06-13_182159.png\" data-object-fit=\"cover\" srcset=\"https:\/\/tyditiao.com\/wp-content\/uploads\/2022\/06\/2022-06-13_182159.png 1401w, https:\/\/tyditiao.com\/wp-content\/uploads\/2022\/06\/2022-06-13_182159-600x231.png 600w, https:\/\/tyditiao.com\/wp-content\/uploads\/2022\/06\/2022-06-13_182159-300x115.png 300w, https:\/\/tyditiao.com\/wp-content\/uploads\/2022\/06\/2022-06-13_182159-1024x394.png 1024w, https:\/\/tyditiao.com\/wp-content\/uploads\/2022\/06\/2022-06-13_182159-768x295.png 768w, https:\/\/tyditiao.com\/wp-content\/uploads\/2022\/06\/2022-06-13_182159-1320x508.png 1320w\" sizes=\"auto, (max-width: 1401px) 100vw, 1401px\" \/><div class=\"wp-block-cover__inner-container is-layout-constrained wp-block-cover-is-layout-constrained\">\n<div class=\"wp-block-columns is-layout-flex wp-container-core-columns-is-layout-9d6595d7 wp-block-columns-is-layout-flex\">\n<div class=\"wp-block-column is-layout-flow wp-block-column-is-layout-flow\" style=\"flex-basis:25%\"><\/div>\n\n\n\n<div class=\"wp-block-column is-layout-flow wp-block-column-is-layout-flow\" style=\"flex-basis:50%\">\n<div style=\"height:20px\" aria-hidden=\"true\" class=\"wp-block-spacer\"><\/div>\n\n\n\n<p class=\"has-text-align-center custom-style has-text-color has-link-color has-large-font-size wp-elements-32d9279b7afa31504ce25b07aee0e90a\" style=\"color:#ffffff\">Ch\u00fang t\u00f4i chuy\u00ean s\u1ea3n xu\u1ea5t v\u00e0 b\u00e1n c\u00e1c ki\u1ec3u m\u0169 b\u1ea3o hi\u1ec3m \u0111\u1ea1n \u0111\u1ea1o qu\u00e2n s\u1ef1 chi\u1ebfn thu\u1eadt kh\u00e1c nhau<\/p>\n<\/div>\n\n\n\n<div class=\"wp-block-column is-layout-flow wp-block-column-is-layout-flow\" style=\"flex-basis:25%\"><\/div>\n<\/div>\n<\/div><\/div>\n\n<div style=\"height:50px\" aria-hidden=\"true\" class=\"wp-block-spacer\"><\/div>\n\n<div class=\"wp-block-columns is-layout-flex wp-container-core-columns-is-layout-9d6595d7 wp-block-columns-is-layout-flex\">\n<div class=\"wp-block-column is-layout-flow wp-block-column-is-layout-flow\" style=\"flex-basis:10%\"><\/div>\n\n\n\n<div class=\"wp-block-column is-layout-flow wp-block-column-is-layout-flow\">\n<h2 class=\"wp-block-heading has-text-align-center\">M\u0168 B\u1ea2O HI\u1ec2M \u0110\u1ea0N \u0110\u1ea0O CH\u00daNG T\u00d4I B\u00c1N<\/h2>\n\n\n\n<figure class=\"wp-block-gallery has-nested-images columns-4 is-cropped wp-block-gallery-1 is-layout-flex wp-block-gallery-is-layout-flex\">\n<figure class=\"wp-block-image size-medium\"><img decoding=\"async\" data-id=\"5154\" src=\"https:\/\/tyditiao.com\/wp-content\/uploads\/2022\/10\/&#x672A;&#x6807;&#x9898;-51-300x300.png\" alt=\"&#xC1;o vest chi&#x1EBF;n thu&#x1EAD;t &#x111;&#x1EA1;n &#x111;&#x1EA1;o ngo&#xE0;i tr&#x1EDD;i &#x111;&#x1B0;&#x1EE3;c trang b&#x1ECB; m&#xE0;n h&#xEC;nh ch&#x1ED1;ng &#x111;&#x1EA1;n\" class=\"wp-image-5154\"\/><\/figure>\n\n\n<figure class=\"wp-block-image size-medium\"><img loading=\"lazy\" decoding=\"async\" width=\"300\" height=\"300\" data-id=\"1343\" src=\"http:\/\/tyditiao.com\/wp-content\/uploads\/2022\/06\/7-300x300.jpg\" alt=\"\" class=\"wp-image-1343\" srcset=\"https:\/\/tyditiao.com\/wp-content\/uploads\/2022\/06\/7-300x300.jpg 300w, https:\/\/tyditiao.com\/wp-content\/uploads\/2022\/06\/7-100x100.jpg 100w, https:\/\/tyditiao.com\/wp-content\/uploads\/2022\/06\/7-600x600.jpg 600w, https:\/\/tyditiao.com\/wp-content\/uploads\/2022\/06\/7-1024x1024.jpg 1024w, https:\/\/tyditiao.com\/wp-content\/uploads\/2022\/06\/7-150x150.jpg 150w, https:\/\/tyditiao.com\/wp-content\/uploads\/2022\/06\/7-768x768.jpg 768w, https:\/\/tyditiao.com\/wp-content\/uploads\/2022\/06\/7.jpg 1200w\" sizes=\"auto, (max-width: 300px) 100vw, 300px\" \/><\/figure>\n\n\n<figure class=\"wp-block-image size-medium\"><img decoding=\"async\" data-id=\"4955\" src=\"https:\/\/tyditiao.com\/wp-content\/uploads\/2022\/10\/&#x672A;&#x6807;&#x9898;-3-300x300.png\" alt=\"M&#x1EB7;t n&#x1EA1; &#x111;&#x1EA1;n &#x111;&#x1EA1;o chi&#x1EBF;n thu&#x1EAD;t to&#xE0;n m&#x1EB7;t NIJ IIIA - S&#x1A1; &#x111;&#x1ED3;\" class=\"wp-image-4955\"\/><\/figure>\n\n\n<figure class=\"wp-block-image size-medium\"><img decoding=\"async\" data-id=\"5396\" src=\"https:\/\/tyditiao.com\/wp-content\/uploads\/2022\/10\/SICPE&#xFF0C;NIJ-Level-IV&#xFF0C;23MM&#xFF0C;2.5KG-300x300.png\" alt=\"SIC+PE,NIJ C&#x1EA5;p IV,23MM,2.5KG,&#xC1;o gi&#xE1;p ch&#x1ED1;ng &#x111;&#x1EA1;n, 250X300MM\" class=\"wp-image-5396\"\/><\/figure><\/figure>\n\n\n\n<div style=\"height:50px\" aria-hidden=\"true\" class=\"wp-block-spacer\"><\/div>\n\n\n\n<h2 class=\"wp-block-heading has-text-align-center\">C\u00e2u h\u1ecfi th\u01b0\u1eddng g\u1eb7p<\/h2>\n\n\n\n<div style=\"height:30px\" aria-hidden=\"true\" class=\"wp-block-spacer\"><\/div>\n\n\n\n<div class=\"wp-block-columns is-layout-flex wp-container-core-columns-is-layout-9d6595d7 wp-block-columns-is-layout-flex\">\n<div class=\"wp-block-column is-layout-flow wp-block-column-is-layout-flow\">\n<h6 class=\"wp-block-heading\">B\u1ea1n c\u00f3 m\u1ed9t nh\u00e0 m\u00e1y v\u1eadt l\u00fd?<\/h6>\n\n\n\n<p>\u0110\u00fang! Ch\u00fang t\u00f4i c\u00f3 nh\u00e0 m\u00e1y v\u1eadt l\u00fd v\u00e0 \u0111\u00e3 cung c\u1ea5p b\u00e1n bu\u00f4n cho nh\u1eefng ng\u01b0\u1eddi b\u00e1n m\u0169 b\u1ea3o hi\u1ec3m \u1edf Ch\u00e2u \u00c2u v\u00e0 Ch\u00e2u M\u1ef9 trong 6 n\u0103m. Ch\u00fang t\u00f4i v\u1eadn chuy\u1ec3n h\u00e0ng t\u1ea5n m\u0169 b\u1ea3o hi\u1ec3m \u0111i kh\u1eafp th\u1ebf gi\u1edbi m\u1ed7i ng\u00e0y v\u00e0 \u0111\u00e2y l\u00e0 c\u1eeda h\u00e0ng nh\u00e0 m\u00e1y c\u1ee7a ch\u00fang t\u00f4i.  <\/p>\n<\/div>\n\n\n\n<div class=\"wp-block-column is-layout-flow wp-block-column-is-layout-flow\">\n<h6 class=\"wp-block-heading\">C\u00f3 gi\u1ea3m gi\u00e1 khi mua tr\u1ef1c ti\u1ebfp t\u1eeb nh\u00e0 m\u00e1y kh\u00f4ng?<\/h6>\n\n\n\n<p>T\u1ea5t nhi\u00ean, b\u1eb1ng c\u00e1ch \u0111\u1eb7t h\u00e0ng tr\u1ef1c ti\u1ebfp t\u1eeb trang web c\u1ee7a nh\u00e0 m\u00e1y ch\u00fang t\u00f4i, b\u1ea1n c\u00f3 th\u1ec3 ti\u1ebft ki\u1ec7m h\u01a1n 20% so v\u1edbi gi\u00e1 b\u00e1n t\u1ea1i \u0111\u1ea1i l\u00fd, v\u00ec n\u00f3 tr\u1ef1c ti\u1ebfp ti\u1ebft ki\u1ec7m chi ph\u00ed gi\u00e1n ti\u1ebfp cho b\u1ea1n. \u0110\u1ed3ng th\u1eddi, ch\u00fang t\u00f4i c\u0169ng c\u00f3 \u00fd \u0111\u1ecbnh mang l\u1ea1i l\u1ee3i nhu\u1eadn cho ng\u01b0\u1eddi ti\u00eau d\u00f9ng cu\u1ed1i c\u00f9ng \u0111\u1ec3 m\u1edf r\u1ed9ng ho\u1ea1t \u0111\u1ed9ng kinh doanh b\u00e1n l\u1ebb c\u1ee7a m\u00ecnh. <\/p>\n<\/div>\n<\/div>\n\n\n\n<div class=\"wp-block-columns is-layout-flex wp-container-core-columns-is-layout-9d6595d7 wp-block-columns-is-layout-flex\">\n<div class=\"wp-block-column is-layout-flow wp-block-column-is-layout-flow\">\n<h6 class=\"wp-block-heading\">Chi ph\u00ed v\u1eadn chuy\u1ec3n cho m\u1ed9t m\u1eb7t h\u00e0ng l\u00e0 g\u00ec? L\u00e0m th\u1ebf n\u00e0o s\u1edbm t\u00f4i c\u00f3 th\u1ec3 nh\u1eadn \u0111\u01b0\u1ee3c n\u00f3?<\/h6>\n\n\n\n<p>Ph\u00ed FedEx \u0111\u00e3 bao g\u1ed3m trong t\u1ea5t c\u1ea3 gi\u00e1 m\u0169 b\u1ea3o hi\u1ec3m n\u00ean b\u1ea1n kh\u00f4ng ph\u1ea3i tr\u1ea3 th\u00eam ti\u1ec1n v\u1eadn chuy\u1ec3n. FEDEX Express c\u00f3 th\u1ec3 giao m\u0169 b\u1ea3o hi\u1ec3m cho b\u1ea1n trong v\u00f2ng 6-14 ng\u00e0y l\u00e0m vi\u1ec7c v\u00e0 ng\u01b0\u1eddi g\u1eedi h\u00e0ng FedEx t\u1ea1i \u0111\u1ecba ph\u01b0\u01a1ng s\u1ebd g\u1ecdi cho b\u1ea1n ngay khi g\u00f3i h\u00e0ng c\u1ee7a b\u1ea1n \u0111\u1ebfn th\u00e0nh ph\u1ed1 v\u00e0 g\u1eedi tr\u1ef1c ti\u1ebfp cho b\u1ea1n. <\/p>\n<\/div>\n\n\n\n<div class=\"wp-block-column is-layout-flow wp-block-column-is-layout-flow\">\n<h6 class=\"wp-block-heading\">\u0110\u01a1n \u0111\u1eb7t h\u00e0ng \u0111\u01b0\u1ee3c v\u1eadn chuy\u1ec3n t\u1eeb \u0111\u00e2u v\u00e0 t\u00f4i c\u00f3 ch\u1eafc l\u00e0 m\u00ecnh s\u1ebd nh\u1eadn \u0111\u01b0\u1ee3c kh\u00f4ng?<\/h6>\n\n\n\n<p>V\u1eadn chuy\u1ec3n t\u1eeb kho nh\u00e0 m\u00e1y c\u1ee7a ch\u00fang t\u00f4i \u1edf Trung Qu\u1ed1c, ch\u00fang t\u00f4i \u0111\u00e3 b\u00e1n m\u1ed9t s\u1ed1 l\u01b0\u1ee3ng l\u1edbn m\u0169 b\u1ea3o hi\u1ec3m ch\u1ed1ng \u0111\u1ea1n cho Hoa K\u1ef3, Ba Lan, \u0110\u1ee9c, Nh\u1eadt B\u1ea3n v\u00e0 nhi\u1ec1u qu\u1ed1c gia kh\u00e1c, v\u00e0 ch\u00fang t\u00f4i s\u1ebd g\u1eedi cho b\u1ea1n s\u1ed1 theo d\u00f5i qua \u0111\u01b0\u1eddng b\u01b0u \u0111i\u1ec7n sau khi h\u00e0ng h\u00f3a \u0111\u01b0\u1ee3c v\u1eadn chuy\u1ec3n, b\u1ea1n c\u00f3 th\u1ec3 ki\u1ec3m tra t\u00ecnh tr\u1ea1ng giao h\u00e0ng b\u1ea5t c\u1ee9 l\u00fac n\u00e0o.<\/p>\n<\/div>\n<\/div>\n\n\n\n<div class=\"wp-block-columns is-layout-flex wp-container-core-columns-is-layout-9d6595d7 wp-block-columns-is-layout-flex\">\n<div class=\"wp-block-column is-layout-flow wp-block-column-is-layout-flow\">\n<h6 class=\"wp-block-heading\">L\u00e0m th\u1ebf n\u00e0o \u0111\u1ec3 \u0111\u1eb7t h\u00e0ng v\u00e0 l\u00e0m th\u1ebf n\u00e0o \u0111\u1ec3 tr\u1ea3 ti\u1ec1n<\/h6>\n\n\n\n<p>Ch\u00fang t\u00f4i ch\u1ec9 ch\u1ea5p nh\u1eadn thanh to\u00e1n cho c\u00e1c \u0111\u01a1n h\u00e0ng qua Paypal v\u00e0 Western Union. N\u1ebfu b\u1ea1n ch\u01b0a c\u00f3 Paypal, vui l\u00f2ng \u0111\u0103ng k\u00fd t\u1ea1i \u0111\u00e2y www.paypal.com \u0111\u1ec3 mua v\u00e0 thanh to\u00e1n an to\u00e0n qua Paypal. N\u1ebfu b\u1ea1n ch\u1ecdn thanh to\u00e1n qua Western Union, vui l\u00f2ng li\u00ean h\u1ec7 v\u1edbi ch\u00fang t\u00f4i \u0111\u1ec3 x\u00e1c nh\u1eadn th\u00f4ng tin v\u1ec1 thanh to\u00e1n.<\/p>\n<\/div>\n\n\n\n<div class=\"wp-block-column is-layout-flow wp-block-column-is-layout-flow\">\n<h6 class=\"wp-block-heading\">T\u00f4i c\u1ea7n mua nhi\u1ec1u m\u0169 b\u1ea3o hi\u1ec3m c\u00f9ng l\u00fac th\u00ec c\u00f3 \u0111\u01b0\u1ee3c gi\u1ea3m th\u00eam kh\u00f4ng?<\/h6>\n\n\n\n<p>T\u1ea5t nhi\u00ean, n\u1ebfu b\u1ea1n c\u1ea7n nhi\u1ec1u h\u01a1n 5 chi\u1ebfc m\u0169 b\u1ea3o hi\u1ec3m \u0111\u1ec3 s\u1eed d\u1ee5ng cho ri\u00eang m\u00ecnh ho\u1eb7c cho nh\u00e0 b\u00e1n bu\u00f4n t\u1ea1i \u0111\u1ecba ph\u01b0\u01a1ng, vui l\u00f2ng li\u00ean h\u1ec7 tr\u1ef1c ti\u1ebfp v\u1edbi ch\u00fang t\u00f4i. B\u1ea1n s\u1ebd nh\u1eadn \u0111\u01b0\u1ee3c m\u1ee9c gi\u00e1 th\u1eadm ch\u00ed c\u00f2n t\u1ed1t h\u01a1n so v\u1edbi c\u00e1c c\u1eeda h\u00e0ng tr\u1ef1c tuy\u1ebfn hi\u1ec7n t\u1ea1i c\u1ee7a ch\u00fang t\u00f4i. \u0110\u1eebng b\u1ecf l\u1ee1, v\u00ec n\u00f3 s\u1ebd gi\u00fap b\u1ea1n ti\u1ebft ki\u1ec7m chi ph\u00ed \u0111\u00e1ng k\u1ec3 \u0111\u1ea5y.  <\/p>\n<\/div>\n<\/div>\n\n\n\n<div style=\"height:50px\" aria-hidden=\"true\" class=\"wp-block-spacer\"><\/div>\n\n\n\n<h2 class=\"wp-block-heading has-text-align-center\">Mi\u1ec5n Ph\u00ed V\u1eadn Chuy\u1ec3n T\u1ea5t C\u1ea3 C\u00e1c Khu V\u1ef1c<\/h2>\n\n\n\n<h4 class=\"wp-block-heading has-text-align-center\">khu v\u1ef1c giao h\u00e0ng<\/h4>\n\n\n\n<p class=\"has-text-align-center\"><strong>Ch\u00e2u \u00c2u:<\/strong> Ba Lan, Litva, \u0110\u1ee9c, H\u00e0 Lan, Hungary, V\u01b0\u01a1ng qu\u1ed1c Anh, Ph\u00e1p, \u00dd, T\u00e2y Ban Nha, \u00c1o, B\u1ec9, Luxembourg, Ireland, Bulgaria, Croatia, C\u1ed9ng h\u00f2a S\u00e9c, Estonia, Ph\u1ea7n Lan, Latvia, Malta, B\u1ed3 \u0110\u00e0o Nha, Romania, Slovakia, Slovenia , Th\u1ee5y \u0110i\u1ec3n, \u0110an M\u1ea1ch, Hy L\u1ea1p, Th\u1ee5y S\u0129, Na Uy, S\u00edp<\/p>\n\n\n\n<p class=\"has-text-align-center\"><strong>Ch\u00e2u \u00c1: <\/strong>\u0110\u00e0i Loan, Ma Cao, H\u1ed3ng K\u00f4ng, Singapore, Malaysia, Th\u00e1i Lan, Vi\u1ec7t Nam, Philippines, Israel, Th\u1ed5 Nh\u0129 K\u1ef3, H\u00e0n Qu\u1ed1c, Nh\u1eadt B\u1ea3n, Bahrain, \u1ea2 R\u1eadp Saudi, Lebanon, C\u00e1c ti\u1ec3u v\u01b0\u01a1ng qu\u1ed1c \u1ea2 R\u1eadp th\u1ed1ng nh\u1ea5t<\/p>\n\n\n\n<p class=\"has-text-align-center\"><strong>B\u1eafc M\u1ef9:<\/strong> Hoa K\u1ef3, Canada, Mexico<\/p>\n\n\n\n<p class=\"has-text-align-center\"><strong>Nam M\u1ef9: <\/strong>Brazil, Chile, Colombia<\/p>\n\n\n\n<p class=\"has-text-align-center\"><strong>Ch\u00e2u \u0110\u1ea1i D\u01b0\u01a1ng: <\/strong>\u00dac, New Zealand<\/p>\n\n\n\n<p class=\"has-text-align-center\"><strong>Ch\u00e2u Phi:<\/strong> Nam Phi<\/p>\n\n\n\n<p class=\"has-text-align-center\"><strong>Khu v\u1ef1c m\u1edbi:<\/strong> Ukraine (kh\u00f4ng c\u00f3 d\u1ecbch v\u1ee5 giao h\u00e0ng trong khu v\u1ef1c tranh ch\u1ea5p v\u00e0 \u0111\u01a1n h\u00e0ng s\u1ebd b\u1ecb h\u1ee7y)<\/p>\n\n\n\n<h4 class=\"wp-block-heading has-text-align-center\">mi\u1ec5n ph\u00ed v\u1eadn chuy\u1ec3n<\/h4>\n\n\n\n<p class=\"has-text-align-center\">\u0110\u1ec3 m\u1edf r\u1ed9ng quy m\u00f4 th\u1ecb tr\u01b0\u1eddng b\u00e1n l\u1ebb, ch\u00fang t\u00f4i th\u1ef1c hi\u1ec7n ch\u00ednh s\u00e1ch giao h\u00e0ng mi\u1ec5n ph\u00ed cho t\u1ea5t c\u1ea3 c\u00e1c qu\u1ed1c gia v\u00e0 khu v\u1ef1c tr\u00ean, ngh\u0129a l\u00e0 b\u1ea1n kh\u00f4ng ph\u1ea3i tr\u1ea3 b\u1ea5t k\u1ef3 kho\u1ea3n ph\u00ed v\u1eadn chuy\u1ec3n n\u00e0o ngo\u00e0i gi\u00e1 c\u1ee7a ch\u00ednh s\u1ea3n ph\u1ea9m.<\/p>\n\n\n\n<h4 class=\"wp-block-heading has-text-align-center\">th\u1eddi gian \u0111\u1eb7t h\u00e0ng<\/h4>\n\n\n\n<p class=\"has-text-align-center\"><strong>Th\u1eddi gian x\u1eed l\u00fd \u0111\u01a1n h\u00e0ng: <\/strong>trong v\u00f2ng 1-6 ng\u00e0y l\u00e0m vi\u1ec7c sau khi nh\u1eadn \u0111\u01b0\u1ee3c thanh to\u00e1n (ch\u00fang t\u00f4i s\u1ebd g\u1eedi s\u1ed1 l\u00f4 h\u00e0ng sau khi b\u00e0n giao l\u00f4 h\u00e0ng cho c\u00f4ng ty chuy\u1ec3n ph\u00e1t nhanh)<\/p>\n\n\n\n<p class=\"has-text-align-center\"><strong>Th\u1eddi gian v\u1eadn chuy\u1ec3n nhanh:<\/strong> 6-14 ng\u00e0y l\u00e0m vi\u1ec7c<\/p>\n\n\n\n<div style=\"height:50px\" aria-hidden=\"true\" class=\"wp-block-spacer\"><\/div>\n\n\n\n<h2 class=\"wp-block-heading has-text-align-center\">tr\u1ea3<\/h2>\n\n\n\n<h4 class=\"wp-block-heading has-text-align-center\">Ph\u01b0\u01a1ng th\u1ee9c thanh to\u00e1n<\/h4>\n\n\n\n<p class=\"has-text-align-center\">Truy c\u1eadp trang thanh to\u00e1n \u0111\u1ec3 tr\u1ea3 tr\u01b0\u1edbc qua PAYPAL ho\u1eb7c thanh to\u00e1n cho \u0111\u01a1n \u0111\u1eb7t h\u00e0ng c\u1ee7a b\u1ea1n qua Western Union.<\/p>\n\n\n\n<p class=\"has-text-align-center\"><strong>A. \u0110i t\u1edbi trang thanh to\u00e1n v\u00e0 tr\u1ea3 tr\u01b0\u1edbc qua PAYPAL<\/strong><br\/>1. Th\u00eam s\u1ea3n ph\u1ea9m b\u1ea1n th\u00edch v\u00e0o gi\u1ecf h\u00e0ng<br\/>2. B\u1ea5m v\u00e0o n\u00fat gi\u1ecf h\u00e0ng \u1edf g\u00f3c tr\u00ean b\u00ean ph\u1ea3i \u0111\u1ec3 xem v\u00e0 x\u00e1c nh\u1eadn s\u1ed1 l\u01b0\u1ee3ng s\u1ea3n ph\u1ea9m<br\/>3. Nh\u1ea5p v\u00e0o n\u00fat \u0111\u1eb7t h\u00e0ng \u0111\u1ec3 v\u00e0o trang thanh to\u00e1n, cung c\u1ea5p \u0111\u1ecba ch\u1ec9 giao h\u00e0ng, \u0111\u1ecba ch\u1ec9 email v\u00e0 c\u00e1c th\u00f4ng tin kh\u00e1c<br\/>4. Thanh to\u00e1n s\u1ed1 ti\u1ec1n \u0111\u1eb7t h\u00e0ng qua PayPal<br\/>5. Mua s\u1eafm xong, ch\u1edd l\u1ea5y h\u00e0ng<\/p>\n\n\n\n<p class=\"has-text-align-center\"><strong>B. Thanh to\u00e1n Western Union cho \u0111\u01a1n h\u00e0ng c\u1ee7a b\u1ea1n<\/strong><br\/>1. Giao ti\u1ebfp qua e-mail y\u00eau c\u1ea7u c\u00e1c th\u00f4ng tin nh\u01b0 s\u1ea3n ph\u1ea9m, s\u1ed1 l\u01b0\u1ee3ng c\u0169ng nh\u01b0 \u0111\u1ecba ch\u1ec9 nh\u1eadn h\u00e0ng<br\/>2. Chuy\u1ec3n kho\u1ea3n thanh to\u00e1n s\u1ed1 ti\u1ec1n \u0111\u1eb7t h\u00e0ng<br\/>3. Mua s\u1eafm xong, ch\u1edd l\u1ea5y h\u00e0ng<\/p>\n\n\n\n<h4 class=\"wp-block-heading has-text-align-center\">H\u1ed7 tr\u1ee3 ti\u1ec1n t\u1ec7<\/h4>\n\n\n\n<p class=\"has-text-align-center\">Ch\u00fang t\u00f4i ch\u1ea5p nh\u1eadn b\u1ea5t k\u1ef3 lo\u1ea1i ti\u1ec1n t\u1ec7 n\u00e0o sau \u0111\u00e2y, v\u00ec v\u1eady b\u1ea1n c\u00f3 th\u1ec3 ch\u1ecdn lo\u1ea1i ti\u1ec1n ph\u00f9 h\u1ee3p nh\u1ea5t v\u1edbi m\u00ecnh khi thanh to\u00e1n<\/p>\n\n\n\n<p class=\"has-text-align-center\">\u0110\u00f4 la \u0110\u00e0i Loan m\u1edbi (NT$) &#8211; TWD<br\/>Zloty Ba Lan (PLN) &#8211; PLN<br\/>\u0110\u00f4 la M\u1ef9 (US) ($) &#8211; USD<br\/>\u0110\u1ed3ng b\u1ea3ng Anh (\u00a3) &#8211; GBP<br\/>Euro (\u20ac) &#8211; EUR<br\/>Y\u00ean Nh\u1eadt (\u00a5) &#8211; JPY<br\/>\u0110\u00f4 la Canada ($) &#8211; CAD<br\/>Koruna S\u00e9c (K\u010d) &#8211; CZK<br\/>Peso Mexico ($) &#8211; MXN<\/p>\n\n\n\n<div style=\"height:50px\" aria-hidden=\"true\" class=\"wp-block-spacer\"><\/div>\n\n\n\n<h2 class=\"wp-block-heading has-text-align-center\">ch\u00ednh s\u00e1ch \u0111\u1ed5i tr\u1ea3 trong 30 ng\u00e0y<\/h2>\n\n\n\n<h4 class=\"wp-block-heading has-text-align-center\">ch\u00ednh s\u00e1ch ho\u00e0n tr\u1ea3<\/h4>\n\n\n\n<p class=\"has-text-align-center\">Ch\u00fang t\u00f4i c\u00f3 ch\u00ednh s\u00e1ch ho\u00e0n tr\u1ea3 trong 30 ng\u00e0y, ngh\u0129a l\u00e0 b\u1ea1n c\u00f3 th\u1ec3 y\u00eau c\u1ea7u ho\u00e0n tr\u1ea3 trong v\u00f2ng 30 ng\u00e0y k\u1ec3 t\u1eeb ng\u00e0y nh\u1eadn \u0111\u01b0\u1ee3c h\u00e0ng.<\/p>\n\n\n\n<p class=\"has-text-align-center\">\u0110\u1ec3 \u0111\u1ee7 \u0111i\u1ec1u ki\u1ec7n \u0111\u01b0\u1ee3c tr\u1ea3 l\u1ea1i, m\u1eb7t h\u00e0ng \u0111\u00f3 ph\u1ea3i \u1edf t\u00ecnh tr\u1ea1ng gi\u1ed1ng nh\u01b0 m\u1eb7t h\u00e0ng b\u1ea1n nh\u1eadn \u0111\u01b0\u1ee3c, ch\u01b0a qua s\u1eed d\u1ee5ng ho\u1eb7c ch\u01b0a s\u1eed d\u1ee5ng v\u00e0 c\u00f2n trong bao b\u00ec g\u1ed1c. B\u1ea1n c\u0169ng s\u1ebd c\u1ea7n bi\u00ean nh\u1eadn ho\u1eb7c b\u1eb1ng ch\u1ee9ng mua h\u00e0ng. <\/p>\n\n\n\n<p class=\"has-text-align-center\">\u0110\u1ec3 b\u1eaft \u0111\u1ea7u ho\u00e0n tr\u1ea3, b\u1ea1n c\u00f3 th\u1ec3 li\u00ean h\u1ec7 v\u1edbi ch\u00fang t\u00f4i theo \u0111\u1ecba ch\u1ec9 <strong>tyditiao@gmail.com<\/strong>. N\u1ebfu vi\u1ec7c tr\u1ea3 l\u1ea1i h\u00e0ng c\u1ee7a b\u1ea1n \u0111\u01b0\u1ee3c ch\u1ea5p nh\u1eadn, ch\u00fang t\u00f4i s\u1ebd g\u1eedi cho b\u1ea1n nh\u00e3n tr\u1ea3 l\u1ea1i k\u00e8m theo h\u01b0\u1edbng d\u1eabn v\u1ec1 c\u00e1ch th\u1ee9c v\u00e0 \u0111\u1ecba \u0111i\u1ec3m g\u1eedi g\u00f3i h\u00e0ng c\u1ee7a b\u1ea1n. C\u00e1c m\u1eb7t h\u00e0ng \u0111\u01b0\u1ee3c tr\u1ea3 l\u1ea1i cho ch\u00fang t\u00f4i m\u00e0 kh\u00f4ng c\u00f3 y\u00eau c\u1ea7u tr\u1ea3 l\u1ea1i tr\u01b0\u1edbc s\u1ebd kh\u00f4ng \u0111\u01b0\u1ee3c ch\u1ea5p nh\u1eadn.  <\/p>\n\n\n\n<p class=\"has-text-align-center\">B\u1ea1n lu\u00f4n c\u00f3 th\u1ec3 li\u00ean h\u1ec7 v\u1edbi ch\u00fang t\u00f4i theo \u0111\u1ecba ch\u1ec9 <strong>tyditiao@gmail.com<\/strong> n\u1ebfu c\u00f3 b\u1ea5t k\u1ef3 v\u1ea5n \u0111\u1ec1 ho\u00e0n tr\u1ea3 n\u00e0o.<\/p>\n\n\n\n<h4 class=\"wp-block-heading has-text-align-center\">thi\u1ec7t h\u1ea1i v\u00e0 c\u00e1c v\u1ea5n \u0111\u1ec1<\/h4>\n\n\n\n<p class=\"has-text-align-center\">Qu\u00fd kh\u00e1ch vui l\u00f2ng ki\u1ec3m tra \u0111\u01a1n h\u00e0ng sau khi nh\u1eadn h\u00e0ng, n\u1ebfu h\u00e0ng h\u01b0 h\u1ecfng, thi\u1ebfu s\u00f3t ho\u1eb7c nh\u1eadn nh\u1ea7m h\u00e0ng, vui l\u00f2ng li\u00ean h\u1ec7 ngay v\u1edbi ch\u00fang t\u00f4i (<a href=\"https:\/\/tyditiao.com\/vi\/lien-he\/\">li\u00ean h\u1ec7<\/a>) \u0111\u1ec3 ch\u00fang t\u00f4i t\u00ecm ra v\u1ea5n \u0111\u1ec1 v\u00e0 kh\u1eafc ph\u1ee5c ngay.<\/p>\n\n\n\n<h4 class=\"wp-block-heading has-text-align-center\">trao \u0111\u1ed5i<\/h4>\n\n\n\n<p class=\"has-text-align-center\">C\u00e1ch nhanh nh\u1ea5t \u0111\u1ec3 \u0111\u1ea3m b\u1ea3o b\u1ea1n nh\u1eadn \u0111\u01b0\u1ee3c th\u1ee9 m\u00ecnh mu\u1ed1n l\u00e0 tr\u1ea3 l\u1ea1i m\u00f3n h\u00e0ng b\u1ea1n \u0111\u00e3 c\u00f3 v\u00e0 sau khi vi\u1ec7c tr\u1ea3 l\u1ea1i c\u1ee7a b\u1ea1n \u0111\u01b0\u1ee3c ch\u1ea5p nh\u1eadn, h\u00e3y mua ri\u00eang m\u00f3n h\u00e0ng m\u1edbi.<\/p>\n\n\n\n<h4 class=\"wp-block-heading has-text-align-center\">tr\u1edf l\u1ea1i<\/h4>\n\n\n\n<p class=\"has-text-align-center\">Ch\u00fang t\u00f4i s\u1ebd th\u00f4ng b\u00e1o cho b\u1ea1n sau khi h\u00e0ng tr\u1ea3 l\u1ea1i c\u1ee7a b\u1ea1n \u0111\u00e3 \u0111\u01b0\u1ee3c nh\u1eadn v\u00e0 ki\u1ec3m tra, \u0111\u1ed3ng th\u1eddi kho\u1ea3n ti\u1ec1n ho\u00e0n l\u1ea1i c\u1ee7a b\u1ea1n s\u1ebd t\u1ef1 \u0111\u1ed9ng \u0111\u01b0\u1ee3c ho\u00e0n tr\u1ea3 v\u00e0o ph\u01b0\u01a1ng th\u1ee9c thanh to\u00e1n ban \u0111\u1ea7u c\u1ee7a b\u1ea1n. Tuy nhi\u00ean, c\u00f3 th\u1ec3 m\u1ea5t ch\u00fat th\u1eddi gian \u0111\u1ec3 ng\u00e2n h\u00e0ng ho\u1eb7c c\u00f4ng ty ph\u00e1t h\u00e0nh th\u1ebb t\u00edn d\u1ee5ng c\u1ee7a b\u1ea1n x\u1eed l\u00fd v\u00e0 \u0111\u01b0a ra kho\u1ea3n b\u1ed3i ho\u00e0n. <\/p>\n<\/div>\n\n\n\n<div class=\"wp-block-column is-layout-flow wp-block-column-is-layout-flow\" style=\"flex-basis:10%\"><\/div>\n<\/div>\n\n<p><\/p>\n","protected":false},"excerpt":{"rendered":"<p>M\u0168 B\u1ea2O HI\u1ec2M \u0110\u1ea0N \u0110\u1ea0O CH\u00daNG T\u00d4I B\u00c1N C\u00e2u h\u1ecfi th\u01b0\u1eddng g\u1eb7p B\u1ea1n c\u00f3 m\u1ed9t nh\u00e0 m\u00e1y v\u1eadt l\u00fd? \u0110\u00fang!&#8230;<\/p>\n","protected":false},"author":1,"featured_media":0,"parent":0,"menu_order":0,"comment_status":"closed","ping_status":"closed","template":"","meta":{"footnotes":""},"class_list":["post-12884","page","type-page","status-publish","hentry"],"_links":{"self":[{"href":"https:\/\/tyditiao.com\/vi\/wp-json\/wp\/v2\/pages\/12884","targetHints":{"allow":["GET"]}}],"collection":[{"href":"https:\/\/tyditiao.com\/vi\/wp-json\/wp\/v2\/pages"}],"about":[{"href":"https:\/\/tyditiao.com\/vi\/wp-json\/wp\/v2\/types\/page"}],"author":[{"embeddable":true,"href":"https:\/\/tyditiao.com\/vi\/wp-json\/wp\/v2\/users\/1"}],"replies":[{"embeddable":true,"href":"https:\/\/tyditiao.com\/vi\/wp-json\/wp\/v2\/comments?post=12884"}],"version-history":[{"count":2,"href":"https:\/\/tyditiao.com\/vi\/wp-json\/wp\/v2\/pages\/12884\/revisions"}],"predecessor-version":[{"id":16420,"href":"https:\/\/tyditiao.com\/vi\/wp-json\/wp\/v2\/pages\/12884\/revisions\/16420"}],"wp:attachment":[{"href":"https:\/\/tyditiao.com\/vi\/wp-json\/wp\/v2\/media?parent=12884"}],"curies":[{"name":"wp","href":"https:\/\/api.w.org\/{rel}","templated":true}]}}