{"id":13586,"date":"2023-03-05T03:22:19","date_gmt":"2023-05-22T14:03:30","guid":{"rendered":"http:\/\/tyditiao.com\/product\/mu-bao-hiem-dan-dao-mich2000-mu-bao-hiem-dan-dao-chien-thuat-3a-kich-thuoc-dac-biet-mau-tuy-chinh-lien-ket-mua-chuyen-dung\/"},"modified":"2023-05-22T16:03:30","modified_gmt":"2023-05-22T14:03:30","slug":"mich2000-bulletproof-mu-bao-hiem-3a-chien-thuat-dan-dao-mu-bao-hiem-dac-biet-kich-co-tuy-chinh-mau-chuyen-dung-mua-link","status":"publish","type":"product","link":"https:\/\/tyditiao.com\/vi\/product\/mich2000-bulletproof-mu-bao-hiem-3a-chien-thuat-dan-dao-mu-bao-hiem-dac-biet-kich-co-tuy-chinh-mau-chuyen-dung-mua-link\/","title":{"rendered":"M\u0169 b\u1ea3o hi\u1ec3m \u0111\u1ea1n \u0111\u1ea1o Mich2000, M\u0169 b\u1ea3o hi\u1ec3m \u0111\u1ea1n \u0111\u1ea1o chi\u1ebfn thu\u1eadt 3A, K\u00edch th\u01b0\u1edbc \u0111\u1eb7c bi\u1ec7t, M\u00e0u t\u00f9y ch\u1ec9nh, Li\u00ean k\u1ebft mua chuy\u00ean d\u1ee5ng"},"content":{"rendered":"<p><strong>V\u1ec1 k\u00edch th\u01b0\u1edbc m\u0169 b\u1ea3o hi\u1ec3m Mich2000:<\/strong> Ch\u00fang t\u00f4i \u0111\u00e3 th\u00eam c\u00e1c khu\u00f4n s\u1ea3n xu\u1ea5t l\u1edbn v\u00e0 nh\u1ecf cho m\u0169 b\u1ea3o hi\u1ec3m \u0111\u1ea1n \u0111\u1ea1o chi\u1ebfn thu\u1eadt Mich 3A n\u00e0y \u0111\u1ec3 \u0111\u00e1p \u1ee9ng ng\u01b0\u1eddi d\u00f9ng v\u1edbi c\u00e1c nhu c\u1ea7u kh\u00e1c nhau. K\u00edch th\u01b0\u1edbc M l\u00e0 k\u00edch th\u01b0\u1edbc th\u00f4ng th\u01b0\u1eddng v\u00e0 ph\u00f9 h\u1ee3p v\u1edbi h\u1ea7u h\u1ebft m\u1ecdi ng\u01b0\u1eddi. N\u1ebfu b\u1ea1n ngh\u0129 r\u1eb1ng k\u00edch th\u01b0\u1edbc nh\u1ecf c\u00f3 th\u1ec3 \u0111\u00e1p \u1ee9ng t\u1ed1t h\u01a1n c\u00e1c y\u00eau c\u1ea7u ho\u1eb7c th\u00f3i quen \u0111eo c\u1ee7a ri\u00eang b\u1ea1n, vui l\u00f2ng ch\u1ecdn k\u00edch th\u01b0\u1edbc nh\u1ecf, n\u1ebfu kh\u00f4ng h\u00e3y ch\u1ecdn k\u00edch th\u01b0\u1edbc l\u1edbn.<\/p>\n<p><strong>V\u1ec1 m\u00e0u s\u1eafc c\u1ee7a m\u0169 ch\u1ed1ng \u0111\u1ea1n Mich2000:<\/strong> M\u0169 ch\u1ed1ng \u0111\u1ea1n chi\u1ebfn thu\u1eadt Mich 3A, ch\u00fang t\u00f4i ch\u1ee7 y\u1ebfu s\u1ea3n xu\u1ea5t 3 m\u00e0u: \u0111en, n\u00e2u nh\u1ea1t v\u00e0 xanh l\u1ee5c. Nh\u01b0ng \u0111\u1ed3ng th\u1eddi, ch\u00fang t\u00f4i c\u00f3 kh\u1ea3 n\u0103ng s\u1ea3n xu\u1ea5t b\u1ea5t k\u1ef3 m\u00e0u s\u1eafc ho\u1eb7c ki\u1ec3u ng\u1ee5y trang n\u00e0o do kh\u00e1ch h\u00e0ng ch\u1ec9 \u0111\u1ecbnh, ch\u1eb3ng h\u1ea1n nh\u01b0 ng\u1ee5y trang trong r\u1eebng, ng\u1ee5y trang trong r\u1eebng r\u1eadm, ng\u1ee5y trang tr\u00ean sa m\u1ea1c, ng\u1ee5y trang tr\u00ean bi\u1ec3n v\u00e0 ng\u1ee5y trang \u0111\u00f4 th\u1ecb, v.v. N\u1ebfu b\u1ea1n \u0111\u1ecbnh \u0111\u1eb7t h\u00e0ng h\u01a1n 10 chi\u1ebfc m\u0169 b\u1ea3o hi\u1ec3m , vui l\u00f2ng li\u00ean h\u1ec7 v\u1edbi ch\u00fang t\u00f4i, b\u1ea1n s\u1ebd nh\u1eadn \u0111\u01b0\u1ee3c d\u1ecbch v\u1ee5 m\u00e0u t\u00f9y ch\u1ec9nh n\u00e0y mi\u1ec5n ph\u00ed, ch\u1ec9 c\u1ea7n g\u1eedi cho ch\u00fang t\u00f4i m\u1eabu m\u00e0u b\u1ea1n mu\u1ed1n.<\/p>\n<p>MICH2000 m\u0169 b\u1ea3o hi\u1ec3m ch\u1ed1ng \u0111\u1ea1n m\u0169 b\u1ea3o hi\u1ec3m: 0101.06 ti\u00eau chu\u1ea9n c\u1ea5p IIIA<\/p>\n<p>V\u1eadt ch\u1ea5t: S\u1ee3i Kevlar-Dupont Aramid c\u00f3 \u0111\u1ed9 b\u1ec1n cao<\/p>\n<p>M\u0169 b\u1ea3o hi\u1ec3m \u0111\u1ea1n \u0111\u1ea1o MICH2000 c\u00f3 di\u1ec7n t\u00edch b\u1ec1 m\u1eb7t b\u1ea3o v\u1ec7 l\u1edbn h\u01a1n v\u00e0 thi\u1ebft k\u1ebf c\u1eaft th\u1ea5p gi\u00fap che ph\u1ee7 t\u1ed1t h\u01a1n hai b\u00ean \u0111\u1ea7u, \u0111i\u1ec1u n\u00e0y th\u1eadm ch\u00ed c\u00f2n c\u00f3 l\u1ee3i h\u01a1n n\u1ebfu b\u1ea1n kh\u00f4ng \u0111\u1ecbnh l\u1eafp nhi\u1ec1u ph\u1ee5 ki\u1ec7n.<\/p>\n<p>H\u1ec7 th\u1ed1ng g\u1eafn b\u1ed1n \u0111i\u1ec3m c\u1ee7a m\u0169 b\u1ea3o hi\u1ec3m \u0111\u1ea1n \u0111\u1ea1o Mich2000 t\u01b0\u01a1ng t\u1ef1 nh\u01b0 h\u1ec7 th\u1ed1ng b\u1ea3o v\u1ec7 v\u00e0 d\u00e2y \u0111ai \u0111\u01b0\u1ee3c t\u00ecm th\u1ea5y tr\u00ean m\u0169 b\u1ea3o hi\u1ec3m tr\u01b0\u1ee3t v\u00e1n v\u00e0 xe \u0111\u1ea1p.<\/p>\n","protected":false},"excerpt":{"rendered":"<p>V\u1ec1 k\u00edch th\u01b0\u1edbc m\u0169 b\u1ea3o hi\u1ec3m Mich2000: Ch\u00fang t\u00f4i \u0111\u00e3 th\u00eam c\u00e1c khu\u00f4n s\u1ea3n xu\u1ea5t l\u1edbn v\u00e0 nh\u1ecf cho m\u0169&#8230;<\/p>\n","protected":false},"featured_media":9218,"comment_status":"open","ping_status":"closed","template":"","meta":[],"product_brand":[],"product_cat":[809,791],"product_tag":[],"woo-feed-brand":[],"class_list":{"0":"post-13586","1":"product","2":"type-product","3":"status-publish","4":"has-post-thumbnail","6":"product_cat-mich2000-vi","7":"product_cat-mu-chong-dan","9":"first","10":"instock","11":"sale","12":"shipping-taxable","13":"purchasable","14":"product-type-variable","15":"has-default-attributes"},"_links":{"self":[{"href":"https:\/\/tyditiao.com\/vi\/wp-json\/wp\/v2\/product\/13586","targetHints":{"allow":["GET"]}}],"collection":[{"href":"https:\/\/tyditiao.com\/vi\/wp-json\/wp\/v2\/product"}],"about":[{"href":"https:\/\/tyditiao.com\/vi\/wp-json\/wp\/v2\/types\/product"}],"replies":[{"embeddable":true,"href":"https:\/\/tyditiao.com\/vi\/wp-json\/wp\/v2\/comments?post=13586"}],"wp:featuredmedia":[{"embeddable":true,"href":"https:\/\/tyditiao.com\/vi\/wp-json\/wp\/v2\/media\/9218"}],"wp:attachment":[{"href":"https:\/\/tyditiao.com\/vi\/wp-json\/wp\/v2\/media?parent=13586"}],"wp:term":[{"taxonomy":"product_brand","embeddable":true,"href":"https:\/\/tyditiao.com\/vi\/wp-json\/wp\/v2\/product_brand?post=13586"},{"taxonomy":"product_cat","embeddable":true,"href":"https:\/\/tyditiao.com\/vi\/wp-json\/wp\/v2\/product_cat?post=13586"},{"taxonomy":"product_tag","embeddable":true,"href":"https:\/\/tyditiao.com\/vi\/wp-json\/wp\/v2\/product_tag?post=13586"},{"taxonomy":"woo-feed-brand","embeddable":true,"href":"https:\/\/tyditiao.com\/vi\/wp-json\/wp\/v2\/woo-feed-brand?post=13586"}],"curies":[{"name":"wp","href":"https:\/\/api.w.org\/{rel}","templated":true}]}}