{"id":13915,"date":"2023-03-05T02:51:52","date_gmt":"2023-05-22T14:21:44","guid":{"rendered":"http:\/\/tyditiao.com\/product\/vo-ngoai-aramid-loi-trong-nylon-day-tinh-dien-leo-nui-ngoai-troi-day-an-toan-68105-10m\/"},"modified":"2023-05-22T16:21:44","modified_gmt":"2023-05-22T14:21:44","slug":"kevlar-outer-scoranylon-core-static-safety-rope-outdoor-6810-5-10m","status":"publish","type":"product","link":"https:\/\/tyditiao.com\/vi\/product\/kevlar-outer-scoranylon-core-static-safety-rope-outdoor-6810-5-10m\/","title":{"rendered":"V\u1ecf ngo\u00e0i Aramid + l\u00f5i trong nylon D\u00e2y t\u0129nh \u0111i\u1ec7n leo n\u00fai ngo\u00e0i tr\u1eddi d\u00e2y an to\u00e0n 6,8,10,5 (10m)"},"content":{"rendered":"<p>N\u1ebfu b\u1ea1n c\u1ea7n mua m\u1ed9t s\u1ee3i d\u00e2y d\u00e0i h\u01a1n, ch\u1eb3ng h\u1ea1n nh\u01b0 80 m\u00e9t, vui l\u00f2ng mua 8 * 10 m\u00e9t d\u00e2y, sau \u0111\u00f3 \u0111\u1ec3 l\u1ea1i tin nh\u1eafn cho ng\u01b0\u1eddi b\u00e1n r\u1eb1ng b\u1ea1n c\u1ea7n c\u1ea3 m\u1ed9t s\u1ee3i d\u00e2y d\u00e0i 80 m\u00e9t.<\/p>\n<p><strong>V\u1ec1 m\u00f3c kh\u00f3a \u1edf c\u1ea3 hai \u0111\u1ea7u c\u1ee7a d\u00e2y c\u1ed1 \u0111\u1ecbnh:<\/strong> N\u1ebfu chi\u1ec1u d\u00e0i c\u1ee7a s\u1ee3i d\u00e2y b\u1ea1n mua v\u01b0\u1ee3t qu\u00e1 10 m\u00e9t, ch\u00fang t\u00f4i s\u1ebd cung c\u1ea5p cho b\u1ea1n hai m\u00f3c kh\u00f3a \u0111\u01b0\u1ee3c \u0111\u00e1nh d\u1ea5u trong h\u00ecnh. B\u1ea1n c\u00f3 th\u1ec3 ch\u1ecdn g\u1eafn n\u00f3 v\u00e0o c\u1ea3 hai \u0111\u1ea7u c\u1ee7a s\u1ee3i d\u00e2y ho\u1eb7c b\u1ea1n kh\u00f4ng c\u1ea7n g\u1eafn n\u00f3 v\u00e0 g\u1eedi n\u00f3 c\u00f9ng v\u1edbi s\u1ee3i d\u00e2y trong g\u00f3i h\u00e0ng, ch\u1ec9 c\u1ea7n g\u1eedi cho ch\u00fang t\u00f4i m\u1ed9t ghi ch\u00fa v\u00e0 cho ch\u00fang t\u00f4i bi\u1ebft quy\u1ebft \u0111\u1ecbnh c\u1ee7a b\u1ea1n<\/p>\n<p>T\u00ean s\u1ea3n ph\u1ea9m: S\u1ee3i Aramid + d\u00e2y nylon t\u0129nh<br \/>\nM\u00e0u s\u1eafc: M\u00e0u nh\u01b0 h\u00ecnh<br \/>\n\u0110\u01b0\u1eddng k\u00ednh: 6mm 8mm 10mm<br \/>\nKh\u1ed1i l\u01b0\u1ee3ng t\u1ecbnh (\u00b15%): 6mm (27g\/m) 8mm (42g\/m) 10mm (65g\/m)<br \/>\nL\u1ef1c k\u00e9o: 6mm(7KN\/700KG) 8mm(16KN\/1600KG) 10mm(36KN\/3600KG)<br \/>\nV\u1eadt li\u1ec7u xu\u1ea5t hi\u1ec7n: aramid<br \/>\nV\u1eadt li\u1ec7u c\u1ed1t l\u00f5i: Ni l\u00f4ng<br \/>\nCh\u1ee9ng nh\u1eadn: CE EN1891:1998<br \/>\n\u0110a ch\u1ee9c n\u0103ng: leo n\u00fai, \u1ed1ng l\u1ed3ng, ch\u1eefa ch\u00e1y, l\u00e0m vi\u1ec7c tr\u00ean cao, c\u1ea7n c\u1ea9u, v.v.<\/p>\n","protected":false},"excerpt":{"rendered":"<p>N\u1ebfu b\u1ea1n c\u1ea7n mua m\u1ed9t s\u1ee3i d\u00e2y d\u00e0i h\u01a1n, ch\u1eb3ng h\u1ea1n nh\u01b0 80 m\u00e9t, vui l\u00f2ng mua 8 * 10&#8230;<\/p>\n","protected":false},"featured_media":12562,"comment_status":"open","ping_status":"closed","template":"","meta":[],"product_brand":[],"product_cat":[847],"product_tag":[],"woo-feed-brand":[50],"class_list":{"0":"post-13915","1":"product","2":"type-product","3":"status-publish","4":"has-post-thumbnail","6":"product_cat-day-an-toan","7":"woo-feed-brand-tyditiao","9":"first","10":"instock","11":"shipping-taxable","12":"purchasable","13":"product-type-variable","14":"has-default-attributes"},"_links":{"self":[{"href":"https:\/\/tyditiao.com\/vi\/wp-json\/wp\/v2\/product\/13915","targetHints":{"allow":["GET"]}}],"collection":[{"href":"https:\/\/tyditiao.com\/vi\/wp-json\/wp\/v2\/product"}],"about":[{"href":"https:\/\/tyditiao.com\/vi\/wp-json\/wp\/v2\/types\/product"}],"replies":[{"embeddable":true,"href":"https:\/\/tyditiao.com\/vi\/wp-json\/wp\/v2\/comments?post=13915"}],"wp:featuredmedia":[{"embeddable":true,"href":"https:\/\/tyditiao.com\/vi\/wp-json\/wp\/v2\/media\/12562"}],"wp:attachment":[{"href":"https:\/\/tyditiao.com\/vi\/wp-json\/wp\/v2\/media?parent=13915"}],"wp:term":[{"taxonomy":"product_brand","embeddable":true,"href":"https:\/\/tyditiao.com\/vi\/wp-json\/wp\/v2\/product_brand?post=13915"},{"taxonomy":"product_cat","embeddable":true,"href":"https:\/\/tyditiao.com\/vi\/wp-json\/wp\/v2\/product_cat?post=13915"},{"taxonomy":"product_tag","embeddable":true,"href":"https:\/\/tyditiao.com\/vi\/wp-json\/wp\/v2\/product_tag?post=13915"},{"taxonomy":"woo-feed-brand","embeddable":true,"href":"https:\/\/tyditiao.com\/vi\/wp-json\/wp\/v2\/woo-feed-brand?post=13915"}],"curies":[{"name":"wp","href":"https:\/\/api.w.org\/{rel}","templated":true}]}}